{"id":3015,"date":"2021-05-11T12:48:30","date_gmt":"2021-05-11T10:48:30","guid":{"rendered":"https:\/\/janofilters.com\/?page_id=3015"},"modified":"2021-05-11T12:48:30","modified_gmt":"2021-05-11T10:48:30","slug":"gametrays-gitari","status":"publish","type":"page","link":"https:\/\/janofilters.com\/en\/gametrays-gitari\/","title":{"rendered":"GITARI"},"content":{"rendered":"<p class=\"has-text-align-center\"><\/p><p class=\"has-text-align-center\"><strong><span style=\"text-decoration: underline;\">\u00bfC\u00d3MO SE HACE GIRAR? \/ SECUENCIA DE USO:<\/span><\/strong><\/p><p class=\"has-text-align-center\">La manera m\u00e1s com\u00fan de girar tu Gitari<br>ser\u00e1 agarrando el extremo del m\u00e1stil<br>con la punta de los dedos y haci\u00e9ndolo girar<br>con la punta de madera tocando la base.<br><br>Contra m\u00e1s fluido empiece su movimiento<br>y menos saltitos d\u00e9 al principio,<br>m\u00e1s va a durar su giro antes de detenerse.<br><em>Nuestro r\u00e9cord ronda los 22seg m\u00e1ximo.<\/em><br><br><strong>Al detenerse vemos una flecha se\u00f1alando,<\/strong><br><strong>siendo la punta de madera la parte que se\u00f1ala<\/strong><br><strong>y la que contiene las caras planas tipo dado.<\/strong><br><br>De igual modo que un dado convencional,<br><strong>la cara plana que queda orientada hacia arriba<\/strong><br>es la que marca, entre 1 y 6 rayitas por cara,<br><strong>el n\u00famero que has sacado en cada tiro.<\/strong><br><br><br><br><br><strong><span style=\"text-decoration: underline;\">MODOS DE JUEGO ALTERNATIVOS:<\/span><\/strong><br><br><strong>La persona que menos tiempo lo haga girar<\/strong><br>pringa, empieza, l\u00eda, conduce, paga&#8230;<br><br>Si obviamos las caritas del dado,<br>nos encontramos con una peonza que se\u00f1ala.<br>As\u00ed que en un grupo podr\u00eda <strong>tirar su Gitari<br>una sola persona y pringa a quien se\u00f1ale.<\/strong><br>\u00bfOs suena el juego de la botella? Pues en mini.<br><br>Si hay m\u00e1s de una persona con su Gitari,<br><strong>podr\u00edan enfrentarse choc\u00e1ndose mientras giran<br>dentro de la bandeja<\/strong> antes de empezar p.e.<br><br>Con las ganas que tiene Gitari de dar vueltas,<br><strong>es capaz de girar sobre la piel de tu pareja.<\/strong><br>Pod\u00e9is elegir niveles de intensidad XXX<br><strong>del 1 al 6 con retos a cumplir por turnos.<\/strong><br>\u00bfQu\u00e9 hay m\u00e1s tentador que dejar que el azar<br>acaricie vuestro momento de placer?<br><em>PD: recuerda que contiene el n\u00famero 5 \ud83d\ude09<\/em><br><br>Entre colegas mola plantear retos 420,<br><strong>se piensa una lista del 1 al 6 de risas<br>y gir\u00e1is a Gitari en vuestra mano.<\/strong><br>Ronda por turnos y el reto lo cumple quien tira.<br><br>Si es un grupo de <strong>m\u00e1s de 2 personas,<\/strong><br><strong>tambi\u00e9n pod\u00e9is hacer que el reto lo cumpla<\/strong><br><strong>la persona se\u00f1alada.<\/strong><br><br>En cambio si juegan <strong>entre 1 y 2 personas<br>s\u00f3lo cuenta el n\u00famero y no la flecha.<\/strong><br><br>Si s\u00f3lo tenemos en cuenta la flecha<br><strong>cuando seamos 3 o m\u00e1s personas en el grupo,<\/strong><br>podr\u00edamos hacer rondas donde<br><strong>el reto lo decide quien tira<\/strong><br><strong>y lo cumple a quien se\u00f1ale.<\/strong><br><br>Si quer\u00e9is decidir algo tipo cara o cruz,<br>hace mil a\u00f1os se jugaba <strong>a pares o nones.<\/strong><br>1, 3 y 5 ser\u00eda opci\u00f3n A<br>2, 4 y 6 ser\u00edan opci\u00f3n B.<br><br>Tambi\u00e9n podemos <strong>jugar apostando sobre<br>la posici\u00f3n\/inclinaci\u00f3n en la que terminar\u00e1.<\/strong><br>Despu\u00e9s de tirarlo cientos de veces,<br>ver\u00e1s que hay un 89% de probabilidades<br>de que termine medio levitando en horizontal,<br>en un 10% la punta del m\u00e1stil tocar\u00e1 la base,<br>y alguuuuna vez (1%) de pie en su cono.<br><br><br><br><br><br><br><\/p>","protected":false},"excerpt":{"rendered":"<p>\u00bfC\u00d3MO SE HACE GIRAR? \/ SECUENCIA DE USO: La manera m\u00e1s com\u00fan de girar tu Gitariser\u00e1 agarrando el extremo del m\u00e1stilcon la punta de los dedos y haci\u00e9ndolo girarcon la punta de madera tocando la base. Contra m\u00e1s fluido empiece su movimientoy menos saltitos d\u00e9 al principio,m\u00e1s va a durar su giro antes de detenerse.Nuestro [&hellip;]<\/p>","protected":false},"author":1,"featured_media":0,"parent":0,"menu_order":0,"comment_status":"closed","ping_status":"closed","template":"","meta":{"site-sidebar-layout":"no-sidebar","site-content-layout":"default","ast-site-content-layout":"","site-content-style":"default","site-sidebar-style":"default","ast-global-header-display":"","ast-banner-title-visibility":"","ast-main-header-display":"","ast-hfb-above-header-display":"","ast-hfb-below-header-display":"","ast-hfb-mobile-header-display":"","site-post-title":"","ast-breadcrumbs-content":"","ast-featured-img":"","footer-sml-layout":"","theme-transparent-header-meta":"default","adv-header-id-meta":"","stick-header-meta":"","header-above-stick-meta":"","header-main-stick-meta":"","header-below-stick-meta":"","astra-migrate-meta-layouts":"default","ast-page-background-enabled":"default","ast-page-background-meta":{"desktop":{"background-color":"","background-image":"","background-repeat":"repeat","background-position":"center center","background-size":"auto","background-attachment":"scroll","background-type":"","background-media":"","overlay-type":"","overlay-color":"","overlay-opacity":"","overlay-gradient":""},"tablet":{"background-color":"","background-image":"","background-repeat":"repeat","background-position":"center center","background-size":"auto","background-attachment":"scroll","background-type":"","background-media":"","overlay-type":"","overlay-color":"","overlay-opacity":"","overlay-gradient":""},"mobile":{"background-color":"","background-image":"","background-repeat":"repeat","background-position":"center center","background-size":"auto","background-attachment":"scroll","background-type":"","background-media":"","overlay-type":"","overlay-color":"","overlay-opacity":"","overlay-gradient":""}},"ast-content-background-meta":{"desktop":{"background-color":"var(--ast-global-color-5)","background-image":"","background-repeat":"repeat","background-position":"center center","background-size":"auto","background-attachment":"scroll","background-type":"","background-media":"","overlay-type":"","overlay-color":"","overlay-opacity":"","overlay-gradient":""},"tablet":{"background-color":"var(--ast-global-color-5)","background-image":"","background-repeat":"repeat","background-position":"center center","background-size":"auto","background-attachment":"scroll","background-type":"","background-media":"","overlay-type":"","overlay-color":"","overlay-opacity":"","overlay-gradient":""},"mobile":{"background-color":"var(--ast-global-color-5)","background-image":"","background-repeat":"repeat","background-position":"center center","background-size":"auto","background-attachment":"scroll","background-type":"","background-media":"","overlay-type":"","overlay-color":"","overlay-opacity":"","overlay-gradient":""}},"footnotes":""},"class_list":["post-3015","page","type-page","status-publish","hentry"],"yoast_head":"<!-- This site is optimized with the Yoast SEO plugin v25.3 - https:\/\/yoast.com\/wordpress\/plugins\/seo\/ -->\n<title>GITARI - Jano Filters<\/title>\n<meta name=\"description\" content=\"En homenaje al hor\u00f3scopo Sagitario, naci\u00f3 Gitari. El dado giratorio de nuestra primera bandeja que pretende elevar tu experiencia de juego a otro nivel.\" \/>\n<meta name=\"robots\" content=\"index, follow, max-snippet:-1, max-image-preview:large, max-video-preview:-1\" \/>\n<link rel=\"canonical\" href=\"https:\/\/janofilters.com\/en\/gametrays-gitari\/\" \/>\n<meta property=\"og:locale\" content=\"en_US\" \/>\n<meta property=\"og:type\" content=\"article\" \/>\n<meta property=\"og:title\" content=\"GITARI - Jano Filters\" \/>\n<meta property=\"og:description\" content=\"En homenaje al hor\u00f3scopo Sagitario, naci\u00f3 Gitari. El dado giratorio de nuestra primera bandeja que pretende elevar tu experiencia de juego a otro nivel.\" \/>\n<meta property=\"og:url\" content=\"https:\/\/janofilters.com\/en\/gametrays-gitari\/\" \/>\n<meta property=\"og:site_name\" content=\"Jano Filters\" \/>\n<meta property=\"article:publisher\" content=\"https:\/\/es-la.facebook.com\/janofilters\/\" \/>\n<meta name=\"twitter:card\" content=\"summary_large_image\" \/>\n<meta name=\"twitter:site\" content=\"@janofilters\" \/>\n<meta name=\"twitter:label1\" content=\"Est. reading time\" \/>\n\t<meta name=\"twitter:data1\" content=\"2 minutes\" \/>\n<script type=\"application\/ld+json\" class=\"yoast-schema-graph\">{\"@context\":\"https:\/\/schema.org\",\"@graph\":[{\"@type\":\"WebPage\",\"@id\":\"https:\/\/janofilters.com\/es\/gametrays-gitari\/\",\"url\":\"https:\/\/janofilters.com\/es\/gametrays-gitari\/\",\"name\":\"GITARI - Jano Filters\",\"isPartOf\":{\"@id\":\"http:\/\/janofilters.com\/es\/#website\"},\"datePublished\":\"2021-05-11T10:48:30+00:00\",\"description\":\"En homenaje al hor\u00f3scopo Sagitario, naci\u00f3 Gitari. El dado giratorio de nuestra primera bandeja que pretende elevar tu experiencia de juego a otro nivel.\",\"breadcrumb\":{\"@id\":\"https:\/\/janofilters.com\/es\/gametrays-gitari\/#breadcrumb\"},\"inLanguage\":\"en-US\",\"potentialAction\":[{\"@type\":\"ReadAction\",\"target\":[\"https:\/\/janofilters.com\/es\/gametrays-gitari\/\"]}]},{\"@type\":\"BreadcrumbList\",\"@id\":\"https:\/\/janofilters.com\/es\/gametrays-gitari\/#breadcrumb\",\"itemListElement\":[{\"@type\":\"ListItem\",\"position\":1,\"name\":\"Portada\",\"item\":\"https:\/\/janofilters.com\/es\/\"},{\"@type\":\"ListItem\",\"position\":2,\"name\":\"GITARI\"}]},{\"@type\":\"WebSite\",\"@id\":\"http:\/\/janofilters.com\/es\/#website\",\"url\":\"http:\/\/janofilters.com\/es\/\",\"name\":\"Jano Filters\",\"description\":\"Dise\u00f1os e inventos 420 creados para compartir.\",\"publisher\":{\"@id\":\"http:\/\/janofilters.com\/es\/#organization\"},\"potentialAction\":[{\"@type\":\"SearchAction\",\"target\":{\"@type\":\"EntryPoint\",\"urlTemplate\":\"http:\/\/janofilters.com\/es\/?s={search_term_string}\"},\"query-input\":{\"@type\":\"PropertyValueSpecification\",\"valueRequired\":true,\"valueName\":\"search_term_string\"}}],\"inLanguage\":\"en-US\"},{\"@type\":\"Organization\",\"@id\":\"http:\/\/janofilters.com\/es\/#organization\",\"name\":\"Jano Filters\",\"url\":\"http:\/\/janofilters.com\/es\/\",\"logo\":{\"@type\":\"ImageObject\",\"inLanguage\":\"en-US\",\"@id\":\"http:\/\/janofilters.com\/es\/#\/schema\/logo\/image\/\",\"url\":\"https:\/\/janofilters.com\/wp-content\/uploads\/2021\/01\/cropped-Logo_BN.png\",\"contentUrl\":\"https:\/\/janofilters.com\/wp-content\/uploads\/2021\/01\/cropped-Logo_BN.png\",\"width\":268,\"height\":146,\"caption\":\"Jano Filters\"},\"image\":{\"@id\":\"http:\/\/janofilters.com\/es\/#\/schema\/logo\/image\/\"},\"sameAs\":[\"https:\/\/es-la.facebook.com\/janofilters\/\",\"https:\/\/x.com\/janofilters\",\"https:\/\/www.instagram.com\/janofilters\/\",\"https:\/\/www.tiktok.com\/@janofactory\",\"https:\/\/www.youtube.com\/channel\/UCGj3q5sMCCr2Tk6VwY838Nw\"]}]}<\/script>\n<!-- \/ Yoast SEO plugin. -->","yoast_head_json":{"title":"GITARI - Jano Filters","description":"En homenaje al hor\u00f3scopo Sagitario, naci\u00f3 Gitari. El dado giratorio de nuestra primera bandeja que pretende elevar tu experiencia de juego a otro nivel.","robots":{"index":"index","follow":"follow","max-snippet":"max-snippet:-1","max-image-preview":"max-image-preview:large","max-video-preview":"max-video-preview:-1"},"canonical":"https:\/\/janofilters.com\/en\/gametrays-gitari\/","og_locale":"en_US","og_type":"article","og_title":"GITARI - Jano Filters","og_description":"En homenaje al hor\u00f3scopo Sagitario, naci\u00f3 Gitari. El dado giratorio de nuestra primera bandeja que pretende elevar tu experiencia de juego a otro nivel.","og_url":"https:\/\/janofilters.com\/en\/gametrays-gitari\/","og_site_name":"Jano Filters","article_publisher":"https:\/\/es-la.facebook.com\/janofilters\/","twitter_card":"summary_large_image","twitter_site":"@janofilters","twitter_misc":{"Est. reading time":"2 minutes"},"schema":{"@context":"https:\/\/schema.org","@graph":[{"@type":"WebPage","@id":"https:\/\/janofilters.com\/es\/gametrays-gitari\/","url":"https:\/\/janofilters.com\/es\/gametrays-gitari\/","name":"GITARI - Jano Filters","isPartOf":{"@id":"http:\/\/janofilters.com\/es\/#website"},"datePublished":"2021-05-11T10:48:30+00:00","description":"En homenaje al hor\u00f3scopo Sagitario, naci\u00f3 Gitari. El dado giratorio de nuestra primera bandeja que pretende elevar tu experiencia de juego a otro nivel.","breadcrumb":{"@id":"https:\/\/janofilters.com\/es\/gametrays-gitari\/#breadcrumb"},"inLanguage":"en-US","potentialAction":[{"@type":"ReadAction","target":["https:\/\/janofilters.com\/es\/gametrays-gitari\/"]}]},{"@type":"BreadcrumbList","@id":"https:\/\/janofilters.com\/es\/gametrays-gitari\/#breadcrumb","itemListElement":[{"@type":"ListItem","position":1,"name":"Portada","item":"https:\/\/janofilters.com\/es\/"},{"@type":"ListItem","position":2,"name":"GITARI"}]},{"@type":"WebSite","@id":"http:\/\/janofilters.com\/es\/#website","url":"http:\/\/janofilters.com\/es\/","name":"Jano Filters","description":"Dise\u00f1os e inventos 420 creados para compartir.","publisher":{"@id":"http:\/\/janofilters.com\/es\/#organization"},"potentialAction":[{"@type":"SearchAction","target":{"@type":"EntryPoint","urlTemplate":"http:\/\/janofilters.com\/es\/?s={search_term_string}"},"query-input":{"@type":"PropertyValueSpecification","valueRequired":true,"valueName":"search_term_string"}}],"inLanguage":"en-US"},{"@type":"Organization","@id":"http:\/\/janofilters.com\/es\/#organization","name":"Jano Filters","url":"http:\/\/janofilters.com\/es\/","logo":{"@type":"ImageObject","inLanguage":"en-US","@id":"http:\/\/janofilters.com\/es\/#\/schema\/logo\/image\/","url":"https:\/\/janofilters.com\/wp-content\/uploads\/2021\/01\/cropped-Logo_BN.png","contentUrl":"https:\/\/janofilters.com\/wp-content\/uploads\/2021\/01\/cropped-Logo_BN.png","width":268,"height":146,"caption":"Jano Filters"},"image":{"@id":"http:\/\/janofilters.com\/es\/#\/schema\/logo\/image\/"},"sameAs":["https:\/\/es-la.facebook.com\/janofilters\/","https:\/\/x.com\/janofilters","https:\/\/www.instagram.com\/janofilters\/","https:\/\/www.tiktok.com\/@janofactory","https:\/\/www.youtube.com\/channel\/UCGj3q5sMCCr2Tk6VwY838Nw"]}]}},"jetpack_sharing_enabled":true,"_links":{"self":[{"href":"https:\/\/janofilters.com\/en\/wp-json\/wp\/v2\/pages\/3015","targetHints":{"allow":["GET"]}}],"collection":[{"href":"https:\/\/janofilters.com\/en\/wp-json\/wp\/v2\/pages"}],"about":[{"href":"https:\/\/janofilters.com\/en\/wp-json\/wp\/v2\/types\/page"}],"author":[{"embeddable":true,"href":"https:\/\/janofilters.com\/en\/wp-json\/wp\/v2\/users\/1"}],"replies":[{"embeddable":true,"href":"https:\/\/janofilters.com\/en\/wp-json\/wp\/v2\/comments?post=3015"}],"version-history":[{"count":0,"href":"https:\/\/janofilters.com\/en\/wp-json\/wp\/v2\/pages\/3015\/revisions"}],"wp:attachment":[{"href":"https:\/\/janofilters.com\/en\/wp-json\/wp\/v2\/media?parent=3015"}],"curies":[{"name":"wp","href":"https:\/\/api.w.org\/{rel}","templated":true}]}}