{"id":728,"date":"2021-01-22T14:34:59","date_gmt":"2021-01-22T13:34:59","guid":{"rendered":"https:\/\/janofilters.com\/?page_id=728"},"modified":"2021-01-22T14:34:59","modified_gmt":"2021-01-22T13:34:59","slug":"preguntas-frequentes-faqs-2","status":"publish","type":"page","link":"https:\/\/janofilters.com\/en\/preguntas-frequentes-faqs-2\/","title":{"rendered":"FREQUENTLY ASKED QUESTIONS (FAQS)"},"content":{"rendered":"<p class=\"has-custom-font\" style=\"font-family:Arvo\">After talking with many of you through Instagram and some emails, we find it interesting to make this page to somehow collect the most frequent doubts or questions that you have been sending us.<\/p><p class=\"has-custom-font\" style=\"font-family:Arvo\">The first and by far;<\/p><p><br><\/p><p class=\"has-custom-font\" style=\"font-family:Arvo\"><strong><span style=\"color:#c12929\" class=\"has-inline-color\">How many times can I use each filter?<\/span><\/strong><\/p><p class=\"has-custom-font\" style=\"font-family:Arvo\">We always say 3-7 uses depending on how resinous your mix is. But really the best answer is \"yourself\", until you don't want to use it anymore, right? There are super scrupulous people who use it only once because what they like is its design, it's cool that it's rigid and how well the smoke flows with slight differences and textures between models. There are people who use a filter \"to spend the afternoon\" because they like the concept of \"that afternoon's filter\", for example I use a filter for each working day, there is always one on the table and I use it 2- 4 times that day and no more.<\/p><p class=\"has-custom-font\" style=\"font-family:Arvo\">You have also sent us videos washing them or maintaining them in various ways that we will now explain later. In that case, you have a better answer than JanoFilters can give, since how many times are you going to wash it and how?<br><\/p><p class=\"has-custom-font\" style=\"font-family:Arvo\"><br><strong><span style=\"color:#c12929\" class=\"has-inline-color\">What material are they made of?<\/span><\/strong><\/p><p class=\"has-custom-font\" style=\"font-family:Arvo\">100% PLA. An organic polymer, biocompostable and extracted 100% from natural resources; corn starch, potato starch, sugar cane... We constantly try to communicate it and include it in the packaging, but even so, this question continues to be very frequent.<\/p><p class=\"has-custom-font\" style=\"font-family:Arvo\">So so that it doesn't seem like we're trying to sell the motorcycle, here's a link that explains the material in depth, the 100% renewable resources through which it is obtained, its uses in new generation packaging and its already established use in medicine for the last 25 years.<\/p><p class=\"has-custom-font\" style=\"font-family:Arvo\"><a href=\"http:\/\/www.eis.uva.es\/~biopolimeros\/alberto\/pla.htm\">http:\/\/www.eis.uva.es\/~biopolimeros\/alberto\/pla.htm<\/a><\/p><p class=\"has-custom-font\" style=\"font-family:Arvo\">Of the entire document, we are left with the last sentence of the analysis.<\/p><blockquote class=\"wp-block-quote is-layout-flow wp-block-quote-is-layout-flow\"><p><em>\u00abPLA is a polymer that we will see a lot of in the future as it is a true innovation in packaging materials.\u00bb<\/em><\/p><\/blockquote><p class=\"has-custom-font\" style=\"font-family:Arvo\">Well gentlemen, the future is here. And here we have come to stay.<\/p><p class=\"has-custom-font\" style=\"font-family:Arvo\">Here we leave you another link of interest about the assumed danger that the use of common plastics entails, some general advice to fight against it in our day-to-day consumption and how different and popular PLA is going to become in the near future. :<\/p><p class=\"has-custom-font\" style=\"font-family:Arvo\"><a href=\"https:\/\/www.breastcancer.org\/en\/risk\/factors\/plastic\">https:\/\/www.breastcancer.org\/en\/risk\/factors\/plastic<\/a><\/p><p class=\"has-custom-font\" style=\"font-family:Arvo\">We encourage you to look for as much information as you need, there are thousands of blogs and articles about PLA, but these are the ones we have found that gather the most easy-to-understand data without going into chemistry...&nbsp;<\/p><p><br><\/p><p class=\"has-custom-font\" style=\"font-family:Arvo\"><strong><span style=\"color:#c12929\" class=\"has-inline-color\">How do I wash them?<\/span><\/strong><\/p><p class=\"has-custom-font\" style=\"font-family:Arvo\">The best we can answer that is experiment and let us know what happened. The purpose was to create a reusable-disposable that was washable with most of the techniques with which conventional paraphernalia is washed. Here we detail the ones that we believe are most advisable within those that you have sent us these years, (how heavy to say years already hahahah) #gracias<\/p><blockquote class=\"wp-block-quote is-layout-flow wp-block-quote-is-layout-flow\"><p>\u2013&nbsp;<em>\u201cI have given them a few laps bathed in alcohol for 10\/15 minutes in a small glass and then a jet of cold water from the tap and they are like new\u201d.<\/em>.<\/p><\/blockquote><p class=\"has-custom-font\" style=\"font-family:Arvo\">This is the most used technique to clean all paraphernalia in general.&nbsp;<\/p><p class=\"has-custom-font\" style=\"font-family:Arvo\">Theoretically, the alcohol helps to remove the oils and resins from the places where it arrives. So that the resin accumulated with use can easily escape with a basic wash, we always strive to design geometries that facilitate the flow of smoke, alcohol and water. In the case of the Janos, keep in mind that they are rigid sponges that absorb everything you throw at them, so be generous with the subsequent water rinse... After the alcohol bath, you can start rinsing with a jet of hot water from the tap directly and finish with cold water. Finally, comment that drying in the sun is magical so that the smell in the Janos disappears.<\/p><blockquote class=\"wp-block-quote is-layout-flow wp-block-quote-is-layout-flow\"><p>\u2013&nbsp;<em>\u201cI rubbed them with a brush with soapy water and they were impeccable\u201d&nbsp;<\/em><\/p><\/blockquote><p class=\"has-custom-font\" style=\"font-family:Arvo\">Like everything in life, using rubbing or brushing tools helps to penetrate more during cleaning. Even if it is organic soap, we recommend a generous rinse with cold water before putting them to dry.<\/p><p class=\"has-custom-font translation-block\" style=\"font-family:Arvo\">Others have put them to rest in hot water or even almost boiling milk and let's see... hold on, hold on. But these techniques are not particularly recommended. Theoretically, PLA melts from 150\u00baC, but at 60\/70\u00baC its glass transition begins, which is basically the transition between solid and liquid where the pieces begin to lose dimensional stability and it is easy for them to deform when removed from the pot hahahah It is precisely with water, the Sun and oxygen that this material degrades the most, so if we heat it up with each wash, we will be opening the pores of the skin to the material every two by three and the first thing it will lose It is the color of the areas where it has been exposed to more heat, leaving a crude white appearance. Subsequently and with several washes, these whitish areas are the ones that will become more brittle.<\/p><p class=\"has-custom-font\" style=\"font-family:Arvo\">Para incitar a reutilizar los filtros y llev\u00e1rtelos a casa para limpiar, presentamos una gama de&nbsp;packagings rellenables con agujeros\/ventanitas para airearlos y felpas\/fieltros estrat\u00e9gicamente colocados para frotar el exceso de resina antes de volver a guardar el filtro usado.&nbsp;<strong>Cuando liamos directo con un Jano (sin usar el filtro del piti) recomendamos retirar el filtro 2-3mm pasada la mitad de nuestro canuto, con el fin de castigarlo menos y que nos dure m\u00e1s usos.&nbsp;<\/strong>En los destacados de nuestro perfil de instagram @janofilters tenemos el apartado \u201cconsejos\u201d con unos cuantos v\u00eddeos ilustrando estas gu\u00edas para&nbsp;alargar la vida \u00fatil de tus Janos \ud83d\ude42<\/p><p><br><\/p><p class=\"has-custom-font\" style=\"font-family:Arvo\"><strong><span style=\"color:#c12929\" class=\"has-inline-color\">Apart from the online store, is there a physical point of sale where I can buy Janos?<\/span><\/strong><\/p><p class=\"has-custom-font\" style=\"font-family:Arvo\">We are very excited that you visit this map and even more excited, updating it every month, we are not only in Spain anymore ^^<br><br><a href=\"https:\/\/janofilters.com\/en\/donde-comprar\/\">https:\/\/janofilters.com\/where-to-buy\/<\/a><br><br><br><br><\/p><p class=\"has-custom-font\" style=\"font-family:Arvo\"><strong><span style=\"color:#c12929\" class=\"has-inline-color\">Do you ship to...?<\/span><\/strong><\/p><p class=\"has-custom-font\" style=\"font-family:Arvo\">Yessss! We make express shipments 24\/48 working hours to all of Peninsular Spain. Outside the Peninsula they do not offer us the same price or the same term, but we can make express shipments to individuals and businesses throughout Europe. For international shipments outside of Europe, it is better to contact by mail at:<\/p><p class=\"has-custom-font\" style=\"font-family:Arvo\">&nbsp;sales@janofilters.com<\/p><p><br><\/p><p class=\"has-custom-font\" style=\"font-family:Arvo\"><strong><span style=\"color:#c12929\" class=\"has-inline-color\">How can we sell your product in our store?<\/span><\/strong><\/p><p class=\"has-custom-font\" style=\"font-family:Arvo\">We are still excited every time a grow or tobacconist arrives and tells us that customers have come asking for our products. Thank you! thank you and from the bottom of my heart! If you want to distribute JanoFilters in your business, contact us through the contact of this same online store or through the email sales@janofilters.com and we will send you the catalog \/ price list for distributor.<br><br><\/p><p class=\"has-custom-font\" style=\"font-family:Arvo\"><strong><span style=\"color:#c12929\" class=\"has-inline-color\">Are they also used for tobacco?<\/span><\/strong><\/p><p class=\"has-custom-font\" style=\"font-family:Arvo\">For my taste it shoots too much for a piti hahahaha Honestly, they were not conceptualized for tobacco. We present them as a replacement\/evolution of the traditional cardboard, a solids filter that had the maximum possible flow without allowing anything but smoke to enter.<\/p><p class=\"has-custom-font\" style=\"font-family:Arvo\">On the other hand, it is true that we have evidence of users who have used them solely and exclusively for their rolling tobacco and say that they love it and that it lasts much longer than the 3 or 7 uses that we always say. Tobacco is not normally resinous, so it actually makes sense that they would be less messy than with other dressings\u2026<\/p><p><br><\/p><p class=\"has-custom-font\" style=\"font-family:Arvo\"><strong><span style=\"color:#c12929\" class=\"has-inline-color\">How do I choose my ring size?<\/span><\/strong><\/p><p class=\"has-custom-font translation-block\" style=\"font-family:Arvo\">To measure the diameter of the finger, surround it with a <strong> non-elastic <\/strong> string, tightening a little and it should measure between 50 and 75mm. Divide that measurement by 3.14 and you will get the approximate diameter of your finger.<\/p><p class=\"has-custom-font\" style=\"font-family:Arvo\">If you are going to buy more than one ring, we recommend buying 2 different sizes, the one you think is in the position of a normal ring and a smaller size for the second phalanx of the finger.<\/p><p><br><\/p><p class=\"has-custom-font\" style=\"font-family:Arvo\"><strong><span style=\"color:#c12929\" class=\"has-inline-color\">How do you put on\/orient the ring so that I get all the gestures and tricks in the ad?<\/span><\/strong><\/p><p class=\"has-custom-font\" style=\"font-family:Arvo\">Once you finish rolling the blunt and before lighting it on:<\/p><p class=\"has-custom-font translation-block\" style=\"font-family:Arvo\">1. Extend the hand with which you are going to wear the ring <strong> with the palm of your hand facing you. <\/strong><\/p><p class=\"has-custom-font translation-block\" style=\"font-family:Arvo\">2. Put the ring on your index finger and oriented straight in this position, not in the position of a normal ring. By putting it \u201con this side\u201d you will be able to use your PION more comfortably with your thumb. If you put it oriented like a common ring there will be several gestures and games that we don't think you'll get to hahaha it will be like licking your elbow.<\/p><p class=\"has-custom-font translation-block\" style=\"font-family:Arvo\">3. Grab your bundle FROM the Jano or the filter of your cigar with the tips of the fingers of the other hand and go through the tail of PION until the end, if it is a Jano it will clack hahah if it is a cigar it will simply be hugged in a soft touch. These 5-10mm that you use to hold the filter with your fingertips, will be the 5-10mm of filter that you will be leaving for your lips, do not put it flush because later you will not be able to smoke and you will have to turn the ring around and take it out again hahahah calm down, if it happens to you, surely it will only be once.<\/p><p class=\"has-custom-font translation-block\" style=\"font-family:Arvo\">4. The <strong> logo on the animal's back <\/strong> indicates where we recommend <strong> to press with the thumb of THE hand while inserting or removing the Janos with the other hand <\/strong>. If you cannot completely cover the logo with your thumb, the ring is probably not aligned as we had thought.<\/p>","protected":false},"excerpt":{"rendered":"<p>Despu\u00e9s de hablar con muchxs de vosotrxs por instagram y algunos mails,&nbsp;vemos interesante hacer esta p\u00e1gina para recolectar de alguna manera las dudas o preguntas m\u00e1s frecuentes que nos hab\u00e9is ido haciendo llegar. La primera y con diferencia; \u00bfCu\u00e1ntas veces puedo&nbsp;utilizar cada filtro? Siempre decimos que entre 3 y 7 usos dependiendo de lo resinosa [&hellip;]<\/p>","protected":false},"author":1,"featured_media":0,"parent":0,"menu_order":0,"comment_status":"closed","ping_status":"closed","template":"","meta":{"site-sidebar-layout":"no-sidebar","site-content-layout":"content-boxed-container","ast-site-content-layout":"","site-content-style":"default","site-sidebar-style":"default","ast-global-header-display":"","ast-banner-title-visibility":"","ast-main-header-display":"","ast-hfb-above-header-display":"","ast-hfb-below-header-display":"","ast-hfb-mobile-header-display":"","site-post-title":"","ast-breadcrumbs-content":"","ast-featured-img":"","footer-sml-layout":"","theme-transparent-header-meta":"default","adv-header-id-meta":"","stick-header-meta":"","header-above-stick-meta":"","header-main-stick-meta":"","header-below-stick-meta":"","astra-migrate-meta-layouts":"default","ast-page-background-enabled":"default","ast-page-background-meta":{"desktop":{"background-color":"","background-image":"","background-repeat":"repeat","background-position":"center center","background-size":"auto","background-attachment":"scroll","background-type":"","background-media":"","overlay-type":"","overlay-color":"","overlay-opacity":"","overlay-gradient":""},"tablet":{"background-color":"","background-image":"","background-repeat":"repeat","background-position":"center center","background-size":"auto","background-attachment":"scroll","background-type":"","background-media":"","overlay-type":"","overlay-color":"","overlay-opacity":"","overlay-gradient":""},"mobile":{"background-color":"","background-image":"","background-repeat":"repeat","background-position":"center center","background-size":"auto","background-attachment":"scroll","background-type":"","background-media":"","overlay-type":"","overlay-color":"","overlay-opacity":"","overlay-gradient":""}},"ast-content-background-meta":{"desktop":{"background-color":"var(--ast-global-color-5)","background-image":"","background-repeat":"repeat","background-position":"center center","background-size":"auto","background-attachment":"scroll","background-type":"","background-media":"","overlay-type":"","overlay-color":"","overlay-opacity":"","overlay-gradient":""},"tablet":{"background-color":"var(--ast-global-color-5)","background-image":"","background-repeat":"repeat","background-position":"center center","background-size":"auto","background-attachment":"scroll","background-type":"","background-media":"","overlay-type":"","overlay-color":"","overlay-opacity":"","overlay-gradient":""},"mobile":{"background-color":"var(--ast-global-color-5)","background-image":"","background-repeat":"repeat","background-position":"center center","background-size":"auto","background-attachment":"scroll","background-type":"","background-media":"","overlay-type":"","overlay-color":"","overlay-opacity":"","overlay-gradient":""}},"footnotes":""},"class_list":["post-728","page","type-page","status-publish","hentry"],"yoast_head":"<!-- This site is optimized with the Yoast SEO plugin v25.3 - https:\/\/yoast.com\/wordpress\/plugins\/seo\/ -->\n<title>PREGUNTAS FREQUENTES (FAQS) - Jano Filters<\/title>\n<meta name=\"robots\" content=\"index, follow, max-snippet:-1, max-image-preview:large, max-video-preview:-1\" \/>\n<link rel=\"canonical\" href=\"https:\/\/janofilters.com\/en\/preguntas-frequentes-faqs-2\/\" \/>\n<meta property=\"og:locale\" content=\"en_US\" \/>\n<meta property=\"og:type\" content=\"article\" \/>\n<meta property=\"og:title\" content=\"PREGUNTAS FREQUENTES (FAQS) - Jano Filters\" \/>\n<meta property=\"og:description\" content=\"Despu\u00e9s de hablar con muchxs de vosotrxs por instagram y algunos mails,&nbsp;vemos interesante hacer esta p\u00e1gina para recolectar de alguna manera las dudas o preguntas m\u00e1s frecuentes que nos hab\u00e9is ido haciendo llegar. La primera y con diferencia; \u00bfCu\u00e1ntas veces puedo&nbsp;utilizar cada filtro? Siempre decimos que entre 3 y 7 usos dependiendo de lo resinosa [&hellip;]\" \/>\n<meta property=\"og:url\" content=\"https:\/\/janofilters.com\/en\/preguntas-frequentes-faqs-2\/\" \/>\n<meta property=\"og:site_name\" content=\"Jano Filters\" \/>\n<meta property=\"article:publisher\" content=\"https:\/\/es-la.facebook.com\/janofilters\/\" \/>\n<meta name=\"twitter:card\" content=\"summary_large_image\" \/>\n<meta name=\"twitter:site\" content=\"@janofilters\" \/>\n<meta name=\"twitter:label1\" content=\"Est. reading time\" \/>\n\t<meta name=\"twitter:data1\" content=\"7 minutes\" \/>\n<script type=\"application\/ld+json\" class=\"yoast-schema-graph\">{\"@context\":\"https:\/\/schema.org\",\"@graph\":[{\"@type\":\"WebPage\",\"@id\":\"https:\/\/janofilters.com\/es\/preguntas-frequentes-faqs-2\/\",\"url\":\"https:\/\/janofilters.com\/es\/preguntas-frequentes-faqs-2\/\",\"name\":\"PREGUNTAS FREQUENTES (FAQS) - Jano Filters\",\"isPartOf\":{\"@id\":\"http:\/\/janofilters.com\/es\/#website\"},\"datePublished\":\"2021-01-22T13:34:59+00:00\",\"breadcrumb\":{\"@id\":\"https:\/\/janofilters.com\/es\/preguntas-frequentes-faqs-2\/#breadcrumb\"},\"inLanguage\":\"en-US\",\"potentialAction\":[{\"@type\":\"ReadAction\",\"target\":[\"https:\/\/janofilters.com\/es\/preguntas-frequentes-faqs-2\/\"]}]},{\"@type\":\"BreadcrumbList\",\"@id\":\"https:\/\/janofilters.com\/es\/preguntas-frequentes-faqs-2\/#breadcrumb\",\"itemListElement\":[{\"@type\":\"ListItem\",\"position\":1,\"name\":\"Portada\",\"item\":\"https:\/\/janofilters.com\/es\/\"},{\"@type\":\"ListItem\",\"position\":2,\"name\":\"PREGUNTAS FREQUENTES (FAQS)\"}]},{\"@type\":\"WebSite\",\"@id\":\"http:\/\/janofilters.com\/es\/#website\",\"url\":\"http:\/\/janofilters.com\/es\/\",\"name\":\"Jano Filters\",\"description\":\"Dise\u00f1os e inventos 420 creados para compartir.\",\"publisher\":{\"@id\":\"http:\/\/janofilters.com\/es\/#organization\"},\"potentialAction\":[{\"@type\":\"SearchAction\",\"target\":{\"@type\":\"EntryPoint\",\"urlTemplate\":\"http:\/\/janofilters.com\/es\/?s={search_term_string}\"},\"query-input\":{\"@type\":\"PropertyValueSpecification\",\"valueRequired\":true,\"valueName\":\"search_term_string\"}}],\"inLanguage\":\"en-US\"},{\"@type\":\"Organization\",\"@id\":\"http:\/\/janofilters.com\/es\/#organization\",\"name\":\"Jano Filters\",\"url\":\"http:\/\/janofilters.com\/es\/\",\"logo\":{\"@type\":\"ImageObject\",\"inLanguage\":\"en-US\",\"@id\":\"http:\/\/janofilters.com\/es\/#\/schema\/logo\/image\/\",\"url\":\"https:\/\/janofilters.com\/wp-content\/uploads\/2021\/01\/cropped-Logo_BN.png\",\"contentUrl\":\"https:\/\/janofilters.com\/wp-content\/uploads\/2021\/01\/cropped-Logo_BN.png\",\"width\":268,\"height\":146,\"caption\":\"Jano Filters\"},\"image\":{\"@id\":\"http:\/\/janofilters.com\/es\/#\/schema\/logo\/image\/\"},\"sameAs\":[\"https:\/\/es-la.facebook.com\/janofilters\/\",\"https:\/\/x.com\/janofilters\",\"https:\/\/www.instagram.com\/janofilters\/\",\"https:\/\/www.tiktok.com\/@janofactory\",\"https:\/\/www.youtube.com\/channel\/UCGj3q5sMCCr2Tk6VwY838Nw\"]}]}<\/script>\n<!-- \/ Yoast SEO plugin. -->","yoast_head_json":{"title":"PREGUNTAS FREQUENTES (FAQS) - Jano Filters","robots":{"index":"index","follow":"follow","max-snippet":"max-snippet:-1","max-image-preview":"max-image-preview:large","max-video-preview":"max-video-preview:-1"},"canonical":"https:\/\/janofilters.com\/en\/preguntas-frequentes-faqs-2\/","og_locale":"en_US","og_type":"article","og_title":"PREGUNTAS FREQUENTES (FAQS) - Jano Filters","og_description":"Despu\u00e9s de hablar con muchxs de vosotrxs por instagram y algunos mails,&nbsp;vemos interesante hacer esta p\u00e1gina para recolectar de alguna manera las dudas o preguntas m\u00e1s frecuentes que nos hab\u00e9is ido haciendo llegar. La primera y con diferencia; \u00bfCu\u00e1ntas veces puedo&nbsp;utilizar cada filtro? Siempre decimos que entre 3 y 7 usos dependiendo de lo resinosa [&hellip;]","og_url":"https:\/\/janofilters.com\/en\/preguntas-frequentes-faqs-2\/","og_site_name":"Jano Filters","article_publisher":"https:\/\/es-la.facebook.com\/janofilters\/","twitter_card":"summary_large_image","twitter_site":"@janofilters","twitter_misc":{"Est. reading time":"7 minutes"},"schema":{"@context":"https:\/\/schema.org","@graph":[{"@type":"WebPage","@id":"https:\/\/janofilters.com\/es\/preguntas-frequentes-faqs-2\/","url":"https:\/\/janofilters.com\/es\/preguntas-frequentes-faqs-2\/","name":"PREGUNTAS FREQUENTES (FAQS) - Jano Filters","isPartOf":{"@id":"http:\/\/janofilters.com\/es\/#website"},"datePublished":"2021-01-22T13:34:59+00:00","breadcrumb":{"@id":"https:\/\/janofilters.com\/es\/preguntas-frequentes-faqs-2\/#breadcrumb"},"inLanguage":"en-US","potentialAction":[{"@type":"ReadAction","target":["https:\/\/janofilters.com\/es\/preguntas-frequentes-faqs-2\/"]}]},{"@type":"BreadcrumbList","@id":"https:\/\/janofilters.com\/es\/preguntas-frequentes-faqs-2\/#breadcrumb","itemListElement":[{"@type":"ListItem","position":1,"name":"Portada","item":"https:\/\/janofilters.com\/es\/"},{"@type":"ListItem","position":2,"name":"PREGUNTAS FREQUENTES (FAQS)"}]},{"@type":"WebSite","@id":"http:\/\/janofilters.com\/es\/#website","url":"http:\/\/janofilters.com\/es\/","name":"Jano Filters","description":"Dise\u00f1os e inventos 420 creados para compartir.","publisher":{"@id":"http:\/\/janofilters.com\/es\/#organization"},"potentialAction":[{"@type":"SearchAction","target":{"@type":"EntryPoint","urlTemplate":"http:\/\/janofilters.com\/es\/?s={search_term_string}"},"query-input":{"@type":"PropertyValueSpecification","valueRequired":true,"valueName":"search_term_string"}}],"inLanguage":"en-US"},{"@type":"Organization","@id":"http:\/\/janofilters.com\/es\/#organization","name":"Jano Filters","url":"http:\/\/janofilters.com\/es\/","logo":{"@type":"ImageObject","inLanguage":"en-US","@id":"http:\/\/janofilters.com\/es\/#\/schema\/logo\/image\/","url":"https:\/\/janofilters.com\/wp-content\/uploads\/2021\/01\/cropped-Logo_BN.png","contentUrl":"https:\/\/janofilters.com\/wp-content\/uploads\/2021\/01\/cropped-Logo_BN.png","width":268,"height":146,"caption":"Jano Filters"},"image":{"@id":"http:\/\/janofilters.com\/es\/#\/schema\/logo\/image\/"},"sameAs":["https:\/\/es-la.facebook.com\/janofilters\/","https:\/\/x.com\/janofilters","https:\/\/www.instagram.com\/janofilters\/","https:\/\/www.tiktok.com\/@janofactory","https:\/\/www.youtube.com\/channel\/UCGj3q5sMCCr2Tk6VwY838Nw"]}]}},"jetpack_sharing_enabled":true,"_links":{"self":[{"href":"https:\/\/janofilters.com\/en\/wp-json\/wp\/v2\/pages\/728","targetHints":{"allow":["GET"]}}],"collection":[{"href":"https:\/\/janofilters.com\/en\/wp-json\/wp\/v2\/pages"}],"about":[{"href":"https:\/\/janofilters.com\/en\/wp-json\/wp\/v2\/types\/page"}],"author":[{"embeddable":true,"href":"https:\/\/janofilters.com\/en\/wp-json\/wp\/v2\/users\/1"}],"replies":[{"embeddable":true,"href":"https:\/\/janofilters.com\/en\/wp-json\/wp\/v2\/comments?post=728"}],"version-history":[{"count":0,"href":"https:\/\/janofilters.com\/en\/wp-json\/wp\/v2\/pages\/728\/revisions"}],"wp:attachment":[{"href":"https:\/\/janofilters.com\/en\/wp-json\/wp\/v2\/media?parent=728"}],"curies":[{"name":"wp","href":"https:\/\/api.w.org\/{rel}","templated":true}]}}