{"id":917,"date":"2021-01-22T18:13:03","date_gmt":"2021-01-22T17:13:03","guid":{"rendered":"https:\/\/janofilters.com\/?page_id=917"},"modified":"2025-03-24T10:55:02","modified_gmt":"2025-03-24T09:55:02","slug":"clausula-rgpd","status":"publish","type":"page","link":"https:\/\/janofilters.com\/en\/clausula-rgpd\/","title":{"rendered":"RGPD CLAUSE"},"content":{"rendered":"<p><p class=\"has-custom-font\" style=\"font-family:Arvo\"><strong><span style=\"color:#c12929\" class=\"has-inline-color\">CONSENTIMIENTO INFORMADO<\/span><\/strong><\/p><\/p><p><p class=\"has-custom-font\" style=\"font-family:Arvo\"><strong><span style=\"color:#c12929\" class=\"has-inline-color\">REGLAMENTO EUROPEO DE PROTECCI\u00d3N DE DATOS<\/span><\/strong><\/p><\/p><p><p class=\"has-custom-font\" style=\"font-family:Arvo\"><br><strong>Identificaci\u00f3n del Responsable.\u00a0<\/strong>Le informamos que los datos personales que Usted nos proporciona son incorporados a un tratamiento de datos personales denominado CLIENTES-PROVEEDORES cuyo responsable es JANO FILTERS\u00a0S.L. con CIF B55385363 y con domicilio en CARRER BATISTA I ROCA 5 1\u00ba 1\u00aa, 08302-MATAR\u00d2, BARCELONA (ESPA\u00d1A). Puede contactar con el Responsable mediante correo electr\u00f3nico a tips@janofilters.com.<\/p><\/p><p><p class=\"has-custom-font\" style=\"font-family:Arvo\"><br><strong>Delegado de Protecci\u00f3n de Datos.&nbsp;<\/strong>No existe Delegado de protecci\u00f3n de datos en esta entidad.<\/p><\/p><p><p class=\"has-custom-font\" style=\"font-family:Arvo\"><br><strong>Finalidad.\u00a0<\/strong>En JANO FILTERS S.L. tratamos la informaci\u00f3n de las personas interesadas con la siguiente finalidad:La finalidad es la gesti\u00f3n del pedido seleccionado por el usuario.<br>Enviarle por correo electr\u00f3nico y\/o postal las noticias y novedades acerca de nuestra entidad \u00a0as\u00ed como las actualizaciones de nuestro cat\u00e1logo de productos y servicios. El interesado puede oponerse a recibir este tipo de comunicaciones promocionales, ahora o en cualquier otro momento, enviando un correo electr\u00f3nico a la direcci\u00f3n electr\u00f3nica tips@janofilters.com \u00a0o dirigiendo una solicitud a nuestra direcci\u00f3n postal.<\/p><\/p><p><p class=\"has-custom-font\" style=\"font-family:Arvo\"><br><strong>Plazo de Conservaci\u00f3n.&nbsp;<\/strong>El plazo de conservaci\u00f3n de sus datos personales ser\u00e1 de: Conservaremos sus datos personales desde que nos d\u00e9 su consentimiento hasta que lo revoque o bien solicite la limitaci\u00f3n del tratamiento. En tales casos, mantendremos sus datos de manera bloqueada durante los plazos legalmente exigidos.<\/p><\/p><p><p class=\"has-custom-font\" style=\"font-family:Arvo\"><br><strong>Decisiones automatizadas y elaboraci\u00f3n de perfiles.&nbsp;<\/strong>Le informamos que no existen decisiones automatizadas incluyendo la elaboraci\u00f3n de perfiles.<\/p><\/p><p><p class=\"has-custom-font\" style=\"font-family:Arvo\"><br><strong>Base Jur\u00eddica del Tratamiento.&nbsp;<\/strong>La base jur\u00eddica del tratamiento es la legitimaci\u00f3n por consentimiento del interesado.<\/p><\/p><p><p class=\"has-custom-font\" style=\"font-family:Arvo\"><br><strong>Destinatarios de cesiones.&nbsp;<\/strong>No se prevee realizar cesiones, salvo a Empresas de Transporte para que culmine &nbsp;el proceso de env\u00edo de productos.<\/p><\/p><p><p class=\"has-custom-font\" style=\"font-family:Arvo\"><br><strong>Transferencias Internacionales.&nbsp;<\/strong>&nbsp;<\/p><\/p><p><p class=\"has-custom-font\" style=\"font-family:Arvo\"><br><strong>Derechos.&nbsp;<\/strong>&nbsp;De acuerdo con la legislaci\u00f3n vigente tiene los siguientes derechos:<br><br>&#8211; Derecho a solicitar el acceso a sus datos personales.<br>&#8211; Derecho a solicitar su rectificaci\u00f3n o supresi\u00f3n.<br>&#8211; Derecho a solicitar la limitaci\u00f3n de su tratamiento<br>&#8211; Derecho a oponerse al tratamiento.<br>&#8211; Derecho a la portabilidad de los datos.<br><br><br>Para ejercer sus derechos, debe dirigirse al responsable, solicitando el correspondiente formulario para el ejercicio del derecho elegido. Opcionalmente, puede redirigir al interesado a la Autoridad de Control competente para obtener informaci\u00f3n adicional acerca de sus derechos.<\/p><\/p><p><p class=\"has-custom-font\" style=\"font-family:Arvo\"><br><strong>Consentimiento.&nbsp;<\/strong>En &#8230;&#8230;&#8230;&#8230;&#8230;&#8230;&#8230;&#8230;&#8230;&#8230;&#8230;&#8230;&#8230;&#8230; a &#8230;&#8230;&#8230;&#8230;&#8230;&#8230;&#8230;&#8230; Dn.\/a, &#8230;&#8230;&#8230;&#8230;&#8230;&#8230;&#8230;&#8230;&#8230;&#8230;&#8230;&#8230;&#8230;&#8230;&#8230;&#8230;&#8230;&#8230; con DNI \/ NIE &#8230;&#8230;&#8230;&#8230;&#8230;&#8230;&#8230;&#8230;&#8230;&#8230;.. doy mi consentimiento expreso de acuerdo con lo expuesto en el presente documento.<\/p><\/p>","protected":false},"excerpt":{"rendered":"<p>CONSENTIMIENTO INFORMADO REGLAMENTO EUROPEO DE PROTECCI\u00d3N DE DATOS Identificaci\u00f3n del Responsable.\u00a0Le informamos que los datos personales que Usted nos proporciona son incorporados a un tratamiento de datos personales denominado CLIENTES-PROVEEDORES cuyo responsable es JANO FILTERS\u00a0S.L. con CIF B55385363 y con domicilio en CARRER BATISTA I ROCA 5 1\u00ba 1\u00aa, 08302-MATAR\u00d2, BARCELONA (ESPA\u00d1A). Puede contactar con [&hellip;]<\/p>","protected":false},"author":1,"featured_media":0,"parent":0,"menu_order":0,"comment_status":"closed","ping_status":"closed","template":"","meta":{"site-sidebar-layout":"no-sidebar","site-content-layout":"content-boxed-container","ast-site-content-layout":"normal-width-container","site-content-style":"boxed","site-sidebar-style":"unboxed","ast-global-header-display":"","ast-banner-title-visibility":"","ast-main-header-display":"","ast-hfb-above-header-display":"","ast-hfb-below-header-display":"","ast-hfb-mobile-header-display":"","site-post-title":"","ast-breadcrumbs-content":"","ast-featured-img":"","footer-sml-layout":"","theme-transparent-header-meta":"default","adv-header-id-meta":"","stick-header-meta":"","header-above-stick-meta":"","header-main-stick-meta":"","header-below-stick-meta":"","astra-migrate-meta-layouts":"set","ast-page-background-enabled":"default","ast-page-background-meta":{"desktop":{"background-color":"","background-image":"","background-repeat":"repeat","background-position":"center center","background-size":"auto","background-attachment":"scroll","background-type":"","background-media":"","overlay-type":"","overlay-color":"","overlay-opacity":"","overlay-gradient":""},"tablet":{"background-color":"","background-image":"","background-repeat":"repeat","background-position":"center center","background-size":"auto","background-attachment":"scroll","background-type":"","background-media":"","overlay-type":"","overlay-color":"","overlay-opacity":"","overlay-gradient":""},"mobile":{"background-color":"","background-image":"","background-repeat":"repeat","background-position":"center center","background-size":"auto","background-attachment":"scroll","background-type":"","background-media":"","overlay-type":"","overlay-color":"","overlay-opacity":"","overlay-gradient":""}},"ast-content-background-meta":{"desktop":{"background-color":"var(--ast-global-color-5)","background-image":"","background-repeat":"repeat","background-position":"center center","background-size":"auto","background-attachment":"scroll","background-type":"","background-media":"","overlay-type":"","overlay-color":"","overlay-opacity":"","overlay-gradient":""},"tablet":{"background-color":"var(--ast-global-color-5)","background-image":"","background-repeat":"repeat","background-position":"center center","background-size":"auto","background-attachment":"scroll","background-type":"","background-media":"","overlay-type":"","overlay-color":"","overlay-opacity":"","overlay-gradient":""},"mobile":{"background-color":"var(--ast-global-color-5)","background-image":"","background-repeat":"repeat","background-position":"center center","background-size":"auto","background-attachment":"scroll","background-type":"","background-media":"","overlay-type":"","overlay-color":"","overlay-opacity":"","overlay-gradient":""}},"footnotes":""},"class_list":["post-917","page","type-page","status-publish","hentry"],"yoast_head":"<!-- This site is optimized with the Yoast SEO plugin v25.3 - https:\/\/yoast.com\/wordpress\/plugins\/seo\/ -->\n<title>CL\u00c1USULA RGPD - Jano Filters<\/title>\n<meta name=\"robots\" content=\"index, follow, max-snippet:-1, max-image-preview:large, max-video-preview:-1\" \/>\n<link rel=\"canonical\" href=\"https:\/\/janofilters.com\/en\/clausula-rgpd\/\" \/>\n<meta property=\"og:locale\" content=\"en_US\" \/>\n<meta property=\"og:type\" content=\"article\" \/>\n<meta property=\"og:title\" content=\"CL\u00c1USULA RGPD - Jano Filters\" \/>\n<meta property=\"og:description\" content=\"CONSENTIMIENTO INFORMADO REGLAMENTO EUROPEO DE PROTECCI\u00d3N DE DATOS Identificaci\u00f3n del Responsable.\u00a0Le informamos que los datos personales que Usted nos proporciona son incorporados a un tratamiento de datos personales denominado CLIENTES-PROVEEDORES cuyo responsable es JANO FILTERS\u00a0S.L. con CIF B55385363 y con domicilio en CARRER BATISTA I ROCA 5 1\u00ba 1\u00aa, 08302-MATAR\u00d2, BARCELONA (ESPA\u00d1A). Puede contactar con [&hellip;]\" \/>\n<meta property=\"og:url\" content=\"https:\/\/janofilters.com\/en\/clausula-rgpd\/\" \/>\n<meta property=\"og:site_name\" content=\"Jano Filters\" \/>\n<meta property=\"article:publisher\" content=\"https:\/\/es-la.facebook.com\/janofilters\/\" \/>\n<meta property=\"article:modified_time\" content=\"2025-03-24T09:55:02+00:00\" \/>\n<meta name=\"twitter:card\" content=\"summary_large_image\" \/>\n<meta name=\"twitter:site\" content=\"@janofilters\" \/>\n<meta name=\"twitter:label1\" content=\"Est. reading time\" \/>\n\t<meta name=\"twitter:data1\" content=\"2 minutes\" \/>\n<script type=\"application\/ld+json\" class=\"yoast-schema-graph\">{\"@context\":\"https:\/\/schema.org\",\"@graph\":[{\"@type\":\"WebPage\",\"@id\":\"https:\/\/janofilters.com\/clausula-rgpd\/\",\"url\":\"https:\/\/janofilters.com\/clausula-rgpd\/\",\"name\":\"CL\u00c1USULA RGPD - Jano Filters\",\"isPartOf\":{\"@id\":\"http:\/\/janofilters.com\/es\/#website\"},\"datePublished\":\"2021-01-22T17:13:03+00:00\",\"dateModified\":\"2025-03-24T09:55:02+00:00\",\"breadcrumb\":{\"@id\":\"https:\/\/janofilters.com\/clausula-rgpd\/#breadcrumb\"},\"inLanguage\":\"en-US\",\"potentialAction\":[{\"@type\":\"ReadAction\",\"target\":[\"https:\/\/janofilters.com\/clausula-rgpd\/\"]}]},{\"@type\":\"BreadcrumbList\",\"@id\":\"https:\/\/janofilters.com\/clausula-rgpd\/#breadcrumb\",\"itemListElement\":[{\"@type\":\"ListItem\",\"position\":1,\"name\":\"Portada\",\"item\":\"https:\/\/janofilters.com\/es\/\"},{\"@type\":\"ListItem\",\"position\":2,\"name\":\"CL\u00c1USULA RGPD\"}]},{\"@type\":\"WebSite\",\"@id\":\"http:\/\/janofilters.com\/es\/#website\",\"url\":\"http:\/\/janofilters.com\/es\/\",\"name\":\"Jano Filters\",\"description\":\"Dise\u00f1os e inventos 420 creados para compartir.\",\"publisher\":{\"@id\":\"http:\/\/janofilters.com\/es\/#organization\"},\"potentialAction\":[{\"@type\":\"SearchAction\",\"target\":{\"@type\":\"EntryPoint\",\"urlTemplate\":\"http:\/\/janofilters.com\/es\/?s={search_term_string}\"},\"query-input\":{\"@type\":\"PropertyValueSpecification\",\"valueRequired\":true,\"valueName\":\"search_term_string\"}}],\"inLanguage\":\"en-US\"},{\"@type\":\"Organization\",\"@id\":\"http:\/\/janofilters.com\/es\/#organization\",\"name\":\"Jano Filters\",\"url\":\"http:\/\/janofilters.com\/es\/\",\"logo\":{\"@type\":\"ImageObject\",\"inLanguage\":\"en-US\",\"@id\":\"http:\/\/janofilters.com\/es\/#\/schema\/logo\/image\/\",\"url\":\"https:\/\/janofilters.com\/wp-content\/uploads\/2021\/01\/cropped-Logo_BN.png\",\"contentUrl\":\"https:\/\/janofilters.com\/wp-content\/uploads\/2021\/01\/cropped-Logo_BN.png\",\"width\":268,\"height\":146,\"caption\":\"Jano Filters\"},\"image\":{\"@id\":\"http:\/\/janofilters.com\/es\/#\/schema\/logo\/image\/\"},\"sameAs\":[\"https:\/\/es-la.facebook.com\/janofilters\/\",\"https:\/\/x.com\/janofilters\",\"https:\/\/www.instagram.com\/janofilters\/\",\"https:\/\/www.tiktok.com\/@janofactory\",\"https:\/\/www.youtube.com\/channel\/UCGj3q5sMCCr2Tk6VwY838Nw\"]}]}<\/script>\n<!-- \/ Yoast SEO plugin. -->","yoast_head_json":{"title":"CL\u00c1USULA RGPD - Jano Filters","robots":{"index":"index","follow":"follow","max-snippet":"max-snippet:-1","max-image-preview":"max-image-preview:large","max-video-preview":"max-video-preview:-1"},"canonical":"https:\/\/janofilters.com\/en\/clausula-rgpd\/","og_locale":"en_US","og_type":"article","og_title":"CL\u00c1USULA RGPD - Jano Filters","og_description":"CONSENTIMIENTO INFORMADO REGLAMENTO EUROPEO DE PROTECCI\u00d3N DE DATOS Identificaci\u00f3n del Responsable.\u00a0Le informamos que los datos personales que Usted nos proporciona son incorporados a un tratamiento de datos personales denominado CLIENTES-PROVEEDORES cuyo responsable es JANO FILTERS\u00a0S.L. con CIF B55385363 y con domicilio en CARRER BATISTA I ROCA 5 1\u00ba 1\u00aa, 08302-MATAR\u00d2, BARCELONA (ESPA\u00d1A). Puede contactar con [&hellip;]","og_url":"https:\/\/janofilters.com\/en\/clausula-rgpd\/","og_site_name":"Jano Filters","article_publisher":"https:\/\/es-la.facebook.com\/janofilters\/","article_modified_time":"2025-03-24T09:55:02+00:00","twitter_card":"summary_large_image","twitter_site":"@janofilters","twitter_misc":{"Est. reading time":"2 minutes"},"schema":{"@context":"https:\/\/schema.org","@graph":[{"@type":"WebPage","@id":"https:\/\/janofilters.com\/clausula-rgpd\/","url":"https:\/\/janofilters.com\/clausula-rgpd\/","name":"CL\u00c1USULA RGPD - Jano Filters","isPartOf":{"@id":"http:\/\/janofilters.com\/es\/#website"},"datePublished":"2021-01-22T17:13:03+00:00","dateModified":"2025-03-24T09:55:02+00:00","breadcrumb":{"@id":"https:\/\/janofilters.com\/clausula-rgpd\/#breadcrumb"},"inLanguage":"en-US","potentialAction":[{"@type":"ReadAction","target":["https:\/\/janofilters.com\/clausula-rgpd\/"]}]},{"@type":"BreadcrumbList","@id":"https:\/\/janofilters.com\/clausula-rgpd\/#breadcrumb","itemListElement":[{"@type":"ListItem","position":1,"name":"Portada","item":"https:\/\/janofilters.com\/es\/"},{"@type":"ListItem","position":2,"name":"CL\u00c1USULA RGPD"}]},{"@type":"WebSite","@id":"http:\/\/janofilters.com\/es\/#website","url":"http:\/\/janofilters.com\/es\/","name":"Jano Filters","description":"Dise\u00f1os e inventos 420 creados para compartir.","publisher":{"@id":"http:\/\/janofilters.com\/es\/#organization"},"potentialAction":[{"@type":"SearchAction","target":{"@type":"EntryPoint","urlTemplate":"http:\/\/janofilters.com\/es\/?s={search_term_string}"},"query-input":{"@type":"PropertyValueSpecification","valueRequired":true,"valueName":"search_term_string"}}],"inLanguage":"en-US"},{"@type":"Organization","@id":"http:\/\/janofilters.com\/es\/#organization","name":"Jano Filters","url":"http:\/\/janofilters.com\/es\/","logo":{"@type":"ImageObject","inLanguage":"en-US","@id":"http:\/\/janofilters.com\/es\/#\/schema\/logo\/image\/","url":"https:\/\/janofilters.com\/wp-content\/uploads\/2021\/01\/cropped-Logo_BN.png","contentUrl":"https:\/\/janofilters.com\/wp-content\/uploads\/2021\/01\/cropped-Logo_BN.png","width":268,"height":146,"caption":"Jano Filters"},"image":{"@id":"http:\/\/janofilters.com\/es\/#\/schema\/logo\/image\/"},"sameAs":["https:\/\/es-la.facebook.com\/janofilters\/","https:\/\/x.com\/janofilters","https:\/\/www.instagram.com\/janofilters\/","https:\/\/www.tiktok.com\/@janofactory","https:\/\/www.youtube.com\/channel\/UCGj3q5sMCCr2Tk6VwY838Nw"]}]}},"jetpack_sharing_enabled":true,"_links":{"self":[{"href":"https:\/\/janofilters.com\/en\/wp-json\/wp\/v2\/pages\/917","targetHints":{"allow":["GET"]}}],"collection":[{"href":"https:\/\/janofilters.com\/en\/wp-json\/wp\/v2\/pages"}],"about":[{"href":"https:\/\/janofilters.com\/en\/wp-json\/wp\/v2\/types\/page"}],"author":[{"embeddable":true,"href":"https:\/\/janofilters.com\/en\/wp-json\/wp\/v2\/users\/1"}],"replies":[{"embeddable":true,"href":"https:\/\/janofilters.com\/en\/wp-json\/wp\/v2\/comments?post=917"}],"version-history":[{"count":1,"href":"https:\/\/janofilters.com\/en\/wp-json\/wp\/v2\/pages\/917\/revisions"}],"predecessor-version":[{"id":11723,"href":"https:\/\/janofilters.com\/en\/wp-json\/wp\/v2\/pages\/917\/revisions\/11723"}],"wp:attachment":[{"href":"https:\/\/janofilters.com\/en\/wp-json\/wp\/v2\/media?parent=917"}],"curies":[{"name":"wp","href":"https:\/\/api.w.org\/{rel}","templated":true}]}}