{"id":1228,"date":"2021-01-22T21:59:13","date_gmt":"2021-01-22T20:59:13","guid":{"rendered":"https:\/\/janofilters.com\/?post_type=product&amp;p=1228"},"modified":"2025-08-25T20:47:52","modified_gmt":"2025-08-25T18:47:52","slug":"kit-anillo-pion-25-filtros","status":"publish","type":"product","link":"https:\/\/janofilters.com\/en\/product\/kit-anillo-pion-25-filtros\/","title":{"rendered":"PION RING KIT + 25 FILTERS"},"content":{"rendered":"<p class=\"translation-block\">PION is the most characterful joint holder in the world. Presented in a kit with 25 filters to use right out of the box. (photo gallery at the end)<\/p>\n<p>&#8212;&#8212;&#8212;&#8212;&#8212;&#8212;&#8212;&#8212;&#8212;&#8212;-<\/p>\n<p><span style=\"text-decoration: underline;\"><strong>TIPS TO CHOOSE THE SIZE OF YOUR RING:<\/strong><\/span><\/p>\n<p class=\"translation-block\">To measure the diameter of the finger, surround it with a <strong> non-elastic <\/strong> string, tightening a little and it should measure between 50 and 75mm. Divide that measurement by 3.14 and you will get the approximate diameter of your finger.<\/p>\n<p>If you are going to buy more than one ring, we recommend buying 2 different sizes, the one you think is in the position of a normal ring and a smaller size for the second phalanx of the finger.<\/p>\n<p>&#8212;&#8212;&#8212;&#8212;&#8212;&#8212;&#8212;&#8212;&#8212;&#8212;-<\/p>\n<p class=\"translation-block\">In tribute to the Scorpio horoscope, we shaped this agile and flexible character. He tends to always look forward and with momentum, you will notice it with its 180\u00ba + 180\u00ba turns driven by powerful neodymium magnets that make it the perfect complement to compete in a good table tennis. Being two separate pieces <em> (RING + PION) <\/em> that constantly seek to be aligned in one of their two positions, we get multiple crazy ways to throw the ash with fast and aggressive movements.<\/p>\n<p>Once you finish rolling the blunt and before lighting it on:<\/p>\n<p class=\"translation-block\">1. Extend the hand with which you are going to wear the ring <strong> with the palm of your hand facing you. <\/strong><\/p>\n<p class=\"translation-block\">2. Put the ring on your index finger and oriented straight in this position, not in the position of a normal ring. By putting it \u201con this side\u201d you will be able to use your PION more comfortably with your thumb. If you put it oriented like a common ring there will be several gestures and games that we don't think you'll get to hahaha it will be like licking your elbow.<\/p>\n<p class=\"translation-block\">3. <strong> <\/strong> Grab your blunt <strong> FROM the Jano <\/strong> or the filter of your cigar <strong> with the fingertips of the other hand <\/strong> and <strong> go over the PION's tail to the end, if it is a Jano it will make a clack sound hahah if it is a cigar it will simply be hugged in a soft-touch. <\/strong> These 5-10mm that you will use to grasp the filter with your fingertips, will be the 5-10mm of filter that you will be leaving for the lips, do not put it too close because afterwards you will not be able to smoke and you will have to turn the ring over and take it out again hahahah calm down, if it happens to you, sure it will only be once.<\/p>\n<p class=\"translation-block\">4. The <strong> logo on the animal's back <\/strong> indicates where we recommend <strong> to press with the thumb of THE hand while inserting or removing the Janos with the other hand <\/strong>. If you cannot completely cover the logo with your thumb, the ring is probably not aligned as we had thought.<\/p>\n<p>&#8211;<\/p>\n<p>JanoRings are polarized magnetic rings with interchangeable accessories \/ characters. Each of these characters have a different function but they all share the same polarized magnetic base in this futuristic and risky proposal.<\/p>\n<p class=\"translation-block\">After the pandemic and forbidding us to share certain things, isolating ourselves from the whole world, we were more eager than ever to be reborn and show <strong> our new invention created to be shared and to compete with. <\/strong><\/p>\n<p>Somos muy fans de crear\u00a0productos que generen conversaciones, que hagan reflexionar, que resuelvan problem\u00e1ticas concretas y cambien conductas&#8230; pero faltaba uno que, m\u00e1s all\u00e1 de su usabilidad, su mayor prop\u00f3sito fuera emocionar y entretener. Por eso ten\u00edamos tantas ganas de presentar los anillos 420 del futuro hahahha los primeros JanoRings vienen cargados de\u00a0car\u00e1cter, movimiento y aceleraci\u00f3n. Son personajes nacidos para ser protagonistas de la conversaci\u00f3n cada vez que alguien te vea con esto puesto. Provocar que en cualquier lugar y situaci\u00f3n del mundo, la reacci\u00f3n sea \u00abwooooooooowww qu\u00e9 es esoo??\u00bb y t\u00fa puedas lucirte con un par de gestos que hayas practicado y ver varias veces la cara de asombro de tu colega o familiar ^^<\/p>\n<p>Has it ever happened to you that you listen to a song repeatedly for 28463 times and suddenly understand a phrase that you always thought had another meaning? I love it! The works that we value the most are those capable of giving us emotions or making us reflect ... those that, after time believing we know and understand, we return to pay attention and rediscover them, as if they evolved with you and were capable of giving us different things the first time.<\/p>\n<p>Con los JanoRings\u00a0quer\u00edamos\u00a0acercarnos un poco hacia ese prop\u00f3sito\u00a0pero a trav\u00e9s del dise\u00f1o industrial. Queremos\u00a0que cuando lleves tiempo us\u00e1ndolos, descubras nuevos gestos y funcionalidades escondidas. Que al fijarte otra vez\u00a0en sus geometr\u00edas y curvas, esas que aparentemente no serv\u00edan para nada, meses despu\u00e9s\u00a0apoyes la yema\u00a0o la u\u00f1a de una manera un poco distinta sin querer y digas \u00abwooooooooooooo qu\u00e9 hijxsdp!\u00bb hahahaha &lt;3 That&#8217;s our\u00a0main goal here!<\/p>\n<p>Try playing and interacting with other products in your environment and you will see how they separate, join, move and rotate and with what desire they stand up looking at you almost threateningly. With PION and AURO we have found very interesting functions when interacting with trays, smartphones, metal table legs, lighters and the refrigerator or household appliances in general. And outside the home they are very useful in the park, scaling things on the streetlights and benches, although you can also stick them on your motorcycle to go from one place to another or on the hood of your car while you roll. A product-match that is also very cool is the ring part + our revolver, you will see that you can hold your smartphone in a vertical or horizontal position and rotate 360\u00ba on itself as if it were a desktop tripod. It is also cool to bring a complete PION close to a revolver and see how they seek to get together in very very top positions, making impossible balances and defying the laws of gravity. All this is designed so that they appear in the exhibitors and sideboards of stores and tobacconists worldwide, but we also know that for good posts or stories, these almost sculptural positions will spread a lot.<\/p>\n<p>&nbsp;<\/p>\n<p><em>We highly recommend you to see the launch spot of this product to finish understanding WTF you are seeing and reading because we have lost our minds more than ever hahhaha<\/em><\/p>\n<p>&nbsp;<\/p>\n<p>We hope you enjoy them very much, that you enjoy them with your closest people and that we can share experiences soon! Hopefully you can think of a thousand new ways to play with our new babies &lt;3<\/p>\n<p>What do you think... should we surprise each other?<\/p>","protected":false},"excerpt":{"rendered":"<p>PION es el abrazapetas con m\u00e1s car\u00e1cter\u00a0del mundo.\u00a0Presentado en un kit con 25 filtros para usarlo s\u00f3lo sacarlo de la cajita.\u00a0(galer\u00eda de fotos al final) &#8212;&#8212;&#8212;&#8212;&#8212;&#8212;&#8212;&#8212;&#8212;&#8212;- CONSEJOS PARA ELEGIR LA TALLA DE TU ANILLO: Para medir el di\u00e1metro del dedo, rod\u00e9alo con un cordel\u00a0no el\u00e1stico\u00a0apretando un poquito y\u00a0tendr\u00eda que medir\u00a0entre 50 y 75mm. Esa medida [&hellip;]<\/p>","protected":false},"featured_media":683,"template":"","meta":{"site-sidebar-layout":"no-sidebar","site-content-layout":"plain-container","ast-site-content-layout":"","site-content-style":"default","site-sidebar-style":"default","ast-global-header-display":"","ast-banner-title-visibility":"","ast-main-header-display":"","ast-hfb-above-header-display":"","ast-hfb-below-header-display":"","ast-hfb-mobile-header-display":"","site-post-title":"","ast-breadcrumbs-content":"","ast-featured-img":"","footer-sml-layout":"","theme-transparent-header-meta":"default","adv-header-id-meta":"","stick-header-meta":"","header-above-stick-meta":"","header-main-stick-meta":"","header-below-stick-meta":"","astra-migrate-meta-layouts":"default","ast-page-background-enabled":"default","ast-page-background-meta":{"desktop":{"background-color":"","background-image":"","background-repeat":"repeat","background-position":"center center","background-size":"auto","background-attachment":"scroll","background-type":"","background-media":"","overlay-type":"","overlay-color":"","overlay-opacity":"","overlay-gradient":""},"tablet":{"background-color":"","background-image":"","background-repeat":"repeat","background-position":"center center","background-size":"auto","background-attachment":"scroll","background-type":"","background-media":"","overlay-type":"","overlay-color":"","overlay-opacity":"","overlay-gradient":""},"mobile":{"background-color":"","background-image":"","background-repeat":"repeat","background-position":"center center","background-size":"auto","background-attachment":"scroll","background-type":"","background-media":"","overlay-type":"","overlay-color":"","overlay-opacity":"","overlay-gradient":""}},"ast-content-background-meta":{"desktop":{"background-color":"var(--ast-global-color-5)","background-image":"","background-repeat":"repeat","background-position":"center center","background-size":"auto","background-attachment":"scroll","background-type":"","background-media":"","overlay-type":"","overlay-color":"","overlay-opacity":"","overlay-gradient":""},"tablet":{"background-color":"var(--ast-global-color-5)","background-image":"","background-repeat":"repeat","background-position":"center center","background-size":"auto","background-attachment":"scroll","background-type":"","background-media":"","overlay-type":"","overlay-color":"","overlay-opacity":"","overlay-gradient":""},"mobile":{"background-color":"var(--ast-global-color-5)","background-image":"","background-repeat":"repeat","background-position":"center center","background-size":"auto","background-attachment":"scroll","background-type":"","background-media":"","overlay-type":"","overlay-color":"","overlay-opacity":"","overlay-gradient":""}}},"product_cat":[101],"product_tag":[],"class_list":{"0":"post-1228","1":"product","2":"type-product","3":"status-publish","4":"has-post-thumbnail","6":"product_cat-janorings-anillos-420","7":"desktop-align-left","8":"tablet-align-left","9":"mobile-align-left","11":"first","12":"instock","13":"taxable","14":"shipping-taxable","15":"purchasable","16":"product-type-variable"},"yoast_head":"<!-- This site is optimized with the Yoast SEO plugin v25.3 - https:\/\/yoast.com\/wordpress\/plugins\/seo\/ -->\n<title>KIT ANILLO PION + 25 FILTROS - Jano Filters<\/title>\n<meta name=\"description\" content=\"PION es el abrazapetas con m\u00e1s car\u00e1cter\u00a0del mundo.\u00a0Presentado en un kit con 25 filtros para usarlo s\u00f3lo sacarlo de la cajita.\" \/>\n<meta name=\"robots\" content=\"index, follow, max-snippet:-1, max-image-preview:large, max-video-preview:-1\" \/>\n<link rel=\"canonical\" href=\"https:\/\/janofilters.com\/en\/product\/kit-anillo-pion-25-filtros\/\" \/>\n<meta property=\"og:locale\" content=\"en_US\" \/>\n<meta property=\"og:type\" content=\"article\" \/>\n<meta property=\"og:title\" content=\"KIT ANILLO PION + 25 FILTROS - Jano Filters\" \/>\n<meta property=\"og:description\" content=\"PION es el abrazapetas con m\u00e1s car\u00e1cter\u00a0del mundo.\u00a0Presentado en un kit con 25 filtros para usarlo s\u00f3lo sacarlo de la cajita.\" \/>\n<meta property=\"og:url\" content=\"https:\/\/janofilters.com\/en\/product\/kit-anillo-pion-25-filtros\/\" \/>\n<meta property=\"og:site_name\" content=\"Jano Filters\" \/>\n<meta property=\"article:publisher\" content=\"https:\/\/es-la.facebook.com\/janofilters\/\" \/>\n<meta property=\"article:modified_time\" content=\"2025-08-25T18:47:52+00:00\" \/>\n<meta property=\"og:image\" content=\"https:\/\/janofilters.com\/wp-content\/uploads\/2021\/01\/PIONtwistedPERFIL.jpg\" \/>\n\t<meta property=\"og:image:width\" content=\"1280\" \/>\n\t<meta property=\"og:image:height\" content=\"1280\" \/>\n\t<meta property=\"og:image:type\" content=\"image\/jpeg\" \/>\n<meta name=\"twitter:card\" content=\"summary_large_image\" \/>\n<meta name=\"twitter:site\" content=\"@janofilters\" \/>\n<meta name=\"twitter:label1\" content=\"Est. reading time\" \/>\n\t<meta name=\"twitter:data1\" content=\"6 minutes\" \/>\n<script type=\"application\/ld+json\" class=\"yoast-schema-graph\">{\"@context\":\"https:\/\/schema.org\",\"@graph\":[{\"@type\":\"WebPage\",\"@id\":\"https:\/\/janofilters.com\/es\/product\/kit-anillo-pion-25-filtros\/\",\"url\":\"https:\/\/janofilters.com\/es\/product\/kit-anillo-pion-25-filtros\/\",\"name\":\"KIT ANILLO PION + 25 FILTROS - Jano Filters\",\"isPartOf\":{\"@id\":\"http:\/\/janofilters.com\/es\/#website\"},\"primaryImageOfPage\":{\"@id\":\"https:\/\/janofilters.com\/es\/product\/kit-anillo-pion-25-filtros\/#primaryimage\"},\"image\":{\"@id\":\"https:\/\/janofilters.com\/es\/product\/kit-anillo-pion-25-filtros\/#primaryimage\"},\"thumbnailUrl\":\"https:\/\/janofilters.com\/wp-content\/uploads\/2021\/01\/PIONtwistedPERFIL.jpg\",\"datePublished\":\"2021-01-22T20:59:13+00:00\",\"dateModified\":\"2025-08-25T18:47:52+00:00\",\"description\":\"PION es el abrazapetas con m\u00e1s car\u00e1cter\u00a0del mundo.\u00a0Presentado en un kit con 25 filtros para usarlo s\u00f3lo sacarlo de la cajita.\",\"breadcrumb\":{\"@id\":\"https:\/\/janofilters.com\/es\/product\/kit-anillo-pion-25-filtros\/#breadcrumb\"},\"inLanguage\":\"en-US\",\"potentialAction\":[{\"@type\":\"ReadAction\",\"target\":[\"https:\/\/janofilters.com\/es\/product\/kit-anillo-pion-25-filtros\/\"]}]},{\"@type\":\"ImageObject\",\"inLanguage\":\"en-US\",\"@id\":\"https:\/\/janofilters.com\/es\/product\/kit-anillo-pion-25-filtros\/#primaryimage\",\"url\":\"https:\/\/janofilters.com\/wp-content\/uploads\/2021\/01\/PIONtwistedPERFIL.jpg\",\"contentUrl\":\"https:\/\/janofilters.com\/wp-content\/uploads\/2021\/01\/PIONtwistedPERFIL.jpg\",\"width\":1280,\"height\":1280},{\"@type\":\"BreadcrumbList\",\"@id\":\"https:\/\/janofilters.com\/es\/product\/kit-anillo-pion-25-filtros\/#breadcrumb\",\"itemListElement\":[{\"@type\":\"ListItem\",\"position\":1,\"name\":\"Portada\",\"item\":\"https:\/\/janofilters.com\/es\/\"},{\"@type\":\"ListItem\",\"position\":2,\"name\":\"Shop\",\"item\":\"https:\/\/janofilters.com\/es\/shop\/\"},{\"@type\":\"ListItem\",\"position\":3,\"name\":\"KIT ANILLO PION + 25 FILTROS\"}]},{\"@type\":\"WebSite\",\"@id\":\"http:\/\/janofilters.com\/es\/#website\",\"url\":\"http:\/\/janofilters.com\/es\/\",\"name\":\"Jano Filters\",\"description\":\"Dise\u00f1os e inventos 420 creados para compartir.\",\"publisher\":{\"@id\":\"http:\/\/janofilters.com\/es\/#organization\"},\"potentialAction\":[{\"@type\":\"SearchAction\",\"target\":{\"@type\":\"EntryPoint\",\"urlTemplate\":\"http:\/\/janofilters.com\/es\/?s={search_term_string}\"},\"query-input\":{\"@type\":\"PropertyValueSpecification\",\"valueRequired\":true,\"valueName\":\"search_term_string\"}}],\"inLanguage\":\"en-US\"},{\"@type\":\"Organization\",\"@id\":\"http:\/\/janofilters.com\/es\/#organization\",\"name\":\"Jano Filters\",\"url\":\"http:\/\/janofilters.com\/es\/\",\"logo\":{\"@type\":\"ImageObject\",\"inLanguage\":\"en-US\",\"@id\":\"http:\/\/janofilters.com\/es\/#\/schema\/logo\/image\/\",\"url\":\"https:\/\/janofilters.com\/wp-content\/uploads\/2021\/01\/cropped-Logo_BN.png\",\"contentUrl\":\"https:\/\/janofilters.com\/wp-content\/uploads\/2021\/01\/cropped-Logo_BN.png\",\"width\":268,\"height\":146,\"caption\":\"Jano Filters\"},\"image\":{\"@id\":\"http:\/\/janofilters.com\/es\/#\/schema\/logo\/image\/\"},\"sameAs\":[\"https:\/\/es-la.facebook.com\/janofilters\/\",\"https:\/\/x.com\/janofilters\",\"https:\/\/www.instagram.com\/janofilters\/\",\"https:\/\/www.tiktok.com\/@janofactory\",\"https:\/\/www.youtube.com\/channel\/UCGj3q5sMCCr2Tk6VwY838Nw\"]}]}<\/script>\n<!-- \/ Yoast SEO plugin. -->","yoast_head_json":{"title":"KIT ANILLO PION + 25 FILTROS - Jano Filters","description":"PION es el abrazapetas con m\u00e1s car\u00e1cter\u00a0del mundo.\u00a0Presentado en un kit con 25 filtros para usarlo s\u00f3lo sacarlo de la cajita.","robots":{"index":"index","follow":"follow","max-snippet":"max-snippet:-1","max-image-preview":"max-image-preview:large","max-video-preview":"max-video-preview:-1"},"canonical":"https:\/\/janofilters.com\/en\/product\/kit-anillo-pion-25-filtros\/","og_locale":"en_US","og_type":"article","og_title":"KIT ANILLO PION + 25 FILTROS - Jano Filters","og_description":"PION es el abrazapetas con m\u00e1s car\u00e1cter\u00a0del mundo.\u00a0Presentado en un kit con 25 filtros para usarlo s\u00f3lo sacarlo de la cajita.","og_url":"https:\/\/janofilters.com\/en\/product\/kit-anillo-pion-25-filtros\/","og_site_name":"Jano Filters","article_publisher":"https:\/\/es-la.facebook.com\/janofilters\/","article_modified_time":"2025-08-25T18:47:52+00:00","og_image":[{"width":1280,"height":1280,"url":"https:\/\/janofilters.com\/wp-content\/uploads\/2021\/01\/PIONtwistedPERFIL.jpg","type":"image\/jpeg"}],"twitter_card":"summary_large_image","twitter_site":"@janofilters","twitter_misc":{"Est. reading time":"6 minutes"},"schema":{"@context":"https:\/\/schema.org","@graph":[{"@type":"WebPage","@id":"https:\/\/janofilters.com\/es\/product\/kit-anillo-pion-25-filtros\/","url":"https:\/\/janofilters.com\/es\/product\/kit-anillo-pion-25-filtros\/","name":"KIT ANILLO PION + 25 FILTROS - Jano Filters","isPartOf":{"@id":"http:\/\/janofilters.com\/es\/#website"},"primaryImageOfPage":{"@id":"https:\/\/janofilters.com\/es\/product\/kit-anillo-pion-25-filtros\/#primaryimage"},"image":{"@id":"https:\/\/janofilters.com\/es\/product\/kit-anillo-pion-25-filtros\/#primaryimage"},"thumbnailUrl":"https:\/\/janofilters.com\/wp-content\/uploads\/2021\/01\/PIONtwistedPERFIL.jpg","datePublished":"2021-01-22T20:59:13+00:00","dateModified":"2025-08-25T18:47:52+00:00","description":"PION es el abrazapetas con m\u00e1s car\u00e1cter\u00a0del mundo.\u00a0Presentado en un kit con 25 filtros para usarlo s\u00f3lo sacarlo de la cajita.","breadcrumb":{"@id":"https:\/\/janofilters.com\/es\/product\/kit-anillo-pion-25-filtros\/#breadcrumb"},"inLanguage":"en-US","potentialAction":[{"@type":"ReadAction","target":["https:\/\/janofilters.com\/es\/product\/kit-anillo-pion-25-filtros\/"]}]},{"@type":"ImageObject","inLanguage":"en-US","@id":"https:\/\/janofilters.com\/es\/product\/kit-anillo-pion-25-filtros\/#primaryimage","url":"https:\/\/janofilters.com\/wp-content\/uploads\/2021\/01\/PIONtwistedPERFIL.jpg","contentUrl":"https:\/\/janofilters.com\/wp-content\/uploads\/2021\/01\/PIONtwistedPERFIL.jpg","width":1280,"height":1280},{"@type":"BreadcrumbList","@id":"https:\/\/janofilters.com\/es\/product\/kit-anillo-pion-25-filtros\/#breadcrumb","itemListElement":[{"@type":"ListItem","position":1,"name":"Portada","item":"https:\/\/janofilters.com\/es\/"},{"@type":"ListItem","position":2,"name":"Shop","item":"https:\/\/janofilters.com\/es\/shop\/"},{"@type":"ListItem","position":3,"name":"KIT ANILLO PION + 25 FILTROS"}]},{"@type":"WebSite","@id":"http:\/\/janofilters.com\/es\/#website","url":"http:\/\/janofilters.com\/es\/","name":"Jano Filters","description":"Dise\u00f1os e inventos 420 creados para compartir.","publisher":{"@id":"http:\/\/janofilters.com\/es\/#organization"},"potentialAction":[{"@type":"SearchAction","target":{"@type":"EntryPoint","urlTemplate":"http:\/\/janofilters.com\/es\/?s={search_term_string}"},"query-input":{"@type":"PropertyValueSpecification","valueRequired":true,"valueName":"search_term_string"}}],"inLanguage":"en-US"},{"@type":"Organization","@id":"http:\/\/janofilters.com\/es\/#organization","name":"Jano Filters","url":"http:\/\/janofilters.com\/es\/","logo":{"@type":"ImageObject","inLanguage":"en-US","@id":"http:\/\/janofilters.com\/es\/#\/schema\/logo\/image\/","url":"https:\/\/janofilters.com\/wp-content\/uploads\/2021\/01\/cropped-Logo_BN.png","contentUrl":"https:\/\/janofilters.com\/wp-content\/uploads\/2021\/01\/cropped-Logo_BN.png","width":268,"height":146,"caption":"Jano Filters"},"image":{"@id":"http:\/\/janofilters.com\/es\/#\/schema\/logo\/image\/"},"sameAs":["https:\/\/es-la.facebook.com\/janofilters\/","https:\/\/x.com\/janofilters","https:\/\/www.instagram.com\/janofilters\/","https:\/\/www.tiktok.com\/@janofactory","https:\/\/www.youtube.com\/channel\/UCGj3q5sMCCr2Tk6VwY838Nw"]}]}},"jetpack_sharing_enabled":true,"_links":{"self":[{"href":"https:\/\/janofilters.com\/en\/wp-json\/wp\/v2\/product\/1228","targetHints":{"allow":["GET"]}}],"collection":[{"href":"https:\/\/janofilters.com\/en\/wp-json\/wp\/v2\/product"}],"about":[{"href":"https:\/\/janofilters.com\/en\/wp-json\/wp\/v2\/types\/product"}],"wp:featuredmedia":[{"embeddable":true,"href":"https:\/\/janofilters.com\/en\/wp-json\/wp\/v2\/media\/683"}],"wp:attachment":[{"href":"https:\/\/janofilters.com\/en\/wp-json\/wp\/v2\/media?parent=1228"}],"wp:term":[{"taxonomy":"product_cat","embeddable":true,"href":"https:\/\/janofilters.com\/en\/wp-json\/wp\/v2\/product_cat?post=1228"},{"taxonomy":"product_tag","embeddable":true,"href":"https:\/\/janofilters.com\/en\/wp-json\/wp\/v2\/product_tag?post=1228"}],"curies":[{"name":"wp","href":"https:\/\/api.w.org\/{rel}","templated":true}]}}