{"id":2254,"date":"2021-02-26T12:59:24","date_gmt":"2021-02-26T11:59:24","guid":{"rendered":"https:\/\/janofilters.com\/?post_type=product&#038;p=2254"},"modified":"2025-11-30T09:56:09","modified_gmt":"2025-11-30T08:56:09","slug":"desfiltrador-brida-llavero","status":"publish","type":"product","link":"https:\/\/janofilters.com\/en\/product\/desfiltrador-brida-llavero\/","title":{"rendered":"KRABS: KEYCHAIN DEFILTERER"},"content":{"rendered":"<p><strong>Para colgar de cualquier cremallera o pantal\u00f3n; chaquetas, ri\u00f1oneras, mochilas, etc. <\/strong>En teor\u00eda tambi\u00e9n sirve como llavero, aunque yo no lo har\u00eda&#8230; la conceptualizamos como una joyita y llevarlo junto a las llaves picando contra la pieza todo el rato har\u00e1 que se ralle en pocos d\u00edas y&#8230; nos parte el alma.<\/p>\n<p>Novedades en esta <strong>quinta<\/strong> edici\u00f3n de desfiltradores:<\/p>\n<ul>\n<li>Presentamos <strong>5 nuevos modelos<\/strong>; Todos en<strong> Negro Mate<\/strong>.<\/li>\n<li>Cada <strong>Krab V5<\/strong> viene con 5 gomas intercambiables, \u00ablas gomas son compatibles con ediciones pasadas\u00bb<\/li>\n<li><strong>Nuevo recubrimiento gomoso para hacer que las bridas de inox aguanten mucho m\u00e1s<\/strong> y no se doblen a\u00fan que te sientes encima.<\/li>\n<li>Mejoramos <strong>el anodizado<\/strong> para que sean <strong>m\u00e1s densos, potentes y brillantes.<\/strong><\/li>\n<li>Mantenemos la <strong>aleaci\u00f3n del aluminio<\/strong> que venimos usando desde la segunda edici\u00f3n, lo que hizo que la pieza fuera<strong> m\u00e1s flexible y resistente.<\/strong><\/li>\n<\/ul>\n<p class=\"translation-block\"><em><strong>Hack for noobs:<\/strong> if you want it to defilter even smoothly and win all the challenges with your friends, gently -and carefully xd- try to open the tip of your Krabs by pulling with your thumbs so that its 2 blades will stop being parallel to be at a small open angle.<\/em>  This way the % of filter that it will grab and compress to deflate will be higher and you will have less risk of making the typical nibble on the filter AKA max fail hahahah The best way to achieve a similar result without deforming your new jewel or loading the parallel lines of your defilter would be to compress the filter with your fingers and, when puncturing the Krabs, it grabs practically the entire filter before extracting it.<\/p>\n<p>&#8211;<\/p>\n<p>Por fin podemos presentar la nueva colecci\u00f3n de nuestro invento, el desfiltrador \u00abKrabs by JanoFilters\u00bb con m\u00e1s flow y m\u00e1s coleccionables que nuncaaaa!!!<\/p>\n<p>After not having to do the tips, removing the filter from the cig*rette is the most difficult step when it comes to rolling and ... since December 2018 we have not removed a filter with our teeth! So after the success of the first and second editions, we are pleased to present this third edition of defilterers.<\/p>\n<p>After using them for some time, we have been able to collect a few recommendations:<\/p>\n<p>\u2013 To defilter: Aim well, put it all the way in (about 2-3mm), squeeze your Krabs and stretch without stopping squeezing.<\/p>\n<p>The optimal sequence of use would be;<\/p>\n<p class=\"translation-block\"><strong> 1. <\/strong> With the whole cigarette BEFORE ROLLING, extract the filter using the defilterer. <br>\n<strong> 2. <\/strong> Introduce a Jano with the cigar yet to break. <br>\n<strong> 3. <\/strong> Now, break the cigarette and start rolling.<\/p>\n<p><strong>Besides ensuring a good defiltering, if you defilter before rolling, the Jano will enter smoothly whatever your brand of tobacco is and it will be later, when clamping, you will secure the Jano so that it does not escape<img role=\"img\" class=\"emoji lazyload\" alt=\"\ud83d\ude09\" data-src=\"https:\/\/s.w.org\/images\/core\/emoji\/14.0.0\/svg\/1f609.svg\" src=\"data:image\/gif;base64,R0lGODlhAQABAAAAACH5BAEKAAEALAAAAAABAAEAAAICTAEAOw==\"><\/strong><\/p>\n<p>\u2013 The best point to activate it is as close to the tip as possible. The bending will be carried out by exerting less force, so the gesture is smoother and the piece is less damaged.<\/p>\n<p class=\"translation-block\">\u2013 It's easier to extract the filter at the beginning of the process <em> -with the whole cigarette- <\/em> than at the end <em> -when everything is packed-. <\/em> The same way as with the bite that we've done our whole life, if you loose it, you will have more problems to remove the filter.<\/p>\n<p>\u2013 Like all jewels, it is not advisable to shower with it. Obviously nothing is going to happen to you if you shower 20 times with your Krabs on, but the finishes will lose their splendor more quickly than not doing so.<\/p>\n<p>\u2013 Wash it with a damp cloth, should be enough, if the stain is persistent it can be immersed in warm\/hot water or alcohol. It is not recommended to clean it with soap and less if it is not PH neutral. (Caustic soda, present in most conventional soaps, is the perfect stripper for the textured matte finishes that we have chosen so DO NOT RUB WITH SOAP AND WATER)<\/p>\n<p>Thank you very much once again to all the people who give us their support and affection every day and thank you very much for the patience that you have had waiting more than a year for this collection ^^<\/p>","protected":false},"excerpt":{"rendered":"<p>The Krabs defilterer made of flexible aluminum and rubbered stainless steel keychain.<\/p>","protected":false},"featured_media":8543,"template":"","meta":{"site-sidebar-layout":"default","site-content-layout":"plain-container","ast-site-content-layout":"","site-content-style":"default","site-sidebar-style":"default","ast-global-header-display":"","ast-banner-title-visibility":"","ast-main-header-display":"","ast-hfb-above-header-display":"","ast-hfb-below-header-display":"","ast-hfb-mobile-header-display":"","site-post-title":"","ast-breadcrumbs-content":"","ast-featured-img":"","footer-sml-layout":"","theme-transparent-header-meta":"disabled","adv-header-id-meta":"","stick-header-meta":"","header-above-stick-meta":"","header-main-stick-meta":"","header-below-stick-meta":"","astra-migrate-meta-layouts":"default","ast-page-background-enabled":"default","ast-page-background-meta":{"desktop":{"background-color":"","background-image":"","background-repeat":"repeat","background-position":"center center","background-size":"auto","background-attachment":"scroll","background-type":"","background-media":"","overlay-type":"","overlay-color":"","overlay-opacity":"","overlay-gradient":""},"tablet":{"background-color":"","background-image":"","background-repeat":"repeat","background-position":"center center","background-size":"auto","background-attachment":"scroll","background-type":"","background-media":"","overlay-type":"","overlay-color":"","overlay-opacity":"","overlay-gradient":""},"mobile":{"background-color":"","background-image":"","background-repeat":"repeat","background-position":"center center","background-size":"auto","background-attachment":"scroll","background-type":"","background-media":"","overlay-type":"","overlay-color":"","overlay-opacity":"","overlay-gradient":""}},"ast-content-background-meta":{"desktop":{"background-color":"var(--ast-global-color-5)","background-image":"","background-repeat":"repeat","background-position":"center center","background-size":"auto","background-attachment":"scroll","background-type":"","background-media":"","overlay-type":"","overlay-color":"","overlay-opacity":"","overlay-gradient":""},"tablet":{"background-color":"var(--ast-global-color-5)","background-image":"","background-repeat":"repeat","background-position":"center center","background-size":"auto","background-attachment":"scroll","background-type":"","background-media":"","overlay-type":"","overlay-color":"","overlay-opacity":"","overlay-gradient":""},"mobile":{"background-color":"var(--ast-global-color-5)","background-image":"","background-repeat":"repeat","background-position":"center center","background-size":"auto","background-attachment":"scroll","background-type":"","background-media":"","overlay-type":"","overlay-color":"","overlay-opacity":"","overlay-gradient":""}}},"product_cat":[103],"product_tag":[],"class_list":{"0":"post-2254","1":"product","2":"type-product","3":"status-publish","4":"has-post-thumbnail","6":"product_cat-desfiltradores","7":"desktop-align-left","8":"tablet-align-left","9":"mobile-align-left","11":"first","12":"instock","13":"taxable","14":"shipping-taxable","15":"purchasable","16":"product-type-variable"},"yoast_head":"<!-- This site is optimized with the Yoast SEO plugin v25.3 - https:\/\/yoast.com\/wordpress\/plugins\/seo\/ -->\n<title>KRABS: Desfiltrador brida\/llavero - Jano Filters<\/title>\n<meta name=\"description\" content=\"El desfiltrador Krabs de aluminio flexible en formato brida colgable de acero inoxidable. Para colgar de cualquier cremallera o pantal\u00f3n; chaquetas, ri\u00f1os..\" \/>\n<meta name=\"robots\" content=\"index, follow, max-snippet:-1, max-image-preview:large, max-video-preview:-1\" \/>\n<link rel=\"canonical\" href=\"https:\/\/janofilters.com\/en\/product\/desfiltrador-brida-llavero\/\" \/>\n<meta property=\"og:locale\" content=\"en_US\" \/>\n<meta property=\"og:type\" content=\"article\" \/>\n<meta property=\"og:title\" content=\"KRABS: Desfiltrador brida\/llavero - Jano Filters\" \/>\n<meta property=\"og:description\" content=\"El desfiltrador Krabs de aluminio flexible en formato brida colgable de acero inoxidable. Para colgar de cualquier cremallera o pantal\u00f3n; chaquetas, ri\u00f1os..\" \/>\n<meta property=\"og:url\" content=\"https:\/\/janofilters.com\/en\/product\/desfiltrador-brida-llavero\/\" \/>\n<meta property=\"og:site_name\" content=\"Jano Filters\" \/>\n<meta property=\"article:publisher\" content=\"https:\/\/es-la.facebook.com\/janofilters\/\" \/>\n<meta property=\"article:modified_time\" content=\"2025-11-30T08:56:09+00:00\" \/>\n<meta property=\"og:image\" content=\"https:\/\/janofilters.com\/wp-content\/uploads\/2021\/02\/5-LLAVEROS-1-1.jpg\" \/>\n\t<meta property=\"og:image:width\" content=\"2268\" \/>\n\t<meta property=\"og:image:height\" content=\"2268\" \/>\n\t<meta property=\"og:image:type\" content=\"image\/jpeg\" \/>\n<meta name=\"twitter:card\" content=\"summary_large_image\" \/>\n<meta name=\"twitter:site\" content=\"@janofilters\" \/>\n<meta name=\"twitter:label1\" content=\"Est. reading time\" \/>\n\t<meta name=\"twitter:data1\" content=\"4 minutes\" \/>\n<script type=\"application\/ld+json\" class=\"yoast-schema-graph\">{\"@context\":\"https:\/\/schema.org\",\"@graph\":[{\"@type\":\"WebPage\",\"@id\":\"https:\/\/janofilters.com\/es\/product\/desfiltrador-brida-llavero\/\",\"url\":\"https:\/\/janofilters.com\/es\/product\/desfiltrador-brida-llavero\/\",\"name\":\"KRABS: Desfiltrador brida\/llavero - Jano Filters\",\"isPartOf\":{\"@id\":\"http:\/\/janofilters.com\/es\/#website\"},\"primaryImageOfPage\":{\"@id\":\"https:\/\/janofilters.com\/es\/product\/desfiltrador-brida-llavero\/#primaryimage\"},\"image\":{\"@id\":\"https:\/\/janofilters.com\/es\/product\/desfiltrador-brida-llavero\/#primaryimage\"},\"thumbnailUrl\":\"https:\/\/janofilters.com\/wp-content\/uploads\/2021\/02\/5-LLAVEROS-1-1.jpg\",\"datePublished\":\"2021-02-26T11:59:24+00:00\",\"dateModified\":\"2025-11-30T08:56:09+00:00\",\"description\":\"El desfiltrador Krabs de aluminio flexible en formato brida colgable de acero inoxidable. Para colgar de cualquier cremallera o pantal\u00f3n; chaquetas, ri\u00f1os..\",\"breadcrumb\":{\"@id\":\"https:\/\/janofilters.com\/es\/product\/desfiltrador-brida-llavero\/#breadcrumb\"},\"inLanguage\":\"en-US\",\"potentialAction\":[{\"@type\":\"ReadAction\",\"target\":[\"https:\/\/janofilters.com\/es\/product\/desfiltrador-brida-llavero\/\"]}]},{\"@type\":\"ImageObject\",\"inLanguage\":\"en-US\",\"@id\":\"https:\/\/janofilters.com\/es\/product\/desfiltrador-brida-llavero\/#primaryimage\",\"url\":\"https:\/\/janofilters.com\/wp-content\/uploads\/2021\/02\/5-LLAVEROS-1-1.jpg\",\"contentUrl\":\"https:\/\/janofilters.com\/wp-content\/uploads\/2021\/02\/5-LLAVEROS-1-1.jpg\",\"width\":2268,\"height\":2268},{\"@type\":\"BreadcrumbList\",\"@id\":\"https:\/\/janofilters.com\/es\/product\/desfiltrador-brida-llavero\/#breadcrumb\",\"itemListElement\":[{\"@type\":\"ListItem\",\"position\":1,\"name\":\"Portada\",\"item\":\"https:\/\/janofilters.com\/es\/\"},{\"@type\":\"ListItem\",\"position\":2,\"name\":\"Shop\",\"item\":\"https:\/\/janofilters.com\/es\/shop\/\"},{\"@type\":\"ListItem\",\"position\":3,\"name\":\"KRABS: Desfiltrador brida\/llavero\"}]},{\"@type\":\"WebSite\",\"@id\":\"http:\/\/janofilters.com\/es\/#website\",\"url\":\"http:\/\/janofilters.com\/es\/\",\"name\":\"Jano Filters\",\"description\":\"Dise\u00f1os e inventos 420 creados para compartir.\",\"publisher\":{\"@id\":\"http:\/\/janofilters.com\/es\/#organization\"},\"potentialAction\":[{\"@type\":\"SearchAction\",\"target\":{\"@type\":\"EntryPoint\",\"urlTemplate\":\"http:\/\/janofilters.com\/es\/?s={search_term_string}\"},\"query-input\":{\"@type\":\"PropertyValueSpecification\",\"valueRequired\":true,\"valueName\":\"search_term_string\"}}],\"inLanguage\":\"en-US\"},{\"@type\":\"Organization\",\"@id\":\"http:\/\/janofilters.com\/es\/#organization\",\"name\":\"Jano Filters\",\"url\":\"http:\/\/janofilters.com\/es\/\",\"logo\":{\"@type\":\"ImageObject\",\"inLanguage\":\"en-US\",\"@id\":\"http:\/\/janofilters.com\/es\/#\/schema\/logo\/image\/\",\"url\":\"https:\/\/janofilters.com\/wp-content\/uploads\/2021\/01\/cropped-Logo_BN.png\",\"contentUrl\":\"https:\/\/janofilters.com\/wp-content\/uploads\/2021\/01\/cropped-Logo_BN.png\",\"width\":268,\"height\":146,\"caption\":\"Jano Filters\"},\"image\":{\"@id\":\"http:\/\/janofilters.com\/es\/#\/schema\/logo\/image\/\"},\"sameAs\":[\"https:\/\/es-la.facebook.com\/janofilters\/\",\"https:\/\/x.com\/janofilters\",\"https:\/\/www.instagram.com\/janofilters\/\",\"https:\/\/www.tiktok.com\/@janofactory\",\"https:\/\/www.youtube.com\/channel\/UCGj3q5sMCCr2Tk6VwY838Nw\"]}]}<\/script>\n<!-- \/ Yoast SEO plugin. -->","yoast_head_json":{"title":"KRABS: Desfiltrador brida\/llavero - Jano Filters","description":"El desfiltrador Krabs de aluminio flexible en formato brida colgable de acero inoxidable. Para colgar de cualquier cremallera o pantal\u00f3n; chaquetas, ri\u00f1os..","robots":{"index":"index","follow":"follow","max-snippet":"max-snippet:-1","max-image-preview":"max-image-preview:large","max-video-preview":"max-video-preview:-1"},"canonical":"https:\/\/janofilters.com\/en\/product\/desfiltrador-brida-llavero\/","og_locale":"en_US","og_type":"article","og_title":"KRABS: Desfiltrador brida\/llavero - Jano Filters","og_description":"El desfiltrador Krabs de aluminio flexible en formato brida colgable de acero inoxidable. Para colgar de cualquier cremallera o pantal\u00f3n; chaquetas, ri\u00f1os..","og_url":"https:\/\/janofilters.com\/en\/product\/desfiltrador-brida-llavero\/","og_site_name":"Jano Filters","article_publisher":"https:\/\/es-la.facebook.com\/janofilters\/","article_modified_time":"2025-11-30T08:56:09+00:00","og_image":[{"width":2268,"height":2268,"url":"https:\/\/janofilters.com\/wp-content\/uploads\/2021\/02\/5-LLAVEROS-1-1.jpg","type":"image\/jpeg"}],"twitter_card":"summary_large_image","twitter_site":"@janofilters","twitter_misc":{"Est. reading time":"4 minutes"},"schema":{"@context":"https:\/\/schema.org","@graph":[{"@type":"WebPage","@id":"https:\/\/janofilters.com\/es\/product\/desfiltrador-brida-llavero\/","url":"https:\/\/janofilters.com\/es\/product\/desfiltrador-brida-llavero\/","name":"KRABS: Desfiltrador brida\/llavero - Jano Filters","isPartOf":{"@id":"http:\/\/janofilters.com\/es\/#website"},"primaryImageOfPage":{"@id":"https:\/\/janofilters.com\/es\/product\/desfiltrador-brida-llavero\/#primaryimage"},"image":{"@id":"https:\/\/janofilters.com\/es\/product\/desfiltrador-brida-llavero\/#primaryimage"},"thumbnailUrl":"https:\/\/janofilters.com\/wp-content\/uploads\/2021\/02\/5-LLAVEROS-1-1.jpg","datePublished":"2021-02-26T11:59:24+00:00","dateModified":"2025-11-30T08:56:09+00:00","description":"El desfiltrador Krabs de aluminio flexible en formato brida colgable de acero inoxidable. Para colgar de cualquier cremallera o pantal\u00f3n; chaquetas, ri\u00f1os..","breadcrumb":{"@id":"https:\/\/janofilters.com\/es\/product\/desfiltrador-brida-llavero\/#breadcrumb"},"inLanguage":"en-US","potentialAction":[{"@type":"ReadAction","target":["https:\/\/janofilters.com\/es\/product\/desfiltrador-brida-llavero\/"]}]},{"@type":"ImageObject","inLanguage":"en-US","@id":"https:\/\/janofilters.com\/es\/product\/desfiltrador-brida-llavero\/#primaryimage","url":"https:\/\/janofilters.com\/wp-content\/uploads\/2021\/02\/5-LLAVEROS-1-1.jpg","contentUrl":"https:\/\/janofilters.com\/wp-content\/uploads\/2021\/02\/5-LLAVEROS-1-1.jpg","width":2268,"height":2268},{"@type":"BreadcrumbList","@id":"https:\/\/janofilters.com\/es\/product\/desfiltrador-brida-llavero\/#breadcrumb","itemListElement":[{"@type":"ListItem","position":1,"name":"Portada","item":"https:\/\/janofilters.com\/es\/"},{"@type":"ListItem","position":2,"name":"Shop","item":"https:\/\/janofilters.com\/es\/shop\/"},{"@type":"ListItem","position":3,"name":"KRABS: Desfiltrador brida\/llavero"}]},{"@type":"WebSite","@id":"http:\/\/janofilters.com\/es\/#website","url":"http:\/\/janofilters.com\/es\/","name":"Jano Filters","description":"Dise\u00f1os e inventos 420 creados para compartir.","publisher":{"@id":"http:\/\/janofilters.com\/es\/#organization"},"potentialAction":[{"@type":"SearchAction","target":{"@type":"EntryPoint","urlTemplate":"http:\/\/janofilters.com\/es\/?s={search_term_string}"},"query-input":{"@type":"PropertyValueSpecification","valueRequired":true,"valueName":"search_term_string"}}],"inLanguage":"en-US"},{"@type":"Organization","@id":"http:\/\/janofilters.com\/es\/#organization","name":"Jano Filters","url":"http:\/\/janofilters.com\/es\/","logo":{"@type":"ImageObject","inLanguage":"en-US","@id":"http:\/\/janofilters.com\/es\/#\/schema\/logo\/image\/","url":"https:\/\/janofilters.com\/wp-content\/uploads\/2021\/01\/cropped-Logo_BN.png","contentUrl":"https:\/\/janofilters.com\/wp-content\/uploads\/2021\/01\/cropped-Logo_BN.png","width":268,"height":146,"caption":"Jano Filters"},"image":{"@id":"http:\/\/janofilters.com\/es\/#\/schema\/logo\/image\/"},"sameAs":["https:\/\/es-la.facebook.com\/janofilters\/","https:\/\/x.com\/janofilters","https:\/\/www.instagram.com\/janofilters\/","https:\/\/www.tiktok.com\/@janofactory","https:\/\/www.youtube.com\/channel\/UCGj3q5sMCCr2Tk6VwY838Nw"]}]}},"jetpack_sharing_enabled":false,"_links":{"self":[{"href":"https:\/\/janofilters.com\/en\/wp-json\/wp\/v2\/product\/2254","targetHints":{"allow":["GET"]}}],"collection":[{"href":"https:\/\/janofilters.com\/en\/wp-json\/wp\/v2\/product"}],"about":[{"href":"https:\/\/janofilters.com\/en\/wp-json\/wp\/v2\/types\/product"}],"wp:featuredmedia":[{"embeddable":true,"href":"https:\/\/janofilters.com\/en\/wp-json\/wp\/v2\/media\/8543"}],"wp:attachment":[{"href":"https:\/\/janofilters.com\/en\/wp-json\/wp\/v2\/media?parent=2254"}],"wp:term":[{"taxonomy":"product_cat","embeddable":true,"href":"https:\/\/janofilters.com\/en\/wp-json\/wp\/v2\/product_cat?post=2254"},{"taxonomy":"product_tag","embeddable":true,"href":"https:\/\/janofilters.com\/en\/wp-json\/wp\/v2\/product_tag?post=2254"}],"curies":[{"name":"wp","href":"https:\/\/api.w.org\/{rel}","templated":true}]}}