{"id":2286,"date":"2021-02-26T13:43:33","date_gmt":"2021-02-26T12:43:33","guid":{"rendered":"https:\/\/janofilters.com\/?post_type=product&#038;p=2286"},"modified":"2026-02-09T17:33:51","modified_gmt":"2026-02-09T16:33:51","slug":"krabs-desfiltrador-en-formato-colgante","status":"publish","type":"product","link":"https:\/\/janofilters.com\/en\/product\/krabs-desfiltrador-en-formato-colgante\/","title":{"rendered":"KRABS: PENDANT DEFILTERER"},"content":{"rendered":"<p class=\"translation-block\"><strong> The original format with which the invention was proposed in summer 2018. The aim was to create a simple and stylish <em> wearable <\/em> tool to hang around your neck and always carry it with you. A jewel to show off on the chest and complement your outfits. Have a defilter on hand and you will always be ready to surprise or to turn your day to the dark side ... <\/strong><\/p>\n<p>Novedades en esta <strong>quinta<\/strong> edici\u00f3n de desfiltradores:<\/p>\n<ul>\n<li>Presentamos <strong>5 nuevos modelos<\/strong>; Todos en<strong> Negro Mate<\/strong>.<\/li>\n<li>Cada <strong>Krab V5<\/strong> viene con 5 gomas intercambiables, \u00ablas gomas son compatibles con ediciones pasadas\u00bb<\/li>\n<li>Mejoramos <strong>el anodizado<\/strong> para que sean <strong>m\u00e1s densos, potentes y brillantes.<\/strong><\/li>\n<li><strong>Ajuste en el interior del packaging para que el colgante quede mejor agarrado durante el transporte<\/strong> y mejor presentado cuando abras tu cajita \ud83d\ude42<\/li>\n<li>\u00a1Mantenemos la cadena de militar con sus bolitas inoxidables, con el objetivo que dure a\u00f1os luciendo igual que el primer d\u00eda!<\/li>\n<li>We mantain the aluminium alloy that we have been using since the second edition, the one that made them a more flexible and resistant piece.<\/li>\n<\/ul>\n<p class=\"translation-block\"><em><strong>Hack for noobs:<\/strong> if you want it to defilter even smoothly and win all the challenges with your friends, gently -and carefully xd- try to open the tip of your Krabs by pulling with your thumbs so that its 2 blades will stop being parallel to be at a small open angle.<\/em>  This way the % of filter that it will grab and compress to deflate will be higher and you will have less risk of making the typical nibble on the filter AKA max fail hahahah The best way to achieve a similar result without deforming your new jewel or loading the parallel lines of your defilter would be to compress the filter with your fingers and, when puncturing the Krabs, it grabs practically the entire filter before extracting it.<\/p>\n<p>&#8211;<\/p>\n<p>Por fin podemos presentar la nueva colecci\u00f3n de nuestro invento, el desfiltrador \u00abKrabs by JanoFilters\u00bb con m\u00e1s flow y m\u00e1s coleccionables que nuncaaaa!!!<\/p>\n<p>After not having to do the tips, removing the filter from the cig*rette is the most difficult step when it comes to rolling and ... since December 2018 we have not removed a filter with our teeth! So after the success of the first and second editions, we are pleased to present this third edition of defilterers.<\/p>\n<p>After using them for some time, we have been able to collect a few recommendations:<\/p>\n<p>\u2013 To defilter: Aim well, put it all the way in (about 2-3mm), squeeze your Krabs and stretch without stopping squeezing.<\/p>\n<p>The optimal sequence of use would be;<\/p>\n<p class=\"translation-block\"><strong> 1. <\/strong> With the whole cigarette BEFORE ROLLING, extract the filter using the defilterer. <br>\n<strong> 2. <\/strong> Introduce a Jano with the cigar yet to break. <br>\n<strong> 3. <\/strong> Now, break the cigarette and start rolling.<\/p>\n<p><strong>Aparte de asegurar un buen desfiltrado m\u00e1s c\u00f3modamente, si desfiltras antes de liar, el Jano entrar\u00e1 suave, sea cual sea tu marca de tabaco y ser\u00e1 despu\u00e9s, al pinzar, cuando asegurar\u00e1s el Jano para que no se escape \ud83d\ude09<\/strong><\/p>\n<p>\u2013 The best point to activate it is as close to the tip as possible. The bending will be carried out by exerting less force, so the gesture is smoother and the piece is less damaged.<\/p>\n<p class=\"translation-block\">\u2013 It's easier to extract the filter at the beginning of the process <em> -with the whole cigarette- <\/em> than at the end <em> -when everything is packed-. <\/em> The same way as with the bite that we've done our whole life, if you loose it, you will have more problems to remove the filter.<\/p>\n<p>&#8211; Como toda joyita, no es recomendable ducharse con ella. Evidentemente, no le va a pasar nada por ducharte 20 veces con tu Krabs puesto, pero los acabados perder\u00e1n su esplendor m\u00e1s r\u00e1pidamente que no haci\u00e9ndolo.<\/p>\n<p>&#8211; Para lavarlo con un pa\u00f1o h\u00famedo deber\u00eda bastar, si la mancha es persistente se puede sumergir en agua tibia\/caliente o alcohol. No es recomendable limpiarlo con jab\u00f3n y menos si no es de PH neutro. (La sosa c\u00e1ustica, presente en la mayor\u00eda de jabones convencionales, es el decapador perfecto para los acabados mate texturizados que hemos elegido, as\u00ed que NO FROTAR CON AGUA Y JAB\u00d3N)<\/p>\n<p>Thank you very much once again to all the people who give us their support and affection every day and thank you very much for the patience that you have had waiting more than a year for this collection ^^<\/p>","protected":false},"excerpt":{"rendered":"<p>The Krabs defilterer made of flexible aluminum and a stainless steel chain\/pendant.<\/p>","protected":false},"featured_media":8544,"template":"","meta":{"site-sidebar-layout":"default","site-content-layout":"plain-container","ast-site-content-layout":"","site-content-style":"default","site-sidebar-style":"default","ast-global-header-display":"","ast-banner-title-visibility":"","ast-main-header-display":"","ast-hfb-above-header-display":"","ast-hfb-below-header-display":"","ast-hfb-mobile-header-display":"","site-post-title":"","ast-breadcrumbs-content":"","ast-featured-img":"","footer-sml-layout":"","theme-transparent-header-meta":"disabled","adv-header-id-meta":"","stick-header-meta":"","header-above-stick-meta":"","header-main-stick-meta":"","header-below-stick-meta":"","astra-migrate-meta-layouts":"default","ast-page-background-enabled":"default","ast-page-background-meta":{"desktop":{"background-color":"","background-image":"","background-repeat":"repeat","background-position":"center center","background-size":"auto","background-attachment":"scroll","background-type":"","background-media":"","overlay-type":"","overlay-color":"","overlay-opacity":"","overlay-gradient":""},"tablet":{"background-color":"","background-image":"","background-repeat":"repeat","background-position":"center center","background-size":"auto","background-attachment":"scroll","background-type":"","background-media":"","overlay-type":"","overlay-color":"","overlay-opacity":"","overlay-gradient":""},"mobile":{"background-color":"","background-image":"","background-repeat":"repeat","background-position":"center center","background-size":"auto","background-attachment":"scroll","background-type":"","background-media":"","overlay-type":"","overlay-color":"","overlay-opacity":"","overlay-gradient":""}},"ast-content-background-meta":{"desktop":{"background-color":"var(--ast-global-color-5)","background-image":"","background-repeat":"repeat","background-position":"center center","background-size":"auto","background-attachment":"scroll","background-type":"","background-media":"","overlay-type":"","overlay-color":"","overlay-opacity":"","overlay-gradient":""},"tablet":{"background-color":"var(--ast-global-color-5)","background-image":"","background-repeat":"repeat","background-position":"center center","background-size":"auto","background-attachment":"scroll","background-type":"","background-media":"","overlay-type":"","overlay-color":"","overlay-opacity":"","overlay-gradient":""},"mobile":{"background-color":"var(--ast-global-color-5)","background-image":"","background-repeat":"repeat","background-position":"center center","background-size":"auto","background-attachment":"scroll","background-type":"","background-media":"","overlay-type":"","overlay-color":"","overlay-opacity":"","overlay-gradient":""}}},"product_cat":[103],"product_tag":[],"class_list":{"0":"post-2286","1":"product","2":"type-product","3":"status-publish","4":"has-post-thumbnail","6":"product_cat-desfiltradores","7":"desktop-align-left","8":"tablet-align-left","9":"mobile-align-left","11":"first","12":"instock","13":"taxable","14":"shipping-taxable","15":"purchasable","16":"product-type-variable"},"yoast_head":"<!-- This site is optimized with the Yoast SEO plugin v25.3 - https:\/\/yoast.com\/wordpress\/plugins\/seo\/ -->\n<title>KRABS: Desfiltrador colgante - Jano Filters<\/title>\n<meta name=\"description\" content=\"El desfiltrador Krabs de aluminio flexible en formato colgante de acero inoxidable. El formato original con el que se plante\u00f3 el invento en verano 2018.\" \/>\n<meta name=\"robots\" content=\"index, follow, max-snippet:-1, max-image-preview:large, max-video-preview:-1\" \/>\n<link rel=\"canonical\" href=\"https:\/\/janofilters.com\/en\/product\/krabs-desfiltrador-en-formato-colgante\/\" \/>\n<meta property=\"og:locale\" content=\"en_US\" \/>\n<meta property=\"og:type\" content=\"article\" \/>\n<meta property=\"og:title\" content=\"KRABS: Desfiltrador colgante - Jano Filters\" \/>\n<meta property=\"og:description\" content=\"El desfiltrador Krabs de aluminio flexible en formato colgante de acero inoxidable. El formato original con el que se plante\u00f3 el invento en verano 2018.\" \/>\n<meta property=\"og:url\" content=\"https:\/\/janofilters.com\/en\/product\/krabs-desfiltrador-en-formato-colgante\/\" \/>\n<meta property=\"og:site_name\" content=\"Jano Filters\" \/>\n<meta property=\"article:publisher\" content=\"https:\/\/es-la.facebook.com\/janofilters\/\" \/>\n<meta property=\"article:modified_time\" content=\"2026-02-09T16:33:51+00:00\" \/>\n<meta property=\"og:image\" content=\"https:\/\/janofilters.com\/wp-content\/uploads\/2021\/02\/5-COLGANTES-1-1.jpg\" \/>\n\t<meta property=\"og:image:width\" content=\"2268\" \/>\n\t<meta property=\"og:image:height\" content=\"2268\" \/>\n\t<meta property=\"og:image:type\" content=\"image\/jpeg\" \/>\n<meta name=\"twitter:card\" content=\"summary_large_image\" \/>\n<meta name=\"twitter:site\" content=\"@janofilters\" \/>\n<meta name=\"twitter:label1\" content=\"Est. reading time\" \/>\n\t<meta name=\"twitter:data1\" content=\"4 minutes\" \/>\n<script type=\"application\/ld+json\" class=\"yoast-schema-graph\">{\"@context\":\"https:\/\/schema.org\",\"@graph\":[{\"@type\":\"WebPage\",\"@id\":\"https:\/\/janofilters.com\/es\/product\/krabs-desfiltrador-en-formato-colgante\/\",\"url\":\"https:\/\/janofilters.com\/es\/product\/krabs-desfiltrador-en-formato-colgante\/\",\"name\":\"KRABS: Desfiltrador colgante - Jano Filters\",\"isPartOf\":{\"@id\":\"http:\/\/janofilters.com\/es\/#website\"},\"primaryImageOfPage\":{\"@id\":\"https:\/\/janofilters.com\/es\/product\/krabs-desfiltrador-en-formato-colgante\/#primaryimage\"},\"image\":{\"@id\":\"https:\/\/janofilters.com\/es\/product\/krabs-desfiltrador-en-formato-colgante\/#primaryimage\"},\"thumbnailUrl\":\"https:\/\/janofilters.com\/wp-content\/uploads\/2021\/02\/5-COLGANTES-1-1.jpg\",\"datePublished\":\"2021-02-26T12:43:33+00:00\",\"dateModified\":\"2026-02-09T16:33:51+00:00\",\"description\":\"El desfiltrador Krabs de aluminio flexible en formato colgante de acero inoxidable. El formato original con el que se plante\u00f3 el invento en verano 2018.\",\"breadcrumb\":{\"@id\":\"https:\/\/janofilters.com\/es\/product\/krabs-desfiltrador-en-formato-colgante\/#breadcrumb\"},\"inLanguage\":\"en-US\",\"potentialAction\":[{\"@type\":\"ReadAction\",\"target\":[\"https:\/\/janofilters.com\/es\/product\/krabs-desfiltrador-en-formato-colgante\/\"]}]},{\"@type\":\"ImageObject\",\"inLanguage\":\"en-US\",\"@id\":\"https:\/\/janofilters.com\/es\/product\/krabs-desfiltrador-en-formato-colgante\/#primaryimage\",\"url\":\"https:\/\/janofilters.com\/wp-content\/uploads\/2021\/02\/5-COLGANTES-1-1.jpg\",\"contentUrl\":\"https:\/\/janofilters.com\/wp-content\/uploads\/2021\/02\/5-COLGANTES-1-1.jpg\",\"width\":2268,\"height\":2268},{\"@type\":\"BreadcrumbList\",\"@id\":\"https:\/\/janofilters.com\/es\/product\/krabs-desfiltrador-en-formato-colgante\/#breadcrumb\",\"itemListElement\":[{\"@type\":\"ListItem\",\"position\":1,\"name\":\"Portada\",\"item\":\"https:\/\/janofilters.com\/es\/\"},{\"@type\":\"ListItem\",\"position\":2,\"name\":\"Shop\",\"item\":\"https:\/\/janofilters.com\/es\/shop\/\"},{\"@type\":\"ListItem\",\"position\":3,\"name\":\"KRABS: Desfiltrador colgante\"}]},{\"@type\":\"WebSite\",\"@id\":\"http:\/\/janofilters.com\/es\/#website\",\"url\":\"http:\/\/janofilters.com\/es\/\",\"name\":\"Jano Filters\",\"description\":\"Dise\u00f1os e inventos 420 creados para compartir.\",\"publisher\":{\"@id\":\"http:\/\/janofilters.com\/es\/#organization\"},\"potentialAction\":[{\"@type\":\"SearchAction\",\"target\":{\"@type\":\"EntryPoint\",\"urlTemplate\":\"http:\/\/janofilters.com\/es\/?s={search_term_string}\"},\"query-input\":{\"@type\":\"PropertyValueSpecification\",\"valueRequired\":true,\"valueName\":\"search_term_string\"}}],\"inLanguage\":\"en-US\"},{\"@type\":\"Organization\",\"@id\":\"http:\/\/janofilters.com\/es\/#organization\",\"name\":\"Jano Filters\",\"url\":\"http:\/\/janofilters.com\/es\/\",\"logo\":{\"@type\":\"ImageObject\",\"inLanguage\":\"en-US\",\"@id\":\"http:\/\/janofilters.com\/es\/#\/schema\/logo\/image\/\",\"url\":\"https:\/\/janofilters.com\/wp-content\/uploads\/2021\/01\/cropped-Logo_BN.png\",\"contentUrl\":\"https:\/\/janofilters.com\/wp-content\/uploads\/2021\/01\/cropped-Logo_BN.png\",\"width\":268,\"height\":146,\"caption\":\"Jano Filters\"},\"image\":{\"@id\":\"http:\/\/janofilters.com\/es\/#\/schema\/logo\/image\/\"},\"sameAs\":[\"https:\/\/es-la.facebook.com\/janofilters\/\",\"https:\/\/x.com\/janofilters\",\"https:\/\/www.instagram.com\/janofilters\/\",\"https:\/\/www.tiktok.com\/@janofactory\",\"https:\/\/www.youtube.com\/channel\/UCGj3q5sMCCr2Tk6VwY838Nw\"]}]}<\/script>\n<!-- \/ Yoast SEO plugin. -->","yoast_head_json":{"title":"KRABS: Desfiltrador colgante - Jano Filters","description":"El desfiltrador Krabs de aluminio flexible en formato colgante de acero inoxidable. El formato original con el que se plante\u00f3 el invento en verano 2018.","robots":{"index":"index","follow":"follow","max-snippet":"max-snippet:-1","max-image-preview":"max-image-preview:large","max-video-preview":"max-video-preview:-1"},"canonical":"https:\/\/janofilters.com\/en\/product\/krabs-desfiltrador-en-formato-colgante\/","og_locale":"en_US","og_type":"article","og_title":"KRABS: Desfiltrador colgante - Jano Filters","og_description":"El desfiltrador Krabs de aluminio flexible en formato colgante de acero inoxidable. El formato original con el que se plante\u00f3 el invento en verano 2018.","og_url":"https:\/\/janofilters.com\/en\/product\/krabs-desfiltrador-en-formato-colgante\/","og_site_name":"Jano Filters","article_publisher":"https:\/\/es-la.facebook.com\/janofilters\/","article_modified_time":"2026-02-09T16:33:51+00:00","og_image":[{"width":2268,"height":2268,"url":"https:\/\/janofilters.com\/wp-content\/uploads\/2021\/02\/5-COLGANTES-1-1.jpg","type":"image\/jpeg"}],"twitter_card":"summary_large_image","twitter_site":"@janofilters","twitter_misc":{"Est. reading time":"4 minutes"},"schema":{"@context":"https:\/\/schema.org","@graph":[{"@type":"WebPage","@id":"https:\/\/janofilters.com\/es\/product\/krabs-desfiltrador-en-formato-colgante\/","url":"https:\/\/janofilters.com\/es\/product\/krabs-desfiltrador-en-formato-colgante\/","name":"KRABS: Desfiltrador colgante - Jano Filters","isPartOf":{"@id":"http:\/\/janofilters.com\/es\/#website"},"primaryImageOfPage":{"@id":"https:\/\/janofilters.com\/es\/product\/krabs-desfiltrador-en-formato-colgante\/#primaryimage"},"image":{"@id":"https:\/\/janofilters.com\/es\/product\/krabs-desfiltrador-en-formato-colgante\/#primaryimage"},"thumbnailUrl":"https:\/\/janofilters.com\/wp-content\/uploads\/2021\/02\/5-COLGANTES-1-1.jpg","datePublished":"2021-02-26T12:43:33+00:00","dateModified":"2026-02-09T16:33:51+00:00","description":"El desfiltrador Krabs de aluminio flexible en formato colgante de acero inoxidable. El formato original con el que se plante\u00f3 el invento en verano 2018.","breadcrumb":{"@id":"https:\/\/janofilters.com\/es\/product\/krabs-desfiltrador-en-formato-colgante\/#breadcrumb"},"inLanguage":"en-US","potentialAction":[{"@type":"ReadAction","target":["https:\/\/janofilters.com\/es\/product\/krabs-desfiltrador-en-formato-colgante\/"]}]},{"@type":"ImageObject","inLanguage":"en-US","@id":"https:\/\/janofilters.com\/es\/product\/krabs-desfiltrador-en-formato-colgante\/#primaryimage","url":"https:\/\/janofilters.com\/wp-content\/uploads\/2021\/02\/5-COLGANTES-1-1.jpg","contentUrl":"https:\/\/janofilters.com\/wp-content\/uploads\/2021\/02\/5-COLGANTES-1-1.jpg","width":2268,"height":2268},{"@type":"BreadcrumbList","@id":"https:\/\/janofilters.com\/es\/product\/krabs-desfiltrador-en-formato-colgante\/#breadcrumb","itemListElement":[{"@type":"ListItem","position":1,"name":"Portada","item":"https:\/\/janofilters.com\/es\/"},{"@type":"ListItem","position":2,"name":"Shop","item":"https:\/\/janofilters.com\/es\/shop\/"},{"@type":"ListItem","position":3,"name":"KRABS: Desfiltrador colgante"}]},{"@type":"WebSite","@id":"http:\/\/janofilters.com\/es\/#website","url":"http:\/\/janofilters.com\/es\/","name":"Jano Filters","description":"Dise\u00f1os e inventos 420 creados para compartir.","publisher":{"@id":"http:\/\/janofilters.com\/es\/#organization"},"potentialAction":[{"@type":"SearchAction","target":{"@type":"EntryPoint","urlTemplate":"http:\/\/janofilters.com\/es\/?s={search_term_string}"},"query-input":{"@type":"PropertyValueSpecification","valueRequired":true,"valueName":"search_term_string"}}],"inLanguage":"en-US"},{"@type":"Organization","@id":"http:\/\/janofilters.com\/es\/#organization","name":"Jano Filters","url":"http:\/\/janofilters.com\/es\/","logo":{"@type":"ImageObject","inLanguage":"en-US","@id":"http:\/\/janofilters.com\/es\/#\/schema\/logo\/image\/","url":"https:\/\/janofilters.com\/wp-content\/uploads\/2021\/01\/cropped-Logo_BN.png","contentUrl":"https:\/\/janofilters.com\/wp-content\/uploads\/2021\/01\/cropped-Logo_BN.png","width":268,"height":146,"caption":"Jano Filters"},"image":{"@id":"http:\/\/janofilters.com\/es\/#\/schema\/logo\/image\/"},"sameAs":["https:\/\/es-la.facebook.com\/janofilters\/","https:\/\/x.com\/janofilters","https:\/\/www.instagram.com\/janofilters\/","https:\/\/www.tiktok.com\/@janofactory","https:\/\/www.youtube.com\/channel\/UCGj3q5sMCCr2Tk6VwY838Nw"]}]}},"jetpack_sharing_enabled":false,"_links":{"self":[{"href":"https:\/\/janofilters.com\/en\/wp-json\/wp\/v2\/product\/2286","targetHints":{"allow":["GET"]}}],"collection":[{"href":"https:\/\/janofilters.com\/en\/wp-json\/wp\/v2\/product"}],"about":[{"href":"https:\/\/janofilters.com\/en\/wp-json\/wp\/v2\/types\/product"}],"wp:featuredmedia":[{"embeddable":true,"href":"https:\/\/janofilters.com\/en\/wp-json\/wp\/v2\/media\/8544"}],"wp:attachment":[{"href":"https:\/\/janofilters.com\/en\/wp-json\/wp\/v2\/media?parent=2286"}],"wp:term":[{"taxonomy":"product_cat","embeddable":true,"href":"https:\/\/janofilters.com\/en\/wp-json\/wp\/v2\/product_cat?post=2286"},{"taxonomy":"product_tag","embeddable":true,"href":"https:\/\/janofilters.com\/en\/wp-json\/wp\/v2\/product_tag?post=2286"}],"curies":[{"name":"wp","href":"https:\/\/api.w.org\/{rel}","templated":true}]}}