{"id":3418,"date":"2021-06-09T11:15:38","date_gmt":"2021-06-09T09:15:38","guid":{"rendered":"https:\/\/janofilters.com\/?post_type=product&#038;p=3418"},"modified":"2024-01-19T14:29:18","modified_gmt":"2024-01-19T13:29:18","slug":"gametrays","status":"publish","type":"product","link":"https:\/\/janofilters.com\/en\/product\/gametrays\/","title":{"rendered":"#GAMETRAYS BOARD GAME"},"content":{"rendered":"<p>After months of waiting, they have just arrived! They are already here! The new #GameTrays from JanoFilters.<\/p>\n<p><strong>Instead of creating multipurpose rolling trays with embedded gadgets and therefore having to raise the final price of the product, for our first tray we tried to add extra value through graphic design, presenting our first 420 board game created to share and surprise your colleagues.<\/strong><\/p>\n<p>Elegimos una bandeja de esta\u00f1o \u00abcom\u00fan\u00bb a nivel de dise\u00f1o industrial, para que salga a precio de mercado y que la innovaci\u00f3n y valor a\u00f1adido recaiga en el dise\u00f1o gr\u00e1fico de la estampaci\u00f3n en s\u00ed. Pero como no podemos estarnos quietos&#8230; empezamos a pensar que necesitamos un dado para jugar a este juego, aunque&#8230; \u00bfQu\u00e9 pasar\u00eda si las vendi\u00e9ramos sin dado? Todo el mundo tiene un dado en casa y si no, en digital\/online hay miles de dados que ya estamos en 2021&#8230; Pero a la vez nos parec\u00eda que era un poco cutre o rata, no mola comprar un juego de mesa sin dado, entonces&#8230; \u00bfCompramos mil y pico dados y los incluimos? \u00bfBlancos? \u00bfNegros? \u00bfFosforescentes? \u00bfQu\u00e9 hacemos con el dado??? Como no nos convenc\u00eda nada y en este proyecto no hab\u00edamos innovado a nivel de dise\u00f1o industrial&#8230; empezamos a darle vueltas. Y tanto darle vueltas, al final naci\u00f3 nuestro nuevo invento Gitari:<\/p>\n<p class=\"translation-block\">In tribute to the Sagittarius horoscope, <br>\nthe centaur with the bow and arrow, <br>\nwe conceptualized and shaped Gitari, <br>\nthe spinning dice of our first rolling tray. <br>\nTo elevate your gaming experience <br>\nto another level and get out of the ordinary. <br>\nCreating new ways of interaction <br>\nwith your favorite board games.<\/p>\n<p class=\"translation-block\">Even the contrast, Gitari is a unique piece<br>\nwhere we cast the neck and crown of PLA<br>\nwith the 3D printing tip in wood.<br>\n<strong>Revised and calibrated by hand.<\/strong><br>\nOne by one we have validated that they achieve<br>\nthis addictive and silent initial twist,<br>\nthat progressively evolves its sound<br>\nwith a drum roll to a halt<br>\nshowing the final number and position.<\/p>\n<p class=\"translation-block\">Looking to make a reminiscence<br>\nto the <strong> iconic sound of French roulette <\/strong> <br>\n<strong> spinning <\/strong> at full speed in casinos, <br>\nwe tried to get Gitari to bring us a little closer <br>\nto one of the most representative symbols <br>\nfrom the world of gambling, luck and chance. <br>\nTo achieve this, we designed this spinning top <br>\narrow-shaped \/ mini presser <br>\nwith the 6 faces of a conventional dice <br>\nand we dimensioned the mast of the arrow <br>\nso that the final piece was super experiential <br>\nand had extra functions and game modes.<\/p>\n<p class=\"translation-block\"><strong> You can find an extension of the instructions <\/strong> <br>\n<strong> and alternative game modes through this link: <br>\n<\/strong> <br>\n<a href=\"https:\/\/janofilters.com\/en\/gametrays\/\" target=\"_self\"> https:\/\/janofilters.com\/gametrays\/ <\/a> <br>\nor reading the QR included in the tray itself or the box of your Gitari.<\/p>","protected":false},"excerpt":{"rendered":"<p><strong>The new 420 board game in an XXL rolling tray of 34cm x 27cm x 3cm).<\/strong><\/p>","protected":false},"featured_media":3457,"template":"","meta":{"site-sidebar-layout":"default","site-content-layout":"default","ast-site-content-layout":"","site-content-style":"default","site-sidebar-style":"default","ast-global-header-display":"","ast-banner-title-visibility":"","ast-main-header-display":"","ast-hfb-above-header-display":"","ast-hfb-below-header-display":"","ast-hfb-mobile-header-display":"","site-post-title":"","ast-breadcrumbs-content":"","ast-featured-img":"","footer-sml-layout":"","theme-transparent-header-meta":"default","adv-header-id-meta":"","stick-header-meta":"","header-above-stick-meta":"","header-main-stick-meta":"","header-below-stick-meta":"","astra-migrate-meta-layouts":"default","ast-page-background-enabled":"default","ast-page-background-meta":{"desktop":{"background-color":"","background-image":"","background-repeat":"repeat","background-position":"center center","background-size":"auto","background-attachment":"scroll","background-type":"","background-media":"","overlay-type":"","overlay-color":"","overlay-opacity":"","overlay-gradient":""},"tablet":{"background-color":"","background-image":"","background-repeat":"repeat","background-position":"center center","background-size":"auto","background-attachment":"scroll","background-type":"","background-media":"","overlay-type":"","overlay-color":"","overlay-opacity":"","overlay-gradient":""},"mobile":{"background-color":"","background-image":"","background-repeat":"repeat","background-position":"center center","background-size":"auto","background-attachment":"scroll","background-type":"","background-media":"","overlay-type":"","overlay-color":"","overlay-opacity":"","overlay-gradient":""}},"ast-content-background-meta":{"desktop":{"background-color":"var(--ast-global-color-5)","background-image":"","background-repeat":"repeat","background-position":"center center","background-size":"auto","background-attachment":"scroll","background-type":"","background-media":"","overlay-type":"","overlay-color":"","overlay-opacity":"","overlay-gradient":""},"tablet":{"background-color":"var(--ast-global-color-5)","background-image":"","background-repeat":"repeat","background-position":"center center","background-size":"auto","background-attachment":"scroll","background-type":"","background-media":"","overlay-type":"","overlay-color":"","overlay-opacity":"","overlay-gradient":""},"mobile":{"background-color":"var(--ast-global-color-5)","background-image":"","background-repeat":"repeat","background-position":"center center","background-size":"auto","background-attachment":"scroll","background-type":"","background-media":"","overlay-type":"","overlay-color":"","overlay-opacity":"","overlay-gradient":""}}},"product_cat":[105],"product_tag":[],"class_list":{"0":"post-3418","1":"product","2":"type-product","3":"status-publish","4":"has-post-thumbnail","6":"product_cat-gametrays","7":"desktop-align-left","8":"tablet-align-left","9":"mobile-align-left","11":"first","12":"outofstock","13":"sale","14":"taxable","15":"shipping-taxable","16":"purchasable","17":"product-type-variable"},"yoast_head":"<!-- This site is optimized with the Yoast SEO plugin v25.3 - https:\/\/yoast.com\/wordpress\/plugins\/seo\/ -->\n<title>BANDEJA #GAMETRAYS by JanoFilters - Jano Filters<\/title>\n<meta name=\"robots\" content=\"index, follow, max-snippet:-1, max-image-preview:large, max-video-preview:-1\" \/>\n<link rel=\"canonical\" href=\"https:\/\/janofilters.com\/en\/product\/gametrays\/\" \/>\n<meta property=\"og:locale\" content=\"en_US\" \/>\n<meta property=\"og:type\" content=\"article\" \/>\n<meta property=\"og:title\" content=\"BANDEJA #GAMETRAYS by JanoFilters - Jano Filters\" \/>\n<meta property=\"og:description\" content=\"El nuevo juego de mesa 420 en forma de bandeja XXL para liar (34cm x 27cm x 3cm).\" \/>\n<meta property=\"og:url\" content=\"https:\/\/janofilters.com\/en\/product\/gametrays\/\" \/>\n<meta property=\"og:site_name\" content=\"Jano Filters\" \/>\n<meta property=\"article:publisher\" content=\"https:\/\/es-la.facebook.com\/janofilters\/\" \/>\n<meta property=\"article:modified_time\" content=\"2024-01-19T13:29:18+00:00\" \/>\n<meta property=\"og:image\" content=\"https:\/\/janofilters.com\/wp-content\/uploads\/2021\/06\/detalle-gitari-entre-anillos-scaled-1.jpg\" \/>\n\t<meta property=\"og:image:width\" content=\"1280\" \/>\n\t<meta property=\"og:image:height\" content=\"1280\" \/>\n\t<meta property=\"og:image:type\" content=\"image\/jpeg\" \/>\n<meta name=\"twitter:card\" content=\"summary_large_image\" \/>\n<meta name=\"twitter:site\" content=\"@janofilters\" \/>\n<meta name=\"twitter:label1\" content=\"Est. reading time\" \/>\n\t<meta name=\"twitter:data1\" content=\"2 minutes\" \/>\n<script type=\"application\/ld+json\" class=\"yoast-schema-graph\">{\"@context\":\"https:\/\/schema.org\",\"@graph\":[{\"@type\":\"WebPage\",\"@id\":\"https:\/\/janofilters.com\/product\/gametrays\/\",\"url\":\"https:\/\/janofilters.com\/product\/gametrays\/\",\"name\":\"BANDEJA #GAMETRAYS by JanoFilters - Jano Filters\",\"isPartOf\":{\"@id\":\"http:\/\/janofilters.com\/es\/#website\"},\"primaryImageOfPage\":{\"@id\":\"https:\/\/janofilters.com\/product\/gametrays\/#primaryimage\"},\"image\":{\"@id\":\"https:\/\/janofilters.com\/product\/gametrays\/#primaryimage\"},\"thumbnailUrl\":\"https:\/\/janofilters.com\/wp-content\/uploads\/2021\/06\/detalle-gitari-entre-anillos-scaled-1.jpg\",\"datePublished\":\"2021-06-09T09:15:38+00:00\",\"dateModified\":\"2024-01-19T13:29:18+00:00\",\"breadcrumb\":{\"@id\":\"https:\/\/janofilters.com\/product\/gametrays\/#breadcrumb\"},\"inLanguage\":\"en-US\",\"potentialAction\":[{\"@type\":\"ReadAction\",\"target\":[\"https:\/\/janofilters.com\/product\/gametrays\/\"]}]},{\"@type\":\"ImageObject\",\"inLanguage\":\"en-US\",\"@id\":\"https:\/\/janofilters.com\/product\/gametrays\/#primaryimage\",\"url\":\"https:\/\/janofilters.com\/wp-content\/uploads\/2021\/06\/detalle-gitari-entre-anillos-scaled-1.jpg\",\"contentUrl\":\"https:\/\/janofilters.com\/wp-content\/uploads\/2021\/06\/detalle-gitari-entre-anillos-scaled-1.jpg\",\"width\":1280,\"height\":1280},{\"@type\":\"BreadcrumbList\",\"@id\":\"https:\/\/janofilters.com\/product\/gametrays\/#breadcrumb\",\"itemListElement\":[{\"@type\":\"ListItem\",\"position\":1,\"name\":\"Portada\",\"item\":\"https:\/\/janofilters.com\/es\/\"},{\"@type\":\"ListItem\",\"position\":2,\"name\":\"Shop\",\"item\":\"https:\/\/janofilters.com\/es\/shop\/\"},{\"@type\":\"ListItem\",\"position\":3,\"name\":\"BANDEJA #GAMETRAYS by JanoFilters\"}]},{\"@type\":\"WebSite\",\"@id\":\"http:\/\/janofilters.com\/es\/#website\",\"url\":\"http:\/\/janofilters.com\/es\/\",\"name\":\"Jano Filters\",\"description\":\"Dise\u00f1os e inventos 420 creados para compartir.\",\"publisher\":{\"@id\":\"http:\/\/janofilters.com\/es\/#organization\"},\"potentialAction\":[{\"@type\":\"SearchAction\",\"target\":{\"@type\":\"EntryPoint\",\"urlTemplate\":\"http:\/\/janofilters.com\/es\/?s={search_term_string}\"},\"query-input\":{\"@type\":\"PropertyValueSpecification\",\"valueRequired\":true,\"valueName\":\"search_term_string\"}}],\"inLanguage\":\"en-US\"},{\"@type\":\"Organization\",\"@id\":\"http:\/\/janofilters.com\/es\/#organization\",\"name\":\"Jano Filters\",\"url\":\"http:\/\/janofilters.com\/es\/\",\"logo\":{\"@type\":\"ImageObject\",\"inLanguage\":\"en-US\",\"@id\":\"http:\/\/janofilters.com\/es\/#\/schema\/logo\/image\/\",\"url\":\"https:\/\/janofilters.com\/wp-content\/uploads\/2021\/01\/cropped-Logo_BN.png\",\"contentUrl\":\"https:\/\/janofilters.com\/wp-content\/uploads\/2021\/01\/cropped-Logo_BN.png\",\"width\":268,\"height\":146,\"caption\":\"Jano Filters\"},\"image\":{\"@id\":\"http:\/\/janofilters.com\/es\/#\/schema\/logo\/image\/\"},\"sameAs\":[\"https:\/\/es-la.facebook.com\/janofilters\/\",\"https:\/\/x.com\/janofilters\",\"https:\/\/www.instagram.com\/janofilters\/\",\"https:\/\/www.tiktok.com\/@janofactory\",\"https:\/\/www.youtube.com\/channel\/UCGj3q5sMCCr2Tk6VwY838Nw\"]}]}<\/script>\n<!-- \/ Yoast SEO plugin. -->","yoast_head_json":{"title":"BANDEJA #GAMETRAYS by JanoFilters - Jano Filters","robots":{"index":"index","follow":"follow","max-snippet":"max-snippet:-1","max-image-preview":"max-image-preview:large","max-video-preview":"max-video-preview:-1"},"canonical":"https:\/\/janofilters.com\/en\/product\/gametrays\/","og_locale":"en_US","og_type":"article","og_title":"BANDEJA #GAMETRAYS by JanoFilters - Jano Filters","og_description":"El nuevo juego de mesa 420 en forma de bandeja XXL para liar (34cm x 27cm x 3cm).","og_url":"https:\/\/janofilters.com\/en\/product\/gametrays\/","og_site_name":"Jano Filters","article_publisher":"https:\/\/es-la.facebook.com\/janofilters\/","article_modified_time":"2024-01-19T13:29:18+00:00","og_image":[{"width":1280,"height":1280,"url":"https:\/\/janofilters.com\/wp-content\/uploads\/2021\/06\/detalle-gitari-entre-anillos-scaled-1.jpg","type":"image\/jpeg"}],"twitter_card":"summary_large_image","twitter_site":"@janofilters","twitter_misc":{"Est. reading time":"2 minutes"},"schema":{"@context":"https:\/\/schema.org","@graph":[{"@type":"WebPage","@id":"https:\/\/janofilters.com\/product\/gametrays\/","url":"https:\/\/janofilters.com\/product\/gametrays\/","name":"BANDEJA #GAMETRAYS by JanoFilters - Jano Filters","isPartOf":{"@id":"http:\/\/janofilters.com\/es\/#website"},"primaryImageOfPage":{"@id":"https:\/\/janofilters.com\/product\/gametrays\/#primaryimage"},"image":{"@id":"https:\/\/janofilters.com\/product\/gametrays\/#primaryimage"},"thumbnailUrl":"https:\/\/janofilters.com\/wp-content\/uploads\/2021\/06\/detalle-gitari-entre-anillos-scaled-1.jpg","datePublished":"2021-06-09T09:15:38+00:00","dateModified":"2024-01-19T13:29:18+00:00","breadcrumb":{"@id":"https:\/\/janofilters.com\/product\/gametrays\/#breadcrumb"},"inLanguage":"en-US","potentialAction":[{"@type":"ReadAction","target":["https:\/\/janofilters.com\/product\/gametrays\/"]}]},{"@type":"ImageObject","inLanguage":"en-US","@id":"https:\/\/janofilters.com\/product\/gametrays\/#primaryimage","url":"https:\/\/janofilters.com\/wp-content\/uploads\/2021\/06\/detalle-gitari-entre-anillos-scaled-1.jpg","contentUrl":"https:\/\/janofilters.com\/wp-content\/uploads\/2021\/06\/detalle-gitari-entre-anillos-scaled-1.jpg","width":1280,"height":1280},{"@type":"BreadcrumbList","@id":"https:\/\/janofilters.com\/product\/gametrays\/#breadcrumb","itemListElement":[{"@type":"ListItem","position":1,"name":"Portada","item":"https:\/\/janofilters.com\/es\/"},{"@type":"ListItem","position":2,"name":"Shop","item":"https:\/\/janofilters.com\/es\/shop\/"},{"@type":"ListItem","position":3,"name":"BANDEJA #GAMETRAYS by JanoFilters"}]},{"@type":"WebSite","@id":"http:\/\/janofilters.com\/es\/#website","url":"http:\/\/janofilters.com\/es\/","name":"Jano Filters","description":"Dise\u00f1os e inventos 420 creados para compartir.","publisher":{"@id":"http:\/\/janofilters.com\/es\/#organization"},"potentialAction":[{"@type":"SearchAction","target":{"@type":"EntryPoint","urlTemplate":"http:\/\/janofilters.com\/es\/?s={search_term_string}"},"query-input":{"@type":"PropertyValueSpecification","valueRequired":true,"valueName":"search_term_string"}}],"inLanguage":"en-US"},{"@type":"Organization","@id":"http:\/\/janofilters.com\/es\/#organization","name":"Jano Filters","url":"http:\/\/janofilters.com\/es\/","logo":{"@type":"ImageObject","inLanguage":"en-US","@id":"http:\/\/janofilters.com\/es\/#\/schema\/logo\/image\/","url":"https:\/\/janofilters.com\/wp-content\/uploads\/2021\/01\/cropped-Logo_BN.png","contentUrl":"https:\/\/janofilters.com\/wp-content\/uploads\/2021\/01\/cropped-Logo_BN.png","width":268,"height":146,"caption":"Jano Filters"},"image":{"@id":"http:\/\/janofilters.com\/es\/#\/schema\/logo\/image\/"},"sameAs":["https:\/\/es-la.facebook.com\/janofilters\/","https:\/\/x.com\/janofilters","https:\/\/www.instagram.com\/janofilters\/","https:\/\/www.tiktok.com\/@janofactory","https:\/\/www.youtube.com\/channel\/UCGj3q5sMCCr2Tk6VwY838Nw"]}]}},"jetpack_sharing_enabled":false,"_links":{"self":[{"href":"https:\/\/janofilters.com\/en\/wp-json\/wp\/v2\/product\/3418","targetHints":{"allow":["GET"]}}],"collection":[{"href":"https:\/\/janofilters.com\/en\/wp-json\/wp\/v2\/product"}],"about":[{"href":"https:\/\/janofilters.com\/en\/wp-json\/wp\/v2\/types\/product"}],"wp:featuredmedia":[{"embeddable":true,"href":"https:\/\/janofilters.com\/en\/wp-json\/wp\/v2\/media\/3457"}],"wp:attachment":[{"href":"https:\/\/janofilters.com\/en\/wp-json\/wp\/v2\/media?parent=3418"}],"wp:term":[{"taxonomy":"product_cat","embeddable":true,"href":"https:\/\/janofilters.com\/en\/wp-json\/wp\/v2\/product_cat?post=3418"},{"taxonomy":"product_tag","embeddable":true,"href":"https:\/\/janofilters.com\/en\/wp-json\/wp\/v2\/product_tag?post=3418"}],"curies":[{"name":"wp","href":"https:\/\/api.w.org\/{rel}","templated":true}]}}