{"id":652,"date":"2021-01-22T13:57:11","date_gmt":"2021-01-22T12:57:11","guid":{"rendered":"https:\/\/janofilters.com\/?post_type=product&#038;p=652"},"modified":"2026-04-02T14:59:18","modified_gmt":"2026-04-02T12:59:18","slug":"revolver-janofilters-original-recarga-de-25uds","status":"publish","type":"product","link":"https:\/\/janofilters.com\/en\/product\/revolver-janofilters-original-recarga-de-25uds\/","title":{"rendered":"Rev\u00f3lver + Recarga de 25uds"},"content":{"rendered":"<p class=\"translation-block\">One of the most noticeable changes in this new version of the revolver, beyond the expansion of models and colors, is that we have increased the thickness of the plush in the magnetized top cap, making it <strong> even more reusable and refillable than ever <\/strong>. If after a few uses rubbing off the excess resin, the fleece begins to lose its properties, it will be as easy as tearing a few fibers with your fingers, leaving it clean and like new for longer!<\/p>\n<p><strong><strong>For this new collection we have completely redesigned the inside of the revolver, adding a small central rubber band that will prevent the Janos from falling if the case is opened upside down and, in addition, it will offer a smooth entry and exit of the filters for hundreds of uses!<\/strong><\/strong><\/p>\n<p>&#8211;<\/p>\n<p><strong>Ll\u00e9vate tus Janos en un elegante, futur\u00edstico y resistente estuche, pensado para caber en cualquier ri\u00f1onera, bolso y bolsillo. Tan peque\u00f1o que lo puedes abrir y cerrar con una sola mano y, gracias al potente im\u00e1n de neodimio, el gesto de girar la tapa o las ganas con las que se cierra\u00a0solo en un\u00a0<em>\u00abclack\u00bb<\/em>\u00a0se vuelven gustosos y casi adictivo<\/strong> hahahah \u00a1S\u00ed! \u00a1Llevamos meses\u00a0toquete\u00e1ndolos tooodo el rato modo antiestr\u00e9s en la oficina xd! click-clack-click-clack en bucle<\/p>\n<p>If you have a metal tray or a lamppost near your favorite spot, you will surely find more uses for it than we ourselves have proposed.<\/p>\n<p>&#8211;<\/p>\n<p>We can finally present the new collection of revolvers that we have been dreaming of since Janoween 2018! An upgrade that we had to do BEFORE going to the next level, the step where we give our 12 Originals shapes the prominence they deserve. With this collection we began to create a project of 12 brands that we will use along our way ... Can you imagine a box of 100 red Love? And a pink Diamond T-shirt? that's what we're talking about ...<\/p>\n<p class=\"translation-block\">Thank you very much once again to all the people who give us their support and affection every day, this collection is what was missing to start working on the future of the brand. <strong> Heartfelt thanks from all of Jano Farmily &lt;3 <\/strong><\/p>","protected":false},"excerpt":{"rendered":"<p>This pack includes 1 revolver with your favorite JanoFilters Original shape + 25 Janos color mix refill.<\/p>","protected":false},"featured_media":694,"template":"","meta":{"site-sidebar-layout":"no-sidebar","site-content-layout":"plain-container","ast-site-content-layout":"","site-content-style":"default","site-sidebar-style":"default","ast-global-header-display":"","ast-banner-title-visibility":"","ast-main-header-display":"","ast-hfb-above-header-display":"","ast-hfb-below-header-display":"","ast-hfb-mobile-header-display":"","site-post-title":"","ast-breadcrumbs-content":"","ast-featured-img":"","footer-sml-layout":"","theme-transparent-header-meta":"disabled","adv-header-id-meta":"","stick-header-meta":"","header-above-stick-meta":"","header-main-stick-meta":"","header-below-stick-meta":"","astra-migrate-meta-layouts":"default","ast-page-background-enabled":"default","ast-page-background-meta":{"desktop":{"background-color":"","background-image":"","background-repeat":"repeat","background-position":"center center","background-size":"auto","background-attachment":"scroll","background-type":"","background-media":"","overlay-type":"","overlay-color":"","overlay-opacity":"","overlay-gradient":""},"tablet":{"background-color":"","background-image":"","background-repeat":"repeat","background-position":"center center","background-size":"auto","background-attachment":"scroll","background-type":"","background-media":"","overlay-type":"","overlay-color":"","overlay-opacity":"","overlay-gradient":""},"mobile":{"background-color":"","background-image":"","background-repeat":"repeat","background-position":"center center","background-size":"auto","background-attachment":"scroll","background-type":"","background-media":"","overlay-type":"","overlay-color":"","overlay-opacity":"","overlay-gradient":""}},"ast-content-background-meta":{"desktop":{"background-color":"var(--ast-global-color-5)","background-image":"","background-repeat":"repeat","background-position":"center center","background-size":"auto","background-attachment":"scroll","background-type":"","background-media":"","overlay-type":"","overlay-color":"","overlay-opacity":"","overlay-gradient":""},"tablet":{"background-color":"var(--ast-global-color-5)","background-image":"","background-repeat":"repeat","background-position":"center center","background-size":"auto","background-attachment":"scroll","background-type":"","background-media":"","overlay-type":"","overlay-color":"","overlay-opacity":"","overlay-gradient":""},"mobile":{"background-color":"var(--ast-global-color-5)","background-image":"","background-repeat":"repeat","background-position":"center center","background-size":"auto","background-attachment":"scroll","background-type":"","background-media":"","overlay-type":"","overlay-color":"","overlay-opacity":"","overlay-gradient":""}}},"product_cat":[104],"product_tag":[],"class_list":{"0":"post-652","1":"product","2":"type-product","3":"status-publish","4":"has-post-thumbnail","6":"product_cat-filtros-y-revolvers","7":"desktop-align-left","8":"tablet-align-left","9":"mobile-align-left","11":"first","12":"instock","13":"taxable","14":"shipping-taxable","15":"purchasable","16":"product-type-variable"},"yoast_head":"<!-- This site is optimized with the Yoast SEO plugin v25.3 - https:\/\/yoast.com\/wordpress\/plugins\/seo\/ -->\n<title>Rev\u00f3lver + Recarga de 25uds - Jano Filters<\/title>\n<meta name=\"robots\" content=\"index, follow, max-snippet:-1, max-image-preview:large, max-video-preview:-1\" \/>\n<link rel=\"canonical\" href=\"https:\/\/janofilters.com\/en\/product\/revolver-janofilters-original-recarga-de-25uds\/\" \/>\n<meta property=\"og:locale\" content=\"en_US\" \/>\n<meta property=\"og:type\" content=\"article\" \/>\n<meta property=\"og:title\" content=\"Rev\u00f3lver + Recarga de 25uds - Jano Filters\" \/>\n<meta property=\"og:description\" content=\"Este pack incluye 1 rev\u00f3lver rellenable con tu forma de JanoFilters Original favorita + recarga de 25 Janos color mix.\" \/>\n<meta property=\"og:url\" content=\"https:\/\/janofilters.com\/en\/product\/revolver-janofilters-original-recarga-de-25uds\/\" \/>\n<meta property=\"og:site_name\" content=\"Jano Filters\" \/>\n<meta property=\"article:publisher\" content=\"https:\/\/es-la.facebook.com\/janofilters\/\" \/>\n<meta property=\"article:modified_time\" content=\"2026-04-02T12:59:18+00:00\" \/>\n<meta property=\"og:image\" content=\"https:\/\/janofilters.com\/wp-content\/uploads\/2021\/01\/REVOLVER-MYSTERY.jpg\" \/>\n\t<meta property=\"og:image:width\" content=\"1280\" \/>\n\t<meta property=\"og:image:height\" content=\"1280\" \/>\n\t<meta property=\"og:image:type\" content=\"image\/jpeg\" \/>\n<meta name=\"twitter:card\" content=\"summary_large_image\" \/>\n<meta name=\"twitter:site\" content=\"@janofilters\" \/>\n<meta name=\"twitter:label1\" content=\"Est. reading time\" \/>\n\t<meta name=\"twitter:data1\" content=\"2 minutes\" \/>\n<script type=\"application\/ld+json\" class=\"yoast-schema-graph\">{\"@context\":\"https:\/\/schema.org\",\"@graph\":[{\"@type\":\"WebPage\",\"@id\":\"https:\/\/janofilters.com\/es\/product\/revolver-janofilters-original-recarga-de-25uds\/\",\"url\":\"https:\/\/janofilters.com\/es\/product\/revolver-janofilters-original-recarga-de-25uds\/\",\"name\":\"Rev\u00f3lver + Recarga de 25uds - Jano Filters\",\"isPartOf\":{\"@id\":\"http:\/\/janofilters.com\/es\/#website\"},\"primaryImageOfPage\":{\"@id\":\"https:\/\/janofilters.com\/es\/product\/revolver-janofilters-original-recarga-de-25uds\/#primaryimage\"},\"image\":{\"@id\":\"https:\/\/janofilters.com\/es\/product\/revolver-janofilters-original-recarga-de-25uds\/#primaryimage\"},\"thumbnailUrl\":\"https:\/\/janofilters.com\/wp-content\/uploads\/2021\/01\/REVOLVER-MYSTERY-e1709748372467.jpg\",\"datePublished\":\"2021-01-22T12:57:11+00:00\",\"dateModified\":\"2026-04-02T12:59:18+00:00\",\"breadcrumb\":{\"@id\":\"https:\/\/janofilters.com\/es\/product\/revolver-janofilters-original-recarga-de-25uds\/#breadcrumb\"},\"inLanguage\":\"en-US\",\"potentialAction\":[{\"@type\":\"ReadAction\",\"target\":[\"https:\/\/janofilters.com\/es\/product\/revolver-janofilters-original-recarga-de-25uds\/\"]}]},{\"@type\":\"ImageObject\",\"inLanguage\":\"en-US\",\"@id\":\"https:\/\/janofilters.com\/es\/product\/revolver-janofilters-original-recarga-de-25uds\/#primaryimage\",\"url\":\"https:\/\/janofilters.com\/wp-content\/uploads\/2021\/01\/REVOLVER-MYSTERY-e1709748372467.jpg\",\"contentUrl\":\"https:\/\/janofilters.com\/wp-content\/uploads\/2021\/01\/REVOLVER-MYSTERY-e1709748372467.jpg\",\"width\":800,\"height\":800,\"caption\":\"Revolver Mystery Jano Filters\"},{\"@type\":\"BreadcrumbList\",\"@id\":\"https:\/\/janofilters.com\/es\/product\/revolver-janofilters-original-recarga-de-25uds\/#breadcrumb\",\"itemListElement\":[{\"@type\":\"ListItem\",\"position\":1,\"name\":\"Portada\",\"item\":\"https:\/\/janofilters.com\/es\/\"},{\"@type\":\"ListItem\",\"position\":2,\"name\":\"Shop\",\"item\":\"https:\/\/janofilters.com\/es\/shop\/\"},{\"@type\":\"ListItem\",\"position\":3,\"name\":\"Rev\u00f3lver + Recarga de 25uds\"}]},{\"@type\":\"WebSite\",\"@id\":\"http:\/\/janofilters.com\/es\/#website\",\"url\":\"http:\/\/janofilters.com\/es\/\",\"name\":\"Jano Filters\",\"description\":\"Dise\u00f1os e inventos 420 creados para compartir.\",\"publisher\":{\"@id\":\"http:\/\/janofilters.com\/es\/#organization\"},\"potentialAction\":[{\"@type\":\"SearchAction\",\"target\":{\"@type\":\"EntryPoint\",\"urlTemplate\":\"http:\/\/janofilters.com\/es\/?s={search_term_string}\"},\"query-input\":{\"@type\":\"PropertyValueSpecification\",\"valueRequired\":true,\"valueName\":\"search_term_string\"}}],\"inLanguage\":\"en-US\"},{\"@type\":\"Organization\",\"@id\":\"http:\/\/janofilters.com\/es\/#organization\",\"name\":\"Jano Filters\",\"url\":\"http:\/\/janofilters.com\/es\/\",\"logo\":{\"@type\":\"ImageObject\",\"inLanguage\":\"en-US\",\"@id\":\"http:\/\/janofilters.com\/es\/#\/schema\/logo\/image\/\",\"url\":\"https:\/\/janofilters.com\/wp-content\/uploads\/2021\/01\/cropped-Logo_BN.png\",\"contentUrl\":\"https:\/\/janofilters.com\/wp-content\/uploads\/2021\/01\/cropped-Logo_BN.png\",\"width\":268,\"height\":146,\"caption\":\"Jano Filters\"},\"image\":{\"@id\":\"http:\/\/janofilters.com\/es\/#\/schema\/logo\/image\/\"},\"sameAs\":[\"https:\/\/es-la.facebook.com\/janofilters\/\",\"https:\/\/x.com\/janofilters\",\"https:\/\/www.instagram.com\/janofilters\/\",\"https:\/\/www.tiktok.com\/@janofactory\",\"https:\/\/www.youtube.com\/channel\/UCGj3q5sMCCr2Tk6VwY838Nw\"]}]}<\/script>\n<!-- \/ Yoast SEO plugin. -->","yoast_head_json":{"title":"Rev\u00f3lver + Recarga de 25uds - Jano Filters","robots":{"index":"index","follow":"follow","max-snippet":"max-snippet:-1","max-image-preview":"max-image-preview:large","max-video-preview":"max-video-preview:-1"},"canonical":"https:\/\/janofilters.com\/en\/product\/revolver-janofilters-original-recarga-de-25uds\/","og_locale":"en_US","og_type":"article","og_title":"Rev\u00f3lver + Recarga de 25uds - Jano Filters","og_description":"Este pack incluye 1 rev\u00f3lver rellenable con tu forma de JanoFilters Original favorita + recarga de 25 Janos color mix.","og_url":"https:\/\/janofilters.com\/en\/product\/revolver-janofilters-original-recarga-de-25uds\/","og_site_name":"Jano Filters","article_publisher":"https:\/\/es-la.facebook.com\/janofilters\/","article_modified_time":"2026-04-02T12:59:18+00:00","og_image":[{"width":1280,"height":1280,"url":"https:\/\/janofilters.com\/wp-content\/uploads\/2021\/01\/REVOLVER-MYSTERY.jpg","type":"image\/jpeg"}],"twitter_card":"summary_large_image","twitter_site":"@janofilters","twitter_misc":{"Est. reading time":"2 minutes"},"schema":{"@context":"https:\/\/schema.org","@graph":[{"@type":"WebPage","@id":"https:\/\/janofilters.com\/es\/product\/revolver-janofilters-original-recarga-de-25uds\/","url":"https:\/\/janofilters.com\/es\/product\/revolver-janofilters-original-recarga-de-25uds\/","name":"Rev\u00f3lver + Recarga de 25uds - Jano Filters","isPartOf":{"@id":"http:\/\/janofilters.com\/es\/#website"},"primaryImageOfPage":{"@id":"https:\/\/janofilters.com\/es\/product\/revolver-janofilters-original-recarga-de-25uds\/#primaryimage"},"image":{"@id":"https:\/\/janofilters.com\/es\/product\/revolver-janofilters-original-recarga-de-25uds\/#primaryimage"},"thumbnailUrl":"https:\/\/janofilters.com\/wp-content\/uploads\/2021\/01\/REVOLVER-MYSTERY-e1709748372467.jpg","datePublished":"2021-01-22T12:57:11+00:00","dateModified":"2026-04-02T12:59:18+00:00","breadcrumb":{"@id":"https:\/\/janofilters.com\/es\/product\/revolver-janofilters-original-recarga-de-25uds\/#breadcrumb"},"inLanguage":"en-US","potentialAction":[{"@type":"ReadAction","target":["https:\/\/janofilters.com\/es\/product\/revolver-janofilters-original-recarga-de-25uds\/"]}]},{"@type":"ImageObject","inLanguage":"en-US","@id":"https:\/\/janofilters.com\/es\/product\/revolver-janofilters-original-recarga-de-25uds\/#primaryimage","url":"https:\/\/janofilters.com\/wp-content\/uploads\/2021\/01\/REVOLVER-MYSTERY-e1709748372467.jpg","contentUrl":"https:\/\/janofilters.com\/wp-content\/uploads\/2021\/01\/REVOLVER-MYSTERY-e1709748372467.jpg","width":800,"height":800,"caption":"Revolver Mystery Jano Filters"},{"@type":"BreadcrumbList","@id":"https:\/\/janofilters.com\/es\/product\/revolver-janofilters-original-recarga-de-25uds\/#breadcrumb","itemListElement":[{"@type":"ListItem","position":1,"name":"Portada","item":"https:\/\/janofilters.com\/es\/"},{"@type":"ListItem","position":2,"name":"Shop","item":"https:\/\/janofilters.com\/es\/shop\/"},{"@type":"ListItem","position":3,"name":"Rev\u00f3lver + Recarga de 25uds"}]},{"@type":"WebSite","@id":"http:\/\/janofilters.com\/es\/#website","url":"http:\/\/janofilters.com\/es\/","name":"Jano Filters","description":"Dise\u00f1os e inventos 420 creados para compartir.","publisher":{"@id":"http:\/\/janofilters.com\/es\/#organization"},"potentialAction":[{"@type":"SearchAction","target":{"@type":"EntryPoint","urlTemplate":"http:\/\/janofilters.com\/es\/?s={search_term_string}"},"query-input":{"@type":"PropertyValueSpecification","valueRequired":true,"valueName":"search_term_string"}}],"inLanguage":"en-US"},{"@type":"Organization","@id":"http:\/\/janofilters.com\/es\/#organization","name":"Jano Filters","url":"http:\/\/janofilters.com\/es\/","logo":{"@type":"ImageObject","inLanguage":"en-US","@id":"http:\/\/janofilters.com\/es\/#\/schema\/logo\/image\/","url":"https:\/\/janofilters.com\/wp-content\/uploads\/2021\/01\/cropped-Logo_BN.png","contentUrl":"https:\/\/janofilters.com\/wp-content\/uploads\/2021\/01\/cropped-Logo_BN.png","width":268,"height":146,"caption":"Jano Filters"},"image":{"@id":"http:\/\/janofilters.com\/es\/#\/schema\/logo\/image\/"},"sameAs":["https:\/\/es-la.facebook.com\/janofilters\/","https:\/\/x.com\/janofilters","https:\/\/www.instagram.com\/janofilters\/","https:\/\/www.tiktok.com\/@janofactory","https:\/\/www.youtube.com\/channel\/UCGj3q5sMCCr2Tk6VwY838Nw"]}]}},"jetpack_sharing_enabled":false,"_links":{"self":[{"href":"https:\/\/janofilters.com\/en\/wp-json\/wp\/v2\/product\/652","targetHints":{"allow":["GET"]}}],"collection":[{"href":"https:\/\/janofilters.com\/en\/wp-json\/wp\/v2\/product"}],"about":[{"href":"https:\/\/janofilters.com\/en\/wp-json\/wp\/v2\/types\/product"}],"wp:featuredmedia":[{"embeddable":true,"href":"https:\/\/janofilters.com\/en\/wp-json\/wp\/v2\/media\/694"}],"wp:attachment":[{"href":"https:\/\/janofilters.com\/en\/wp-json\/wp\/v2\/media?parent=652"}],"wp:term":[{"taxonomy":"product_cat","embeddable":true,"href":"https:\/\/janofilters.com\/en\/wp-json\/wp\/v2\/product_cat?post=652"},{"taxonomy":"product_tag","embeddable":true,"href":"https:\/\/janofilters.com\/en\/wp-json\/wp\/v2\/product_tag?post=652"}],"curies":[{"name":"wp","href":"https:\/\/api.w.org\/{rel}","templated":true}]}}