{"id":873,"date":"2021-01-22T17:42:41","date_gmt":"2021-01-22T16:42:41","guid":{"rendered":"https:\/\/janofilters.com\/?post_type=product&#038;p=873"},"modified":"2024-05-15T12:42:52","modified_gmt":"2024-05-15T10:42:52","slug":"mystery-box","status":"publish","type":"product","link":"https:\/\/janofilters.com\/en\/product\/mystery-box\/","title":{"rendered":"MYSTERY BOX 2023"},"content":{"rendered":"<ul>\n<li><strong>Nueva Mystery Box <\/strong><em>f\u00f3rmula mejorada 2023*<\/em><\/li>\n<\/ul>\n<p class=\"translation-block\">Much more multicolor, more new shapes, special materials like wood and more chromatic effects <em>(photochromic, thermochromic of heat and cool, phosphorescent, fluorescent...),<\/em>achieving a higher % of surprises and craziness than ever before. Zero common JanoFilters for these new Mystery Boxes. And with a bit of luck, you will find prizes like rolling tips, refillable revolvers, #janorings or even a defilterer!<\/p>\n<p>&nbsp;<\/p>\n<ul>\n<li><strong><strong>We include the new Mystery Box BOLD and Mystery Box FAT<\/strong><\/strong><\/li>\n<\/ul>\n<p><strong><strong>We have created these new variants of Mystery Box for lovers of the fattest filters. The BOLD size (9x25mm) is the perfect size for A GREAT JOINT and if it is too small for those very special days... You can order JanoFilters FAT again! Yes! A Mystery Box of FAT and only FAT! 15 unique pieces of 11mm diameter mixing the best shapes with several exclusive color changes on each filter. Have you ever used the 100% of the paper? The JanoFilters FATs will test your paper and your rolling skills.&nbsp;<\/strong>\u00a0<\/strong><\/p>\n<p>&nbsp;<\/p>\n<p><em>Si te toca un premio como el anillo o rev\u00f3lver sorpresa o el desfiltrador, encontrar\u00e1s un m\u00ednimo de 25 filtros. Por eso en el estampado de la cajita podr\u00e1s ver que dice \u00ab25 filtros + sorpresas\u00bb, las sorpresas suelen ser filtros exclusivos con combinaciones de colores y formitas que nunca has visto llegando a 35-40uds dependiendo de cuan \u00fanicas\/artesanales sean las mezclas de colores, materiales y formas que te tocaron.<\/em><\/p>\n<p>The Mystery Box will be in constant change and evolution, it's the proposal that we make from Jano after the feedback received these years. With this format, we have created the vehicle with which to launch all the crazy things and inventions that come our way without the need to reconcile timings with stores and distributors and delay the innovation that we can really contribute in real time thanks to 3D printing. We have found the formula to make it 100% impossible for you to get two identical boxes. The key to never stop surprising, learning and improving our catalog. As you can see, none of this is for nothing.<\/p>\n<p>&nbsp;<\/p>\n<p>We hope you like it as much as the Jano team has liked conceptualizing, manufacturing and launching this new format!<\/p>\n<p>&nbsp;<\/p>\n<p>PS: We are looking forward to seeing your reactions and opinions as always &lt;3<\/p>","protected":false},"excerpt":{"rendered":"<p>Para este 2023 nos hemos propuesto elevar la cajita estrella de la casa. Hemos mejorado la f\u00f3rmula de rellenado misterioso para que TODO sean filtros de ediciones limitadas<\/p>","protected":false},"featured_media":666,"template":"","meta":{"site-sidebar-layout":"default","site-content-layout":"default","ast-site-content-layout":"default","site-content-style":"default","site-sidebar-style":"default","ast-global-header-display":"","ast-banner-title-visibility":"","ast-main-header-display":"","ast-hfb-above-header-display":"","ast-hfb-below-header-display":"","ast-hfb-mobile-header-display":"","site-post-title":"","ast-breadcrumbs-content":"","ast-featured-img":"","footer-sml-layout":"","theme-transparent-header-meta":"default","adv-header-id-meta":"","stick-header-meta":"default","header-above-stick-meta":"","header-main-stick-meta":"","header-below-stick-meta":"","astra-migrate-meta-layouts":"set","ast-page-background-enabled":"default","ast-page-background-meta":{"desktop":{"background-color":"","background-image":"","background-repeat":"repeat","background-position":"center center","background-size":"auto","background-attachment":"scroll","background-type":"","background-media":"","overlay-type":"","overlay-color":"","overlay-opacity":"","overlay-gradient":""},"tablet":{"background-color":"","background-image":"","background-repeat":"repeat","background-position":"center center","background-size":"auto","background-attachment":"scroll","background-type":"","background-media":"","overlay-type":"","overlay-color":"","overlay-opacity":"","overlay-gradient":""},"mobile":{"background-color":"","background-image":"","background-repeat":"repeat","background-position":"center center","background-size":"auto","background-attachment":"scroll","background-type":"","background-media":"","overlay-type":"","overlay-color":"","overlay-opacity":"","overlay-gradient":""}},"ast-content-background-meta":{"desktop":{"background-color":"var(--ast-global-color-5)","background-image":"","background-repeat":"repeat","background-position":"center center","background-size":"auto","background-attachment":"scroll","background-type":"","background-media":"","overlay-type":"","overlay-color":"","overlay-opacity":"","overlay-gradient":""},"tablet":{"background-color":"var(--ast-global-color-5)","background-image":"","background-repeat":"repeat","background-position":"center center","background-size":"auto","background-attachment":"scroll","background-type":"","background-media":"","overlay-type":"","overlay-color":"","overlay-opacity":"","overlay-gradient":""},"mobile":{"background-color":"var(--ast-global-color-5)","background-image":"","background-repeat":"repeat","background-position":"center center","background-size":"auto","background-attachment":"scroll","background-type":"","background-media":"","overlay-type":"","overlay-color":"","overlay-opacity":"","overlay-gradient":""}}},"product_cat":[104,111],"product_tag":[],"class_list":{"0":"post-873","1":"product","2":"type-product","3":"status-publish","4":"has-post-thumbnail","6":"product_cat-filtros-y-revolvers","7":"product_cat-mystery-boxes","8":"desktop-align-left","9":"tablet-align-left","10":"mobile-align-left","12":"first","13":"instock","14":"sale","15":"taxable","16":"shipping-taxable","17":"purchasable","18":"product-type-variable"},"yoast_head":"<!-- This site is optimized with the Yoast SEO plugin v25.3 - https:\/\/yoast.com\/wordpress\/plugins\/seo\/ -->\n<title>MYSTERY BOX 2023 - Jano Filters<\/title>\n<meta name=\"description\" content=\"Para este 2023 volvemos a elevar la cajita estrella. Mejoramos la f\u00f3rmula de rellenado misterioso para que TODO sean filtros de ediciones limitadas.\" \/>\n<meta name=\"robots\" content=\"index, follow, max-snippet:-1, max-image-preview:large, max-video-preview:-1\" \/>\n<link rel=\"canonical\" href=\"https:\/\/janofilters.com\/en\/product\/mystery-box\/\" \/>\n<meta property=\"og:locale\" content=\"en_US\" \/>\n<meta property=\"og:type\" content=\"article\" \/>\n<meta property=\"og:title\" content=\"MYSTERY BOX 2023 - Jano Filters\" \/>\n<meta property=\"og:description\" content=\"Para este 2023 volvemos a elevar la cajita estrella. Mejoramos la f\u00f3rmula de rellenado misterioso para que TODO sean filtros de ediciones limitadas.\" \/>\n<meta property=\"og:url\" content=\"https:\/\/janofilters.com\/en\/product\/mystery-box\/\" \/>\n<meta property=\"og:site_name\" content=\"Jano Filters\" \/>\n<meta property=\"article:publisher\" content=\"https:\/\/es-la.facebook.com\/janofilters\/\" \/>\n<meta property=\"article:modified_time\" content=\"2024-05-15T10:42:52+00:00\" \/>\n<meta property=\"og:image\" content=\"https:\/\/janofilters.com\/wp-content\/uploads\/2021\/01\/Mystery-Box-simple.png\" \/>\n\t<meta property=\"og:image:width\" content=\"1280\" \/>\n\t<meta property=\"og:image:height\" content=\"1280\" \/>\n\t<meta property=\"og:image:type\" content=\"image\/png\" \/>\n<meta name=\"twitter:card\" content=\"summary_large_image\" \/>\n<meta name=\"twitter:site\" content=\"@janofilters\" \/>\n<meta name=\"twitter:label1\" content=\"Est. reading time\" \/>\n\t<meta name=\"twitter:data1\" content=\"2 minutes\" \/>\n<script type=\"application\/ld+json\" class=\"yoast-schema-graph\">{\"@context\":\"https:\/\/schema.org\",\"@graph\":[{\"@type\":\"WebPage\",\"@id\":\"https:\/\/janofilters.com\/product\/mystery-box\/\",\"url\":\"https:\/\/janofilters.com\/product\/mystery-box\/\",\"name\":\"MYSTERY BOX 2023 - Jano Filters\",\"isPartOf\":{\"@id\":\"http:\/\/janofilters.com\/es\/#website\"},\"primaryImageOfPage\":{\"@id\":\"https:\/\/janofilters.com\/product\/mystery-box\/#primaryimage\"},\"image\":{\"@id\":\"https:\/\/janofilters.com\/product\/mystery-box\/#primaryimage\"},\"thumbnailUrl\":\"https:\/\/janofilters.com\/wp-content\/uploads\/2021\/01\/Mystery-Box-simple.png\",\"datePublished\":\"2021-01-22T16:42:41+00:00\",\"dateModified\":\"2024-05-15T10:42:52+00:00\",\"description\":\"Para este 2023 volvemos a elevar la cajita estrella. Mejoramos la f\u00f3rmula de rellenado misterioso para que TODO sean filtros de ediciones limitadas.\",\"breadcrumb\":{\"@id\":\"https:\/\/janofilters.com\/product\/mystery-box\/#breadcrumb\"},\"inLanguage\":\"en-US\",\"potentialAction\":[{\"@type\":\"ReadAction\",\"target\":[\"https:\/\/janofilters.com\/product\/mystery-box\/\"]}]},{\"@type\":\"ImageObject\",\"inLanguage\":\"en-US\",\"@id\":\"https:\/\/janofilters.com\/product\/mystery-box\/#primaryimage\",\"url\":\"https:\/\/janofilters.com\/wp-content\/uploads\/2021\/01\/Mystery-Box-simple.png\",\"contentUrl\":\"https:\/\/janofilters.com\/wp-content\/uploads\/2021\/01\/Mystery-Box-simple.png\",\"width\":1280,\"height\":1280,\"caption\":\"Cajita Mystery Box Jano Filters\"},{\"@type\":\"BreadcrumbList\",\"@id\":\"https:\/\/janofilters.com\/product\/mystery-box\/#breadcrumb\",\"itemListElement\":[{\"@type\":\"ListItem\",\"position\":1,\"name\":\"Portada\",\"item\":\"https:\/\/janofilters.com\/es\/\"},{\"@type\":\"ListItem\",\"position\":2,\"name\":\"Shop\",\"item\":\"https:\/\/janofilters.com\/es\/shop\/\"},{\"@type\":\"ListItem\",\"position\":3,\"name\":\"MYSTERY BOX 2023\"}]},{\"@type\":\"WebSite\",\"@id\":\"http:\/\/janofilters.com\/es\/#website\",\"url\":\"http:\/\/janofilters.com\/es\/\",\"name\":\"Jano Filters\",\"description\":\"Dise\u00f1os e inventos 420 creados para compartir.\",\"publisher\":{\"@id\":\"http:\/\/janofilters.com\/es\/#organization\"},\"potentialAction\":[{\"@type\":\"SearchAction\",\"target\":{\"@type\":\"EntryPoint\",\"urlTemplate\":\"http:\/\/janofilters.com\/es\/?s={search_term_string}\"},\"query-input\":{\"@type\":\"PropertyValueSpecification\",\"valueRequired\":true,\"valueName\":\"search_term_string\"}}],\"inLanguage\":\"en-US\"},{\"@type\":\"Organization\",\"@id\":\"http:\/\/janofilters.com\/es\/#organization\",\"name\":\"Jano Filters\",\"url\":\"http:\/\/janofilters.com\/es\/\",\"logo\":{\"@type\":\"ImageObject\",\"inLanguage\":\"en-US\",\"@id\":\"http:\/\/janofilters.com\/es\/#\/schema\/logo\/image\/\",\"url\":\"https:\/\/janofilters.com\/wp-content\/uploads\/2021\/01\/cropped-Logo_BN.png\",\"contentUrl\":\"https:\/\/janofilters.com\/wp-content\/uploads\/2021\/01\/cropped-Logo_BN.png\",\"width\":268,\"height\":146,\"caption\":\"Jano Filters\"},\"image\":{\"@id\":\"http:\/\/janofilters.com\/es\/#\/schema\/logo\/image\/\"},\"sameAs\":[\"https:\/\/es-la.facebook.com\/janofilters\/\",\"https:\/\/x.com\/janofilters\",\"https:\/\/www.instagram.com\/janofilters\/\",\"https:\/\/www.tiktok.com\/@janofactory\",\"https:\/\/www.youtube.com\/channel\/UCGj3q5sMCCr2Tk6VwY838Nw\"]}]}<\/script>\n<!-- \/ Yoast SEO plugin. -->","yoast_head_json":{"title":"MYSTERY BOX 2023 - Jano Filters","description":"Para este 2023 volvemos a elevar la cajita estrella. Mejoramos la f\u00f3rmula de rellenado misterioso para que TODO sean filtros de ediciones limitadas.","robots":{"index":"index","follow":"follow","max-snippet":"max-snippet:-1","max-image-preview":"max-image-preview:large","max-video-preview":"max-video-preview:-1"},"canonical":"https:\/\/janofilters.com\/en\/product\/mystery-box\/","og_locale":"en_US","og_type":"article","og_title":"MYSTERY BOX 2023 - Jano Filters","og_description":"Para este 2023 volvemos a elevar la cajita estrella. Mejoramos la f\u00f3rmula de rellenado misterioso para que TODO sean filtros de ediciones limitadas.","og_url":"https:\/\/janofilters.com\/en\/product\/mystery-box\/","og_site_name":"Jano Filters","article_publisher":"https:\/\/es-la.facebook.com\/janofilters\/","article_modified_time":"2024-05-15T10:42:52+00:00","og_image":[{"width":1280,"height":1280,"url":"https:\/\/janofilters.com\/wp-content\/uploads\/2021\/01\/Mystery-Box-simple.png","type":"image\/png"}],"twitter_card":"summary_large_image","twitter_site":"@janofilters","twitter_misc":{"Est. reading time":"2 minutes"},"schema":{"@context":"https:\/\/schema.org","@graph":[{"@type":"WebPage","@id":"https:\/\/janofilters.com\/product\/mystery-box\/","url":"https:\/\/janofilters.com\/product\/mystery-box\/","name":"MYSTERY BOX 2023 - Jano Filters","isPartOf":{"@id":"http:\/\/janofilters.com\/es\/#website"},"primaryImageOfPage":{"@id":"https:\/\/janofilters.com\/product\/mystery-box\/#primaryimage"},"image":{"@id":"https:\/\/janofilters.com\/product\/mystery-box\/#primaryimage"},"thumbnailUrl":"https:\/\/janofilters.com\/wp-content\/uploads\/2021\/01\/Mystery-Box-simple.png","datePublished":"2021-01-22T16:42:41+00:00","dateModified":"2024-05-15T10:42:52+00:00","description":"Para este 2023 volvemos a elevar la cajita estrella. Mejoramos la f\u00f3rmula de rellenado misterioso para que TODO sean filtros de ediciones limitadas.","breadcrumb":{"@id":"https:\/\/janofilters.com\/product\/mystery-box\/#breadcrumb"},"inLanguage":"en-US","potentialAction":[{"@type":"ReadAction","target":["https:\/\/janofilters.com\/product\/mystery-box\/"]}]},{"@type":"ImageObject","inLanguage":"en-US","@id":"https:\/\/janofilters.com\/product\/mystery-box\/#primaryimage","url":"https:\/\/janofilters.com\/wp-content\/uploads\/2021\/01\/Mystery-Box-simple.png","contentUrl":"https:\/\/janofilters.com\/wp-content\/uploads\/2021\/01\/Mystery-Box-simple.png","width":1280,"height":1280,"caption":"Cajita Mystery Box Jano Filters"},{"@type":"BreadcrumbList","@id":"https:\/\/janofilters.com\/product\/mystery-box\/#breadcrumb","itemListElement":[{"@type":"ListItem","position":1,"name":"Portada","item":"https:\/\/janofilters.com\/es\/"},{"@type":"ListItem","position":2,"name":"Shop","item":"https:\/\/janofilters.com\/es\/shop\/"},{"@type":"ListItem","position":3,"name":"MYSTERY BOX 2023"}]},{"@type":"WebSite","@id":"http:\/\/janofilters.com\/es\/#website","url":"http:\/\/janofilters.com\/es\/","name":"Jano Filters","description":"Dise\u00f1os e inventos 420 creados para compartir.","publisher":{"@id":"http:\/\/janofilters.com\/es\/#organization"},"potentialAction":[{"@type":"SearchAction","target":{"@type":"EntryPoint","urlTemplate":"http:\/\/janofilters.com\/es\/?s={search_term_string}"},"query-input":{"@type":"PropertyValueSpecification","valueRequired":true,"valueName":"search_term_string"}}],"inLanguage":"en-US"},{"@type":"Organization","@id":"http:\/\/janofilters.com\/es\/#organization","name":"Jano Filters","url":"http:\/\/janofilters.com\/es\/","logo":{"@type":"ImageObject","inLanguage":"en-US","@id":"http:\/\/janofilters.com\/es\/#\/schema\/logo\/image\/","url":"https:\/\/janofilters.com\/wp-content\/uploads\/2021\/01\/cropped-Logo_BN.png","contentUrl":"https:\/\/janofilters.com\/wp-content\/uploads\/2021\/01\/cropped-Logo_BN.png","width":268,"height":146,"caption":"Jano Filters"},"image":{"@id":"http:\/\/janofilters.com\/es\/#\/schema\/logo\/image\/"},"sameAs":["https:\/\/es-la.facebook.com\/janofilters\/","https:\/\/x.com\/janofilters","https:\/\/www.instagram.com\/janofilters\/","https:\/\/www.tiktok.com\/@janofactory","https:\/\/www.youtube.com\/channel\/UCGj3q5sMCCr2Tk6VwY838Nw"]}]}},"jetpack_sharing_enabled":true,"_links":{"self":[{"href":"https:\/\/janofilters.com\/en\/wp-json\/wp\/v2\/product\/873","targetHints":{"allow":["GET"]}}],"collection":[{"href":"https:\/\/janofilters.com\/en\/wp-json\/wp\/v2\/product"}],"about":[{"href":"https:\/\/janofilters.com\/en\/wp-json\/wp\/v2\/types\/product"}],"wp:featuredmedia":[{"embeddable":true,"href":"https:\/\/janofilters.com\/en\/wp-json\/wp\/v2\/media\/666"}],"wp:attachment":[{"href":"https:\/\/janofilters.com\/en\/wp-json\/wp\/v2\/media?parent=873"}],"wp:term":[{"taxonomy":"product_cat","embeddable":true,"href":"https:\/\/janofilters.com\/en\/wp-json\/wp\/v2\/product_cat?post=873"},{"taxonomy":"product_tag","embeddable":true,"href":"https:\/\/janofilters.com\/en\/wp-json\/wp\/v2\/product_tag?post=873"}],"curies":[{"name":"wp","href":"https:\/\/api.w.org\/{rel}","templated":true}]}}