{"id":9136,"date":"2023-05-04T12:52:41","date_gmt":"2023-05-04T10:52:41","guid":{"rendered":"https:\/\/janofilters.com\/?post_type=product&#038;p=9136"},"modified":"2024-12-13T10:06:30","modified_gmt":"2024-12-13T09:06:30","slug":"outlet-10box-el-jano-del-calamar","status":"publish","type":"product","link":"https:\/\/janofilters.com\/en\/product\/outlet-10box-el-jano-del-calamar\/","title":{"rendered":"OUTLET: 10BOX EL JANO DEL CALAMAR"},"content":{"rendered":"<p>Si no pudiste hacerte con la s\u00faper edici\u00f3n limitada que sacamos hace 2 a\u00f1os para Halloween&#8230; ahora tienes la oportunidad de hacerte con esta 10BOX de EL JANO DEL CALAMAR.<\/p>\n<p>&nbsp;<\/p>\n<p>\u00a1Todo lo del OUTLET estar\u00e1 rebajado hasta fin de existencias!<\/p>\n<p>***Unidades limitadas***<\/p>","protected":false},"excerpt":{"rendered":"<p>OUTLET: 10BOC EL JANO DEL CALAMAR<\/p>","protected":false},"featured_media":9144,"template":"","meta":{"site-sidebar-layout":"default","site-content-layout":"default","ast-site-content-layout":"default","site-content-style":"default","site-sidebar-style":"default","ast-global-header-display":"","ast-banner-title-visibility":"","ast-main-header-display":"","ast-hfb-above-header-display":"","ast-hfb-below-header-display":"","ast-hfb-mobile-header-display":"","site-post-title":"","ast-breadcrumbs-content":"","ast-featured-img":"","footer-sml-layout":"","theme-transparent-header-meta":"default","adv-header-id-meta":"","stick-header-meta":"default","header-above-stick-meta":"","header-main-stick-meta":"","header-below-stick-meta":"","astra-migrate-meta-layouts":"set","ast-page-background-enabled":"default","ast-page-background-meta":{"desktop":{"background-color":"","background-image":"","background-repeat":"repeat","background-position":"center center","background-size":"auto","background-attachment":"scroll","background-type":"","background-media":"","overlay-type":"","overlay-color":"","overlay-opacity":"","overlay-gradient":""},"tablet":{"background-color":"","background-image":"","background-repeat":"repeat","background-position":"center center","background-size":"auto","background-attachment":"scroll","background-type":"","background-media":"","overlay-type":"","overlay-color":"","overlay-opacity":"","overlay-gradient":""},"mobile":{"background-color":"","background-image":"","background-repeat":"repeat","background-position":"center center","background-size":"auto","background-attachment":"scroll","background-type":"","background-media":"","overlay-type":"","overlay-color":"","overlay-opacity":"","overlay-gradient":""}},"ast-content-background-meta":{"desktop":{"background-color":"var(--ast-global-color-5)","background-image":"","background-repeat":"repeat","background-position":"center center","background-size":"auto","background-attachment":"scroll","background-type":"","background-media":"","overlay-type":"","overlay-color":"","overlay-opacity":"","overlay-gradient":""},"tablet":{"background-color":"var(--ast-global-color-5)","background-image":"","background-repeat":"repeat","background-position":"center center","background-size":"auto","background-attachment":"scroll","background-type":"","background-media":"","overlay-type":"","overlay-color":"","overlay-opacity":"","overlay-gradient":""},"mobile":{"background-color":"var(--ast-global-color-5)","background-image":"","background-repeat":"repeat","background-position":"center center","background-size":"auto","background-attachment":"scroll","background-type":"","background-media":"","overlay-type":"","overlay-color":"","overlay-opacity":"","overlay-gradient":""}}},"product_cat":[110],"product_tag":[],"class_list":{"0":"post-9136","1":"product","2":"type-product","3":"status-publish","4":"has-post-thumbnail","6":"product_cat-outlet","7":"desktop-align-left","8":"tablet-align-left","9":"mobile-align-left","11":"first","12":"outofstock","13":"sale","14":"taxable","15":"shipping-taxable","16":"purchasable","17":"product-type-simple"},"yoast_head":"<!-- This site is optimized with the Yoast SEO plugin v25.3 - https:\/\/yoast.com\/wordpress\/plugins\/seo\/ -->\n<title>OUTLET: 10BOX EL JANO DEL CALAMAR - Jano Filters<\/title>\n<meta name=\"description\" content=\"Si no pudiste hacerte con la super edici\u00f3n limitada que sacamos hace 2 a\u00f1os para Halloween... ahora tienes la oportunidad de hacerte con esta 10BOX de EL JANO DEL CALAMAR.\" \/>\n<meta name=\"robots\" content=\"index, follow, max-snippet:-1, max-image-preview:large, max-video-preview:-1\" \/>\n<link rel=\"canonical\" href=\"https:\/\/janofilters.com\/en\/product\/outlet-10box-el-jano-del-calamar\/\" \/>\n<meta property=\"og:locale\" content=\"en_US\" \/>\n<meta property=\"og:type\" content=\"article\" \/>\n<meta property=\"og:title\" content=\"OUTLET: 10BOX EL JANO DEL CALAMAR - Jano Filters\" \/>\n<meta property=\"og:description\" content=\"Si no pudiste hacerte con la super edici\u00f3n limitada que sacamos hace 2 a\u00f1os para Halloween... ahora tienes la oportunidad de hacerte con esta 10BOX de EL JANO DEL CALAMAR.\" \/>\n<meta property=\"og:url\" content=\"https:\/\/janofilters.com\/en\/product\/outlet-10box-el-jano-del-calamar\/\" \/>\n<meta property=\"og:site_name\" content=\"Jano Filters\" \/>\n<meta property=\"article:publisher\" content=\"https:\/\/es-la.facebook.com\/janofilters\/\" \/>\n<meta property=\"article:modified_time\" content=\"2024-12-13T09:06:30+00:00\" \/>\n<meta property=\"og:image\" content=\"https:\/\/janofilters.com\/wp-content\/uploads\/2023\/05\/10BOX-CALAMAR-1.jpg\" \/>\n\t<meta property=\"og:image:width\" content=\"1480\" \/>\n\t<meta property=\"og:image:height\" content=\"1480\" \/>\n\t<meta property=\"og:image:type\" content=\"image\/jpeg\" \/>\n<meta name=\"twitter:card\" content=\"summary_large_image\" \/>\n<meta name=\"twitter:site\" content=\"@janofilters\" \/>\n<meta name=\"twitter:label1\" content=\"Est. reading time\" \/>\n\t<meta name=\"twitter:data1\" content=\"1 minute\" \/>\n<script type=\"application\/ld+json\" class=\"yoast-schema-graph\">{\"@context\":\"https:\/\/schema.org\",\"@graph\":[{\"@type\":\"WebPage\",\"@id\":\"https:\/\/janofilters.com\/product\/outlet-10box-el-jano-del-calamar\/\",\"url\":\"https:\/\/janofilters.com\/product\/outlet-10box-el-jano-del-calamar\/\",\"name\":\"OUTLET: 10BOX EL JANO DEL CALAMAR - Jano Filters\",\"isPartOf\":{\"@id\":\"http:\/\/janofilters.com\/es\/#website\"},\"primaryImageOfPage\":{\"@id\":\"https:\/\/janofilters.com\/product\/outlet-10box-el-jano-del-calamar\/#primaryimage\"},\"image\":{\"@id\":\"https:\/\/janofilters.com\/product\/outlet-10box-el-jano-del-calamar\/#primaryimage\"},\"thumbnailUrl\":\"https:\/\/janofilters.com\/wp-content\/uploads\/2023\/05\/10BOX-CALAMAR-1.jpg\",\"datePublished\":\"2023-05-04T10:52:41+00:00\",\"dateModified\":\"2024-12-13T09:06:30+00:00\",\"description\":\"Si no pudiste hacerte con la super edici\u00f3n limitada que sacamos hace 2 a\u00f1os para Halloween... ahora tienes la oportunidad de hacerte con esta 10BOX de EL JANO DEL CALAMAR.\",\"breadcrumb\":{\"@id\":\"https:\/\/janofilters.com\/product\/outlet-10box-el-jano-del-calamar\/#breadcrumb\"},\"inLanguage\":\"en-US\",\"potentialAction\":[{\"@type\":\"ReadAction\",\"target\":[\"https:\/\/janofilters.com\/product\/outlet-10box-el-jano-del-calamar\/\"]}]},{\"@type\":\"ImageObject\",\"inLanguage\":\"en-US\",\"@id\":\"https:\/\/janofilters.com\/product\/outlet-10box-el-jano-del-calamar\/#primaryimage\",\"url\":\"https:\/\/janofilters.com\/wp-content\/uploads\/2023\/05\/10BOX-CALAMAR-1.jpg\",\"contentUrl\":\"https:\/\/janofilters.com\/wp-content\/uploads\/2023\/05\/10BOX-CALAMAR-1.jpg\",\"width\":1480,\"height\":1480},{\"@type\":\"BreadcrumbList\",\"@id\":\"https:\/\/janofilters.com\/product\/outlet-10box-el-jano-del-calamar\/#breadcrumb\",\"itemListElement\":[{\"@type\":\"ListItem\",\"position\":1,\"name\":\"Portada\",\"item\":\"https:\/\/janofilters.com\/es\/\"},{\"@type\":\"ListItem\",\"position\":2,\"name\":\"Shop\",\"item\":\"https:\/\/janofilters.com\/es\/shop\/\"},{\"@type\":\"ListItem\",\"position\":3,\"name\":\"OUTLET: 10BOX EL JANO DEL CALAMAR\"}]},{\"@type\":\"WebSite\",\"@id\":\"http:\/\/janofilters.com\/es\/#website\",\"url\":\"http:\/\/janofilters.com\/es\/\",\"name\":\"Jano Filters\",\"description\":\"Dise\u00f1os e inventos 420 creados para compartir.\",\"publisher\":{\"@id\":\"http:\/\/janofilters.com\/es\/#organization\"},\"potentialAction\":[{\"@type\":\"SearchAction\",\"target\":{\"@type\":\"EntryPoint\",\"urlTemplate\":\"http:\/\/janofilters.com\/es\/?s={search_term_string}\"},\"query-input\":{\"@type\":\"PropertyValueSpecification\",\"valueRequired\":true,\"valueName\":\"search_term_string\"}}],\"inLanguage\":\"en-US\"},{\"@type\":\"Organization\",\"@id\":\"http:\/\/janofilters.com\/es\/#organization\",\"name\":\"Jano Filters\",\"url\":\"http:\/\/janofilters.com\/es\/\",\"logo\":{\"@type\":\"ImageObject\",\"inLanguage\":\"en-US\",\"@id\":\"http:\/\/janofilters.com\/es\/#\/schema\/logo\/image\/\",\"url\":\"https:\/\/janofilters.com\/wp-content\/uploads\/2021\/01\/cropped-Logo_BN.png\",\"contentUrl\":\"https:\/\/janofilters.com\/wp-content\/uploads\/2021\/01\/cropped-Logo_BN.png\",\"width\":268,\"height\":146,\"caption\":\"Jano Filters\"},\"image\":{\"@id\":\"http:\/\/janofilters.com\/es\/#\/schema\/logo\/image\/\"},\"sameAs\":[\"https:\/\/es-la.facebook.com\/janofilters\/\",\"https:\/\/x.com\/janofilters\",\"https:\/\/www.instagram.com\/janofilters\/\",\"https:\/\/www.tiktok.com\/@janofactory\",\"https:\/\/www.youtube.com\/channel\/UCGj3q5sMCCr2Tk6VwY838Nw\"]}]}<\/script>\n<!-- \/ Yoast SEO plugin. -->","yoast_head_json":{"title":"OUTLET: 10BOX EL JANO DEL CALAMAR - Jano Filters","description":"Si no pudiste hacerte con la super edici\u00f3n limitada que sacamos hace 2 a\u00f1os para Halloween... ahora tienes la oportunidad de hacerte con esta 10BOX de EL JANO DEL CALAMAR.","robots":{"index":"index","follow":"follow","max-snippet":"max-snippet:-1","max-image-preview":"max-image-preview:large","max-video-preview":"max-video-preview:-1"},"canonical":"https:\/\/janofilters.com\/en\/product\/outlet-10box-el-jano-del-calamar\/","og_locale":"en_US","og_type":"article","og_title":"OUTLET: 10BOX EL JANO DEL CALAMAR - Jano Filters","og_description":"Si no pudiste hacerte con la super edici\u00f3n limitada que sacamos hace 2 a\u00f1os para Halloween... ahora tienes la oportunidad de hacerte con esta 10BOX de EL JANO DEL CALAMAR.","og_url":"https:\/\/janofilters.com\/en\/product\/outlet-10box-el-jano-del-calamar\/","og_site_name":"Jano Filters","article_publisher":"https:\/\/es-la.facebook.com\/janofilters\/","article_modified_time":"2024-12-13T09:06:30+00:00","og_image":[{"width":1480,"height":1480,"url":"https:\/\/janofilters.com\/wp-content\/uploads\/2023\/05\/10BOX-CALAMAR-1.jpg","type":"image\/jpeg"}],"twitter_card":"summary_large_image","twitter_site":"@janofilters","twitter_misc":{"Est. reading time":"1 minute"},"schema":{"@context":"https:\/\/schema.org","@graph":[{"@type":"WebPage","@id":"https:\/\/janofilters.com\/product\/outlet-10box-el-jano-del-calamar\/","url":"https:\/\/janofilters.com\/product\/outlet-10box-el-jano-del-calamar\/","name":"OUTLET: 10BOX EL JANO DEL CALAMAR - Jano Filters","isPartOf":{"@id":"http:\/\/janofilters.com\/es\/#website"},"primaryImageOfPage":{"@id":"https:\/\/janofilters.com\/product\/outlet-10box-el-jano-del-calamar\/#primaryimage"},"image":{"@id":"https:\/\/janofilters.com\/product\/outlet-10box-el-jano-del-calamar\/#primaryimage"},"thumbnailUrl":"https:\/\/janofilters.com\/wp-content\/uploads\/2023\/05\/10BOX-CALAMAR-1.jpg","datePublished":"2023-05-04T10:52:41+00:00","dateModified":"2024-12-13T09:06:30+00:00","description":"Si no pudiste hacerte con la super edici\u00f3n limitada que sacamos hace 2 a\u00f1os para Halloween... ahora tienes la oportunidad de hacerte con esta 10BOX de EL JANO DEL CALAMAR.","breadcrumb":{"@id":"https:\/\/janofilters.com\/product\/outlet-10box-el-jano-del-calamar\/#breadcrumb"},"inLanguage":"en-US","potentialAction":[{"@type":"ReadAction","target":["https:\/\/janofilters.com\/product\/outlet-10box-el-jano-del-calamar\/"]}]},{"@type":"ImageObject","inLanguage":"en-US","@id":"https:\/\/janofilters.com\/product\/outlet-10box-el-jano-del-calamar\/#primaryimage","url":"https:\/\/janofilters.com\/wp-content\/uploads\/2023\/05\/10BOX-CALAMAR-1.jpg","contentUrl":"https:\/\/janofilters.com\/wp-content\/uploads\/2023\/05\/10BOX-CALAMAR-1.jpg","width":1480,"height":1480},{"@type":"BreadcrumbList","@id":"https:\/\/janofilters.com\/product\/outlet-10box-el-jano-del-calamar\/#breadcrumb","itemListElement":[{"@type":"ListItem","position":1,"name":"Portada","item":"https:\/\/janofilters.com\/es\/"},{"@type":"ListItem","position":2,"name":"Shop","item":"https:\/\/janofilters.com\/es\/shop\/"},{"@type":"ListItem","position":3,"name":"OUTLET: 10BOX EL JANO DEL CALAMAR"}]},{"@type":"WebSite","@id":"http:\/\/janofilters.com\/es\/#website","url":"http:\/\/janofilters.com\/es\/","name":"Jano Filters","description":"Dise\u00f1os e inventos 420 creados para compartir.","publisher":{"@id":"http:\/\/janofilters.com\/es\/#organization"},"potentialAction":[{"@type":"SearchAction","target":{"@type":"EntryPoint","urlTemplate":"http:\/\/janofilters.com\/es\/?s={search_term_string}"},"query-input":{"@type":"PropertyValueSpecification","valueRequired":true,"valueName":"search_term_string"}}],"inLanguage":"en-US"},{"@type":"Organization","@id":"http:\/\/janofilters.com\/es\/#organization","name":"Jano Filters","url":"http:\/\/janofilters.com\/es\/","logo":{"@type":"ImageObject","inLanguage":"en-US","@id":"http:\/\/janofilters.com\/es\/#\/schema\/logo\/image\/","url":"https:\/\/janofilters.com\/wp-content\/uploads\/2021\/01\/cropped-Logo_BN.png","contentUrl":"https:\/\/janofilters.com\/wp-content\/uploads\/2021\/01\/cropped-Logo_BN.png","width":268,"height":146,"caption":"Jano Filters"},"image":{"@id":"http:\/\/janofilters.com\/es\/#\/schema\/logo\/image\/"},"sameAs":["https:\/\/es-la.facebook.com\/janofilters\/","https:\/\/x.com\/janofilters","https:\/\/www.instagram.com\/janofilters\/","https:\/\/www.tiktok.com\/@janofactory","https:\/\/www.youtube.com\/channel\/UCGj3q5sMCCr2Tk6VwY838Nw"]}]}},"jetpack_sharing_enabled":true,"_links":{"self":[{"href":"https:\/\/janofilters.com\/en\/wp-json\/wp\/v2\/product\/9136","targetHints":{"allow":["GET"]}}],"collection":[{"href":"https:\/\/janofilters.com\/en\/wp-json\/wp\/v2\/product"}],"about":[{"href":"https:\/\/janofilters.com\/en\/wp-json\/wp\/v2\/types\/product"}],"wp:featuredmedia":[{"embeddable":true,"href":"https:\/\/janofilters.com\/en\/wp-json\/wp\/v2\/media\/9144"}],"wp:attachment":[{"href":"https:\/\/janofilters.com\/en\/wp-json\/wp\/v2\/media?parent=9136"}],"wp:term":[{"taxonomy":"product_cat","embeddable":true,"href":"https:\/\/janofilters.com\/en\/wp-json\/wp\/v2\/product_cat?post=9136"},{"taxonomy":"product_tag","embeddable":true,"href":"https:\/\/janofilters.com\/en\/wp-json\/wp\/v2\/product_tag?post=9136"}],"curies":[{"name":"wp","href":"https:\/\/api.w.org\/{rel}","templated":true}]}}