{"id":9318,"date":"2023-05-23T13:33:29","date_gmt":"2023-05-23T11:33:29","guid":{"rendered":"https:\/\/janofilters.com\/?post_type=product&#038;p=9318"},"modified":"2023-09-05T15:36:27","modified_gmt":"2023-09-05T13:36:27","slug":"janofilters-xxl","status":"publish","type":"product","link":"https:\/\/janofilters.com\/en\/product\/janofilters-xxl\/","title":{"rendered":"JANOFILTERS XXL"},"content":{"rendered":"<p>Al final casi que nos oblig\u00e1is a subirlo, nos lo ped\u00eds a diario por las redes&#8230; \u00bfQu\u00e9 quer\u00e9is filtros m\u00e1s grandes?<\/p>\n<p>&nbsp;<\/p>\n<p>PUES AQU\u00cd LOS TEN\u00c9IS \ud83d\ude09\u00a0 5 colores a elegir<\/p>\n<p>Medidas: 2,2 cm x 6 cm<\/p>\n<p>&nbsp;<\/p>\n<p>\u00abNo nos hacemos responsables de lo que pase\u00bb<\/p>","protected":false},"excerpt":{"rendered":"<p>&nbsp;<\/p>\n<p>NO NOS HACEMOS RESPONSABLES DEL USO QUE LE DEIS \ud83d\ude09<\/p>","protected":false},"featured_media":9331,"template":"","meta":{"site-sidebar-layout":"no-sidebar","site-content-layout":"default","ast-site-content-layout":"default","site-content-style":"default","site-sidebar-style":"default","ast-global-header-display":"","ast-banner-title-visibility":"","ast-main-header-display":"","ast-hfb-above-header-display":"","ast-hfb-below-header-display":"","ast-hfb-mobile-header-display":"","site-post-title":"","ast-breadcrumbs-content":"","ast-featured-img":"","footer-sml-layout":"","theme-transparent-header-meta":"default","adv-header-id-meta":"","stick-header-meta":"","header-above-stick-meta":"","header-main-stick-meta":"","header-below-stick-meta":"","astra-migrate-meta-layouts":"set","ast-page-background-enabled":"default","ast-page-background-meta":{"desktop":{"background-color":"","background-image":"","background-repeat":"repeat","background-position":"center center","background-size":"auto","background-attachment":"scroll","background-type":"","background-media":"","overlay-type":"","overlay-color":"","overlay-opacity":"","overlay-gradient":""},"tablet":{"background-color":"","background-image":"","background-repeat":"repeat","background-position":"center center","background-size":"auto","background-attachment":"scroll","background-type":"","background-media":"","overlay-type":"","overlay-color":"","overlay-opacity":"","overlay-gradient":""},"mobile":{"background-color":"","background-image":"","background-repeat":"repeat","background-position":"center center","background-size":"auto","background-attachment":"scroll","background-type":"","background-media":"","overlay-type":"","overlay-color":"","overlay-opacity":"","overlay-gradient":""}},"ast-content-background-meta":{"desktop":{"background-color":"var(--ast-global-color-5)","background-image":"","background-repeat":"repeat","background-position":"center center","background-size":"auto","background-attachment":"scroll","background-type":"","background-media":"","overlay-type":"","overlay-color":"","overlay-opacity":"","overlay-gradient":""},"tablet":{"background-color":"var(--ast-global-color-5)","background-image":"","background-repeat":"repeat","background-position":"center center","background-size":"auto","background-attachment":"scroll","background-type":"","background-media":"","overlay-type":"","overlay-color":"","overlay-opacity":"","overlay-gradient":""},"mobile":{"background-color":"var(--ast-global-color-5)","background-image":"","background-repeat":"repeat","background-position":"center center","background-size":"auto","background-attachment":"scroll","background-type":"","background-media":"","overlay-type":"","overlay-color":"","overlay-opacity":"","overlay-gradient":""}}},"product_cat":[110],"product_tag":[],"class_list":{"0":"post-9318","1":"product","2":"type-product","3":"status-publish","4":"has-post-thumbnail","6":"product_cat-outlet","7":"desktop-align-left","8":"tablet-align-left","9":"mobile-align-left","11":"first","12":"instock","13":"taxable","14":"shipping-taxable","15":"purchasable","16":"product-type-variable"},"yoast_head":"<!-- This site is optimized with the Yoast SEO plugin v25.3 - https:\/\/yoast.com\/wordpress\/plugins\/seo\/ -->\n<title>JANOFILTERS XXL - Jano Filters<\/title>\n<meta name=\"description\" content=\"Al final casi que nos oblig\u00e1is a subirlo, no lo ped\u00eds a diario por las redes... \u00bfQu\u00e9 quer\u00e9is filtros m\u00e1s grandes?PUES AQU\u00cd LOS TEN\u00c9IS \ud83d\ude09\" \/>\n<meta name=\"robots\" content=\"index, follow, max-snippet:-1, max-image-preview:large, max-video-preview:-1\" \/>\n<link rel=\"canonical\" href=\"https:\/\/janofilters.com\/en\/product\/janofilters-xxl\/\" \/>\n<meta property=\"og:locale\" content=\"en_US\" \/>\n<meta property=\"og:type\" content=\"article\" \/>\n<meta property=\"og:title\" content=\"JANOFILTERS XXL - Jano Filters\" \/>\n<meta property=\"og:description\" content=\"Al final casi que nos oblig\u00e1is a subirlo, no lo ped\u00eds a diario por las redes... \u00bfQu\u00e9 quer\u00e9is filtros m\u00e1s grandes?PUES AQU\u00cd LOS TEN\u00c9IS \ud83d\ude09\" \/>\n<meta property=\"og:url\" content=\"https:\/\/janofilters.com\/en\/product\/janofilters-xxl\/\" \/>\n<meta property=\"og:site_name\" content=\"Jano Filters\" \/>\n<meta property=\"article:publisher\" content=\"https:\/\/es-la.facebook.com\/janofilters\/\" \/>\n<meta property=\"article:modified_time\" content=\"2023-09-05T13:36:27+00:00\" \/>\n<meta property=\"og:image\" content=\"https:\/\/janofilters.com\/wp-content\/uploads\/2023\/05\/boquillas-xxl-delante.jpg\" \/>\n\t<meta property=\"og:image:width\" content=\"1417\" \/>\n\t<meta property=\"og:image:height\" content=\"1417\" \/>\n\t<meta property=\"og:image:type\" content=\"image\/jpeg\" \/>\n<meta name=\"twitter:card\" content=\"summary_large_image\" \/>\n<meta name=\"twitter:site\" content=\"@janofilters\" \/>\n<meta name=\"twitter:label1\" content=\"Est. reading time\" \/>\n\t<meta name=\"twitter:data1\" content=\"1 minute\" \/>\n<script type=\"application\/ld+json\" class=\"yoast-schema-graph\">{\"@context\":\"https:\/\/schema.org\",\"@graph\":[{\"@type\":\"WebPage\",\"@id\":\"https:\/\/janofilters.com\/product\/janofilters-xxl\/\",\"url\":\"https:\/\/janofilters.com\/product\/janofilters-xxl\/\",\"name\":\"JANOFILTERS XXL - Jano Filters\",\"isPartOf\":{\"@id\":\"http:\/\/janofilters.com\/es\/#website\"},\"primaryImageOfPage\":{\"@id\":\"https:\/\/janofilters.com\/product\/janofilters-xxl\/#primaryimage\"},\"image\":{\"@id\":\"https:\/\/janofilters.com\/product\/janofilters-xxl\/#primaryimage\"},\"thumbnailUrl\":\"https:\/\/janofilters.com\/wp-content\/uploads\/2023\/05\/boquillas-xxl-delante.jpg\",\"datePublished\":\"2023-05-23T11:33:29+00:00\",\"dateModified\":\"2023-09-05T13:36:27+00:00\",\"description\":\"Al final casi que nos oblig\u00e1is a subirlo, no lo ped\u00eds a diario por las redes... \u00bfQu\u00e9 quer\u00e9is filtros m\u00e1s grandes?PUES AQU\u00cd LOS TEN\u00c9IS \ud83d\ude09\",\"breadcrumb\":{\"@id\":\"https:\/\/janofilters.com\/product\/janofilters-xxl\/#breadcrumb\"},\"inLanguage\":\"en-US\",\"potentialAction\":[{\"@type\":\"ReadAction\",\"target\":[\"https:\/\/janofilters.com\/product\/janofilters-xxl\/\"]}]},{\"@type\":\"ImageObject\",\"inLanguage\":\"en-US\",\"@id\":\"https:\/\/janofilters.com\/product\/janofilters-xxl\/#primaryimage\",\"url\":\"https:\/\/janofilters.com\/wp-content\/uploads\/2023\/05\/boquillas-xxl-delante.jpg\",\"contentUrl\":\"https:\/\/janofilters.com\/wp-content\/uploads\/2023\/05\/boquillas-xxl-delante.jpg\",\"width\":1417,\"height\":1417},{\"@type\":\"BreadcrumbList\",\"@id\":\"https:\/\/janofilters.com\/product\/janofilters-xxl\/#breadcrumb\",\"itemListElement\":[{\"@type\":\"ListItem\",\"position\":1,\"name\":\"Portada\",\"item\":\"https:\/\/janofilters.com\/es\/\"},{\"@type\":\"ListItem\",\"position\":2,\"name\":\"Shop\",\"item\":\"https:\/\/janofilters.com\/es\/shop\/\"},{\"@type\":\"ListItem\",\"position\":3,\"name\":\"JANOFILTERS XXL\"}]},{\"@type\":\"WebSite\",\"@id\":\"http:\/\/janofilters.com\/es\/#website\",\"url\":\"http:\/\/janofilters.com\/es\/\",\"name\":\"Jano Filters\",\"description\":\"Dise\u00f1os e inventos 420 creados para compartir.\",\"publisher\":{\"@id\":\"http:\/\/janofilters.com\/es\/#organization\"},\"potentialAction\":[{\"@type\":\"SearchAction\",\"target\":{\"@type\":\"EntryPoint\",\"urlTemplate\":\"http:\/\/janofilters.com\/es\/?s={search_term_string}\"},\"query-input\":{\"@type\":\"PropertyValueSpecification\",\"valueRequired\":true,\"valueName\":\"search_term_string\"}}],\"inLanguage\":\"en-US\"},{\"@type\":\"Organization\",\"@id\":\"http:\/\/janofilters.com\/es\/#organization\",\"name\":\"Jano Filters\",\"url\":\"http:\/\/janofilters.com\/es\/\",\"logo\":{\"@type\":\"ImageObject\",\"inLanguage\":\"en-US\",\"@id\":\"http:\/\/janofilters.com\/es\/#\/schema\/logo\/image\/\",\"url\":\"https:\/\/janofilters.com\/wp-content\/uploads\/2021\/01\/cropped-Logo_BN.png\",\"contentUrl\":\"https:\/\/janofilters.com\/wp-content\/uploads\/2021\/01\/cropped-Logo_BN.png\",\"width\":268,\"height\":146,\"caption\":\"Jano Filters\"},\"image\":{\"@id\":\"http:\/\/janofilters.com\/es\/#\/schema\/logo\/image\/\"},\"sameAs\":[\"https:\/\/es-la.facebook.com\/janofilters\/\",\"https:\/\/x.com\/janofilters\",\"https:\/\/www.instagram.com\/janofilters\/\",\"https:\/\/www.tiktok.com\/@janofactory\",\"https:\/\/www.youtube.com\/channel\/UCGj3q5sMCCr2Tk6VwY838Nw\"]}]}<\/script>\n<!-- \/ Yoast SEO plugin. -->","yoast_head_json":{"title":"JANOFILTERS XXL - Jano Filters","description":"Al final casi que nos oblig\u00e1is a subirlo, no lo ped\u00eds a diario por las redes... \u00bfQu\u00e9 quer\u00e9is filtros m\u00e1s grandes?PUES AQU\u00cd LOS TEN\u00c9IS \ud83d\ude09","robots":{"index":"index","follow":"follow","max-snippet":"max-snippet:-1","max-image-preview":"max-image-preview:large","max-video-preview":"max-video-preview:-1"},"canonical":"https:\/\/janofilters.com\/en\/product\/janofilters-xxl\/","og_locale":"en_US","og_type":"article","og_title":"JANOFILTERS XXL - Jano Filters","og_description":"Al final casi que nos oblig\u00e1is a subirlo, no lo ped\u00eds a diario por las redes... \u00bfQu\u00e9 quer\u00e9is filtros m\u00e1s grandes?PUES AQU\u00cd LOS TEN\u00c9IS \ud83d\ude09","og_url":"https:\/\/janofilters.com\/en\/product\/janofilters-xxl\/","og_site_name":"Jano Filters","article_publisher":"https:\/\/es-la.facebook.com\/janofilters\/","article_modified_time":"2023-09-05T13:36:27+00:00","og_image":[{"width":1417,"height":1417,"url":"https:\/\/janofilters.com\/wp-content\/uploads\/2023\/05\/boquillas-xxl-delante.jpg","type":"image\/jpeg"}],"twitter_card":"summary_large_image","twitter_site":"@janofilters","twitter_misc":{"Est. reading time":"1 minute"},"schema":{"@context":"https:\/\/schema.org","@graph":[{"@type":"WebPage","@id":"https:\/\/janofilters.com\/product\/janofilters-xxl\/","url":"https:\/\/janofilters.com\/product\/janofilters-xxl\/","name":"JANOFILTERS XXL - Jano Filters","isPartOf":{"@id":"http:\/\/janofilters.com\/es\/#website"},"primaryImageOfPage":{"@id":"https:\/\/janofilters.com\/product\/janofilters-xxl\/#primaryimage"},"image":{"@id":"https:\/\/janofilters.com\/product\/janofilters-xxl\/#primaryimage"},"thumbnailUrl":"https:\/\/janofilters.com\/wp-content\/uploads\/2023\/05\/boquillas-xxl-delante.jpg","datePublished":"2023-05-23T11:33:29+00:00","dateModified":"2023-09-05T13:36:27+00:00","description":"Al final casi que nos oblig\u00e1is a subirlo, no lo ped\u00eds a diario por las redes... \u00bfQu\u00e9 quer\u00e9is filtros m\u00e1s grandes?PUES AQU\u00cd LOS TEN\u00c9IS \ud83d\ude09","breadcrumb":{"@id":"https:\/\/janofilters.com\/product\/janofilters-xxl\/#breadcrumb"},"inLanguage":"en-US","potentialAction":[{"@type":"ReadAction","target":["https:\/\/janofilters.com\/product\/janofilters-xxl\/"]}]},{"@type":"ImageObject","inLanguage":"en-US","@id":"https:\/\/janofilters.com\/product\/janofilters-xxl\/#primaryimage","url":"https:\/\/janofilters.com\/wp-content\/uploads\/2023\/05\/boquillas-xxl-delante.jpg","contentUrl":"https:\/\/janofilters.com\/wp-content\/uploads\/2023\/05\/boquillas-xxl-delante.jpg","width":1417,"height":1417},{"@type":"BreadcrumbList","@id":"https:\/\/janofilters.com\/product\/janofilters-xxl\/#breadcrumb","itemListElement":[{"@type":"ListItem","position":1,"name":"Portada","item":"https:\/\/janofilters.com\/es\/"},{"@type":"ListItem","position":2,"name":"Shop","item":"https:\/\/janofilters.com\/es\/shop\/"},{"@type":"ListItem","position":3,"name":"JANOFILTERS XXL"}]},{"@type":"WebSite","@id":"http:\/\/janofilters.com\/es\/#website","url":"http:\/\/janofilters.com\/es\/","name":"Jano Filters","description":"Dise\u00f1os e inventos 420 creados para compartir.","publisher":{"@id":"http:\/\/janofilters.com\/es\/#organization"},"potentialAction":[{"@type":"SearchAction","target":{"@type":"EntryPoint","urlTemplate":"http:\/\/janofilters.com\/es\/?s={search_term_string}"},"query-input":{"@type":"PropertyValueSpecification","valueRequired":true,"valueName":"search_term_string"}}],"inLanguage":"en-US"},{"@type":"Organization","@id":"http:\/\/janofilters.com\/es\/#organization","name":"Jano Filters","url":"http:\/\/janofilters.com\/es\/","logo":{"@type":"ImageObject","inLanguage":"en-US","@id":"http:\/\/janofilters.com\/es\/#\/schema\/logo\/image\/","url":"https:\/\/janofilters.com\/wp-content\/uploads\/2021\/01\/cropped-Logo_BN.png","contentUrl":"https:\/\/janofilters.com\/wp-content\/uploads\/2021\/01\/cropped-Logo_BN.png","width":268,"height":146,"caption":"Jano Filters"},"image":{"@id":"http:\/\/janofilters.com\/es\/#\/schema\/logo\/image\/"},"sameAs":["https:\/\/es-la.facebook.com\/janofilters\/","https:\/\/x.com\/janofilters","https:\/\/www.instagram.com\/janofilters\/","https:\/\/www.tiktok.com\/@janofactory","https:\/\/www.youtube.com\/channel\/UCGj3q5sMCCr2Tk6VwY838Nw"]}]}},"jetpack_sharing_enabled":true,"_links":{"self":[{"href":"https:\/\/janofilters.com\/en\/wp-json\/wp\/v2\/product\/9318","targetHints":{"allow":["GET"]}}],"collection":[{"href":"https:\/\/janofilters.com\/en\/wp-json\/wp\/v2\/product"}],"about":[{"href":"https:\/\/janofilters.com\/en\/wp-json\/wp\/v2\/types\/product"}],"wp:featuredmedia":[{"embeddable":true,"href":"https:\/\/janofilters.com\/en\/wp-json\/wp\/v2\/media\/9331"}],"wp:attachment":[{"href":"https:\/\/janofilters.com\/en\/wp-json\/wp\/v2\/media?parent=9318"}],"wp:term":[{"taxonomy":"product_cat","embeddable":true,"href":"https:\/\/janofilters.com\/en\/wp-json\/wp\/v2\/product_cat?post=9318"},{"taxonomy":"product_tag","embeddable":true,"href":"https:\/\/janofilters.com\/en\/wp-json\/wp\/v2\/product_tag?post=9318"}],"curies":[{"name":"wp","href":"https:\/\/api.w.org\/{rel}","templated":true}]}}