{"id":978,"date":"2021-01-22T19:00:00","date_gmt":"2021-01-22T18:00:00","guid":{"rendered":"https:\/\/janofilters.com\/?post_type=product&#038;p=978"},"modified":"2023-02-28T13:39:34","modified_gmt":"2023-02-28T12:39:34","slug":"battle-kit","status":"publish","type":"product","link":"https:\/\/janofilters.com\/en\/product\/battle-kit\/","title":{"rendered":"UPDATED BATTLE KIT"},"content":{"rendered":"<ul>\n<li><strong>Caja de 75uds JanoFilters + papel de liar JanoFilters X MonkeyKingBCN + kit rev\u00f3lver con 25 filtros <\/strong>que suman m\u00e1s de 100 Janos que empaquetaremos con un mix de las 12 Originals mezclados random. Si tienes alguna preferencia en tu mix, puedes especific\u00e1rnoslo en el cuadro de texto del carrito una vez a\u00f1adido el producto; <em>\u00abquiero que mi caja de 75uds sean 50 diamond y 25 dollar\u00bb.<\/em><\/li>\n<\/ul>\n<p>Pensado para quien tenga muy claro cu\u00e1l es su forma de filtro favorita, pero tambi\u00e9n quiera llev\u00e1rselos c\u00f3modamente a todas partes.<\/p>\n<p><strong>D\u00e9jate la caja de 75 en casa y ll\u00e9vate tus Janos en un elegante, futur\u00edstico y resistente estuche, <\/strong>pensado para caber en cualquier ri\u00f1onera, bolso y bolsillo. Tan peque\u00f1o que lo puedes<strong> abrir y cerrar con una sola mano <\/strong>y, gracias al potente im\u00e1n de neodimio, el gesto de girar la tapa o las ganas con las que se cierra\u00a0solo en un\u00a0<em>\u201cclack\u201d<\/em> se vuelven gustosos y casi adictivo.<\/p>\n<p>&nbsp;<\/p>\n<p>If you want to see our new unbleached, king size rolling paper you can click here:<\/p>\n<p><a href=\"https:\/\/janofilters.com\/en\/product\/papel-king-size-unbleached-janofilters-monkeykingbcn\/\"><a href=\"https:\/\/janofilters.com\/en\/product\/papel-king-size-unbleached-janofilters-monkeykingbcn\/\">https:\/\/janofilters.com\/en\/product\/papel-king-size-unbleached-janofilters-monkeykingbcn\/<\/a><\/a><\/p>","protected":false},"excerpt":{"rendered":"<p>Caja de 75uds JanoFilters + papel de liar JanoFilters X MonkeyKingBCN + kit rev\u00f3lver con 25 filtros que suman m\u00e1s de 100 Janos que empaquetaremos con un mix de las 12 Originals mezclados random. Si tienes alguna preferencia en tu mix, puedes especific\u00e1rnoslo en el cuadro de texto del carrito una vez a\u00f1adido el producto; [&hellip;]<\/p>","protected":false},"featured_media":5920,"template":"","meta":{"site-sidebar-layout":"no-sidebar","site-content-layout":"plain-container","ast-site-content-layout":"","site-content-style":"default","site-sidebar-style":"default","ast-global-header-display":"","ast-banner-title-visibility":"","ast-main-header-display":"","ast-hfb-above-header-display":"","ast-hfb-below-header-display":"","ast-hfb-mobile-header-display":"","site-post-title":"","ast-breadcrumbs-content":"","ast-featured-img":"","footer-sml-layout":"","theme-transparent-header-meta":"default","adv-header-id-meta":"","stick-header-meta":"","header-above-stick-meta":"","header-main-stick-meta":"","header-below-stick-meta":"","astra-migrate-meta-layouts":"default","ast-page-background-enabled":"default","ast-page-background-meta":{"desktop":{"background-color":"","background-image":"","background-repeat":"repeat","background-position":"center center","background-size":"auto","background-attachment":"scroll","background-type":"","background-media":"","overlay-type":"","overlay-color":"","overlay-opacity":"","overlay-gradient":""},"tablet":{"background-color":"","background-image":"","background-repeat":"repeat","background-position":"center center","background-size":"auto","background-attachment":"scroll","background-type":"","background-media":"","overlay-type":"","overlay-color":"","overlay-opacity":"","overlay-gradient":""},"mobile":{"background-color":"","background-image":"","background-repeat":"repeat","background-position":"center center","background-size":"auto","background-attachment":"scroll","background-type":"","background-media":"","overlay-type":"","overlay-color":"","overlay-opacity":"","overlay-gradient":""}},"ast-content-background-meta":{"desktop":{"background-color":"var(--ast-global-color-5)","background-image":"","background-repeat":"repeat","background-position":"center center","background-size":"auto","background-attachment":"scroll","background-type":"","background-media":"","overlay-type":"","overlay-color":"","overlay-opacity":"","overlay-gradient":""},"tablet":{"background-color":"var(--ast-global-color-5)","background-image":"","background-repeat":"repeat","background-position":"center center","background-size":"auto","background-attachment":"scroll","background-type":"","background-media":"","overlay-type":"","overlay-color":"","overlay-opacity":"","overlay-gradient":""},"mobile":{"background-color":"var(--ast-global-color-5)","background-image":"","background-repeat":"repeat","background-position":"center center","background-size":"auto","background-attachment":"scroll","background-type":"","background-media":"","overlay-type":"","overlay-color":"","overlay-opacity":"","overlay-gradient":""}}},"product_cat":[108],"product_tag":[],"class_list":{"0":"post-978","1":"product","2":"type-product","3":"status-publish","4":"has-post-thumbnail","6":"product_cat-kits-de-ahorro","7":"desktop-align-left","8":"tablet-align-left","9":"mobile-align-left","11":"first","12":"instock","13":"taxable","14":"shipping-taxable","15":"purchasable","16":"product-type-variable"},"yoast_head":"<!-- This site is optimized with the Yoast SEO plugin v25.3 - https:\/\/yoast.com\/wordpress\/plugins\/seo\/ -->\n<title>BATTLE KIT - Jano Filters<\/title>\n<meta name=\"description\" content=\"Caja de 75uds JanoFilters + papel de liar JanoFilters + rev\u00f3lver. D\u00e9jate la caja de 75 en casa y ll\u00e9vate tus Janos en un elegante y futur\u00edstico estuche.\" \/>\n<meta name=\"robots\" content=\"index, follow, max-snippet:-1, max-image-preview:large, max-video-preview:-1\" \/>\n<link rel=\"canonical\" href=\"https:\/\/janofilters.com\/en\/product\/battle-kit\/\" \/>\n<meta property=\"og:locale\" content=\"en_US\" \/>\n<meta property=\"og:type\" content=\"article\" \/>\n<meta property=\"og:title\" content=\"BATTLE KIT - Jano Filters\" \/>\n<meta property=\"og:description\" content=\"Caja de 75uds JanoFilters + papel de liar JanoFilters + rev\u00f3lver. D\u00e9jate la caja de 75 en casa y ll\u00e9vate tus Janos en un elegante y futur\u00edstico estuche.\" \/>\n<meta property=\"og:url\" content=\"https:\/\/janofilters.com\/en\/product\/battle-kit\/\" \/>\n<meta property=\"og:site_name\" content=\"Jano Filters\" \/>\n<meta property=\"article:publisher\" content=\"https:\/\/es-la.facebook.com\/janofilters\/\" \/>\n<meta property=\"article:modified_time\" content=\"2023-02-28T12:39:34+00:00\" \/>\n<meta property=\"og:image\" content=\"https:\/\/janofilters.com\/wp-content\/uploads\/2021\/01\/battle-kit-con-75boxld-1-scaled-1.jpg\" \/>\n\t<meta property=\"og:image:width\" content=\"1280\" \/>\n\t<meta property=\"og:image:height\" content=\"1280\" \/>\n\t<meta property=\"og:image:type\" content=\"image\/jpeg\" \/>\n<meta name=\"twitter:card\" content=\"summary_large_image\" \/>\n<meta name=\"twitter:site\" content=\"@janofilters\" \/>\n<meta name=\"twitter:label1\" content=\"Est. reading time\" \/>\n\t<meta name=\"twitter:data1\" content=\"1 minute\" \/>\n<script type=\"application\/ld+json\" class=\"yoast-schema-graph\">{\"@context\":\"https:\/\/schema.org\",\"@graph\":[{\"@type\":\"WebPage\",\"@id\":\"https:\/\/janofilters.com\/product\/battle-kit\/\",\"url\":\"https:\/\/janofilters.com\/product\/battle-kit\/\",\"name\":\"BATTLE KIT - Jano Filters\",\"isPartOf\":{\"@id\":\"http:\/\/janofilters.com\/es\/#website\"},\"primaryImageOfPage\":{\"@id\":\"https:\/\/janofilters.com\/product\/battle-kit\/#primaryimage\"},\"image\":{\"@id\":\"https:\/\/janofilters.com\/product\/battle-kit\/#primaryimage\"},\"thumbnailUrl\":\"https:\/\/janofilters.com\/wp-content\/uploads\/2021\/01\/battle-kit-con-75boxld-1-scaled-1.jpg\",\"datePublished\":\"2021-01-22T18:00:00+00:00\",\"dateModified\":\"2023-02-28T12:39:34+00:00\",\"description\":\"Caja de 75uds JanoFilters + papel de liar JanoFilters + rev\u00f3lver. D\u00e9jate la caja de 75 en casa y ll\u00e9vate tus Janos en un elegante y futur\u00edstico estuche.\",\"breadcrumb\":{\"@id\":\"https:\/\/janofilters.com\/product\/battle-kit\/#breadcrumb\"},\"inLanguage\":\"en-US\",\"potentialAction\":[{\"@type\":\"ReadAction\",\"target\":[\"https:\/\/janofilters.com\/product\/battle-kit\/\"]}]},{\"@type\":\"ImageObject\",\"inLanguage\":\"en-US\",\"@id\":\"https:\/\/janofilters.com\/product\/battle-kit\/#primaryimage\",\"url\":\"https:\/\/janofilters.com\/wp-content\/uploads\/2021\/01\/battle-kit-con-75boxld-1-scaled-1.jpg\",\"contentUrl\":\"https:\/\/janofilters.com\/wp-content\/uploads\/2021\/01\/battle-kit-con-75boxld-1-scaled-1.jpg\",\"width\":1280,\"height\":1280,\"caption\":\"Battle Kit Jano Filters\"},{\"@type\":\"BreadcrumbList\",\"@id\":\"https:\/\/janofilters.com\/product\/battle-kit\/#breadcrumb\",\"itemListElement\":[{\"@type\":\"ListItem\",\"position\":1,\"name\":\"Portada\",\"item\":\"https:\/\/janofilters.com\/es\/\"},{\"@type\":\"ListItem\",\"position\":2,\"name\":\"Shop\",\"item\":\"https:\/\/janofilters.com\/es\/shop\/\"},{\"@type\":\"ListItem\",\"position\":3,\"name\":\"BATTLE KIT\"}]},{\"@type\":\"WebSite\",\"@id\":\"http:\/\/janofilters.com\/es\/#website\",\"url\":\"http:\/\/janofilters.com\/es\/\",\"name\":\"Jano Filters\",\"description\":\"Dise\u00f1os e inventos 420 creados para compartir.\",\"publisher\":{\"@id\":\"http:\/\/janofilters.com\/es\/#organization\"},\"potentialAction\":[{\"@type\":\"SearchAction\",\"target\":{\"@type\":\"EntryPoint\",\"urlTemplate\":\"http:\/\/janofilters.com\/es\/?s={search_term_string}\"},\"query-input\":{\"@type\":\"PropertyValueSpecification\",\"valueRequired\":true,\"valueName\":\"search_term_string\"}}],\"inLanguage\":\"en-US\"},{\"@type\":\"Organization\",\"@id\":\"http:\/\/janofilters.com\/es\/#organization\",\"name\":\"Jano Filters\",\"url\":\"http:\/\/janofilters.com\/es\/\",\"logo\":{\"@type\":\"ImageObject\",\"inLanguage\":\"en-US\",\"@id\":\"http:\/\/janofilters.com\/es\/#\/schema\/logo\/image\/\",\"url\":\"https:\/\/janofilters.com\/wp-content\/uploads\/2021\/01\/cropped-Logo_BN.png\",\"contentUrl\":\"https:\/\/janofilters.com\/wp-content\/uploads\/2021\/01\/cropped-Logo_BN.png\",\"width\":268,\"height\":146,\"caption\":\"Jano Filters\"},\"image\":{\"@id\":\"http:\/\/janofilters.com\/es\/#\/schema\/logo\/image\/\"},\"sameAs\":[\"https:\/\/es-la.facebook.com\/janofilters\/\",\"https:\/\/x.com\/janofilters\",\"https:\/\/www.instagram.com\/janofilters\/\",\"https:\/\/www.tiktok.com\/@janofactory\",\"https:\/\/www.youtube.com\/channel\/UCGj3q5sMCCr2Tk6VwY838Nw\"]}]}<\/script>\n<!-- \/ Yoast SEO plugin. -->","yoast_head_json":{"title":"BATTLE KIT - Jano Filters","description":"Caja de 75uds JanoFilters + papel de liar JanoFilters + rev\u00f3lver. D\u00e9jate la caja de 75 en casa y ll\u00e9vate tus Janos en un elegante y futur\u00edstico estuche.","robots":{"index":"index","follow":"follow","max-snippet":"max-snippet:-1","max-image-preview":"max-image-preview:large","max-video-preview":"max-video-preview:-1"},"canonical":"https:\/\/janofilters.com\/en\/product\/battle-kit\/","og_locale":"en_US","og_type":"article","og_title":"BATTLE KIT - Jano Filters","og_description":"Caja de 75uds JanoFilters + papel de liar JanoFilters + rev\u00f3lver. D\u00e9jate la caja de 75 en casa y ll\u00e9vate tus Janos en un elegante y futur\u00edstico estuche.","og_url":"https:\/\/janofilters.com\/en\/product\/battle-kit\/","og_site_name":"Jano Filters","article_publisher":"https:\/\/es-la.facebook.com\/janofilters\/","article_modified_time":"2023-02-28T12:39:34+00:00","og_image":[{"width":1280,"height":1280,"url":"https:\/\/janofilters.com\/wp-content\/uploads\/2021\/01\/battle-kit-con-75boxld-1-scaled-1.jpg","type":"image\/jpeg"}],"twitter_card":"summary_large_image","twitter_site":"@janofilters","twitter_misc":{"Est. reading time":"1 minute"},"schema":{"@context":"https:\/\/schema.org","@graph":[{"@type":"WebPage","@id":"https:\/\/janofilters.com\/product\/battle-kit\/","url":"https:\/\/janofilters.com\/product\/battle-kit\/","name":"BATTLE KIT - Jano Filters","isPartOf":{"@id":"http:\/\/janofilters.com\/es\/#website"},"primaryImageOfPage":{"@id":"https:\/\/janofilters.com\/product\/battle-kit\/#primaryimage"},"image":{"@id":"https:\/\/janofilters.com\/product\/battle-kit\/#primaryimage"},"thumbnailUrl":"https:\/\/janofilters.com\/wp-content\/uploads\/2021\/01\/battle-kit-con-75boxld-1-scaled-1.jpg","datePublished":"2021-01-22T18:00:00+00:00","dateModified":"2023-02-28T12:39:34+00:00","description":"Caja de 75uds JanoFilters + papel de liar JanoFilters + rev\u00f3lver. D\u00e9jate la caja de 75 en casa y ll\u00e9vate tus Janos en un elegante y futur\u00edstico estuche.","breadcrumb":{"@id":"https:\/\/janofilters.com\/product\/battle-kit\/#breadcrumb"},"inLanguage":"en-US","potentialAction":[{"@type":"ReadAction","target":["https:\/\/janofilters.com\/product\/battle-kit\/"]}]},{"@type":"ImageObject","inLanguage":"en-US","@id":"https:\/\/janofilters.com\/product\/battle-kit\/#primaryimage","url":"https:\/\/janofilters.com\/wp-content\/uploads\/2021\/01\/battle-kit-con-75boxld-1-scaled-1.jpg","contentUrl":"https:\/\/janofilters.com\/wp-content\/uploads\/2021\/01\/battle-kit-con-75boxld-1-scaled-1.jpg","width":1280,"height":1280,"caption":"Battle Kit Jano Filters"},{"@type":"BreadcrumbList","@id":"https:\/\/janofilters.com\/product\/battle-kit\/#breadcrumb","itemListElement":[{"@type":"ListItem","position":1,"name":"Portada","item":"https:\/\/janofilters.com\/es\/"},{"@type":"ListItem","position":2,"name":"Shop","item":"https:\/\/janofilters.com\/es\/shop\/"},{"@type":"ListItem","position":3,"name":"BATTLE KIT"}]},{"@type":"WebSite","@id":"http:\/\/janofilters.com\/es\/#website","url":"http:\/\/janofilters.com\/es\/","name":"Jano Filters","description":"Dise\u00f1os e inventos 420 creados para compartir.","publisher":{"@id":"http:\/\/janofilters.com\/es\/#organization"},"potentialAction":[{"@type":"SearchAction","target":{"@type":"EntryPoint","urlTemplate":"http:\/\/janofilters.com\/es\/?s={search_term_string}"},"query-input":{"@type":"PropertyValueSpecification","valueRequired":true,"valueName":"search_term_string"}}],"inLanguage":"en-US"},{"@type":"Organization","@id":"http:\/\/janofilters.com\/es\/#organization","name":"Jano Filters","url":"http:\/\/janofilters.com\/es\/","logo":{"@type":"ImageObject","inLanguage":"en-US","@id":"http:\/\/janofilters.com\/es\/#\/schema\/logo\/image\/","url":"https:\/\/janofilters.com\/wp-content\/uploads\/2021\/01\/cropped-Logo_BN.png","contentUrl":"https:\/\/janofilters.com\/wp-content\/uploads\/2021\/01\/cropped-Logo_BN.png","width":268,"height":146,"caption":"Jano Filters"},"image":{"@id":"http:\/\/janofilters.com\/es\/#\/schema\/logo\/image\/"},"sameAs":["https:\/\/es-la.facebook.com\/janofilters\/","https:\/\/x.com\/janofilters","https:\/\/www.instagram.com\/janofilters\/","https:\/\/www.tiktok.com\/@janofactory","https:\/\/www.youtube.com\/channel\/UCGj3q5sMCCr2Tk6VwY838Nw"]}]}},"jetpack_sharing_enabled":true,"_links":{"self":[{"href":"https:\/\/janofilters.com\/en\/wp-json\/wp\/v2\/product\/978","targetHints":{"allow":["GET"]}}],"collection":[{"href":"https:\/\/janofilters.com\/en\/wp-json\/wp\/v2\/product"}],"about":[{"href":"https:\/\/janofilters.com\/en\/wp-json\/wp\/v2\/types\/product"}],"wp:featuredmedia":[{"embeddable":true,"href":"https:\/\/janofilters.com\/en\/wp-json\/wp\/v2\/media\/5920"}],"wp:attachment":[{"href":"https:\/\/janofilters.com\/en\/wp-json\/wp\/v2\/media?parent=978"}],"wp:term":[{"taxonomy":"product_cat","embeddable":true,"href":"https:\/\/janofilters.com\/en\/wp-json\/wp\/v2\/product_cat?post=978"},{"taxonomy":"product_tag","embeddable":true,"href":"https:\/\/janofilters.com\/en\/wp-json\/wp\/v2\/product_tag?post=978"}],"curies":[{"name":"wp","href":"https:\/\/api.w.org\/{rel}","templated":true}]}}