{"id":2051,"date":"2021-01-24T16:31:15","date_gmt":"2021-01-24T15:31:15","guid":{"rendered":"https:\/\/janofilters.com\/?page_id=2051"},"modified":"2025-04-12T19:33:32","modified_gmt":"2025-04-12T17:33:32","slug":"nuestra-historia","status":"publish","type":"page","link":"https:\/\/janofilters.com\/es\/nuestra-historia\/","title":{"rendered":"NUESTRA HISTORIA"},"content":{"rendered":"\t\t<div data-elementor-type=\"wp-page\" data-elementor-id=\"2051\" class=\"elementor elementor-2051\">\n\t\t\t\t\t\t<section class=\"elementor-section elementor-top-section elementor-element elementor-element-50127fb elementor-section-boxed elementor-section-height-default elementor-section-height-default\" data-id=\"50127fb\" data-element_type=\"section\">\n\t\t\t\t\t\t<div class=\"elementor-container elementor-column-gap-default\">\n\t\t\t\t\t<div class=\"elementor-column elementor-col-100 elementor-top-column elementor-element elementor-element-c740222\" data-id=\"c740222\" data-element_type=\"column\">\n\t\t\t<div class=\"elementor-widget-wrap elementor-element-populated\">\n\t\t\t\t\t\t<div class=\"elementor-element elementor-element-c265f09 elementor-widget elementor-widget-text-editor\" data-id=\"c265f09\" data-element_type=\"widget\" data-widget_type=\"text-editor.default\">\n\t\t\t\t<div class=\"elementor-widget-container\">\n\t\t\t\t\t\t\t\t\t<h1 style=\"text-align: center;\">Boquillas reutilizables y accesorios sostenibles para fumar \u2013 Jano Filters<\/h1><h2 style=\"text-align: center;\">Qui\u00e9nes somos<\/h2><h3 class=\"\" data-start=\"316\" data-end=\"373\"><img decoding=\"async\" class=\"emoji lazyload\" role=\"img\" draggable=\"false\" data-src=\"https:\/\/s.w.org\/images\/core\/emoji\/15.0.3\/svg\/1f331.svg\" alt=\"\ud83c\udf31\" src=\"data:image\/gif;base64,R0lGODlhAQABAAAAACH5BAEKAAEALAAAAAABAAEAAAICTAEAOw==\" \/> Innovaci\u00f3n, sostenibilidad y estilo en cada calada<\/h3><p class=\"\" data-start=\"375\" data-end=\"752\"><strong data-start=\"375\" data-end=\"391\">Jano Filters<\/strong> es una empresa espa\u00f1ola pionera en la fabricaci\u00f3n de <strong data-start=\"445\" data-end=\"483\">boquillas reutilizables para fumar<\/strong>, creadas con un fuerte compromiso hacia el medio ambiente y el dise\u00f1o original. Utilizamos <strong data-start=\"575\" data-end=\"596\">PLA biodegradable<\/strong>, un pol\u00edmero de origen vegetal derivado del almid\u00f3n de ma\u00edz o la ca\u00f1a de az\u00facar, que convierte nuestros filtros en una alternativa ecol\u00f3gica y responsable.<\/p><p class=\"\" data-start=\"375\" data-end=\"752\"><span style=\"font-style: inherit; font-weight: inherit;\">\u00a0<\/span><\/p><p class=\"\" data-start=\"375\" data-end=\"752\"><span style=\"font-style: inherit; font-weight: inherit;\">Cada filtro de Jano Filters cuenta con un <\/span><strong style=\"font-style: inherit;\" data-start=\"998\" data-end=\"1037\">dise\u00f1o \u00fanico y color identificativo<\/strong><span style=\"font-style: inherit; font-weight: inherit;\">, disponible en una colecci\u00f3n de 12 modelos con s\u00edmbolos como la carita sonriente, la ola o el infinito y puedes encontrar nuestras boquillas en varios tama\u00f1os.<\/span><\/p><p class=\"\" data-start=\"375\" data-end=\"752\"><span style=\"font-style: inherit; font-weight: inherit;\">\u00a0<\/span><\/p><p class=\"\" data-start=\"1143\" data-end=\"1237\">\u00a0<\/p><p class=\"\" data-start=\"1143\" data-end=\"1237\">Adem\u00e1s, ampliamos la experiencia con una l\u00ednea de productos y <strong data-start=\"1205\" data-end=\"1234\">accesorios para fumadores<\/strong>:<\/p><ul data-start=\"1238\" data-end=\"1633\"><li class=\"\" data-start=\"1238\" data-end=\"1304\"><p data-start=\"1240\" data-end=\"1304\"><strong data-start=\"1240\" data-end=\"1262\">Filtros de cristal<\/strong> (en colaboraci\u00f3n con Filter Art Glass).<\/p><\/li><li class=\"\" data-start=\"1305\" data-end=\"1372\"><p class=\"\" data-start=\"1307\" data-end=\"1372\"><strong data-start=\"1307\" data-end=\"1325\">Desfiltradores<\/strong>, <strong data-start=\"1327\" data-end=\"1338\">anillos<\/strong> y <strong data-start=\"1341\" data-end=\"1369\">colgantes personalizados<\/strong>.<\/p><\/li><li class=\"\" data-start=\"1373\" data-end=\"1462\"><p class=\"\" data-start=\"1375\" data-end=\"1462\"><strong data-start=\"1375\" data-end=\"1412\">Bandejas l\u00fadicas como la GameTray<\/strong>, una mezcla de funcionalidad y entretenimiento.<\/p><\/li><li class=\"\" data-start=\"1463\" data-end=\"1558\"><p class=\"\" data-start=\"1465\" data-end=\"1558\"><strong data-start=\"1465\" data-end=\"1485\">Papeles de fumar<\/strong> y <strong data-start=\"1488\" data-end=\"1518\">cartoncilos personalizados<\/strong>, en colaboraci\u00f3n con Monkey King BCN.<\/p><\/li><li class=\"\" data-start=\"1559\" data-end=\"1633\"><p class=\"\" data-start=\"1561\" data-end=\"1633\">Ediciones limitadas, lanzamientos especiales y cajas con dise\u00f1os \u00fanicos.<\/p><\/li><\/ul><p class=\"\" data-start=\"1635\" data-end=\"1822\">Nuestros productos est\u00e1n disponibles tanto en nuestra <strong data-start=\"1689\" data-end=\"1714\">tienda online oficial<\/strong> como en <strong data-start=\"1723\" data-end=\"1769\">growshops y puntos de venta especializados<\/strong><span style=\"font-style: inherit; font-weight: inherit;\">.<\/span><\/p><p class=\"\" data-start=\"1635\" data-end=\"1822\"><span style=\"font-style: inherit; font-weight: inherit;\">\u00a0<\/span><\/p><p class=\"\" data-start=\"1824\" data-end=\"1934\">En Jano Filters no solo fabricamos filtros: <strong data-start=\"1868\" data-end=\"1931\">dise\u00f1amos experiencias sostenibles, creativas y conscientes<\/strong>.<\/p>\t\t\t\t\t\t\t\t<\/div>\n\t\t\t\t<\/div>\n\t\t\t\t<div class=\"elementor-element elementor-element-bbf79af elementor-align-center elementor-widget elementor-widget-button\" data-id=\"bbf79af\" data-element_type=\"widget\" data-widget_type=\"button.default\">\n\t\t\t\t<div class=\"elementor-widget-container\">\n\t\t\t\t\t\t\t\t\t<div class=\"elementor-button-wrapper\">\n\t\t\t\t\t<a class=\"elementor-button elementor-button-link elementor-size-sm\" href=\"https:\/\/janofilters.com\/\">\n\t\t\t\t\t\t<span class=\"elementor-button-content-wrapper\">\n\t\t\t\t\t\t\t\t\t<span class=\"elementor-button-text\">\u00a1COMPRAR YA!<\/span>\n\t\t\t\t\t<\/span>\n\t\t\t\t\t<\/a>\n\t\t\t\t<\/div>\n\t\t\t\t\t\t\t\t<\/div>\n\t\t\t\t<\/div>\n\t\t\t\t\t<\/div>\n\t\t<\/div>\n\t\t\t\t\t<\/div>\n\t\t<\/section>\n\t\t\t\t<\/div>\n\t\t","protected":false},"excerpt":{"rendered":"<p>Boquillas reutilizables y accesorios sostenibles para fumar \u2013 Jano Filters Qui\u00e9nes somos Innovaci\u00f3n, sostenibilidad y estilo en cada calada Jano Filters es una empresa espa\u00f1ola pionera en la fabricaci\u00f3n de boquillas reutilizables para fumar, creadas con un fuerte compromiso hacia el medio ambiente y el dise\u00f1o original. Utilizamos PLA biodegradable, un pol\u00edmero de origen vegetal [&hellip;]<\/p>\n","protected":false},"author":1,"featured_media":0,"parent":0,"menu_order":0,"comment_status":"closed","ping_status":"closed","template":"","meta":{"site-sidebar-layout":"no-sidebar","site-content-layout":"page-builder","ast-site-content-layout":"full-width-container","site-content-style":"unboxed","site-sidebar-style":"unboxed","ast-global-header-display":"","ast-banner-title-visibility":"","ast-main-header-display":"","ast-hfb-above-header-display":"","ast-hfb-below-header-display":"","ast-hfb-mobile-header-display":"","site-post-title":"disabled","ast-breadcrumbs-content":"","ast-featured-img":"disabled","footer-sml-layout":"","theme-transparent-header-meta":"default","adv-header-id-meta":"","stick-header-meta":"","header-above-stick-meta":"","header-main-stick-meta":"","header-below-stick-meta":"","astra-migrate-meta-layouts":"set","ast-page-background-enabled":"default","ast-page-background-meta":{"desktop":{"background-color":"","background-image":"","background-repeat":"repeat","background-position":"center center","background-size":"auto","background-attachment":"scroll","background-type":"","background-media":"","overlay-type":"","overlay-color":"","overlay-opacity":"","overlay-gradient":""},"tablet":{"background-color":"","background-image":"","background-repeat":"repeat","background-position":"center center","background-size":"auto","background-attachment":"scroll","background-type":"","background-media":"","overlay-type":"","overlay-color":"","overlay-opacity":"","overlay-gradient":""},"mobile":{"background-color":"","background-image":"","background-repeat":"repeat","background-position":"center center","background-size":"auto","background-attachment":"scroll","background-type":"","background-media":"","overlay-type":"","overlay-color":"","overlay-opacity":"","overlay-gradient":""}},"ast-content-background-meta":{"desktop":{"background-color":"var(--ast-global-color-5)","background-image":"","background-repeat":"repeat","background-position":"center center","background-size":"auto","background-attachment":"scroll","background-type":"","background-media":"","overlay-type":"","overlay-color":"","overlay-opacity":"","overlay-gradient":""},"tablet":{"background-color":"var(--ast-global-color-5)","background-image":"","background-repeat":"repeat","background-position":"center center","background-size":"auto","background-attachment":"scroll","background-type":"","background-media":"","overlay-type":"","overlay-color":"","overlay-opacity":"","overlay-gradient":""},"mobile":{"background-color":"var(--ast-global-color-5)","background-image":"","background-repeat":"repeat","background-position":"center center","background-size":"auto","background-attachment":"scroll","background-type":"","background-media":"","overlay-type":"","overlay-color":"","overlay-opacity":"","overlay-gradient":""}},"footnotes":""},"class_list":["post-2051","page","type-page","status-publish","hentry"],"yoast_head":"<!-- This site is optimized with the Yoast SEO plugin v25.3 - https:\/\/yoast.com\/wordpress\/plugins\/seo\/ -->\n<title>Jano Filters \u00b7 Boquillas reutilizables ecol\u00f3gicas y originales<\/title>\n<meta name=\"description\" content=\"Boquillas reutilizables de PLA, filtros \u00fanicos y accesorios sostenibles para fumar. Dise\u00f1os originales, ecol\u00f3gicos y disponibles en nuestra tienda online.\" \/>\n<meta name=\"robots\" content=\"index, follow, max-snippet:-1, max-image-preview:large, max-video-preview:-1\" \/>\n<link rel=\"canonical\" href=\"https:\/\/janofilters.com\/es\/nuestra-historia\/\" \/>\n<meta property=\"og:locale\" content=\"es_ES\" \/>\n<meta property=\"og:type\" content=\"article\" \/>\n<meta property=\"og:title\" content=\"Jano Filters \u00b7 Boquillas reutilizables ecol\u00f3gicas y originales\" \/>\n<meta property=\"og:description\" content=\"Boquillas reutilizables de PLA, filtros \u00fanicos y accesorios sostenibles para fumar. Dise\u00f1os originales, ecol\u00f3gicos y disponibles en nuestra tienda online.\" \/>\n<meta property=\"og:url\" content=\"https:\/\/janofilters.com\/es\/nuestra-historia\/\" \/>\n<meta property=\"og:site_name\" content=\"Jano Filters\" \/>\n<meta property=\"article:publisher\" content=\"https:\/\/es-la.facebook.com\/janofilters\/\" \/>\n<meta property=\"article:modified_time\" content=\"2025-04-12T17:33:32+00:00\" \/>\n<meta property=\"og:image\" content=\"https:\/\/s.w.org\/images\/core\/emoji\/15.0.3\/svg\/1f331.svg\" \/>\n<meta name=\"twitter:card\" content=\"summary_large_image\" \/>\n<meta name=\"twitter:site\" content=\"@janofilters\" \/>\n<meta name=\"twitter:label1\" content=\"Tiempo de lectura\" \/>\n\t<meta name=\"twitter:data1\" content=\"2 minutos\" \/>\n<script type=\"application\/ld+json\" class=\"yoast-schema-graph\">{\"@context\":\"https:\/\/schema.org\",\"@graph\":[{\"@type\":\"WebPage\",\"@id\":\"https:\/\/janofilters.com\/nuestra-historia\/\",\"url\":\"https:\/\/janofilters.com\/nuestra-historia\/\",\"name\":\"Jano Filters \u00b7 Boquillas reutilizables ecol\u00f3gicas y originales\",\"isPartOf\":{\"@id\":\"http:\/\/janofilters.com\/es\/#website\"},\"primaryImageOfPage\":{\"@id\":\"https:\/\/janofilters.com\/nuestra-historia\/#primaryimage\"},\"image\":{\"@id\":\"https:\/\/janofilters.com\/nuestra-historia\/#primaryimage\"},\"thumbnailUrl\":\"https:\/\/s.w.org\/images\/core\/emoji\/15.0.3\/svg\/1f331.svg\",\"datePublished\":\"2021-01-24T15:31:15+00:00\",\"dateModified\":\"2025-04-12T17:33:32+00:00\",\"description\":\"Boquillas reutilizables de PLA, filtros \u00fanicos y accesorios sostenibles para fumar. Dise\u00f1os originales, ecol\u00f3gicos y disponibles en nuestra tienda online.\",\"breadcrumb\":{\"@id\":\"https:\/\/janofilters.com\/nuestra-historia\/#breadcrumb\"},\"inLanguage\":\"es\",\"potentialAction\":[{\"@type\":\"ReadAction\",\"target\":[\"https:\/\/janofilters.com\/nuestra-historia\/\"]}]},{\"@type\":\"ImageObject\",\"inLanguage\":\"es\",\"@id\":\"https:\/\/janofilters.com\/nuestra-historia\/#primaryimage\",\"url\":\"https:\/\/s.w.org\/images\/core\/emoji\/15.0.3\/svg\/1f331.svg\",\"contentUrl\":\"https:\/\/s.w.org\/images\/core\/emoji\/15.0.3\/svg\/1f331.svg\"},{\"@type\":\"BreadcrumbList\",\"@id\":\"https:\/\/janofilters.com\/nuestra-historia\/#breadcrumb\",\"itemListElement\":[{\"@type\":\"ListItem\",\"position\":1,\"name\":\"Portada\",\"item\":\"https:\/\/janofilters.com\/es\/\"},{\"@type\":\"ListItem\",\"position\":2,\"name\":\"NUESTRA HISTORIA\"}]},{\"@type\":\"WebSite\",\"@id\":\"http:\/\/janofilters.com\/es\/#website\",\"url\":\"http:\/\/janofilters.com\/es\/\",\"name\":\"Jano Filters\",\"description\":\"Dise\u00f1os e inventos 420 creados para compartir.\",\"publisher\":{\"@id\":\"http:\/\/janofilters.com\/es\/#organization\"},\"potentialAction\":[{\"@type\":\"SearchAction\",\"target\":{\"@type\":\"EntryPoint\",\"urlTemplate\":\"http:\/\/janofilters.com\/es\/?s={search_term_string}\"},\"query-input\":{\"@type\":\"PropertyValueSpecification\",\"valueRequired\":true,\"valueName\":\"search_term_string\"}}],\"inLanguage\":\"es\"},{\"@type\":\"Organization\",\"@id\":\"http:\/\/janofilters.com\/es\/#organization\",\"name\":\"Jano Filters\",\"url\":\"http:\/\/janofilters.com\/es\/\",\"logo\":{\"@type\":\"ImageObject\",\"inLanguage\":\"es\",\"@id\":\"http:\/\/janofilters.com\/es\/#\/schema\/logo\/image\/\",\"url\":\"https:\/\/janofilters.com\/wp-content\/uploads\/2021\/01\/cropped-Logo_BN.png\",\"contentUrl\":\"https:\/\/janofilters.com\/wp-content\/uploads\/2021\/01\/cropped-Logo_BN.png\",\"width\":268,\"height\":146,\"caption\":\"Jano Filters\"},\"image\":{\"@id\":\"http:\/\/janofilters.com\/es\/#\/schema\/logo\/image\/\"},\"sameAs\":[\"https:\/\/es-la.facebook.com\/janofilters\/\",\"https:\/\/x.com\/janofilters\",\"https:\/\/www.instagram.com\/janofilters\/\",\"https:\/\/www.tiktok.com\/@janofactory\",\"https:\/\/www.youtube.com\/channel\/UCGj3q5sMCCr2Tk6VwY838Nw\"]}]}<\/script>\n<!-- \/ Yoast SEO plugin. -->","yoast_head_json":{"title":"Jano Filters \u00b7 Boquillas reutilizables ecol\u00f3gicas y originales","description":"Boquillas reutilizables de PLA, filtros \u00fanicos y accesorios sostenibles para fumar. Dise\u00f1os originales, ecol\u00f3gicos y disponibles en nuestra tienda online.","robots":{"index":"index","follow":"follow","max-snippet":"max-snippet:-1","max-image-preview":"max-image-preview:large","max-video-preview":"max-video-preview:-1"},"canonical":"https:\/\/janofilters.com\/es\/nuestra-historia\/","og_locale":"es_ES","og_type":"article","og_title":"Jano Filters \u00b7 Boquillas reutilizables ecol\u00f3gicas y originales","og_description":"Boquillas reutilizables de PLA, filtros \u00fanicos y accesorios sostenibles para fumar. Dise\u00f1os originales, ecol\u00f3gicos y disponibles en nuestra tienda online.","og_url":"https:\/\/janofilters.com\/es\/nuestra-historia\/","og_site_name":"Jano Filters","article_publisher":"https:\/\/es-la.facebook.com\/janofilters\/","article_modified_time":"2025-04-12T17:33:32+00:00","og_image":[{"url":"https:\/\/s.w.org\/images\/core\/emoji\/15.0.3\/svg\/1f331.svg","type":"","width":"","height":""}],"twitter_card":"summary_large_image","twitter_site":"@janofilters","twitter_misc":{"Tiempo de lectura":"2 minutos"},"schema":{"@context":"https:\/\/schema.org","@graph":[{"@type":"WebPage","@id":"https:\/\/janofilters.com\/nuestra-historia\/","url":"https:\/\/janofilters.com\/nuestra-historia\/","name":"Jano Filters \u00b7 Boquillas reutilizables ecol\u00f3gicas y originales","isPartOf":{"@id":"http:\/\/janofilters.com\/es\/#website"},"primaryImageOfPage":{"@id":"https:\/\/janofilters.com\/nuestra-historia\/#primaryimage"},"image":{"@id":"https:\/\/janofilters.com\/nuestra-historia\/#primaryimage"},"thumbnailUrl":"https:\/\/s.w.org\/images\/core\/emoji\/15.0.3\/svg\/1f331.svg","datePublished":"2021-01-24T15:31:15+00:00","dateModified":"2025-04-12T17:33:32+00:00","description":"Boquillas reutilizables de PLA, filtros \u00fanicos y accesorios sostenibles para fumar. Dise\u00f1os originales, ecol\u00f3gicos y disponibles en nuestra tienda online.","breadcrumb":{"@id":"https:\/\/janofilters.com\/nuestra-historia\/#breadcrumb"},"inLanguage":"es","potentialAction":[{"@type":"ReadAction","target":["https:\/\/janofilters.com\/nuestra-historia\/"]}]},{"@type":"ImageObject","inLanguage":"es","@id":"https:\/\/janofilters.com\/nuestra-historia\/#primaryimage","url":"https:\/\/s.w.org\/images\/core\/emoji\/15.0.3\/svg\/1f331.svg","contentUrl":"https:\/\/s.w.org\/images\/core\/emoji\/15.0.3\/svg\/1f331.svg"},{"@type":"BreadcrumbList","@id":"https:\/\/janofilters.com\/nuestra-historia\/#breadcrumb","itemListElement":[{"@type":"ListItem","position":1,"name":"Portada","item":"https:\/\/janofilters.com\/es\/"},{"@type":"ListItem","position":2,"name":"NUESTRA HISTORIA"}]},{"@type":"WebSite","@id":"http:\/\/janofilters.com\/es\/#website","url":"http:\/\/janofilters.com\/es\/","name":"Jano Filters","description":"Dise\u00f1os e inventos 420 creados para compartir.","publisher":{"@id":"http:\/\/janofilters.com\/es\/#organization"},"potentialAction":[{"@type":"SearchAction","target":{"@type":"EntryPoint","urlTemplate":"http:\/\/janofilters.com\/es\/?s={search_term_string}"},"query-input":{"@type":"PropertyValueSpecification","valueRequired":true,"valueName":"search_term_string"}}],"inLanguage":"es"},{"@type":"Organization","@id":"http:\/\/janofilters.com\/es\/#organization","name":"Jano Filters","url":"http:\/\/janofilters.com\/es\/","logo":{"@type":"ImageObject","inLanguage":"es","@id":"http:\/\/janofilters.com\/es\/#\/schema\/logo\/image\/","url":"https:\/\/janofilters.com\/wp-content\/uploads\/2021\/01\/cropped-Logo_BN.png","contentUrl":"https:\/\/janofilters.com\/wp-content\/uploads\/2021\/01\/cropped-Logo_BN.png","width":268,"height":146,"caption":"Jano Filters"},"image":{"@id":"http:\/\/janofilters.com\/es\/#\/schema\/logo\/image\/"},"sameAs":["https:\/\/es-la.facebook.com\/janofilters\/","https:\/\/x.com\/janofilters","https:\/\/www.instagram.com\/janofilters\/","https:\/\/www.tiktok.com\/@janofactory","https:\/\/www.youtube.com\/channel\/UCGj3q5sMCCr2Tk6VwY838Nw"]}]}},"jetpack_sharing_enabled":true,"_links":{"self":[{"href":"https:\/\/janofilters.com\/es\/wp-json\/wp\/v2\/pages\/2051","targetHints":{"allow":["GET"]}}],"collection":[{"href":"https:\/\/janofilters.com\/es\/wp-json\/wp\/v2\/pages"}],"about":[{"href":"https:\/\/janofilters.com\/es\/wp-json\/wp\/v2\/types\/page"}],"author":[{"embeddable":true,"href":"https:\/\/janofilters.com\/es\/wp-json\/wp\/v2\/users\/1"}],"replies":[{"embeddable":true,"href":"https:\/\/janofilters.com\/es\/wp-json\/wp\/v2\/comments?post=2051"}],"version-history":[{"count":13,"href":"https:\/\/janofilters.com\/es\/wp-json\/wp\/v2\/pages\/2051\/revisions"}],"predecessor-version":[{"id":11769,"href":"https:\/\/janofilters.com\/es\/wp-json\/wp\/v2\/pages\/2051\/revisions\/11769"}],"wp:attachment":[{"href":"https:\/\/janofilters.com\/es\/wp-json\/wp\/v2\/media?parent=2051"}],"curies":[{"name":"wp","href":"https:\/\/api.w.org\/{rel}","templated":true}]}}