{"id":728,"date":"2021-01-22T14:34:59","date_gmt":"2021-01-22T13:34:59","guid":{"rendered":"https:\/\/janofilters.com\/?page_id=728"},"modified":"2021-01-22T14:34:59","modified_gmt":"2021-01-22T13:34:59","slug":"preguntas-frequentes-faqs-2","status":"publish","type":"page","link":"https:\/\/janofilters.com\/es\/preguntas-frequentes-faqs-2\/","title":{"rendered":"PREGUNTAS FREQUENTES (FAQS)"},"content":{"rendered":"<p class=\"has-custom-font\" style=\"font-family:Arvo\">Despu\u00e9s de hablar con muchxs de vosotrxs por instagram y algunos mails,&nbsp;vemos interesante hacer esta p\u00e1gina para recolectar de alguna manera las dudas o preguntas m\u00e1s frecuentes que nos hab\u00e9is ido haciendo llegar.<\/p><p class=\"has-custom-font\" style=\"font-family:Arvo\">La primera y con diferencia;<\/p><p><br><\/p><p class=\"has-custom-font\" style=\"font-family:Arvo\"><strong><span style=\"color:#c12929\" class=\"has-inline-color\">\u00bfCu\u00e1ntas veces puedo&nbsp;utilizar cada filtro?<\/span><\/strong><\/p><p class=\"has-custom-font\" style=\"font-family:Arvo\">Siempre decimos que entre 3 y 7 usos dependiendo de lo resinosa que sea tu mezcla. Pero&nbsp;realmente la mejor respuesta es \u00abt\u00fa mismx\u00bb, hasta que ya no quieras usarla m\u00e1s, \u00bfno? Hay gente s\u00faper escrupulosa que lo usa una sola vez porque lo que les gusta es su dise\u00f1o, mola que sea r\u00edgido y lo bien que fluye el humo con ligeras diferencias y texturas entre modelos. Hay gente que usa un filtro \u00abpara pasar la tarde\u00bb porque le gusta el concepto de \u00abel filtro de esa tarde\u00bb, yo por ejemplo uso un filtro por&nbsp;cada jornada de trabajo, encima de la mesa siempre hay uno y lo uso 2-4 veces ese d\u00eda y ya no m\u00e1s.<\/p><p class=\"has-custom-font\" style=\"font-family:Arvo\">Tambi\u00e9n nos hab\u00e9is hecho llegar v\u00eddeos lav\u00e1ndolos o manteni\u00e9ndolos de varias maneras que ahora explicaremos m\u00e1s adelante. En ese caso vosotrxs ten\u00e9is una respuesta mejor que la que pueda dar JanoFilters ya que \u00bfcu\u00e1ntas veces lo vas a lavar y c\u00f3mo?<br><\/p><p class=\"has-custom-font\" style=\"font-family:Arvo\"><br><strong><span style=\"color:#c12929\" class=\"has-inline-color\">\u00bfDe qu\u00e9 material est\u00e1n hechos?<\/span><\/strong><\/p><p class=\"has-custom-font\" style=\"font-family:Arvo\">100%&nbsp;PLA. Un pol\u00edmero org\u00e1nico, biocompostable y extra\u00eddo 100% de recursos naturales; almid\u00f3n de ma\u00edz, f\u00e9cula de patata, ca\u00f1a de az\u00facar\u2026 Lo intentamos comunicar constantemente e incluir en los packagings, pero aun as\u00ed, esta pregunta sigue siendo muy frecuente.<\/p><p class=\"has-custom-font\" style=\"font-family:Arvo\">As\u00ed que para que no parezca que intentamos vender la moto, aqu\u00ed os dejamos un link donde explica a fondo el material, los recursos 100% renovables a trav\u00e9s de los que se obtiene, sus usos en envases de nueva generaci\u00f3n y su ya establecido uso en&nbsp;medicina los \u00faltimos 25 a\u00f1os.<\/p><p class=\"has-custom-font\" style=\"font-family:Arvo\"><a href=\"http:\/\/www.eis.uva.es\/~biopolimeros\/alberto\/pla.htm\">http:\/\/www.eis.uva.es\/~biopolimeros\/alberto\/pla.htm<\/a><\/p><p class=\"has-custom-font\" style=\"font-family:Arvo\">De todo el documento, nos quedamos con la \u00faltima frase del an\u00e1lisis.<\/p><blockquote class=\"wp-block-quote is-layout-flow wp-block-quote-is-layout-flow\"><p><em>\u00abEl PLA es un pol\u00edmero que veremos mucho en el futuro por ser una verdadera innovaci\u00f3n en materiales de empaquetado\u00bb.<\/em><\/p><\/blockquote><p class=\"has-custom-font\" style=\"font-family:Arvo\">Pues se\u00f1orxs, el futuro est\u00e1 aqu\u00ed. Y aqu\u00ed hemos venido para quedarnos.<\/p><p class=\"has-custom-font\" style=\"font-family:Arvo\">Aqu\u00ed os dejamos otro link de inter\u00e9s sobre el asumido peligro que conlleva el uso de los pl\u00e1sticos comunes, algunos consejos generales para luchar contra ello en nuestros consumos del d\u00eda a d\u00eda y lo distinto y popular que se va a hacer el PLA en el futuro pr\u00f3ximo:<\/p><p class=\"has-custom-font\" style=\"font-family:Arvo\"><a href=\"https:\/\/www.breastcancer.org\/es\/riesgo\/factores\/plastico\">https:\/\/www.breastcancer.org\/es\/riesgo\/factores\/plastico<\/a><\/p><p class=\"has-custom-font\" style=\"font-family:Arvo\">Os animamos a que busqu\u00e9is tanta informaci\u00f3n como necesit\u00e9is, hay mil blogs y art\u00edculos sobre el PLA, pero \u00e9stos son de los&nbsp;que hemos encontrado que agrupan m\u00e1s datos f\u00e1ciles de entender sin entrar en qu\u00edmica\u2026&nbsp;<\/p><p><br><\/p><p class=\"has-custom-font\" style=\"font-family:Arvo\"><strong><span style=\"color:#c12929\" class=\"has-inline-color\">Hola buenas, \u00bfc\u00f3mo los lavo?<\/span><\/strong><\/p><p class=\"has-custom-font\" style=\"font-family:Arvo\">Lo mejor que podemos responder a eso es experimenta y cu\u00e9ntanos qu\u00e9 ha pasado. El prop\u00f3sito era crear un reutilizable-desechable que fuera lavable con la mayor\u00eda de t\u00e9cnicas con las que se lava la parafernalia convencional. Aqu\u00ed os detallamos las que creemos que son m\u00e1s aconsejables dentro de las que nos hab\u00e9is hecho llegar estos a\u00f1os, (qu\u00e9 heavy decir a\u00f1os ya hahahah) #gracias<\/p><blockquote class=\"wp-block-quote is-layout-flow wp-block-quote-is-layout-flow\"><p>\u2013&nbsp;<em>\u00abLes he dado unas cuantas vueltas ba\u00f1ados en&nbsp;alcohol 10\/15minutos en un vasito y despu\u00e9s un chorro de agua fr\u00eda del grifo y como nuevos\u00bb<\/em>.<\/p><\/blockquote><p class=\"has-custom-font\" style=\"font-family:Arvo\">Esta es la t\u00e9cnica m\u00e1s usada para limpiar toda la parafernalia en general.&nbsp;<\/p><p class=\"has-custom-font\" style=\"font-family:Arvo\">Te\u00f3ricamente, el alcohol ayuda a despegar los aceites y resinas&nbsp;de los lugares donde llega. Para que la resina acumulada con el uso pueda fugar f\u00e1cilmente con un lavado b\u00e1sico, siempre nos esforzamos en dise\u00f1ar geometr\u00edas que faciliten el flujo del humo, alcohol y agua. En el caso de los Janos, hay que tener en cuenta que se tratan de esponjitas r\u00edgidas que absorben todo lo que les eches, as\u00ed que sed generosxs con el aclarado de agua posterior\u2026 Despu\u00e9s del ba\u00f1o en alcohol, puedes empezar el aclarado con chorro de agua caliente del grifo directamente y acabar con agua fr\u00eda.&nbsp;Por \u00faltimo comentar que el secado al Sol es m\u00e1gico para que se vaya el olor en los Janos.<\/p><blockquote class=\"wp-block-quote is-layout-flow wp-block-quote-is-layout-flow\"><p>\u2013&nbsp;<em>\u00abLos frot\u00e9 con un cepillo con agua y jab\u00f3n y quedaron impecables\u00bb&nbsp;<\/em><\/p><\/blockquote><p class=\"has-custom-font\" style=\"font-family:Arvo\">Como todo en esta vida, usar herramientas para frotar o cepillar ayuda a penetrar m\u00e1s durante el limpiado. Aunque sea jab\u00f3n org\u00e1nico, recomendamos un generoso aclarado con agua fr\u00eda antes de ponerlos a secar.<\/p><p class=\"has-custom-font\" style=\"font-family:Arvo\">Otros las han puesto en reposo en agua caliente o incluso leche casi hirviendo y a ver\u2026 aguantar, aguantan. Pero&nbsp;<strong>estas t\u00e9cnicas no las recomendamos especialmente.&nbsp;<\/strong>Te\u00f3ricamente el PLA funde a partir de 150\u00baC, pero a los 60\/70\u00baC ya empieza su transici\u00f3n v\u00edtrea,&nbsp;que b\u00e1sicamente es la transici\u00f3n entre s\u00f3lido y l\u00edquido donde las piezas empiezan a perder estabilidad dimensional y es f\u00e1cil que se&nbsp;deformen al sacarlos de la olla hahahah&nbsp;Justo es con el agua, el Sol y el ox\u00edgeno con lo que m\u00e1s se degrada este material, as\u00ed que si encima lo vamos calentando en cada lavado, le estaremos abriendo los poros de la piel al material cada dos por tres y lo primero que perder\u00e1 es el color de las zonas donde se haya expuesto a m\u00e1s calor, quedando un aspecto blanco crudo. Posteriormente y con varios lavados, \u00e9stas zonas blanquecinas son las que se ir\u00e1n volviendo m\u00e1s quebradizas.<\/p><p class=\"has-custom-font\" style=\"font-family:Arvo\">Para incitar a reutilizar los filtros y llev\u00e1rtelos a casa para limpiar, presentamos una gama de&nbsp;packagings rellenables con agujeros\/ventanitas para airearlos y felpas\/fieltros estrat\u00e9gicamente colocados para frotar el exceso de resina antes de volver a guardar el filtro usado.&nbsp;<strong>Cuando liamos directo con un Jano (sin usar el filtro del piti) recomendamos retirar el filtro 2-3mm pasada la mitad de nuestro canuto, con el fin de castigarlo menos y que nos dure m\u00e1s usos.&nbsp;<\/strong>En los destacados de nuestro perfil de instagram @janofilters tenemos el apartado \u201cconsejos\u201d con unos cuantos v\u00eddeos ilustrando estas gu\u00edas para&nbsp;alargar la vida \u00fatil de tus Janos \ud83d\ude42<\/p><p><br><\/p><p class=\"has-custom-font\" style=\"font-family:Arvo\"><strong><span style=\"color:#c12929\" class=\"has-inline-color\">\u00bfA parte de la tienda online,&nbsp;hay alg\u00fan punto de venta f\u00edsico donde&nbsp;pueda comprar Janos?<\/span><\/strong><\/p><p class=\"has-custom-font\" style=\"font-family:Arvo\">Nos hace mucha ilusi\u00f3n que visites este mapa y a\u00fan m\u00e1s ilusi\u00f3n, irlo actualizando cada mes, ya no estamos s\u00f3lo en Espa\u00f1a ^^<br><br><a href=\"https:\/\/janofilters.com\/donde-comprar\/\">https:\/\/janofilters.com\/donde-comprar\/<\/a><br><br><br><br><\/p><p class=\"has-custom-font\" style=\"font-family:Arvo\"><strong><span style=\"color:#c12929\" class=\"has-inline-color\">\u00bfHac\u00e9is env\u00edos a\u2026?<\/span><\/strong><\/p><p class=\"has-custom-font\" style=\"font-family:Arvo\">Yessss! Hacemos env\u00edos express 24\/48h laborables a toda Espa\u00f1a Peninsular. Fuera de Pen\u00ednsula no nos ofrecen el mismo precio ni el mismo plazo, pero s\u00ed que podemos hacer env\u00edos express a particulares y negocios de toda Europa. Para env\u00edos internacionales fuera de europa mejor contacten por mail a:<\/p><p class=\"has-custom-font\" style=\"font-family:Arvo\">&nbsp;sales@janofilters.com<\/p><p><br><\/p><p class=\"has-custom-font\" style=\"font-family:Arvo\"><strong><span style=\"color:#c12929\" class=\"has-inline-color\">\u00bfC\u00f3mo podemos vender vuestro producto en nuestra tienda?<\/span><\/strong><\/p><p class=\"has-custom-font\" style=\"font-family:Arvo\">A\u00fan nos hace ilusi\u00f3n cada vez que llega un grow o estanco y nos dice que han llegado clientes preguntando por nuestros productos. \u00a1Gracias! \u00a1gracias y de coraz\u00f3n! Si quiere distribuir JanoFilters en su negocio, p\u00f3ngase en contacto con nosotrxs a trav\u00e9s del contacto de esta misma tienda online o a trav\u00e9s del correo sales@janofilters.com y le haremos llegar el cat\u00e1logo\/lista de precios para distribuidor.<br><br><\/p><p class=\"has-custom-font\" style=\"font-family:Arvo\"><strong><span style=\"color:#c12929\" class=\"has-inline-color\">\u00bfTambi\u00e9n sirven para tabaco?<\/span><\/strong><\/p><p class=\"has-custom-font\" style=\"font-family:Arvo\">Para mi gusto tira demasiado pa un piti hahahaha Sinceramente, no fueron conceptualizados para tabaco. Los presentamos como un sustituto\/evoluci\u00f3n del cart\u00f3n de toda la vida, un filtro de s\u00f3lidos que tuviera el m\u00e1ximo caudal posible sin que entrara nada m\u00e1s que humo.<\/p><p class=\"has-custom-font\" style=\"font-family:Arvo\">Por otro lado es cierto que tenemos constancia de usuarixs que los han usado \u00fanica y exclusivamente para su tabaco de liar y dicen que les encanta y que dura much\u00edsimo m\u00e1s de los 3 \u00f3 7 usos que siempre decimos. El tabaco no es resinoso normalmente, as\u00ed que en realidad tiene sentido que se ensucien menos que con otros ali\u00f1os\u2026<\/p><p><br><\/p><p class=\"has-custom-font\" style=\"font-family:Arvo\"><strong><span style=\"color:#c12929\" class=\"has-inline-color\">\u00bfC\u00f3mo elijo la talla de mi anillo?<\/span><\/strong><\/p><p class=\"has-custom-font\" style=\"font-family:Arvo\">Para medir el di\u00e1metro del dedo, rod\u00e9alo con un cordel&nbsp;<strong>no el\u00e1stico<\/strong>&nbsp;apretando un poquito y&nbsp;tendr\u00eda que medir&nbsp;entre 50 y 75mm. Esa medida la&nbsp;divides entre 3,14 y te saldr\u00e1 el di\u00e1metro aproximado de tu dedo.<\/p><p class=\"has-custom-font\" style=\"font-family:Arvo\">Si vas a comprar m\u00e1s de un anillo, recomendamos pillar 2 tallas diferentes, la que creas que es en la posici\u00f3n de un anillo normal y una talla m\u00e1s peque\u00f1a para la segunda falange del dedo.<\/p><p><br><\/p><p class=\"has-custom-font\" style=\"font-family:Arvo\"><strong><span style=\"color:#c12929\" class=\"has-inline-color\">\u00bfC\u00f3mo os pon\u00e9is\/orient\u00e1is el anillo para que me salgan todos los gestos y trucos del anuncio?<\/span><\/strong><\/p><p class=\"has-custom-font\" style=\"font-family:Arvo\">Una vez termines de liar y antes de prenderlo:<\/p><p class=\"has-custom-font\" style=\"font-family:Arvo\">1. Extiende la mano con la que vayas a usar el anillo&nbsp;<strong>con la palma de la mano mir\u00e1ndote.<\/strong><\/p><p class=\"has-custom-font\" style=\"font-family:Arvo\">2.&nbsp;<strong>Ponte el anillo en el dedo \u00edndice y orientado recto en esta posici\u00f3n, no en la posici\u00f3n de un anillo normal.&nbsp;<\/strong>Al pon\u00e9rtelo \u00abde este lado\u00bb podr\u00e1s usar&nbsp;tu PION m\u00e1s c\u00f3modamente con el pulgar. Si te lo pones orientado como un anillo com\u00fan habr\u00e1 varios gestos y juegos a los que no creemos que llegues hahaha ser\u00e1 c\u00f3mo chuparse el codo.<\/p><p class=\"has-custom-font\" style=\"font-family:Arvo\">3. Agarra tu liado<strong>&nbsp;DESDE el Jano<\/strong>&nbsp;o el filtro de tu cigarro&nbsp;<strong>con la punta de los dedos de la otra mano&nbsp;<\/strong>y<strong>&nbsp;recorre la cola de PION hasta el final, si es un Jano har\u00e1 clack hahah si es un cigarro simplemente quedar\u00e1 abrazado en un soft-touch.&nbsp;<\/strong>Estos 5-10mm que uses para coger el filtro con la punta de los dedos, ser\u00e1n los 5-10mm&nbsp;de filtro que te estar\u00e1s dejando para los labios, no lo pongas&nbsp;a ras porque despu\u00e9s no podr\u00e1s fumar y tendr\u00e1s que darle la vuelta al anillo y volverlo a sacar hahahah tranqui, si te pasa, seguro que s\u00f3lo ser\u00e1 una vez.<\/p><p class=\"has-custom-font\" style=\"font-family:Arvo\">4. El&nbsp;<strong>logo en la espalda del animal<\/strong>&nbsp;indica d\u00f3nde recomendamos&nbsp;<strong>presionar con el pulgar de LA mano mientras&nbsp;metemos o sacamos&nbsp;los Janos con la otra mano<\/strong>. Si no llegas a tapar por completo el logo con el pulgar, probablemente el anillo no est\u00e9 alineado como hab\u00edamos pensado.<\/p>","protected":false},"excerpt":{"rendered":"<p>Despu\u00e9s de hablar con muchxs de vosotrxs por instagram y algunos mails,&nbsp;vemos interesante hacer esta p\u00e1gina para recolectar de alguna manera las dudas o preguntas m\u00e1s frecuentes que nos hab\u00e9is ido haciendo llegar. La primera y con diferencia; \u00bfCu\u00e1ntas veces puedo&nbsp;utilizar cada filtro? Siempre decimos que entre 3 y 7 usos dependiendo de lo resinosa [&hellip;]<\/p>\n","protected":false},"author":1,"featured_media":0,"parent":0,"menu_order":0,"comment_status":"closed","ping_status":"closed","template":"","meta":{"site-sidebar-layout":"no-sidebar","site-content-layout":"content-boxed-container","ast-site-content-layout":"","site-content-style":"default","site-sidebar-style":"default","ast-global-header-display":"","ast-banner-title-visibility":"","ast-main-header-display":"","ast-hfb-above-header-display":"","ast-hfb-below-header-display":"","ast-hfb-mobile-header-display":"","site-post-title":"","ast-breadcrumbs-content":"","ast-featured-img":"","footer-sml-layout":"","theme-transparent-header-meta":"default","adv-header-id-meta":"","stick-header-meta":"","header-above-stick-meta":"","header-main-stick-meta":"","header-below-stick-meta":"","astra-migrate-meta-layouts":"default","ast-page-background-enabled":"default","ast-page-background-meta":{"desktop":{"background-color":"","background-image":"","background-repeat":"repeat","background-position":"center center","background-size":"auto","background-attachment":"scroll","background-type":"","background-media":"","overlay-type":"","overlay-color":"","overlay-opacity":"","overlay-gradient":""},"tablet":{"background-color":"","background-image":"","background-repeat":"repeat","background-position":"center center","background-size":"auto","background-attachment":"scroll","background-type":"","background-media":"","overlay-type":"","overlay-color":"","overlay-opacity":"","overlay-gradient":""},"mobile":{"background-color":"","background-image":"","background-repeat":"repeat","background-position":"center center","background-size":"auto","background-attachment":"scroll","background-type":"","background-media":"","overlay-type":"","overlay-color":"","overlay-opacity":"","overlay-gradient":""}},"ast-content-background-meta":{"desktop":{"background-color":"var(--ast-global-color-5)","background-image":"","background-repeat":"repeat","background-position":"center center","background-size":"auto","background-attachment":"scroll","background-type":"","background-media":"","overlay-type":"","overlay-color":"","overlay-opacity":"","overlay-gradient":""},"tablet":{"background-color":"var(--ast-global-color-5)","background-image":"","background-repeat":"repeat","background-position":"center center","background-size":"auto","background-attachment":"scroll","background-type":"","background-media":"","overlay-type":"","overlay-color":"","overlay-opacity":"","overlay-gradient":""},"mobile":{"background-color":"var(--ast-global-color-5)","background-image":"","background-repeat":"repeat","background-position":"center center","background-size":"auto","background-attachment":"scroll","background-type":"","background-media":"","overlay-type":"","overlay-color":"","overlay-opacity":"","overlay-gradient":""}},"footnotes":""},"class_list":["post-728","page","type-page","status-publish","hentry"],"yoast_head":"<!-- This site is optimized with the Yoast SEO plugin v25.3 - https:\/\/yoast.com\/wordpress\/plugins\/seo\/ -->\n<title>PREGUNTAS FREQUENTES (FAQS) - Jano Filters<\/title>\n<meta name=\"robots\" content=\"index, follow, max-snippet:-1, max-image-preview:large, max-video-preview:-1\" \/>\n<link rel=\"canonical\" href=\"https:\/\/janofilters.com\/es\/preguntas-frequentes-faqs-2\/\" \/>\n<meta property=\"og:locale\" content=\"es_ES\" \/>\n<meta property=\"og:type\" content=\"article\" \/>\n<meta property=\"og:title\" content=\"PREGUNTAS FREQUENTES (FAQS) - Jano Filters\" \/>\n<meta property=\"og:description\" content=\"Despu\u00e9s de hablar con muchxs de vosotrxs por instagram y algunos mails,&nbsp;vemos interesante hacer esta p\u00e1gina para recolectar de alguna manera las dudas o preguntas m\u00e1s frecuentes que nos hab\u00e9is ido haciendo llegar. La primera y con diferencia; \u00bfCu\u00e1ntas veces puedo&nbsp;utilizar cada filtro? Siempre decimos que entre 3 y 7 usos dependiendo de lo resinosa [&hellip;]\" \/>\n<meta property=\"og:url\" content=\"https:\/\/janofilters.com\/es\/preguntas-frequentes-faqs-2\/\" \/>\n<meta property=\"og:site_name\" content=\"Jano Filters\" \/>\n<meta property=\"article:publisher\" content=\"https:\/\/es-la.facebook.com\/janofilters\/\" \/>\n<meta name=\"twitter:card\" content=\"summary_large_image\" \/>\n<meta name=\"twitter:site\" content=\"@janofilters\" \/>\n<meta name=\"twitter:label1\" content=\"Tiempo de lectura\" \/>\n\t<meta name=\"twitter:data1\" content=\"7 minutos\" \/>\n<script type=\"application\/ld+json\" class=\"yoast-schema-graph\">{\"@context\":\"https:\/\/schema.org\",\"@graph\":[{\"@type\":\"WebPage\",\"@id\":\"https:\/\/janofilters.com\/es\/preguntas-frequentes-faqs-2\/\",\"url\":\"https:\/\/janofilters.com\/es\/preguntas-frequentes-faqs-2\/\",\"name\":\"PREGUNTAS FREQUENTES (FAQS) - Jano Filters\",\"isPartOf\":{\"@id\":\"http:\/\/janofilters.com\/es\/#website\"},\"datePublished\":\"2021-01-22T13:34:59+00:00\",\"breadcrumb\":{\"@id\":\"https:\/\/janofilters.com\/es\/preguntas-frequentes-faqs-2\/#breadcrumb\"},\"inLanguage\":\"es\",\"potentialAction\":[{\"@type\":\"ReadAction\",\"target\":[\"https:\/\/janofilters.com\/es\/preguntas-frequentes-faqs-2\/\"]}]},{\"@type\":\"BreadcrumbList\",\"@id\":\"https:\/\/janofilters.com\/es\/preguntas-frequentes-faqs-2\/#breadcrumb\",\"itemListElement\":[{\"@type\":\"ListItem\",\"position\":1,\"name\":\"Portada\",\"item\":\"https:\/\/janofilters.com\/es\/\"},{\"@type\":\"ListItem\",\"position\":2,\"name\":\"PREGUNTAS FREQUENTES (FAQS)\"}]},{\"@type\":\"WebSite\",\"@id\":\"http:\/\/janofilters.com\/es\/#website\",\"url\":\"http:\/\/janofilters.com\/es\/\",\"name\":\"Jano Filters\",\"description\":\"Dise\u00f1os e inventos 420 creados para compartir.\",\"publisher\":{\"@id\":\"http:\/\/janofilters.com\/es\/#organization\"},\"potentialAction\":[{\"@type\":\"SearchAction\",\"target\":{\"@type\":\"EntryPoint\",\"urlTemplate\":\"http:\/\/janofilters.com\/es\/?s={search_term_string}\"},\"query-input\":{\"@type\":\"PropertyValueSpecification\",\"valueRequired\":true,\"valueName\":\"search_term_string\"}}],\"inLanguage\":\"es\"},{\"@type\":\"Organization\",\"@id\":\"http:\/\/janofilters.com\/es\/#organization\",\"name\":\"Jano Filters\",\"url\":\"http:\/\/janofilters.com\/es\/\",\"logo\":{\"@type\":\"ImageObject\",\"inLanguage\":\"es\",\"@id\":\"http:\/\/janofilters.com\/es\/#\/schema\/logo\/image\/\",\"url\":\"https:\/\/janofilters.com\/wp-content\/uploads\/2021\/01\/cropped-Logo_BN.png\",\"contentUrl\":\"https:\/\/janofilters.com\/wp-content\/uploads\/2021\/01\/cropped-Logo_BN.png\",\"width\":268,\"height\":146,\"caption\":\"Jano Filters\"},\"image\":{\"@id\":\"http:\/\/janofilters.com\/es\/#\/schema\/logo\/image\/\"},\"sameAs\":[\"https:\/\/es-la.facebook.com\/janofilters\/\",\"https:\/\/x.com\/janofilters\",\"https:\/\/www.instagram.com\/janofilters\/\",\"https:\/\/www.tiktok.com\/@janofactory\",\"https:\/\/www.youtube.com\/channel\/UCGj3q5sMCCr2Tk6VwY838Nw\"]}]}<\/script>\n<!-- \/ Yoast SEO plugin. -->","yoast_head_json":{"title":"PREGUNTAS FREQUENTES (FAQS) - Jano Filters","robots":{"index":"index","follow":"follow","max-snippet":"max-snippet:-1","max-image-preview":"max-image-preview:large","max-video-preview":"max-video-preview:-1"},"canonical":"https:\/\/janofilters.com\/es\/preguntas-frequentes-faqs-2\/","og_locale":"es_ES","og_type":"article","og_title":"PREGUNTAS FREQUENTES (FAQS) - Jano Filters","og_description":"Despu\u00e9s de hablar con muchxs de vosotrxs por instagram y algunos mails,&nbsp;vemos interesante hacer esta p\u00e1gina para recolectar de alguna manera las dudas o preguntas m\u00e1s frecuentes que nos hab\u00e9is ido haciendo llegar. La primera y con diferencia; \u00bfCu\u00e1ntas veces puedo&nbsp;utilizar cada filtro? Siempre decimos que entre 3 y 7 usos dependiendo de lo resinosa [&hellip;]","og_url":"https:\/\/janofilters.com\/es\/preguntas-frequentes-faqs-2\/","og_site_name":"Jano Filters","article_publisher":"https:\/\/es-la.facebook.com\/janofilters\/","twitter_card":"summary_large_image","twitter_site":"@janofilters","twitter_misc":{"Tiempo de lectura":"7 minutos"},"schema":{"@context":"https:\/\/schema.org","@graph":[{"@type":"WebPage","@id":"https:\/\/janofilters.com\/es\/preguntas-frequentes-faqs-2\/","url":"https:\/\/janofilters.com\/es\/preguntas-frequentes-faqs-2\/","name":"PREGUNTAS FREQUENTES (FAQS) - Jano Filters","isPartOf":{"@id":"http:\/\/janofilters.com\/es\/#website"},"datePublished":"2021-01-22T13:34:59+00:00","breadcrumb":{"@id":"https:\/\/janofilters.com\/es\/preguntas-frequentes-faqs-2\/#breadcrumb"},"inLanguage":"es","potentialAction":[{"@type":"ReadAction","target":["https:\/\/janofilters.com\/es\/preguntas-frequentes-faqs-2\/"]}]},{"@type":"BreadcrumbList","@id":"https:\/\/janofilters.com\/es\/preguntas-frequentes-faqs-2\/#breadcrumb","itemListElement":[{"@type":"ListItem","position":1,"name":"Portada","item":"https:\/\/janofilters.com\/es\/"},{"@type":"ListItem","position":2,"name":"PREGUNTAS FREQUENTES (FAQS)"}]},{"@type":"WebSite","@id":"http:\/\/janofilters.com\/es\/#website","url":"http:\/\/janofilters.com\/es\/","name":"Jano Filters","description":"Dise\u00f1os e inventos 420 creados para compartir.","publisher":{"@id":"http:\/\/janofilters.com\/es\/#organization"},"potentialAction":[{"@type":"SearchAction","target":{"@type":"EntryPoint","urlTemplate":"http:\/\/janofilters.com\/es\/?s={search_term_string}"},"query-input":{"@type":"PropertyValueSpecification","valueRequired":true,"valueName":"search_term_string"}}],"inLanguage":"es"},{"@type":"Organization","@id":"http:\/\/janofilters.com\/es\/#organization","name":"Jano Filters","url":"http:\/\/janofilters.com\/es\/","logo":{"@type":"ImageObject","inLanguage":"es","@id":"http:\/\/janofilters.com\/es\/#\/schema\/logo\/image\/","url":"https:\/\/janofilters.com\/wp-content\/uploads\/2021\/01\/cropped-Logo_BN.png","contentUrl":"https:\/\/janofilters.com\/wp-content\/uploads\/2021\/01\/cropped-Logo_BN.png","width":268,"height":146,"caption":"Jano Filters"},"image":{"@id":"http:\/\/janofilters.com\/es\/#\/schema\/logo\/image\/"},"sameAs":["https:\/\/es-la.facebook.com\/janofilters\/","https:\/\/x.com\/janofilters","https:\/\/www.instagram.com\/janofilters\/","https:\/\/www.tiktok.com\/@janofactory","https:\/\/www.youtube.com\/channel\/UCGj3q5sMCCr2Tk6VwY838Nw"]}]}},"jetpack_sharing_enabled":true,"_links":{"self":[{"href":"https:\/\/janofilters.com\/es\/wp-json\/wp\/v2\/pages\/728","targetHints":{"allow":["GET"]}}],"collection":[{"href":"https:\/\/janofilters.com\/es\/wp-json\/wp\/v2\/pages"}],"about":[{"href":"https:\/\/janofilters.com\/es\/wp-json\/wp\/v2\/types\/page"}],"author":[{"embeddable":true,"href":"https:\/\/janofilters.com\/es\/wp-json\/wp\/v2\/users\/1"}],"replies":[{"embeddable":true,"href":"https:\/\/janofilters.com\/es\/wp-json\/wp\/v2\/comments?post=728"}],"version-history":[{"count":0,"href":"https:\/\/janofilters.com\/es\/wp-json\/wp\/v2\/pages\/728\/revisions"}],"wp:attachment":[{"href":"https:\/\/janofilters.com\/es\/wp-json\/wp\/v2\/media?parent=728"}],"curies":[{"name":"wp","href":"https:\/\/api.w.org\/{rel}","templated":true}]}}