{"id":8376,"date":"2023-01-02T11:09:51","date_gmt":"2023-01-02T10:09:51","guid":{"rendered":"https:\/\/janofilters.com\/?page_id=8376"},"modified":"2025-04-12T19:25:32","modified_gmt":"2025-04-12T17:25:32","slug":"quieres-ser-distribuidor","status":"publish","type":"page","link":"https:\/\/janofilters.com\/es\/quieres-ser-distribuidor\/","title":{"rendered":"\u00bfQuieres ser distribuidor?"},"content":{"rendered":"\t\t<div data-elementor-type=\"wp-page\" data-elementor-id=\"8376\" class=\"elementor elementor-8376\">\n\t\t\t\t\t\t<section class=\"elementor-section elementor-top-section elementor-element elementor-element-7aea280c elementor-section-boxed elementor-section-height-default elementor-section-height-default\" data-id=\"7aea280c\" data-element_type=\"section\">\n\t\t\t\t\t\t<div class=\"elementor-container elementor-column-gap-default\">\n\t\t\t\t\t<div class=\"elementor-column elementor-col-100 elementor-top-column elementor-element elementor-element-70510b7e\" data-id=\"70510b7e\" data-element_type=\"column\">\n\t\t\t<div class=\"elementor-widget-wrap elementor-element-populated\">\n\t\t\t\t\t\t<div class=\"elementor-element elementor-element-9a68e32 elementor-widget elementor-widget-heading\" data-id=\"9a68e32\" data-element_type=\"widget\" data-widget_type=\"heading.default\">\n\t\t\t\t<div class=\"elementor-widget-container\">\n\t\t\t\t\t<h2 class=\"elementor-heading-title elementor-size-default\">Distribuye productos Jano Filters<\/h2>\t\t\t\t<\/div>\n\t\t\t\t<\/div>\n\t\t\t\t<div class=\"elementor-element elementor-element-55a0151 elementor-widget elementor-widget-text-editor\" data-id=\"55a0151\" data-element_type=\"widget\" data-widget_type=\"text-editor.default\">\n\t\t\t\t<div class=\"elementor-widget-container\">\n\t\t\t\t\t\t\t\t\t<p>\u00bfTe interesar\u00eda distribuir nuestros productos?<\/p><p>\u00bfEst\u00e1s buscando ampliar tu oferta para incrementar tus beneficios?<\/p><p>\u00bfTe gustar\u00eda disfrutar de una zona geogr\u00e1fica de distribuci\u00f3n?<\/p>\t\t\t\t\t\t\t\t<\/div>\n\t\t\t\t<\/div>\n\t\t\t\t<div class=\"elementor-element elementor-element-4642f56 elementor-widget elementor-widget-text-editor\" data-id=\"4642f56\" data-element_type=\"widget\" data-widget_type=\"text-editor.default\">\n\t\t\t\t<div class=\"elementor-widget-container\">\n\t\t\t\t\t\t\t\t\t<div class=\"forms--headline panel panel--body is--wide\"><div class=\"forms--text\"><p><strong>\u00a1Convi\u00e9rtete en nuestro partner y distribuye nuestros productos!<\/strong><\/p><p><strong>Jano Filters<\/strong> \u00e9s una empresa joven y din\u00e1mica de comercio electr\u00f3nico, cuya tienda online <a href=\"https:\/\/janofilters.com\">www.janofilters.com<\/a> fue inaugurada en 2017. Nuestra creciente gama de productos cubre no solo filtros en impresi\u00f3n 3D, sino que adem\u00e1s contamos con una amplia selecci\u00f3n de inventos propios, de una inmejorable relaci\u00f3n calidad-precio.<\/p><p>Rellena por favor el siguiente formulario y te contactaremos a la mayor brevedad posible.<\/p><\/div><\/div>\t\t\t\t\t\t\t\t<\/div>\n\t\t\t\t<\/div>\n\t\t\t\t\t<\/div>\n\t\t<\/div>\n\t\t\t\t\t<\/div>\n\t\t<\/section>\n\t\t\t\t<section class=\"elementor-section elementor-top-section elementor-element elementor-element-6a0b659 elementor-section-boxed elementor-section-height-default elementor-section-height-default\" data-id=\"6a0b659\" data-element_type=\"section\">\n\t\t\t\t\t\t<div class=\"elementor-container elementor-column-gap-default\">\n\t\t\t\t\t<div class=\"elementor-column elementor-col-66 elementor-top-column elementor-element elementor-element-e36ee1d\" data-id=\"e36ee1d\" data-element_type=\"column\">\n\t\t\t<div class=\"elementor-widget-wrap elementor-element-populated\">\n\t\t\t\t\t\t<div class=\"elementor-element elementor-element-fd2e0d2 elementor-widget elementor-widget-heading\" data-id=\"fd2e0d2\" data-element_type=\"widget\" data-widget_type=\"heading.default\">\n\t\t\t\t<div class=\"elementor-widget-container\">\n\t\t\t\t\t<h3 class=\"elementor-heading-title elementor-size-default\">Distribuye nuestros productos<\/h3>\t\t\t\t<\/div>\n\t\t\t\t<\/div>\n\t\t\t\t<div class=\"elementor-element elementor-element-bef0980 elementor-widget elementor-widget-shortcode\" data-id=\"bef0980\" data-element_type=\"widget\" data-widget_type=\"shortcode.default\">\n\t\t\t\t<div class=\"elementor-widget-container\">\n\t\t\t\t\t\t\t<div class=\"elementor-shortcode\">\n<div class=\"wpcf7 no-js\" id=\"wpcf7-f8681-o1\" lang=\"es-ES\" dir=\"ltr\" data-wpcf7-id=\"8681\">\n<div class=\"screen-reader-response\"><p role=\"status\" aria-live=\"polite\" aria-atomic=\"true\"><\/p> <ul><\/ul><\/div>\n<form action=\"\/es\/wp-json\/wp\/v2\/pages\/8376#wpcf7-f8681-o1\" method=\"post\" class=\"wpcf7-form init\" aria-label=\"Formulario de contacto\" novalidate=\"novalidate\" data-status=\"init\">\n<div style=\"display: none;\">\n<input type=\"hidden\" name=\"_wpcf7\" value=\"8681\" \/>\n<input type=\"hidden\" name=\"_wpcf7_version\" value=\"6.0.6\" \/>\n<input type=\"hidden\" name=\"_wpcf7_locale\" value=\"es_ES\" \/>\n<input type=\"hidden\" name=\"_wpcf7_unit_tag\" value=\"wpcf7-f8681-o1\" \/>\n<input type=\"hidden\" name=\"_wpcf7_container_post\" value=\"0\" \/>\n<input type=\"hidden\" name=\"_wpcf7_posted_data_hash\" value=\"\" \/>\n<input type=\"hidden\" name=\"_wpcf7_recaptcha_response\" value=\"\" \/>\n<\/div>\n<p><span class=\"wpcf7-form-control-wrap\" data-name=\"nombre-distribuidor\"><input size=\"40\" maxlength=\"400\" class=\"wpcf7-form-control wpcf7-text wpcf7-validates-as-required\" aria-required=\"true\" aria-invalid=\"false\" placeholder=\"Tu nombre*\" value=\"\" type=\"text\" name=\"nombre-distribuidor\" \/><\/span>\n<\/p>\n<p><span class=\"wpcf7-form-control-wrap\" data-name=\"empresa-distribuidor\"><input size=\"40\" maxlength=\"400\" class=\"wpcf7-form-control wpcf7-text wpcf7-validates-as-required\" aria-required=\"true\" aria-invalid=\"false\" placeholder=\"Empresa*\" value=\"\" type=\"text\" name=\"empresa-distribuidor\" \/><\/span>\n<\/p>\n<p><span class=\"wpcf7-form-control-wrap\" data-name=\"direccion-distribuidor\"><input size=\"40\" maxlength=\"400\" class=\"wpcf7-form-control wpcf7-text\" aria-invalid=\"false\" placeholder=\"Direcci\u00f3n\" value=\"\" type=\"text\" name=\"direccion-distribuidor\" \/><\/span>\n<\/p>\n<p><span class=\"wpcf7-form-control-wrap\" data-name=\"codigo-postal-distribuidor\"><input size=\"40\" maxlength=\"400\" class=\"wpcf7-form-control wpcf7-text\" aria-invalid=\"false\" placeholder=\"C\u00f3digo Postal\" value=\"\" type=\"text\" name=\"codigo-postal-distribuidor\" \/><\/span>\n<\/p>\n<p><span class=\"wpcf7-form-control-wrap\" data-name=\"pais-distribuidor\"><input size=\"40\" maxlength=\"400\" class=\"wpcf7-form-control wpcf7-text\" aria-invalid=\"false\" placeholder=\"Pa\u00eds\" value=\"\" type=\"text\" name=\"pais-distribuidor\" \/><\/span>\n<\/p>\n<p><span class=\"wpcf7-form-control-wrap\" data-name=\"correo-eletronico-distribuidor\"><input size=\"40\" maxlength=\"400\" class=\"wpcf7-form-control wpcf7-email wpcf7-validates-as-required wpcf7-text wpcf7-validates-as-email\" aria-required=\"true\" aria-invalid=\"false\" placeholder=\"Tu correo electr\u00f3nico*\" value=\"\" type=\"email\" name=\"correo-eletronico-distribuidor\" \/><\/span>\n<\/p>\n<p><span class=\"wpcf7-form-control-wrap\" data-name=\"telefono-distribuidor\"><input size=\"40\" maxlength=\"400\" class=\"wpcf7-form-control wpcf7-tel wpcf7-text wpcf7-validates-as-tel\" aria-invalid=\"false\" placeholder=\"Tel\u00e9fono\" value=\"\" type=\"tel\" name=\"telefono-distribuidor\" \/><\/span>\n<\/p>\n<p><span class=\"wpcf7-form-control-wrap\" data-name=\"comentario-distribuidor\"><textarea cols=\"40\" rows=\"10\" maxlength=\"2000\" class=\"wpcf7-form-control wpcf7-textarea\" aria-invalid=\"false\" placeholder=\"Comentario\" name=\"comentario-distribuidor\"><\/textarea><\/span>\n<\/p>\n<p><input class=\"wpcf7-form-control wpcf7-submit has-spinner\" type=\"submit\" value=\"Enviar\" \/>\n<\/p><div class=\"wpcf7-response-output\" aria-hidden=\"true\"><\/div>\n<\/form>\n<\/div>\n<\/div>\n\t\t\t\t\t\t<\/div>\n\t\t\t\t<\/div>\n\t\t\t\t\t<\/div>\n\t\t<\/div>\n\t\t\t\t<div class=\"elementor-column elementor-col-33 elementor-top-column elementor-element elementor-element-7343b72\" data-id=\"7343b72\" data-element_type=\"column\">\n\t\t\t<div class=\"elementor-widget-wrap elementor-element-populated\">\n\t\t\t\t\t\t<div class=\"elementor-element elementor-element-3e22165 elementor-widget elementor-widget-text-editor\" data-id=\"3e22165\" data-element_type=\"widget\" data-widget_type=\"text-editor.default\">\n\t\t\t\t<div class=\"elementor-widget-container\">\n\t\t\t\t\t\t\t\t\t<div id=\"pgc-73-0-1\" class=\"panel-grid-cell\"><div id=\"panel-73-0-1-0\" class=\"so-panel widget widget_sow-editor panel-first-child panel-last-child\" data-index=\"1\"><div class=\"panel-widget-style panel-widget-style-for-73-0-1-0\" data-title-color=\"#443f3f\" data-headings-color=\"#443f3f\"><div class=\"so-widget-sow-editor so-widget-sow-editor-base\"><div class=\"siteorigin-widget-tinymce textwidget\"><p><a href=\"mailto:sales@janofilters.com\"><strong>sales@janofilters.com<\/strong><\/a><\/p><p><strong>(+34) 93 799 08 20<\/strong><\/p><p><strong>Horario:<\/strong><\/p><p>Lunes a Viernes<br \/>08:00h &#8211; 14:00h<br \/>15:30h &#8211; 17:30h<\/p><\/div><\/div><\/div><\/div><\/div>\t\t\t\t\t\t\t\t<\/div>\n\t\t\t\t<\/div>\n\t\t\t\t\t<\/div>\n\t\t<\/div>\n\t\t\t\t\t<\/div>\n\t\t<\/section>\n\t\t\t\t<\/div>\n\t\t","protected":false},"excerpt":{"rendered":"<p>Distribuye productos Jano Filters \u00bfTe interesar\u00eda distribuir nuestros productos? \u00bfEst\u00e1s buscando ampliar tu oferta para incrementar tus beneficios? \u00bfTe gustar\u00eda disfrutar de una zona geogr\u00e1fica de distribuci\u00f3n? \u00a1Convi\u00e9rtete en nuestro partner y distribuye nuestros productos! Jano Filters \u00e9s una empresa joven y din\u00e1mica de comercio electr\u00f3nico, cuya tienda online www.janofilters.com fue inaugurada en 2017. Nuestra [&hellip;]<\/p>\n","protected":false},"author":1,"featured_media":0,"parent":0,"menu_order":0,"comment_status":"closed","ping_status":"closed","template":"","meta":{"site-sidebar-layout":"no-sidebar","site-content-layout":"content-boxed-container","ast-site-content-layout":"normal-width-container","site-content-style":"boxed","site-sidebar-style":"unboxed","ast-global-header-display":"","ast-banner-title-visibility":"","ast-main-header-display":"","ast-hfb-above-header-display":"","ast-hfb-below-header-display":"","ast-hfb-mobile-header-display":"","site-post-title":"","ast-breadcrumbs-content":"","ast-featured-img":"","footer-sml-layout":"","theme-transparent-header-meta":"default","adv-header-id-meta":"","stick-header-meta":"","header-above-stick-meta":"","header-main-stick-meta":"","header-below-stick-meta":"","astra-migrate-meta-layouts":"set","ast-page-background-enabled":"default","ast-page-background-meta":{"desktop":{"background-color":"","background-image":"","background-repeat":"repeat","background-position":"center center","background-size":"auto","background-attachment":"scroll","background-type":"","background-media":"","overlay-type":"","overlay-color":"","overlay-opacity":"","overlay-gradient":""},"tablet":{"background-color":"","background-image":"","background-repeat":"repeat","background-position":"center center","background-size":"auto","background-attachment":"scroll","background-type":"","background-media":"","overlay-type":"","overlay-color":"","overlay-opacity":"","overlay-gradient":""},"mobile":{"background-color":"","background-image":"","background-repeat":"repeat","background-position":"center center","background-size":"auto","background-attachment":"scroll","background-type":"","background-media":"","overlay-type":"","overlay-color":"","overlay-opacity":"","overlay-gradient":""}},"ast-content-background-meta":{"desktop":{"background-color":"var(--ast-global-color-5)","background-image":"","background-repeat":"repeat","background-position":"center center","background-size":"auto","background-attachment":"scroll","background-type":"","background-media":"","overlay-type":"","overlay-color":"","overlay-opacity":"","overlay-gradient":""},"tablet":{"background-color":"var(--ast-global-color-5)","background-image":"","background-repeat":"repeat","background-position":"center center","background-size":"auto","background-attachment":"scroll","background-type":"","background-media":"","overlay-type":"","overlay-color":"","overlay-opacity":"","overlay-gradient":""},"mobile":{"background-color":"var(--ast-global-color-5)","background-image":"","background-repeat":"repeat","background-position":"center center","background-size":"auto","background-attachment":"scroll","background-type":"","background-media":"","overlay-type":"","overlay-color":"","overlay-opacity":"","overlay-gradient":""}},"footnotes":""},"class_list":["post-8376","page","type-page","status-publish","hentry"],"yoast_head":"<!-- This site is optimized with the Yoast SEO plugin v25.3 - https:\/\/yoast.com\/wordpress\/plugins\/seo\/ -->\n<title>\u00bfQuieres ser distribuidor de nuestros productos? | Jano Filters<\/title>\n<meta name=\"description\" content=\"\u00a1Convi\u00e9rtete en partner y distribuye productos Jano Filters! Filtros Jano, boquillas biodegradables de muchos colores y dise\u00f1os llamativos\" \/>\n<meta name=\"robots\" content=\"index, follow, max-snippet:-1, max-image-preview:large, max-video-preview:-1\" \/>\n<link rel=\"canonical\" href=\"https:\/\/janofilters.com\/es\/quieres-ser-distribuidor\/\" \/>\n<meta property=\"og:locale\" content=\"es_ES\" \/>\n<meta property=\"og:type\" content=\"article\" \/>\n<meta property=\"og:title\" content=\"\u00bfQuieres ser distribuidor de nuestros productos? | Jano Filters\" \/>\n<meta property=\"og:description\" content=\"\u00a1Convi\u00e9rtete en partner y distribuye productos Jano Filters! Filtros Jano, boquillas biodegradables de muchos colores y dise\u00f1os llamativos\" \/>\n<meta property=\"og:url\" content=\"https:\/\/janofilters.com\/es\/quieres-ser-distribuidor\/\" \/>\n<meta property=\"og:site_name\" content=\"Jano Filters\" \/>\n<meta property=\"article:publisher\" content=\"https:\/\/es-la.facebook.com\/janofilters\/\" \/>\n<meta property=\"article:modified_time\" content=\"2025-04-12T17:25:32+00:00\" \/>\n<meta name=\"twitter:card\" content=\"summary_large_image\" \/>\n<meta name=\"twitter:site\" content=\"@janofilters\" \/>\n<meta name=\"twitter:label1\" content=\"Tiempo de lectura\" \/>\n\t<meta name=\"twitter:data1\" content=\"1 minuto\" \/>\n<script type=\"application\/ld+json\" class=\"yoast-schema-graph\">{\"@context\":\"https:\/\/schema.org\",\"@graph\":[{\"@type\":\"WebPage\",\"@id\":\"https:\/\/janofilters.com\/quieres-ser-distribuidor\/\",\"url\":\"https:\/\/janofilters.com\/quieres-ser-distribuidor\/\",\"name\":\"\u00bfQuieres ser distribuidor de nuestros productos? | Jano Filters\",\"isPartOf\":{\"@id\":\"http:\/\/janofilters.com\/es\/#website\"},\"datePublished\":\"2023-01-02T10:09:51+00:00\",\"dateModified\":\"2025-04-12T17:25:32+00:00\",\"description\":\"\u00a1Convi\u00e9rtete en partner y distribuye productos Jano Filters! Filtros Jano, boquillas biodegradables de muchos colores y dise\u00f1os llamativos\",\"breadcrumb\":{\"@id\":\"https:\/\/janofilters.com\/quieres-ser-distribuidor\/#breadcrumb\"},\"inLanguage\":\"es\",\"potentialAction\":[{\"@type\":\"ReadAction\",\"target\":[\"https:\/\/janofilters.com\/quieres-ser-distribuidor\/\"]}]},{\"@type\":\"BreadcrumbList\",\"@id\":\"https:\/\/janofilters.com\/quieres-ser-distribuidor\/#breadcrumb\",\"itemListElement\":[{\"@type\":\"ListItem\",\"position\":1,\"name\":\"Portada\",\"item\":\"https:\/\/janofilters.com\/es\/\"},{\"@type\":\"ListItem\",\"position\":2,\"name\":\"\u00bfQuieres ser distribuidor?\"}]},{\"@type\":\"WebSite\",\"@id\":\"http:\/\/janofilters.com\/es\/#website\",\"url\":\"http:\/\/janofilters.com\/es\/\",\"name\":\"Jano Filters\",\"description\":\"Dise\u00f1os e inventos 420 creados para compartir.\",\"publisher\":{\"@id\":\"http:\/\/janofilters.com\/es\/#organization\"},\"potentialAction\":[{\"@type\":\"SearchAction\",\"target\":{\"@type\":\"EntryPoint\",\"urlTemplate\":\"http:\/\/janofilters.com\/es\/?s={search_term_string}\"},\"query-input\":{\"@type\":\"PropertyValueSpecification\",\"valueRequired\":true,\"valueName\":\"search_term_string\"}}],\"inLanguage\":\"es\"},{\"@type\":\"Organization\",\"@id\":\"http:\/\/janofilters.com\/es\/#organization\",\"name\":\"Jano Filters\",\"url\":\"http:\/\/janofilters.com\/es\/\",\"logo\":{\"@type\":\"ImageObject\",\"inLanguage\":\"es\",\"@id\":\"http:\/\/janofilters.com\/es\/#\/schema\/logo\/image\/\",\"url\":\"https:\/\/janofilters.com\/wp-content\/uploads\/2021\/01\/cropped-Logo_BN.png\",\"contentUrl\":\"https:\/\/janofilters.com\/wp-content\/uploads\/2021\/01\/cropped-Logo_BN.png\",\"width\":268,\"height\":146,\"caption\":\"Jano Filters\"},\"image\":{\"@id\":\"http:\/\/janofilters.com\/es\/#\/schema\/logo\/image\/\"},\"sameAs\":[\"https:\/\/es-la.facebook.com\/janofilters\/\",\"https:\/\/x.com\/janofilters\",\"https:\/\/www.instagram.com\/janofilters\/\",\"https:\/\/www.tiktok.com\/@janofactory\",\"https:\/\/www.youtube.com\/channel\/UCGj3q5sMCCr2Tk6VwY838Nw\"]}]}<\/script>\n<!-- \/ Yoast SEO plugin. -->","yoast_head_json":{"title":"\u00bfQuieres ser distribuidor de nuestros productos? | Jano Filters","description":"\u00a1Convi\u00e9rtete en partner y distribuye productos Jano Filters! Filtros Jano, boquillas biodegradables de muchos colores y dise\u00f1os llamativos","robots":{"index":"index","follow":"follow","max-snippet":"max-snippet:-1","max-image-preview":"max-image-preview:large","max-video-preview":"max-video-preview:-1"},"canonical":"https:\/\/janofilters.com\/es\/quieres-ser-distribuidor\/","og_locale":"es_ES","og_type":"article","og_title":"\u00bfQuieres ser distribuidor de nuestros productos? | Jano Filters","og_description":"\u00a1Convi\u00e9rtete en partner y distribuye productos Jano Filters! Filtros Jano, boquillas biodegradables de muchos colores y dise\u00f1os llamativos","og_url":"https:\/\/janofilters.com\/es\/quieres-ser-distribuidor\/","og_site_name":"Jano Filters","article_publisher":"https:\/\/es-la.facebook.com\/janofilters\/","article_modified_time":"2025-04-12T17:25:32+00:00","twitter_card":"summary_large_image","twitter_site":"@janofilters","twitter_misc":{"Tiempo de lectura":"1 minuto"},"schema":{"@context":"https:\/\/schema.org","@graph":[{"@type":"WebPage","@id":"https:\/\/janofilters.com\/quieres-ser-distribuidor\/","url":"https:\/\/janofilters.com\/quieres-ser-distribuidor\/","name":"\u00bfQuieres ser distribuidor de nuestros productos? | Jano Filters","isPartOf":{"@id":"http:\/\/janofilters.com\/es\/#website"},"datePublished":"2023-01-02T10:09:51+00:00","dateModified":"2025-04-12T17:25:32+00:00","description":"\u00a1Convi\u00e9rtete en partner y distribuye productos Jano Filters! Filtros Jano, boquillas biodegradables de muchos colores y dise\u00f1os llamativos","breadcrumb":{"@id":"https:\/\/janofilters.com\/quieres-ser-distribuidor\/#breadcrumb"},"inLanguage":"es","potentialAction":[{"@type":"ReadAction","target":["https:\/\/janofilters.com\/quieres-ser-distribuidor\/"]}]},{"@type":"BreadcrumbList","@id":"https:\/\/janofilters.com\/quieres-ser-distribuidor\/#breadcrumb","itemListElement":[{"@type":"ListItem","position":1,"name":"Portada","item":"https:\/\/janofilters.com\/es\/"},{"@type":"ListItem","position":2,"name":"\u00bfQuieres ser distribuidor?"}]},{"@type":"WebSite","@id":"http:\/\/janofilters.com\/es\/#website","url":"http:\/\/janofilters.com\/es\/","name":"Jano Filters","description":"Dise\u00f1os e inventos 420 creados para compartir.","publisher":{"@id":"http:\/\/janofilters.com\/es\/#organization"},"potentialAction":[{"@type":"SearchAction","target":{"@type":"EntryPoint","urlTemplate":"http:\/\/janofilters.com\/es\/?s={search_term_string}"},"query-input":{"@type":"PropertyValueSpecification","valueRequired":true,"valueName":"search_term_string"}}],"inLanguage":"es"},{"@type":"Organization","@id":"http:\/\/janofilters.com\/es\/#organization","name":"Jano Filters","url":"http:\/\/janofilters.com\/es\/","logo":{"@type":"ImageObject","inLanguage":"es","@id":"http:\/\/janofilters.com\/es\/#\/schema\/logo\/image\/","url":"https:\/\/janofilters.com\/wp-content\/uploads\/2021\/01\/cropped-Logo_BN.png","contentUrl":"https:\/\/janofilters.com\/wp-content\/uploads\/2021\/01\/cropped-Logo_BN.png","width":268,"height":146,"caption":"Jano Filters"},"image":{"@id":"http:\/\/janofilters.com\/es\/#\/schema\/logo\/image\/"},"sameAs":["https:\/\/es-la.facebook.com\/janofilters\/","https:\/\/x.com\/janofilters","https:\/\/www.instagram.com\/janofilters\/","https:\/\/www.tiktok.com\/@janofactory","https:\/\/www.youtube.com\/channel\/UCGj3q5sMCCr2Tk6VwY838Nw"]}]}},"jetpack_sharing_enabled":true,"_links":{"self":[{"href":"https:\/\/janofilters.com\/es\/wp-json\/wp\/v2\/pages\/8376","targetHints":{"allow":["GET"]}}],"collection":[{"href":"https:\/\/janofilters.com\/es\/wp-json\/wp\/v2\/pages"}],"about":[{"href":"https:\/\/janofilters.com\/es\/wp-json\/wp\/v2\/types\/page"}],"author":[{"embeddable":true,"href":"https:\/\/janofilters.com\/es\/wp-json\/wp\/v2\/users\/1"}],"replies":[{"embeddable":true,"href":"https:\/\/janofilters.com\/es\/wp-json\/wp\/v2\/comments?post=8376"}],"version-history":[{"count":64,"href":"https:\/\/janofilters.com\/es\/wp-json\/wp\/v2\/pages\/8376\/revisions"}],"predecessor-version":[{"id":11761,"href":"https:\/\/janofilters.com\/es\/wp-json\/wp\/v2\/pages\/8376\/revisions\/11761"}],"wp:attachment":[{"href":"https:\/\/janofilters.com\/es\/wp-json\/wp\/v2\/media?parent=8376"}],"curies":[{"name":"wp","href":"https:\/\/api.w.org\/{rel}","templated":true}]}}