{"id":1228,"date":"2021-01-22T21:59:13","date_gmt":"2021-01-22T20:59:13","guid":{"rendered":"https:\/\/janofilters.com\/?post_type=product&amp;p=1228"},"modified":"2025-08-25T20:47:52","modified_gmt":"2025-08-25T18:47:52","slug":"kit-anillo-pion-25-filtros","status":"publish","type":"product","link":"https:\/\/janofilters.com\/es\/product\/kit-anillo-pion-25-filtros\/","title":{"rendered":"KIT ANILLO PION + 25 FILTROS"},"content":{"rendered":"<p>PION es el abrazapetas con m\u00e1s car\u00e1cter\u00a0del mundo.\u00a0Presentado en un kit con 25 filtros para usarlo s\u00f3lo sacarlo de la cajita.\u00a0<em>(galer\u00eda de fotos al final)<\/em><\/p>\n<p>&#8212;&#8212;&#8212;&#8212;&#8212;&#8212;&#8212;&#8212;&#8212;&#8212;-<\/p>\n<p><span style=\"text-decoration: underline;\"><strong>CONSEJOS PARA ELEGIR LA TALLA DE TU ANILLO:<\/strong><\/span><\/p>\n<p>Para medir el di\u00e1metro del dedo, rod\u00e9alo con un cordel\u00a0<strong>no el\u00e1stico<\/strong>\u00a0apretando un poquito y\u00a0tendr\u00eda que medir\u00a0entre 50 y 75mm. Esa medida la\u00a0divides entre 3,14 y te saldr\u00e1 el di\u00e1metro aproximado de tu dedo.<\/p>\n<p>Si vas a comprar m\u00e1s de un anillo, recomendamos pillar 2 tallas diferentes, la que creas que es en la posici\u00f3n de un anillo normal y una talla m\u00e1s peque\u00f1a para la segunda falange del dedo.<\/p>\n<p>&#8212;&#8212;&#8212;&#8212;&#8212;&#8212;&#8212;&#8212;&#8212;&#8212;-<\/p>\n<p>En homenaje al hor\u00f3scopo Escorpio le dimos forma a este \u00e1gil y flexible personaje. Tiende a mirar siempre hacia delante y con \u00edmpetu, lo notar\u00e9is con sus\u00a0giros 180\u00ba+180\u00ba impulsados por potentes imanes de neodimio que lo hacen el complemento perfecto para competir en un buen ping-pong. Al ser dos piezas separadas\u00a0<em>(ANILLO + PION)<\/em>\u00a0que buscan todo el rato volver a estar alineadas en una de sus dos posiciones, conseguimos m\u00faltiples maneras locas de tirar la ceniza\u00a0con movimientos r\u00e1pidos y agresivos.<\/p>\n<p>Una vez termines de liar y antes de prenderlo:<\/p>\n<p>1. Extiende la mano con la que vayas a usar el anillo\u00a0<strong>con la palma de la mano mir\u00e1ndote.<\/strong><\/p>\n<p>2.\u00a0<strong>Ponte el anillo en el dedo \u00edndice y orientado recto en esta posici\u00f3n, no en la posici\u00f3n de un anillo normal.\u00a0<\/strong>Al pon\u00e9rtelo \u00abde este lado\u00bb podr\u00e1s usar\u00a0tu PION m\u00e1s c\u00f3modamente con el pulgar. Si te lo pones orientado como un anillo com\u00fan habr\u00e1 varios gestos y juegos a los que no creemos que llegues hahaha ser\u00e1 c\u00f3mo chuparse el codo.<\/p>\n<p>3.<strong>\u00a0<\/strong>Agarra tu liado<strong>\u00a0DESDE el Jano<\/strong>\u00a0o el filtro de tu cigarro\u00a0<strong>con la punta de los dedos de la otra mano\u00a0<\/strong>y<strong>\u00a0recorre la cola de PION hasta el final, si es un Jano har\u00e1 clack hahah si es un cigarro simplemente quedar\u00e1 abrazado en un soft-touch.\u00a0<\/strong>Estos 5-10mm que uses para coger el filtro con la punta de los dedos, ser\u00e1n los 5-10mm\u00a0de filtro que te estar\u00e1s dejando para los labios, no lo pongas\u00a0a ras porque despu\u00e9s no podr\u00e1s fumar y tendr\u00e1s que darle la vuelta al anillo y volverlo a sacar hahahah tranqui, si te pasa, seguro que s\u00f3lo ser\u00e1 una vez.<\/p>\n<p>4. El\u00a0<strong>logo en la espalda del animal<\/strong>\u00a0indica d\u00f3nde recomendamos\u00a0<strong>presionar con el pulgar de LA mano mientras\u00a0metemos o sacamos\u00a0los Janos con la otra mano<\/strong>. Si no llegas a tapar por completo el logo con el pulgar, probablemente el anillo no est\u00e9 alineado como hab\u00edamos pensado.<\/p>\n<p>&#8211;<\/p>\n<p>Los JanoRings son anillos magn\u00e9ticos polarizados con accesorios\/personajes intercambiables entre s\u00ed. Cada uno de estos personajes tienen una funci\u00f3n distinta pero todos comparten la misma base magn\u00e9tica polarizada en esta futur\u00edstica y arriesgada propuesta.<\/p>\n<p>Despu\u00e9s de la pandemia y prohibirnos compartir aisl\u00e1ndonos\u00a0en el mundo entero, ten\u00edamos m\u00e1s ganas que nunca de este renacer y presentaros\u00a0<strong>nuestro nuevo invento creado para compartir y competir.<\/strong><\/p>\n<p>Somos muy fans de crear\u00a0productos que generen conversaciones, que hagan reflexionar, que resuelvan problem\u00e1ticas concretas y cambien conductas&#8230; pero faltaba uno que, m\u00e1s all\u00e1 de su usabilidad, su mayor prop\u00f3sito fuera emocionar y entretener. Por eso ten\u00edamos tantas ganas de presentar los anillos 420 del futuro hahahha los primeros JanoRings vienen cargados de\u00a0car\u00e1cter, movimiento y aceleraci\u00f3n. Son personajes nacidos para ser protagonistas de la conversaci\u00f3n cada vez que alguien te vea con esto puesto. Provocar que en cualquier lugar y situaci\u00f3n del mundo, la reacci\u00f3n sea \u00abwooooooooowww qu\u00e9 es esoo??\u00bb y t\u00fa puedas lucirte con un par de gestos que hayas practicado y ver varias veces la cara de asombro de tu colega o familiar ^^<\/p>\n<p>\u00bfOs ha pasado\u00a0alguna vez\u00a0lo de volver a escuchar una canci\u00f3n por 28463 vez y de repente entender una\u00a0frase que siempre hab\u00edas pensado que era de relleno? A\u00a0m\u00ed me flipa! Las obras que m\u00e1s valoramos son aquellas\u00a0capaces de aportarnos emociones o hacernos reflexionar&#8230; las que, pasado el tiempo creyendo conocer y entender, volvemos a prestarles atenci\u00f3n y redescubrimos, como si evolucionaran contigo y fueran capaces de\u00a0aportarnos cosas diferentes a las\u00a0primeras veces.<\/p>\n<p>Con los JanoRings\u00a0quer\u00edamos\u00a0acercarnos un poco hacia ese prop\u00f3sito\u00a0pero a trav\u00e9s del dise\u00f1o industrial. Queremos\u00a0que cuando lleves tiempo us\u00e1ndolos, descubras nuevos gestos y funcionalidades escondidas. Que al fijarte otra vez\u00a0en sus geometr\u00edas y curvas, esas que aparentemente no serv\u00edan para nada, meses despu\u00e9s\u00a0apoyes la yema\u00a0o la u\u00f1a de una manera un poco distinta sin querer y digas \u00abwooooooooooooo qu\u00e9 hijxsdp!\u00bb hahahaha &lt;3 That&#8217;s our\u00a0main goal here!<\/p>\n<p>Prueba de jugar e interactuar con otros productos de tu entorno y ver\u00e1s qu\u00e9 flipada c\u00f3mo se separan, juntan, mueven y giran y con qu\u00e9 ganas se ponen de pie mir\u00e1ndote casi amenazantes. Con PION y AURO hemos encontrado funciones muy interesantes al interactuar\u00a0con bandejas, smartphones, patas de mesa met\u00e1licas, mecheros y la nevera o electrodom\u00e9sticos en general. Y fuera de casa\u00a0son muy \u00fatiles en el parque escaqueando cosas en\u00a0las\u00a0farolas y bancos aunque tambi\u00e9n los puedes pegar\u00a0en tu moto para ir de un lado a otro o en el cap\u00f3 de tu coche mientras l\u00edas. Un product-match tambi\u00e9n muy guapo es la parte anillo + nuestro rev\u00f3lver, ver\u00e1s que puedes\u00a0sujetar tu smartphone en posici\u00f3n vertical u horizontal y girar 360\u00ba sobre s\u00ed mismo\u00a0como si fuera un tr\u00edpode de sobremesa. Tambi\u00e9n mola acercar un PION completo\u00a0a un revolver y ver como buscan juntarse\u00a0en posiciones muy\u00a0muy top haciendo equilibrios imposibles y desafiando las leyes de la gravedad. Todo esto est\u00e1 pensado para que luzcan en los expositores y aparadores de tiendas y estancos worldwide, pero tambi\u00e9n sabemos que para unos buenos posts o stories, \u00e9stas posturas casi escult\u00f3ricas cundir\u00e1n mucho.<\/p>\n<p>&nbsp;<\/p>\n<p><em>Os muy recomendamos ver el spot de presentaci\u00f3n de este producto para acabar de entender lo que WTF est\u00e1is viendo y leyendo porque se nos ha ido la pinza m\u00e1s que nuncaaaaaa hahhaha<\/em><\/p>\n<p>&nbsp;<\/p>\n<p>Esperamos que os flipen muy mucho, que los disfrut\u00e9is con vuestra gente m\u00e1s cercana y que pronto podamos compartir experiencias! Ojal\u00e1 se os ocurran\u00a0mil maneras nuevas de\u00a0jugar con nuestros nuevos babies &lt;3<\/p>\n<p>\u00bfQu\u00e9 te parece&#8230; nos sorprendemos m\u00fatuamente?<\/p>\n","protected":false},"excerpt":{"rendered":"<p>PION es el abrazapetas con m\u00e1s car\u00e1cter\u00a0del mundo.\u00a0Presentado en un kit con 25 filtros para usarlo s\u00f3lo sacarlo de la cajita.\u00a0(galer\u00eda de fotos al final) &#8212;&#8212;&#8212;&#8212;&#8212;&#8212;&#8212;&#8212;&#8212;&#8212;- CONSEJOS PARA ELEGIR LA TALLA DE TU ANILLO: Para medir el di\u00e1metro del dedo, rod\u00e9alo con un cordel\u00a0no el\u00e1stico\u00a0apretando un poquito y\u00a0tendr\u00eda que medir\u00a0entre 50 y 75mm. Esa medida [&hellip;]<\/p>\n","protected":false},"featured_media":683,"template":"","meta":{"site-sidebar-layout":"no-sidebar","site-content-layout":"plain-container","ast-site-content-layout":"","site-content-style":"default","site-sidebar-style":"default","ast-global-header-display":"","ast-banner-title-visibility":"","ast-main-header-display":"","ast-hfb-above-header-display":"","ast-hfb-below-header-display":"","ast-hfb-mobile-header-display":"","site-post-title":"","ast-breadcrumbs-content":"","ast-featured-img":"","footer-sml-layout":"","theme-transparent-header-meta":"default","adv-header-id-meta":"","stick-header-meta":"","header-above-stick-meta":"","header-main-stick-meta":"","header-below-stick-meta":"","astra-migrate-meta-layouts":"default","ast-page-background-enabled":"default","ast-page-background-meta":{"desktop":{"background-color":"","background-image":"","background-repeat":"repeat","background-position":"center center","background-size":"auto","background-attachment":"scroll","background-type":"","background-media":"","overlay-type":"","overlay-color":"","overlay-opacity":"","overlay-gradient":""},"tablet":{"background-color":"","background-image":"","background-repeat":"repeat","background-position":"center center","background-size":"auto","background-attachment":"scroll","background-type":"","background-media":"","overlay-type":"","overlay-color":"","overlay-opacity":"","overlay-gradient":""},"mobile":{"background-color":"","background-image":"","background-repeat":"repeat","background-position":"center center","background-size":"auto","background-attachment":"scroll","background-type":"","background-media":"","overlay-type":"","overlay-color":"","overlay-opacity":"","overlay-gradient":""}},"ast-content-background-meta":{"desktop":{"background-color":"var(--ast-global-color-5)","background-image":"","background-repeat":"repeat","background-position":"center center","background-size":"auto","background-attachment":"scroll","background-type":"","background-media":"","overlay-type":"","overlay-color":"","overlay-opacity":"","overlay-gradient":""},"tablet":{"background-color":"var(--ast-global-color-5)","background-image":"","background-repeat":"repeat","background-position":"center center","background-size":"auto","background-attachment":"scroll","background-type":"","background-media":"","overlay-type":"","overlay-color":"","overlay-opacity":"","overlay-gradient":""},"mobile":{"background-color":"var(--ast-global-color-5)","background-image":"","background-repeat":"repeat","background-position":"center center","background-size":"auto","background-attachment":"scroll","background-type":"","background-media":"","overlay-type":"","overlay-color":"","overlay-opacity":"","overlay-gradient":""}}},"product_cat":[101],"product_tag":[],"class_list":{"0":"post-1228","1":"product","2":"type-product","3":"status-publish","4":"has-post-thumbnail","6":"product_cat-janorings-anillos-420","7":"desktop-align-left","8":"tablet-align-left","9":"mobile-align-left","11":"first","12":"instock","13":"taxable","14":"shipping-taxable","15":"purchasable","16":"product-type-variable"},"yoast_head":"<!-- This site is optimized with the Yoast SEO plugin v25.3 - https:\/\/yoast.com\/wordpress\/plugins\/seo\/ -->\n<title>KIT ANILLO PION + 25 FILTROS - Jano Filters<\/title>\n<meta name=\"description\" content=\"PION es el abrazapetas con m\u00e1s car\u00e1cter\u00a0del mundo.\u00a0Presentado en un kit con 25 filtros para usarlo s\u00f3lo sacarlo de la cajita.\" \/>\n<meta name=\"robots\" content=\"index, follow, max-snippet:-1, max-image-preview:large, max-video-preview:-1\" \/>\n<link rel=\"canonical\" href=\"https:\/\/janofilters.com\/es\/product\/kit-anillo-pion-25-filtros\/\" \/>\n<meta property=\"og:locale\" content=\"es_ES\" \/>\n<meta property=\"og:type\" content=\"article\" \/>\n<meta property=\"og:title\" content=\"KIT ANILLO PION + 25 FILTROS - Jano Filters\" \/>\n<meta property=\"og:description\" content=\"PION es el abrazapetas con m\u00e1s car\u00e1cter\u00a0del mundo.\u00a0Presentado en un kit con 25 filtros para usarlo s\u00f3lo sacarlo de la cajita.\" \/>\n<meta property=\"og:url\" content=\"https:\/\/janofilters.com\/es\/product\/kit-anillo-pion-25-filtros\/\" \/>\n<meta property=\"og:site_name\" content=\"Jano Filters\" \/>\n<meta property=\"article:publisher\" content=\"https:\/\/es-la.facebook.com\/janofilters\/\" \/>\n<meta property=\"article:modified_time\" content=\"2025-08-25T18:47:52+00:00\" \/>\n<meta property=\"og:image\" content=\"https:\/\/janofilters.com\/wp-content\/uploads\/2021\/01\/PIONtwistedPERFIL.jpg\" \/>\n\t<meta property=\"og:image:width\" content=\"1280\" \/>\n\t<meta property=\"og:image:height\" content=\"1280\" \/>\n\t<meta property=\"og:image:type\" content=\"image\/jpeg\" \/>\n<meta name=\"twitter:card\" content=\"summary_large_image\" \/>\n<meta name=\"twitter:site\" content=\"@janofilters\" \/>\n<meta name=\"twitter:label1\" content=\"Tiempo de lectura\" \/>\n\t<meta name=\"twitter:data1\" content=\"6 minutos\" \/>\n<script type=\"application\/ld+json\" class=\"yoast-schema-graph\">{\"@context\":\"https:\/\/schema.org\",\"@graph\":[{\"@type\":\"WebPage\",\"@id\":\"https:\/\/janofilters.com\/es\/product\/kit-anillo-pion-25-filtros\/\",\"url\":\"https:\/\/janofilters.com\/es\/product\/kit-anillo-pion-25-filtros\/\",\"name\":\"KIT ANILLO PION + 25 FILTROS - Jano Filters\",\"isPartOf\":{\"@id\":\"http:\/\/janofilters.com\/es\/#website\"},\"primaryImageOfPage\":{\"@id\":\"https:\/\/janofilters.com\/es\/product\/kit-anillo-pion-25-filtros\/#primaryimage\"},\"image\":{\"@id\":\"https:\/\/janofilters.com\/es\/product\/kit-anillo-pion-25-filtros\/#primaryimage\"},\"thumbnailUrl\":\"https:\/\/janofilters.com\/wp-content\/uploads\/2021\/01\/PIONtwistedPERFIL.jpg\",\"datePublished\":\"2021-01-22T20:59:13+00:00\",\"dateModified\":\"2025-08-25T18:47:52+00:00\",\"description\":\"PION es el abrazapetas con m\u00e1s car\u00e1cter\u00a0del mundo.\u00a0Presentado en un kit con 25 filtros para usarlo s\u00f3lo sacarlo de la cajita.\",\"breadcrumb\":{\"@id\":\"https:\/\/janofilters.com\/es\/product\/kit-anillo-pion-25-filtros\/#breadcrumb\"},\"inLanguage\":\"es\",\"potentialAction\":[{\"@type\":\"ReadAction\",\"target\":[\"https:\/\/janofilters.com\/es\/product\/kit-anillo-pion-25-filtros\/\"]}]},{\"@type\":\"ImageObject\",\"inLanguage\":\"es\",\"@id\":\"https:\/\/janofilters.com\/es\/product\/kit-anillo-pion-25-filtros\/#primaryimage\",\"url\":\"https:\/\/janofilters.com\/wp-content\/uploads\/2021\/01\/PIONtwistedPERFIL.jpg\",\"contentUrl\":\"https:\/\/janofilters.com\/wp-content\/uploads\/2021\/01\/PIONtwistedPERFIL.jpg\",\"width\":1280,\"height\":1280},{\"@type\":\"BreadcrumbList\",\"@id\":\"https:\/\/janofilters.com\/es\/product\/kit-anillo-pion-25-filtros\/#breadcrumb\",\"itemListElement\":[{\"@type\":\"ListItem\",\"position\":1,\"name\":\"Portada\",\"item\":\"https:\/\/janofilters.com\/es\/\"},{\"@type\":\"ListItem\",\"position\":2,\"name\":\"Shop\",\"item\":\"https:\/\/janofilters.com\/es\/shop\/\"},{\"@type\":\"ListItem\",\"position\":3,\"name\":\"KIT ANILLO PION + 25 FILTROS\"}]},{\"@type\":\"WebSite\",\"@id\":\"http:\/\/janofilters.com\/es\/#website\",\"url\":\"http:\/\/janofilters.com\/es\/\",\"name\":\"Jano Filters\",\"description\":\"Dise\u00f1os e inventos 420 creados para compartir.\",\"publisher\":{\"@id\":\"http:\/\/janofilters.com\/es\/#organization\"},\"potentialAction\":[{\"@type\":\"SearchAction\",\"target\":{\"@type\":\"EntryPoint\",\"urlTemplate\":\"http:\/\/janofilters.com\/es\/?s={search_term_string}\"},\"query-input\":{\"@type\":\"PropertyValueSpecification\",\"valueRequired\":true,\"valueName\":\"search_term_string\"}}],\"inLanguage\":\"es\"},{\"@type\":\"Organization\",\"@id\":\"http:\/\/janofilters.com\/es\/#organization\",\"name\":\"Jano Filters\",\"url\":\"http:\/\/janofilters.com\/es\/\",\"logo\":{\"@type\":\"ImageObject\",\"inLanguage\":\"es\",\"@id\":\"http:\/\/janofilters.com\/es\/#\/schema\/logo\/image\/\",\"url\":\"https:\/\/janofilters.com\/wp-content\/uploads\/2021\/01\/cropped-Logo_BN.png\",\"contentUrl\":\"https:\/\/janofilters.com\/wp-content\/uploads\/2021\/01\/cropped-Logo_BN.png\",\"width\":268,\"height\":146,\"caption\":\"Jano Filters\"},\"image\":{\"@id\":\"http:\/\/janofilters.com\/es\/#\/schema\/logo\/image\/\"},\"sameAs\":[\"https:\/\/es-la.facebook.com\/janofilters\/\",\"https:\/\/x.com\/janofilters\",\"https:\/\/www.instagram.com\/janofilters\/\",\"https:\/\/www.tiktok.com\/@janofactory\",\"https:\/\/www.youtube.com\/channel\/UCGj3q5sMCCr2Tk6VwY838Nw\"]}]}<\/script>\n<!-- \/ Yoast SEO plugin. -->","yoast_head_json":{"title":"KIT ANILLO PION + 25 FILTROS - Jano Filters","description":"PION es el abrazapetas con m\u00e1s car\u00e1cter\u00a0del mundo.\u00a0Presentado en un kit con 25 filtros para usarlo s\u00f3lo sacarlo de la cajita.","robots":{"index":"index","follow":"follow","max-snippet":"max-snippet:-1","max-image-preview":"max-image-preview:large","max-video-preview":"max-video-preview:-1"},"canonical":"https:\/\/janofilters.com\/es\/product\/kit-anillo-pion-25-filtros\/","og_locale":"es_ES","og_type":"article","og_title":"KIT ANILLO PION + 25 FILTROS - Jano Filters","og_description":"PION es el abrazapetas con m\u00e1s car\u00e1cter\u00a0del mundo.\u00a0Presentado en un kit con 25 filtros para usarlo s\u00f3lo sacarlo de la cajita.","og_url":"https:\/\/janofilters.com\/es\/product\/kit-anillo-pion-25-filtros\/","og_site_name":"Jano Filters","article_publisher":"https:\/\/es-la.facebook.com\/janofilters\/","article_modified_time":"2025-08-25T18:47:52+00:00","og_image":[{"width":1280,"height":1280,"url":"https:\/\/janofilters.com\/wp-content\/uploads\/2021\/01\/PIONtwistedPERFIL.jpg","type":"image\/jpeg"}],"twitter_card":"summary_large_image","twitter_site":"@janofilters","twitter_misc":{"Tiempo de lectura":"6 minutos"},"schema":{"@context":"https:\/\/schema.org","@graph":[{"@type":"WebPage","@id":"https:\/\/janofilters.com\/es\/product\/kit-anillo-pion-25-filtros\/","url":"https:\/\/janofilters.com\/es\/product\/kit-anillo-pion-25-filtros\/","name":"KIT ANILLO PION + 25 FILTROS - Jano Filters","isPartOf":{"@id":"http:\/\/janofilters.com\/es\/#website"},"primaryImageOfPage":{"@id":"https:\/\/janofilters.com\/es\/product\/kit-anillo-pion-25-filtros\/#primaryimage"},"image":{"@id":"https:\/\/janofilters.com\/es\/product\/kit-anillo-pion-25-filtros\/#primaryimage"},"thumbnailUrl":"https:\/\/janofilters.com\/wp-content\/uploads\/2021\/01\/PIONtwistedPERFIL.jpg","datePublished":"2021-01-22T20:59:13+00:00","dateModified":"2025-08-25T18:47:52+00:00","description":"PION es el abrazapetas con m\u00e1s car\u00e1cter\u00a0del mundo.\u00a0Presentado en un kit con 25 filtros para usarlo s\u00f3lo sacarlo de la cajita.","breadcrumb":{"@id":"https:\/\/janofilters.com\/es\/product\/kit-anillo-pion-25-filtros\/#breadcrumb"},"inLanguage":"es","potentialAction":[{"@type":"ReadAction","target":["https:\/\/janofilters.com\/es\/product\/kit-anillo-pion-25-filtros\/"]}]},{"@type":"ImageObject","inLanguage":"es","@id":"https:\/\/janofilters.com\/es\/product\/kit-anillo-pion-25-filtros\/#primaryimage","url":"https:\/\/janofilters.com\/wp-content\/uploads\/2021\/01\/PIONtwistedPERFIL.jpg","contentUrl":"https:\/\/janofilters.com\/wp-content\/uploads\/2021\/01\/PIONtwistedPERFIL.jpg","width":1280,"height":1280},{"@type":"BreadcrumbList","@id":"https:\/\/janofilters.com\/es\/product\/kit-anillo-pion-25-filtros\/#breadcrumb","itemListElement":[{"@type":"ListItem","position":1,"name":"Portada","item":"https:\/\/janofilters.com\/es\/"},{"@type":"ListItem","position":2,"name":"Shop","item":"https:\/\/janofilters.com\/es\/shop\/"},{"@type":"ListItem","position":3,"name":"KIT ANILLO PION + 25 FILTROS"}]},{"@type":"WebSite","@id":"http:\/\/janofilters.com\/es\/#website","url":"http:\/\/janofilters.com\/es\/","name":"Jano Filters","description":"Dise\u00f1os e inventos 420 creados para compartir.","publisher":{"@id":"http:\/\/janofilters.com\/es\/#organization"},"potentialAction":[{"@type":"SearchAction","target":{"@type":"EntryPoint","urlTemplate":"http:\/\/janofilters.com\/es\/?s={search_term_string}"},"query-input":{"@type":"PropertyValueSpecification","valueRequired":true,"valueName":"search_term_string"}}],"inLanguage":"es"},{"@type":"Organization","@id":"http:\/\/janofilters.com\/es\/#organization","name":"Jano Filters","url":"http:\/\/janofilters.com\/es\/","logo":{"@type":"ImageObject","inLanguage":"es","@id":"http:\/\/janofilters.com\/es\/#\/schema\/logo\/image\/","url":"https:\/\/janofilters.com\/wp-content\/uploads\/2021\/01\/cropped-Logo_BN.png","contentUrl":"https:\/\/janofilters.com\/wp-content\/uploads\/2021\/01\/cropped-Logo_BN.png","width":268,"height":146,"caption":"Jano Filters"},"image":{"@id":"http:\/\/janofilters.com\/es\/#\/schema\/logo\/image\/"},"sameAs":["https:\/\/es-la.facebook.com\/janofilters\/","https:\/\/x.com\/janofilters","https:\/\/www.instagram.com\/janofilters\/","https:\/\/www.tiktok.com\/@janofactory","https:\/\/www.youtube.com\/channel\/UCGj3q5sMCCr2Tk6VwY838Nw"]}]}},"jetpack_sharing_enabled":true,"_links":{"self":[{"href":"https:\/\/janofilters.com\/es\/wp-json\/wp\/v2\/product\/1228","targetHints":{"allow":["GET"]}}],"collection":[{"href":"https:\/\/janofilters.com\/es\/wp-json\/wp\/v2\/product"}],"about":[{"href":"https:\/\/janofilters.com\/es\/wp-json\/wp\/v2\/types\/product"}],"wp:featuredmedia":[{"embeddable":true,"href":"https:\/\/janofilters.com\/es\/wp-json\/wp\/v2\/media\/683"}],"wp:attachment":[{"href":"https:\/\/janofilters.com\/es\/wp-json\/wp\/v2\/media?parent=1228"}],"wp:term":[{"taxonomy":"product_cat","embeddable":true,"href":"https:\/\/janofilters.com\/es\/wp-json\/wp\/v2\/product_cat?post=1228"},{"taxonomy":"product_tag","embeddable":true,"href":"https:\/\/janofilters.com\/es\/wp-json\/wp\/v2\/product_tag?post=1228"}],"curies":[{"name":"wp","href":"https:\/\/api.w.org\/{rel}","templated":true}]}}