{"id":1382,"date":"2021-01-23T01:54:43","date_gmt":"2021-01-23T00:54:43","guid":{"rendered":"https:\/\/janofilters.com\/?post_type=product&#038;p=1382"},"modified":"2023-04-25T10:21:00","modified_gmt":"2023-04-25T08:21:00","slug":"janoletters","status":"publish","type":"product","link":"https:\/\/janofilters.com\/es\/product\/janoletters\/","title":{"rendered":"JANOLETTERS 27BOX &#8211; ABC"},"content":{"rendered":"<p>\u00a1YA EST\u00c1N AQU\u00cd!<\/p>\n<p>&nbsp;<\/p>\n<p>Despu\u00e9s de tanto pedirlo&#8230; ya los podemos soltar, son los filtros que m\u00e1s trabajo\/tiempo nos han costado acabar, y eso solo tiene un motivo\u2026<\/p>\n<p>Que hemos hecho las 27 letras del <strong>ABECEDARIO<\/strong>, s\u00ed, s\u00ed, todas. \u00a1Ahora los <em>Joints<\/em> ya tendr\u00e1n nombre, o al menos las iniciales!<\/p>\n<p>\u00a1Adem\u00e1s, una de las partes que m\u00e1s ilusi\u00f3n nos hace, es que este formato viene con un <strong>NUEVO PACKAGING<\/strong>, y en \u00e9l, una <em>sopa de letras<\/em> donde podr\u00e1s encontrar hasta <strong>17<\/strong> palabras relacionadas con este mundo<em> 4\/20<\/em> que tanto nos une a todos!<\/p>\n<p>&nbsp;<\/p>\n<p>\u00a1Esperamos que os encante!<\/p>\n<p>&nbsp;<\/p>\n<p>&nbsp;<\/p>\n<p>PD: \u00a1Quien consiga descifrar las 17 palabras que hay ocultas en la caja, tendr\u00e1 regalo!<\/p>\n<p>&nbsp;<\/p>\n<p>&nbsp;<\/p>\n","protected":false},"excerpt":{"rendered":"<p>&nbsp;<\/p>\n<p>Tu pack de 27 filtros con el <strong>Abecedario<\/strong> completo para personalizar tu <em>Joint<\/em> al m\u00e1ximo.<\/p>\n","protected":false},"featured_media":9027,"template":"","meta":{"site-sidebar-layout":"no-sidebar","site-content-layout":"default","ast-site-content-layout":"","site-content-style":"default","site-sidebar-style":"default","ast-global-header-display":"","ast-banner-title-visibility":"","ast-main-header-display":"","ast-hfb-above-header-display":"","ast-hfb-below-header-display":"","ast-hfb-mobile-header-display":"","site-post-title":"","ast-breadcrumbs-content":"","ast-featured-img":"","footer-sml-layout":"","theme-transparent-header-meta":"default","adv-header-id-meta":"","stick-header-meta":"","header-above-stick-meta":"","header-main-stick-meta":"","header-below-stick-meta":"","astra-migrate-meta-layouts":"default","ast-page-background-enabled":"default","ast-page-background-meta":{"desktop":{"background-color":"","background-image":"","background-repeat":"repeat","background-position":"center center","background-size":"auto","background-attachment":"scroll","background-type":"","background-media":"","overlay-type":"","overlay-color":"","overlay-opacity":"","overlay-gradient":""},"tablet":{"background-color":"","background-image":"","background-repeat":"repeat","background-position":"center center","background-size":"auto","background-attachment":"scroll","background-type":"","background-media":"","overlay-type":"","overlay-color":"","overlay-opacity":"","overlay-gradient":""},"mobile":{"background-color":"","background-image":"","background-repeat":"repeat","background-position":"center center","background-size":"auto","background-attachment":"scroll","background-type":"","background-media":"","overlay-type":"","overlay-color":"","overlay-opacity":"","overlay-gradient":""}},"ast-content-background-meta":{"desktop":{"background-color":"var(--ast-global-color-5)","background-image":"","background-repeat":"repeat","background-position":"center center","background-size":"auto","background-attachment":"scroll","background-type":"","background-media":"","overlay-type":"","overlay-color":"","overlay-opacity":"","overlay-gradient":""},"tablet":{"background-color":"var(--ast-global-color-5)","background-image":"","background-repeat":"repeat","background-position":"center center","background-size":"auto","background-attachment":"scroll","background-type":"","background-media":"","overlay-type":"","overlay-color":"","overlay-opacity":"","overlay-gradient":""},"mobile":{"background-color":"var(--ast-global-color-5)","background-image":"","background-repeat":"repeat","background-position":"center center","background-size":"auto","background-attachment":"scroll","background-type":"","background-media":"","overlay-type":"","overlay-color":"","overlay-opacity":"","overlay-gradient":""}}},"product_cat":[104,117],"product_tag":[],"class_list":{"0":"post-1382","1":"product","2":"type-product","3":"status-publish","4":"has-post-thumbnail","6":"product_cat-filtros-y-revolvers","7":"product_cat-jano-letters","8":"desktop-align-left","9":"tablet-align-left","10":"mobile-align-left","12":"first","13":"instock","14":"taxable","15":"shipping-taxable","16":"purchasable","17":"product-type-simple"},"yoast_head":"<!-- This site is optimized with the Yoast SEO plugin v25.3 - https:\/\/yoast.com\/wordpress\/plugins\/seo\/ -->\n<title>JANOLETTERS 27BOX - ABC - Jano Filters Limited Edition<\/title>\n<meta name=\"description\" content=\"Los primeros filtros en 3D y adem\u00e1s con todo el abecedario para personalizar tu mejor momento del d\u00eda. REUTILIZABLES Y BIO-COMPOSTABLES\" \/>\n<meta name=\"robots\" content=\"index, follow, max-snippet:-1, max-image-preview:large, max-video-preview:-1\" \/>\n<link rel=\"canonical\" href=\"https:\/\/janofilters.com\/es\/product\/janoletters\/\" \/>\n<meta property=\"og:locale\" content=\"es_ES\" \/>\n<meta property=\"og:type\" content=\"article\" \/>\n<meta property=\"og:title\" content=\"JANOLETTERS 27BOX - ABC - Jano Filters Limited Edition\" \/>\n<meta property=\"og:description\" content=\"Los primeros filtros en 3D y adem\u00e1s con todo el abecedario para personalizar tu mejor momento del d\u00eda. REUTILIZABLES Y BIO-COMPOSTABLES\" \/>\n<meta property=\"og:url\" content=\"https:\/\/janofilters.com\/es\/product\/janoletters\/\" \/>\n<meta property=\"og:site_name\" content=\"Jano Filters\" \/>\n<meta property=\"article:publisher\" content=\"https:\/\/es-la.facebook.com\/janofilters\/\" \/>\n<meta property=\"article:modified_time\" content=\"2023-04-25T08:21:00+00:00\" \/>\n<meta property=\"og:image\" content=\"https:\/\/janofilters.com\/wp-content\/uploads\/2021\/01\/IMG_1790-1.jpg\" \/>\n\t<meta property=\"og:image:width\" content=\"1548\" \/>\n\t<meta property=\"og:image:height\" content=\"1548\" \/>\n\t<meta property=\"og:image:type\" content=\"image\/jpeg\" \/>\n<meta name=\"twitter:card\" content=\"summary_large_image\" \/>\n<meta name=\"twitter:site\" content=\"@janofilters\" \/>\n<meta name=\"twitter:label1\" content=\"Tiempo de lectura\" \/>\n\t<meta name=\"twitter:data1\" content=\"1 minuto\" \/>\n<script type=\"application\/ld+json\" class=\"yoast-schema-graph\">{\"@context\":\"https:\/\/schema.org\",\"@graph\":[{\"@type\":\"WebPage\",\"@id\":\"https:\/\/janofilters.com\/product\/janoletters\/\",\"url\":\"https:\/\/janofilters.com\/product\/janoletters\/\",\"name\":\"JANOLETTERS 27BOX - ABC - Jano Filters Limited Edition\",\"isPartOf\":{\"@id\":\"http:\/\/janofilters.com\/es\/#website\"},\"primaryImageOfPage\":{\"@id\":\"https:\/\/janofilters.com\/product\/janoletters\/#primaryimage\"},\"image\":{\"@id\":\"https:\/\/janofilters.com\/product\/janoletters\/#primaryimage\"},\"thumbnailUrl\":\"https:\/\/janofilters.com\/wp-content\/uploads\/2021\/01\/IMG_1790-1.jpg\",\"datePublished\":\"2021-01-23T00:54:43+00:00\",\"dateModified\":\"2023-04-25T08:21:00+00:00\",\"description\":\"Los primeros filtros en 3D y adem\u00e1s con todo el abecedario para personalizar tu mejor momento del d\u00eda. REUTILIZABLES Y BIO-COMPOSTABLES\",\"breadcrumb\":{\"@id\":\"https:\/\/janofilters.com\/product\/janoletters\/#breadcrumb\"},\"inLanguage\":\"es\",\"potentialAction\":[{\"@type\":\"ReadAction\",\"target\":[\"https:\/\/janofilters.com\/product\/janoletters\/\"]}]},{\"@type\":\"ImageObject\",\"inLanguage\":\"es\",\"@id\":\"https:\/\/janofilters.com\/product\/janoletters\/#primaryimage\",\"url\":\"https:\/\/janofilters.com\/wp-content\/uploads\/2021\/01\/IMG_1790-1.jpg\",\"contentUrl\":\"https:\/\/janofilters.com\/wp-content\/uploads\/2021\/01\/IMG_1790-1.jpg\",\"width\":1548,\"height\":1548},{\"@type\":\"BreadcrumbList\",\"@id\":\"https:\/\/janofilters.com\/product\/janoletters\/#breadcrumb\",\"itemListElement\":[{\"@type\":\"ListItem\",\"position\":1,\"name\":\"Portada\",\"item\":\"https:\/\/janofilters.com\/es\/\"},{\"@type\":\"ListItem\",\"position\":2,\"name\":\"Shop\",\"item\":\"https:\/\/janofilters.com\/es\/shop\/\"},{\"@type\":\"ListItem\",\"position\":3,\"name\":\"JANOLETTERS 27BOX &#8211; ABC\"}]},{\"@type\":\"WebSite\",\"@id\":\"http:\/\/janofilters.com\/es\/#website\",\"url\":\"http:\/\/janofilters.com\/es\/\",\"name\":\"Jano Filters\",\"description\":\"Dise\u00f1os e inventos 420 creados para compartir.\",\"publisher\":{\"@id\":\"http:\/\/janofilters.com\/es\/#organization\"},\"potentialAction\":[{\"@type\":\"SearchAction\",\"target\":{\"@type\":\"EntryPoint\",\"urlTemplate\":\"http:\/\/janofilters.com\/es\/?s={search_term_string}\"},\"query-input\":{\"@type\":\"PropertyValueSpecification\",\"valueRequired\":true,\"valueName\":\"search_term_string\"}}],\"inLanguage\":\"es\"},{\"@type\":\"Organization\",\"@id\":\"http:\/\/janofilters.com\/es\/#organization\",\"name\":\"Jano Filters\",\"url\":\"http:\/\/janofilters.com\/es\/\",\"logo\":{\"@type\":\"ImageObject\",\"inLanguage\":\"es\",\"@id\":\"http:\/\/janofilters.com\/es\/#\/schema\/logo\/image\/\",\"url\":\"https:\/\/janofilters.com\/wp-content\/uploads\/2021\/01\/cropped-Logo_BN.png\",\"contentUrl\":\"https:\/\/janofilters.com\/wp-content\/uploads\/2021\/01\/cropped-Logo_BN.png\",\"width\":268,\"height\":146,\"caption\":\"Jano Filters\"},\"image\":{\"@id\":\"http:\/\/janofilters.com\/es\/#\/schema\/logo\/image\/\"},\"sameAs\":[\"https:\/\/es-la.facebook.com\/janofilters\/\",\"https:\/\/x.com\/janofilters\",\"https:\/\/www.instagram.com\/janofilters\/\",\"https:\/\/www.tiktok.com\/@janofactory\",\"https:\/\/www.youtube.com\/channel\/UCGj3q5sMCCr2Tk6VwY838Nw\"]}]}<\/script>\n<!-- \/ Yoast SEO plugin. -->","yoast_head_json":{"title":"JANOLETTERS 27BOX - ABC - Jano Filters Limited Edition","description":"Los primeros filtros en 3D y adem\u00e1s con todo el abecedario para personalizar tu mejor momento del d\u00eda. REUTILIZABLES Y BIO-COMPOSTABLES","robots":{"index":"index","follow":"follow","max-snippet":"max-snippet:-1","max-image-preview":"max-image-preview:large","max-video-preview":"max-video-preview:-1"},"canonical":"https:\/\/janofilters.com\/es\/product\/janoletters\/","og_locale":"es_ES","og_type":"article","og_title":"JANOLETTERS 27BOX - ABC - Jano Filters Limited Edition","og_description":"Los primeros filtros en 3D y adem\u00e1s con todo el abecedario para personalizar tu mejor momento del d\u00eda. REUTILIZABLES Y BIO-COMPOSTABLES","og_url":"https:\/\/janofilters.com\/es\/product\/janoletters\/","og_site_name":"Jano Filters","article_publisher":"https:\/\/es-la.facebook.com\/janofilters\/","article_modified_time":"2023-04-25T08:21:00+00:00","og_image":[{"width":1548,"height":1548,"url":"https:\/\/janofilters.com\/wp-content\/uploads\/2021\/01\/IMG_1790-1.jpg","type":"image\/jpeg"}],"twitter_card":"summary_large_image","twitter_site":"@janofilters","twitter_misc":{"Tiempo de lectura":"1 minuto"},"schema":{"@context":"https:\/\/schema.org","@graph":[{"@type":"WebPage","@id":"https:\/\/janofilters.com\/product\/janoletters\/","url":"https:\/\/janofilters.com\/product\/janoletters\/","name":"JANOLETTERS 27BOX - ABC - Jano Filters Limited Edition","isPartOf":{"@id":"http:\/\/janofilters.com\/es\/#website"},"primaryImageOfPage":{"@id":"https:\/\/janofilters.com\/product\/janoletters\/#primaryimage"},"image":{"@id":"https:\/\/janofilters.com\/product\/janoletters\/#primaryimage"},"thumbnailUrl":"https:\/\/janofilters.com\/wp-content\/uploads\/2021\/01\/IMG_1790-1.jpg","datePublished":"2021-01-23T00:54:43+00:00","dateModified":"2023-04-25T08:21:00+00:00","description":"Los primeros filtros en 3D y adem\u00e1s con todo el abecedario para personalizar tu mejor momento del d\u00eda. REUTILIZABLES Y BIO-COMPOSTABLES","breadcrumb":{"@id":"https:\/\/janofilters.com\/product\/janoletters\/#breadcrumb"},"inLanguage":"es","potentialAction":[{"@type":"ReadAction","target":["https:\/\/janofilters.com\/product\/janoletters\/"]}]},{"@type":"ImageObject","inLanguage":"es","@id":"https:\/\/janofilters.com\/product\/janoletters\/#primaryimage","url":"https:\/\/janofilters.com\/wp-content\/uploads\/2021\/01\/IMG_1790-1.jpg","contentUrl":"https:\/\/janofilters.com\/wp-content\/uploads\/2021\/01\/IMG_1790-1.jpg","width":1548,"height":1548},{"@type":"BreadcrumbList","@id":"https:\/\/janofilters.com\/product\/janoletters\/#breadcrumb","itemListElement":[{"@type":"ListItem","position":1,"name":"Portada","item":"https:\/\/janofilters.com\/es\/"},{"@type":"ListItem","position":2,"name":"Shop","item":"https:\/\/janofilters.com\/es\/shop\/"},{"@type":"ListItem","position":3,"name":"JANOLETTERS 27BOX &#8211; ABC"}]},{"@type":"WebSite","@id":"http:\/\/janofilters.com\/es\/#website","url":"http:\/\/janofilters.com\/es\/","name":"Jano Filters","description":"Dise\u00f1os e inventos 420 creados para compartir.","publisher":{"@id":"http:\/\/janofilters.com\/es\/#organization"},"potentialAction":[{"@type":"SearchAction","target":{"@type":"EntryPoint","urlTemplate":"http:\/\/janofilters.com\/es\/?s={search_term_string}"},"query-input":{"@type":"PropertyValueSpecification","valueRequired":true,"valueName":"search_term_string"}}],"inLanguage":"es"},{"@type":"Organization","@id":"http:\/\/janofilters.com\/es\/#organization","name":"Jano Filters","url":"http:\/\/janofilters.com\/es\/","logo":{"@type":"ImageObject","inLanguage":"es","@id":"http:\/\/janofilters.com\/es\/#\/schema\/logo\/image\/","url":"https:\/\/janofilters.com\/wp-content\/uploads\/2021\/01\/cropped-Logo_BN.png","contentUrl":"https:\/\/janofilters.com\/wp-content\/uploads\/2021\/01\/cropped-Logo_BN.png","width":268,"height":146,"caption":"Jano Filters"},"image":{"@id":"http:\/\/janofilters.com\/es\/#\/schema\/logo\/image\/"},"sameAs":["https:\/\/es-la.facebook.com\/janofilters\/","https:\/\/x.com\/janofilters","https:\/\/www.instagram.com\/janofilters\/","https:\/\/www.tiktok.com\/@janofactory","https:\/\/www.youtube.com\/channel\/UCGj3q5sMCCr2Tk6VwY838Nw"]}]}},"jetpack_sharing_enabled":true,"_links":{"self":[{"href":"https:\/\/janofilters.com\/es\/wp-json\/wp\/v2\/product\/1382","targetHints":{"allow":["GET"]}}],"collection":[{"href":"https:\/\/janofilters.com\/es\/wp-json\/wp\/v2\/product"}],"about":[{"href":"https:\/\/janofilters.com\/es\/wp-json\/wp\/v2\/types\/product"}],"wp:featuredmedia":[{"embeddable":true,"href":"https:\/\/janofilters.com\/es\/wp-json\/wp\/v2\/media\/9027"}],"wp:attachment":[{"href":"https:\/\/janofilters.com\/es\/wp-json\/wp\/v2\/media?parent=1382"}],"wp:term":[{"taxonomy":"product_cat","embeddable":true,"href":"https:\/\/janofilters.com\/es\/wp-json\/wp\/v2\/product_cat?post=1382"},{"taxonomy":"product_tag","embeddable":true,"href":"https:\/\/janofilters.com\/es\/wp-json\/wp\/v2\/product_tag?post=1382"}],"curies":[{"name":"wp","href":"https:\/\/api.w.org\/{rel}","templated":true}]}}