{"id":2203,"date":"2021-02-19T17:30:03","date_gmt":"2021-02-19T16:30:03","guid":{"rendered":"https:\/\/janofilters.com\/?post_type=product&amp;p=2203"},"modified":"2021-02-19T17:30:03","modified_gmt":"2021-02-19T16:30:03","slug":"32-natural-rolling-tips","status":"publish","type":"product","link":"https:\/\/janofilters.com\/es\/product\/32-natural-rolling-tips\/","title":{"rendered":"NATURAL ROLLING TIPS"},"content":{"rendered":"<p>Cartoncitos de liar cl\u00e1sicos presentados en un innovador packaging de 32uds rellenable para ofrecer a tus colegas un cartoncito con una sola mano y entre gestos, car\u00edcias y deslizas traspasados al mundo f\u00edsico. Si investigas un poco cuando lo tengas en las manos, descubrir\u00e1s una zona escondida para un par de Janos o de gr*mos \ud83d\ude09<\/p>\n<p>El papel que usamos en los NATURAL ROLLING TIPS de Jano, adem\u00e1s de ser sin blanquear, libre de cloros y bencenos, mezclamos muy bajo espesor con alta densidad, ofreciendo un enrollado perfecto, redondo y f\u00e1cil de ejecutar. Si lo enrollas sobre si mismo apretando un poco desde el principio, se quedar\u00e1 en su posici\u00f3n sin tener que aguantarlo luego!<\/p>\n<p>Olv\u00eddate de las cartujas triangulares y cutres, p\u00e1sate a liar con algo premium de verdad! Si has probado alguno de nuestros rolling tips lo sabes&#8230; lo bien que quedan no es ni medio normal.<\/p>\n","protected":false},"excerpt":{"rendered":"<p>Cartoncitos de liar cl\u00e1sicos presentados en un innovador packaging de 32uds rellenable para ofrecer a tus colegas un cartoncito con una sola mano y entre gestos, car\u00edcias y deslizas traspasados al mundo f\u00edsico. Si investigas un poco cuando lo tengas en las manos, descubrir\u00e1s una zona escondida para un par de Janos o de gr*mos [&hellip;]<\/p>\n","protected":false},"featured_media":2212,"template":"","meta":{"site-sidebar-layout":"default","site-content-layout":"default","ast-site-content-layout":"","site-content-style":"default","site-sidebar-style":"default","ast-global-header-display":"","ast-banner-title-visibility":"","ast-main-header-display":"","ast-hfb-above-header-display":"","ast-hfb-below-header-display":"","ast-hfb-mobile-header-display":"","site-post-title":"","ast-breadcrumbs-content":"","ast-featured-img":"","footer-sml-layout":"","theme-transparent-header-meta":"default","adv-header-id-meta":"","stick-header-meta":"","header-above-stick-meta":"","header-main-stick-meta":"","header-below-stick-meta":"","astra-migrate-meta-layouts":"default","ast-page-background-enabled":"default","ast-page-background-meta":{"desktop":{"background-color":"","background-image":"","background-repeat":"repeat","background-position":"center center","background-size":"auto","background-attachment":"scroll","background-type":"","background-media":"","overlay-type":"","overlay-color":"","overlay-opacity":"","overlay-gradient":""},"tablet":{"background-color":"","background-image":"","background-repeat":"repeat","background-position":"center center","background-size":"auto","background-attachment":"scroll","background-type":"","background-media":"","overlay-type":"","overlay-color":"","overlay-opacity":"","overlay-gradient":""},"mobile":{"background-color":"","background-image":"","background-repeat":"repeat","background-position":"center center","background-size":"auto","background-attachment":"scroll","background-type":"","background-media":"","overlay-type":"","overlay-color":"","overlay-opacity":"","overlay-gradient":""}},"ast-content-background-meta":{"desktop":{"background-color":"var(--ast-global-color-5)","background-image":"","background-repeat":"repeat","background-position":"center center","background-size":"auto","background-attachment":"scroll","background-type":"","background-media":"","overlay-type":"","overlay-color":"","overlay-opacity":"","overlay-gradient":""},"tablet":{"background-color":"var(--ast-global-color-5)","background-image":"","background-repeat":"repeat","background-position":"center center","background-size":"auto","background-attachment":"scroll","background-type":"","background-media":"","overlay-type":"","overlay-color":"","overlay-opacity":"","overlay-gradient":""},"mobile":{"background-color":"var(--ast-global-color-5)","background-image":"","background-repeat":"repeat","background-position":"center center","background-size":"auto","background-attachment":"scroll","background-type":"","background-media":"","overlay-type":"","overlay-color":"","overlay-opacity":"","overlay-gradient":""}}},"product_cat":[108,110],"product_tag":[],"class_list":{"0":"post-2203","1":"product","2":"type-product","3":"status-publish","4":"has-post-thumbnail","6":"product_cat-kits-de-ahorro","7":"product_cat-outlet","8":"desktop-align-left","9":"tablet-align-left","10":"mobile-align-left","12":"first","13":"instock","14":"sale","15":"taxable","16":"shipping-taxable","17":"purchasable","18":"product-type-variable"},"yoast_head":"<!-- This site is optimized with the Yoast SEO plugin v25.3 - https:\/\/yoast.com\/wordpress\/plugins\/seo\/ -->\n<title>NATURAL ROLLING TIPS - Jano Filters<\/title>\n<meta name=\"description\" content=\"Olv\u00eddate de las cartujas triangulares y cutres, p\u00e1sate a liar con algo premium de verdad! Si has probado alguno de nuestros natural rolling tips lo sabes... lo bien que quedan no es ni medio normal.\" \/>\n<meta name=\"robots\" content=\"index, follow, max-snippet:-1, max-image-preview:large, max-video-preview:-1\" \/>\n<link rel=\"canonical\" href=\"https:\/\/janofilters.com\/es\/product\/32-natural-rolling-tips\/\" \/>\n<meta property=\"og:locale\" content=\"es_ES\" \/>\n<meta property=\"og:type\" content=\"article\" \/>\n<meta property=\"og:title\" content=\"NATURAL ROLLING TIPS - Jano Filters\" \/>\n<meta property=\"og:description\" content=\"Olv\u00eddate de las cartujas triangulares y cutres, p\u00e1sate a liar con algo premium de verdad! Si has probado alguno de nuestros natural rolling tips lo sabes... lo bien que quedan no es ni medio normal.\" \/>\n<meta property=\"og:url\" content=\"https:\/\/janofilters.com\/es\/product\/32-natural-rolling-tips\/\" \/>\n<meta property=\"og:site_name\" content=\"Jano Filters\" \/>\n<meta property=\"article:publisher\" content=\"https:\/\/es-la.facebook.com\/janofilters\/\" \/>\n<meta property=\"og:image\" content=\"https:\/\/janofilters.com\/wp-content\/uploads\/2021\/02\/bodegon-cuadrado.jpg\" \/>\n\t<meta property=\"og:image:width\" content=\"1280\" \/>\n\t<meta property=\"og:image:height\" content=\"1280\" \/>\n\t<meta property=\"og:image:type\" content=\"image\/jpeg\" \/>\n<meta name=\"twitter:card\" content=\"summary_large_image\" \/>\n<meta name=\"twitter:site\" content=\"@janofilters\" \/>\n<meta name=\"twitter:label1\" content=\"Tiempo de lectura\" \/>\n\t<meta name=\"twitter:data1\" content=\"1 minuto\" \/>\n<script type=\"application\/ld+json\" class=\"yoast-schema-graph\">{\"@context\":\"https:\/\/schema.org\",\"@graph\":[{\"@type\":\"WebPage\",\"@id\":\"https:\/\/janofilters.com\/product\/32-natural-rolling-tips\/\",\"url\":\"https:\/\/janofilters.com\/product\/32-natural-rolling-tips\/\",\"name\":\"NATURAL ROLLING TIPS - Jano Filters\",\"isPartOf\":{\"@id\":\"http:\/\/janofilters.com\/es\/#website\"},\"primaryImageOfPage\":{\"@id\":\"https:\/\/janofilters.com\/product\/32-natural-rolling-tips\/#primaryimage\"},\"image\":{\"@id\":\"https:\/\/janofilters.com\/product\/32-natural-rolling-tips\/#primaryimage\"},\"thumbnailUrl\":\"https:\/\/janofilters.com\/wp-content\/uploads\/2021\/02\/bodegon-cuadrado.jpg\",\"datePublished\":\"2021-02-19T16:30:03+00:00\",\"description\":\"Olv\u00eddate de las cartujas triangulares y cutres, p\u00e1sate a liar con algo premium de verdad! Si has probado alguno de nuestros natural rolling tips lo sabes... lo bien que quedan no es ni medio normal.\",\"breadcrumb\":{\"@id\":\"https:\/\/janofilters.com\/product\/32-natural-rolling-tips\/#breadcrumb\"},\"inLanguage\":\"es\",\"potentialAction\":[{\"@type\":\"ReadAction\",\"target\":[\"https:\/\/janofilters.com\/product\/32-natural-rolling-tips\/\"]}]},{\"@type\":\"ImageObject\",\"inLanguage\":\"es\",\"@id\":\"https:\/\/janofilters.com\/product\/32-natural-rolling-tips\/#primaryimage\",\"url\":\"https:\/\/janofilters.com\/wp-content\/uploads\/2021\/02\/bodegon-cuadrado.jpg\",\"contentUrl\":\"https:\/\/janofilters.com\/wp-content\/uploads\/2021\/02\/bodegon-cuadrado.jpg\",\"width\":1280,\"height\":1280},{\"@type\":\"BreadcrumbList\",\"@id\":\"https:\/\/janofilters.com\/product\/32-natural-rolling-tips\/#breadcrumb\",\"itemListElement\":[{\"@type\":\"ListItem\",\"position\":1,\"name\":\"Portada\",\"item\":\"https:\/\/janofilters.com\/es\/\"},{\"@type\":\"ListItem\",\"position\":2,\"name\":\"Shop\",\"item\":\"https:\/\/janofilters.com\/es\/shop\/\"},{\"@type\":\"ListItem\",\"position\":3,\"name\":\"NATURAL ROLLING TIPS\"}]},{\"@type\":\"WebSite\",\"@id\":\"http:\/\/janofilters.com\/es\/#website\",\"url\":\"http:\/\/janofilters.com\/es\/\",\"name\":\"Jano Filters\",\"description\":\"Dise\u00f1os e inventos 420 creados para compartir.\",\"publisher\":{\"@id\":\"http:\/\/janofilters.com\/es\/#organization\"},\"potentialAction\":[{\"@type\":\"SearchAction\",\"target\":{\"@type\":\"EntryPoint\",\"urlTemplate\":\"http:\/\/janofilters.com\/es\/?s={search_term_string}\"},\"query-input\":{\"@type\":\"PropertyValueSpecification\",\"valueRequired\":true,\"valueName\":\"search_term_string\"}}],\"inLanguage\":\"es\"},{\"@type\":\"Organization\",\"@id\":\"http:\/\/janofilters.com\/es\/#organization\",\"name\":\"Jano Filters\",\"url\":\"http:\/\/janofilters.com\/es\/\",\"logo\":{\"@type\":\"ImageObject\",\"inLanguage\":\"es\",\"@id\":\"http:\/\/janofilters.com\/es\/#\/schema\/logo\/image\/\",\"url\":\"https:\/\/janofilters.com\/wp-content\/uploads\/2021\/01\/cropped-Logo_BN.png\",\"contentUrl\":\"https:\/\/janofilters.com\/wp-content\/uploads\/2021\/01\/cropped-Logo_BN.png\",\"width\":268,\"height\":146,\"caption\":\"Jano Filters\"},\"image\":{\"@id\":\"http:\/\/janofilters.com\/es\/#\/schema\/logo\/image\/\"},\"sameAs\":[\"https:\/\/es-la.facebook.com\/janofilters\/\",\"https:\/\/x.com\/janofilters\",\"https:\/\/www.instagram.com\/janofilters\/\",\"https:\/\/www.tiktok.com\/@janofactory\",\"https:\/\/www.youtube.com\/channel\/UCGj3q5sMCCr2Tk6VwY838Nw\"]}]}<\/script>\n<!-- \/ Yoast SEO plugin. -->","yoast_head_json":{"title":"NATURAL ROLLING TIPS - Jano Filters","description":"Olv\u00eddate de las cartujas triangulares y cutres, p\u00e1sate a liar con algo premium de verdad! Si has probado alguno de nuestros natural rolling tips lo sabes... lo bien que quedan no es ni medio normal.","robots":{"index":"index","follow":"follow","max-snippet":"max-snippet:-1","max-image-preview":"max-image-preview:large","max-video-preview":"max-video-preview:-1"},"canonical":"https:\/\/janofilters.com\/es\/product\/32-natural-rolling-tips\/","og_locale":"es_ES","og_type":"article","og_title":"NATURAL ROLLING TIPS - Jano Filters","og_description":"Olv\u00eddate de las cartujas triangulares y cutres, p\u00e1sate a liar con algo premium de verdad! Si has probado alguno de nuestros natural rolling tips lo sabes... lo bien que quedan no es ni medio normal.","og_url":"https:\/\/janofilters.com\/es\/product\/32-natural-rolling-tips\/","og_site_name":"Jano Filters","article_publisher":"https:\/\/es-la.facebook.com\/janofilters\/","og_image":[{"width":1280,"height":1280,"url":"https:\/\/janofilters.com\/wp-content\/uploads\/2021\/02\/bodegon-cuadrado.jpg","type":"image\/jpeg"}],"twitter_card":"summary_large_image","twitter_site":"@janofilters","twitter_misc":{"Tiempo de lectura":"1 minuto"},"schema":{"@context":"https:\/\/schema.org","@graph":[{"@type":"WebPage","@id":"https:\/\/janofilters.com\/product\/32-natural-rolling-tips\/","url":"https:\/\/janofilters.com\/product\/32-natural-rolling-tips\/","name":"NATURAL ROLLING TIPS - Jano Filters","isPartOf":{"@id":"http:\/\/janofilters.com\/es\/#website"},"primaryImageOfPage":{"@id":"https:\/\/janofilters.com\/product\/32-natural-rolling-tips\/#primaryimage"},"image":{"@id":"https:\/\/janofilters.com\/product\/32-natural-rolling-tips\/#primaryimage"},"thumbnailUrl":"https:\/\/janofilters.com\/wp-content\/uploads\/2021\/02\/bodegon-cuadrado.jpg","datePublished":"2021-02-19T16:30:03+00:00","description":"Olv\u00eddate de las cartujas triangulares y cutres, p\u00e1sate a liar con algo premium de verdad! Si has probado alguno de nuestros natural rolling tips lo sabes... lo bien que quedan no es ni medio normal.","breadcrumb":{"@id":"https:\/\/janofilters.com\/product\/32-natural-rolling-tips\/#breadcrumb"},"inLanguage":"es","potentialAction":[{"@type":"ReadAction","target":["https:\/\/janofilters.com\/product\/32-natural-rolling-tips\/"]}]},{"@type":"ImageObject","inLanguage":"es","@id":"https:\/\/janofilters.com\/product\/32-natural-rolling-tips\/#primaryimage","url":"https:\/\/janofilters.com\/wp-content\/uploads\/2021\/02\/bodegon-cuadrado.jpg","contentUrl":"https:\/\/janofilters.com\/wp-content\/uploads\/2021\/02\/bodegon-cuadrado.jpg","width":1280,"height":1280},{"@type":"BreadcrumbList","@id":"https:\/\/janofilters.com\/product\/32-natural-rolling-tips\/#breadcrumb","itemListElement":[{"@type":"ListItem","position":1,"name":"Portada","item":"https:\/\/janofilters.com\/es\/"},{"@type":"ListItem","position":2,"name":"Shop","item":"https:\/\/janofilters.com\/es\/shop\/"},{"@type":"ListItem","position":3,"name":"NATURAL ROLLING TIPS"}]},{"@type":"WebSite","@id":"http:\/\/janofilters.com\/es\/#website","url":"http:\/\/janofilters.com\/es\/","name":"Jano Filters","description":"Dise\u00f1os e inventos 420 creados para compartir.","publisher":{"@id":"http:\/\/janofilters.com\/es\/#organization"},"potentialAction":[{"@type":"SearchAction","target":{"@type":"EntryPoint","urlTemplate":"http:\/\/janofilters.com\/es\/?s={search_term_string}"},"query-input":{"@type":"PropertyValueSpecification","valueRequired":true,"valueName":"search_term_string"}}],"inLanguage":"es"},{"@type":"Organization","@id":"http:\/\/janofilters.com\/es\/#organization","name":"Jano Filters","url":"http:\/\/janofilters.com\/es\/","logo":{"@type":"ImageObject","inLanguage":"es","@id":"http:\/\/janofilters.com\/es\/#\/schema\/logo\/image\/","url":"https:\/\/janofilters.com\/wp-content\/uploads\/2021\/01\/cropped-Logo_BN.png","contentUrl":"https:\/\/janofilters.com\/wp-content\/uploads\/2021\/01\/cropped-Logo_BN.png","width":268,"height":146,"caption":"Jano Filters"},"image":{"@id":"http:\/\/janofilters.com\/es\/#\/schema\/logo\/image\/"},"sameAs":["https:\/\/es-la.facebook.com\/janofilters\/","https:\/\/x.com\/janofilters","https:\/\/www.instagram.com\/janofilters\/","https:\/\/www.tiktok.com\/@janofactory","https:\/\/www.youtube.com\/channel\/UCGj3q5sMCCr2Tk6VwY838Nw"]}]}},"jetpack_sharing_enabled":true,"_links":{"self":[{"href":"https:\/\/janofilters.com\/es\/wp-json\/wp\/v2\/product\/2203","targetHints":{"allow":["GET"]}}],"collection":[{"href":"https:\/\/janofilters.com\/es\/wp-json\/wp\/v2\/product"}],"about":[{"href":"https:\/\/janofilters.com\/es\/wp-json\/wp\/v2\/types\/product"}],"wp:featuredmedia":[{"embeddable":true,"href":"https:\/\/janofilters.com\/es\/wp-json\/wp\/v2\/media\/2212"}],"wp:attachment":[{"href":"https:\/\/janofilters.com\/es\/wp-json\/wp\/v2\/media?parent=2203"}],"wp:term":[{"taxonomy":"product_cat","embeddable":true,"href":"https:\/\/janofilters.com\/es\/wp-json\/wp\/v2\/product_cat?post=2203"},{"taxonomy":"product_tag","embeddable":true,"href":"https:\/\/janofilters.com\/es\/wp-json\/wp\/v2\/product_tag?post=2203"}],"curies":[{"name":"wp","href":"https:\/\/api.w.org\/{rel}","templated":true}]}}