{"id":2254,"date":"2021-02-26T12:59:24","date_gmt":"2021-02-26T11:59:24","guid":{"rendered":"https:\/\/janofilters.com\/?post_type=product&#038;p=2254"},"modified":"2025-11-30T09:56:09","modified_gmt":"2025-11-30T08:56:09","slug":"desfiltrador-brida-llavero","status":"publish","type":"product","link":"https:\/\/janofilters.com\/es\/product\/desfiltrador-brida-llavero\/","title":{"rendered":"KRABS: Desfiltrador brida\/llavero"},"content":{"rendered":"<p><strong>Para colgar de cualquier cremallera o pantal\u00f3n; chaquetas, ri\u00f1oneras, mochilas, etc. <\/strong>En teor\u00eda tambi\u00e9n sirve como llavero, aunque yo no lo har\u00eda&#8230; la conceptualizamos como una joyita y llevarlo junto a las llaves picando contra la pieza todo el rato har\u00e1 que se ralle en pocos d\u00edas y&#8230; nos parte el alma.<\/p>\n<p>Novedades en esta <strong>quinta<\/strong> edici\u00f3n de desfiltradores:<\/p>\n<ul>\n<li>Presentamos <strong>5 nuevos modelos<\/strong>; Todos en<strong> Negro Mate<\/strong>.<\/li>\n<li>Cada <strong>Krab V5<\/strong> viene con 5 gomas intercambiables, \u00ablas gomas son compatibles con ediciones pasadas\u00bb<\/li>\n<li><strong>Nuevo recubrimiento gomoso para hacer que las bridas de inox aguanten mucho m\u00e1s<\/strong> y no se doblen a\u00fan que te sientes encima.<\/li>\n<li>Mejoramos <strong>el anodizado<\/strong> para que sean <strong>m\u00e1s densos, potentes y brillantes.<\/strong><\/li>\n<li>Mantenemos la <strong>aleaci\u00f3n del aluminio<\/strong> que venimos usando desde la segunda edici\u00f3n, lo que hizo que la pieza fuera<strong> m\u00e1s flexible y resistente.<\/strong><\/li>\n<\/ul>\n<p><em><strong>Hack para noobs:<\/strong> si quieres que desfiltre a\u00fan m\u00e1s y ganar todos los challenge con tus colegas, tira con los pulgares suavemente -y con cuidado xd- de la punta de tu Krabs para que sus 2 palas dejen de ser paralelas y pasen a estar en un peque\u00f1o \u00e1ngulo abierto.<\/em> De este modo el % de filtro que agarrar\u00e1 y comprimir\u00e1 para desfiltrar ser\u00e1 mucho mayor y tendr\u00e1s menos riesgo de hacer el t\u00edpico mordisquito al filtro AKA fail m\u00e1ximo hahahah La mejor manera de conseguir un resultado parecido sin deformar tu nueva joyita ni cargarte las l\u00edneas paralelas de tu desfiltrador ser\u00eda comprimir el filtro con los dedos y que, al pinchar el Krabs, \u00e9ste agarre pr\u00e1cticamente toda la circunferencia del filtro antes de desfiltrar.<\/p>\n<p>&#8211;<\/p>\n<p>Por fin podemos presentar la nueva colecci\u00f3n de nuestro invento, el desfiltrador \u00abKrabs by JanoFilters\u00bb con m\u00e1s flow y m\u00e1s coleccionables que nuncaaaa!!!<\/p>\n<p>Despu\u00e9s de no tener que hacernos los tips, extraer el filtro del cig*rrillo es el paso que m\u00e1s palo nos daba a la hora de liar uno y&#8230; \u00a1desde Diciembre de 2018 que no hemos vuelto a sacar un filtro con los dientes! As\u00ed que despu\u00e9s del \u00e9xito de la primera y segunda edici\u00f3n, tenemos el placer de presentar esta tercera edici\u00f3n de desfiltradores.<\/p>\n<p>Durante este tiempo us\u00e1ndolos, hemos podido recolectar unas cuantas recomendaciones:<\/p>\n<p>&#8211; Para desfiltrar: Apunta bien, mete hasta el fondo (unos 2-3mm), aprieta tu Krabs y estira sin dejar de apretar.<\/p>\n<p>La secuencia de uso \u00f3ptima ser\u00eda;<\/p>\n<p><strong>\u00a0 \u00a01.<\/strong> Con el cigarro entero ANTES DE LIAR extraer el filtro usando el desfiltrador.<br \/>\n<strong>\u00a0 \u00a02.<\/strong> Introducir un Jano a\u00fan con el cigarro sin romper.<br \/>\n<strong>\u00a0 \u00a03.<\/strong> Ahora ya s\u00ed, romper el cigarro y empezar a liar.<\/p>\n<p><strong>A parte de asegurar un buen desfiltrado m\u00e1s c\u00f3modamente, si desfiltras antes de liar, el Jano entrar\u00e1 suave sea cual sea tu marca de tabaco y ser\u00e1 despu\u00e9s, al pinzar, cuando asegurar\u00e1s el Jano para que no se escape \ud83d\ude09<\/strong><\/p>\n<p>&#8211; El mejor punto para accionarlo es lo m\u00e1s cerca posible de la punta. La flexi\u00f3n se dar\u00e1 a cabo ejerciendo menos fuerza, con lo que el gesto es m\u00e1s suave y se castiga menos la pieza.<\/p>\n<p>&#8211; Es m\u00e1s f\u00e1cil extraer el filtro al principio del proceso <em>-con el cig*rrillo entero-<\/em> que al final <em>-cuando ya est\u00e1 todo liado-.<\/em> Igual que con el mordisco de toda la vida, si lo l\u00edas flojo tendr\u00e1s m\u00e1s problemas para extraer el filtro.<\/p>\n<p>&#8211; Como toda joyita, no es recomendable ducharse con ella. Evidentemente no le va a pasar nada por ducharte 20 veces con tu Krabs puesto, pero los acabados perder\u00e1n su esplendor m\u00e1s r\u00e1pidamente que no haci\u00e9ndolo.<\/p>\n<p>&#8211; Para lavarlo con un pa\u00f1o h\u00famedo deber\u00eda bastar, si la mancha es persistente se puede sumergir en agua tibia\/caliente o alcohol. No es recomendable limpiarlo con jab\u00f3n y menos si no es de PH neutro. (La sosa c\u00e1ustica, presente en la mayor\u00eda de jabones convencionales, es el decapador perfecto para los acabados mate texturizados que hemos elegido as\u00ed que NO FROTAR CON AGUA Y JAB\u00d3N)<\/p>\n<p>Muchas gracias una vez m\u00e1s a todas las personas que nos dan su apoyo y cari\u00f1o cada d\u00eda y much\u00edsimas gracias por la paciencia que hab\u00e9is tenido esperando m\u00e1s de un a\u00f1o para esta colecci\u00f3n ^^<\/p>\n","protected":false},"excerpt":{"rendered":"<p>El desfiltrador Krabs de aluminio flexible en formato brida colgable de acero inoxidable.<\/p>\n","protected":false},"featured_media":8543,"template":"","meta":{"site-sidebar-layout":"default","site-content-layout":"plain-container","ast-site-content-layout":"","site-content-style":"default","site-sidebar-style":"default","ast-global-header-display":"","ast-banner-title-visibility":"","ast-main-header-display":"","ast-hfb-above-header-display":"","ast-hfb-below-header-display":"","ast-hfb-mobile-header-display":"","site-post-title":"","ast-breadcrumbs-content":"","ast-featured-img":"","footer-sml-layout":"","theme-transparent-header-meta":"disabled","adv-header-id-meta":"","stick-header-meta":"","header-above-stick-meta":"","header-main-stick-meta":"","header-below-stick-meta":"","astra-migrate-meta-layouts":"default","ast-page-background-enabled":"default","ast-page-background-meta":{"desktop":{"background-color":"","background-image":"","background-repeat":"repeat","background-position":"center center","background-size":"auto","background-attachment":"scroll","background-type":"","background-media":"","overlay-type":"","overlay-color":"","overlay-opacity":"","overlay-gradient":""},"tablet":{"background-color":"","background-image":"","background-repeat":"repeat","background-position":"center center","background-size":"auto","background-attachment":"scroll","background-type":"","background-media":"","overlay-type":"","overlay-color":"","overlay-opacity":"","overlay-gradient":""},"mobile":{"background-color":"","background-image":"","background-repeat":"repeat","background-position":"center center","background-size":"auto","background-attachment":"scroll","background-type":"","background-media":"","overlay-type":"","overlay-color":"","overlay-opacity":"","overlay-gradient":""}},"ast-content-background-meta":{"desktop":{"background-color":"var(--ast-global-color-5)","background-image":"","background-repeat":"repeat","background-position":"center center","background-size":"auto","background-attachment":"scroll","background-type":"","background-media":"","overlay-type":"","overlay-color":"","overlay-opacity":"","overlay-gradient":""},"tablet":{"background-color":"var(--ast-global-color-5)","background-image":"","background-repeat":"repeat","background-position":"center center","background-size":"auto","background-attachment":"scroll","background-type":"","background-media":"","overlay-type":"","overlay-color":"","overlay-opacity":"","overlay-gradient":""},"mobile":{"background-color":"var(--ast-global-color-5)","background-image":"","background-repeat":"repeat","background-position":"center center","background-size":"auto","background-attachment":"scroll","background-type":"","background-media":"","overlay-type":"","overlay-color":"","overlay-opacity":"","overlay-gradient":""}}},"product_cat":[103],"product_tag":[],"class_list":{"0":"post-2254","1":"product","2":"type-product","3":"status-publish","4":"has-post-thumbnail","6":"product_cat-desfiltradores","7":"desktop-align-left","8":"tablet-align-left","9":"mobile-align-left","11":"first","12":"instock","13":"taxable","14":"shipping-taxable","15":"purchasable","16":"product-type-variable"},"yoast_head":"<!-- This site is optimized with the Yoast SEO plugin v25.3 - https:\/\/yoast.com\/wordpress\/plugins\/seo\/ -->\n<title>KRABS: Desfiltrador brida\/llavero - Jano Filters<\/title>\n<meta name=\"description\" content=\"El desfiltrador Krabs de aluminio flexible en formato brida colgable de acero inoxidable. Para colgar de cualquier cremallera o pantal\u00f3n; chaquetas, ri\u00f1os..\" \/>\n<meta name=\"robots\" content=\"index, follow, max-snippet:-1, max-image-preview:large, max-video-preview:-1\" \/>\n<link rel=\"canonical\" href=\"https:\/\/janofilters.com\/es\/product\/desfiltrador-brida-llavero\/\" \/>\n<meta property=\"og:locale\" content=\"es_ES\" \/>\n<meta property=\"og:type\" content=\"article\" \/>\n<meta property=\"og:title\" content=\"KRABS: Desfiltrador brida\/llavero - Jano Filters\" \/>\n<meta property=\"og:description\" content=\"El desfiltrador Krabs de aluminio flexible en formato brida colgable de acero inoxidable. Para colgar de cualquier cremallera o pantal\u00f3n; chaquetas, ri\u00f1os..\" \/>\n<meta property=\"og:url\" content=\"https:\/\/janofilters.com\/es\/product\/desfiltrador-brida-llavero\/\" \/>\n<meta property=\"og:site_name\" content=\"Jano Filters\" \/>\n<meta property=\"article:publisher\" content=\"https:\/\/es-la.facebook.com\/janofilters\/\" \/>\n<meta property=\"article:modified_time\" content=\"2025-11-30T08:56:09+00:00\" \/>\n<meta property=\"og:image\" content=\"https:\/\/janofilters.com\/wp-content\/uploads\/2021\/02\/5-LLAVEROS-1-1.jpg\" \/>\n\t<meta property=\"og:image:width\" content=\"2268\" \/>\n\t<meta property=\"og:image:height\" content=\"2268\" \/>\n\t<meta property=\"og:image:type\" content=\"image\/jpeg\" \/>\n<meta name=\"twitter:card\" content=\"summary_large_image\" \/>\n<meta name=\"twitter:site\" content=\"@janofilters\" \/>\n<meta name=\"twitter:label1\" content=\"Tiempo de lectura\" \/>\n\t<meta name=\"twitter:data1\" content=\"4 minutos\" \/>\n<script type=\"application\/ld+json\" class=\"yoast-schema-graph\">{\"@context\":\"https:\/\/schema.org\",\"@graph\":[{\"@type\":\"WebPage\",\"@id\":\"https:\/\/janofilters.com\/es\/product\/desfiltrador-brida-llavero\/\",\"url\":\"https:\/\/janofilters.com\/es\/product\/desfiltrador-brida-llavero\/\",\"name\":\"KRABS: Desfiltrador brida\/llavero - Jano Filters\",\"isPartOf\":{\"@id\":\"http:\/\/janofilters.com\/es\/#website\"},\"primaryImageOfPage\":{\"@id\":\"https:\/\/janofilters.com\/es\/product\/desfiltrador-brida-llavero\/#primaryimage\"},\"image\":{\"@id\":\"https:\/\/janofilters.com\/es\/product\/desfiltrador-brida-llavero\/#primaryimage\"},\"thumbnailUrl\":\"https:\/\/janofilters.com\/wp-content\/uploads\/2021\/02\/5-LLAVEROS-1-1.jpg\",\"datePublished\":\"2021-02-26T11:59:24+00:00\",\"dateModified\":\"2025-11-30T08:56:09+00:00\",\"description\":\"El desfiltrador Krabs de aluminio flexible en formato brida colgable de acero inoxidable. Para colgar de cualquier cremallera o pantal\u00f3n; chaquetas, ri\u00f1os..\",\"breadcrumb\":{\"@id\":\"https:\/\/janofilters.com\/es\/product\/desfiltrador-brida-llavero\/#breadcrumb\"},\"inLanguage\":\"es\",\"potentialAction\":[{\"@type\":\"ReadAction\",\"target\":[\"https:\/\/janofilters.com\/es\/product\/desfiltrador-brida-llavero\/\"]}]},{\"@type\":\"ImageObject\",\"inLanguage\":\"es\",\"@id\":\"https:\/\/janofilters.com\/es\/product\/desfiltrador-brida-llavero\/#primaryimage\",\"url\":\"https:\/\/janofilters.com\/wp-content\/uploads\/2021\/02\/5-LLAVEROS-1-1.jpg\",\"contentUrl\":\"https:\/\/janofilters.com\/wp-content\/uploads\/2021\/02\/5-LLAVEROS-1-1.jpg\",\"width\":2268,\"height\":2268},{\"@type\":\"BreadcrumbList\",\"@id\":\"https:\/\/janofilters.com\/es\/product\/desfiltrador-brida-llavero\/#breadcrumb\",\"itemListElement\":[{\"@type\":\"ListItem\",\"position\":1,\"name\":\"Portada\",\"item\":\"https:\/\/janofilters.com\/es\/\"},{\"@type\":\"ListItem\",\"position\":2,\"name\":\"Shop\",\"item\":\"https:\/\/janofilters.com\/es\/shop\/\"},{\"@type\":\"ListItem\",\"position\":3,\"name\":\"KRABS: Desfiltrador brida\/llavero\"}]},{\"@type\":\"WebSite\",\"@id\":\"http:\/\/janofilters.com\/es\/#website\",\"url\":\"http:\/\/janofilters.com\/es\/\",\"name\":\"Jano Filters\",\"description\":\"Dise\u00f1os e inventos 420 creados para compartir.\",\"publisher\":{\"@id\":\"http:\/\/janofilters.com\/es\/#organization\"},\"potentialAction\":[{\"@type\":\"SearchAction\",\"target\":{\"@type\":\"EntryPoint\",\"urlTemplate\":\"http:\/\/janofilters.com\/es\/?s={search_term_string}\"},\"query-input\":{\"@type\":\"PropertyValueSpecification\",\"valueRequired\":true,\"valueName\":\"search_term_string\"}}],\"inLanguage\":\"es\"},{\"@type\":\"Organization\",\"@id\":\"http:\/\/janofilters.com\/es\/#organization\",\"name\":\"Jano Filters\",\"url\":\"http:\/\/janofilters.com\/es\/\",\"logo\":{\"@type\":\"ImageObject\",\"inLanguage\":\"es\",\"@id\":\"http:\/\/janofilters.com\/es\/#\/schema\/logo\/image\/\",\"url\":\"https:\/\/janofilters.com\/wp-content\/uploads\/2021\/01\/cropped-Logo_BN.png\",\"contentUrl\":\"https:\/\/janofilters.com\/wp-content\/uploads\/2021\/01\/cropped-Logo_BN.png\",\"width\":268,\"height\":146,\"caption\":\"Jano Filters\"},\"image\":{\"@id\":\"http:\/\/janofilters.com\/es\/#\/schema\/logo\/image\/\"},\"sameAs\":[\"https:\/\/es-la.facebook.com\/janofilters\/\",\"https:\/\/x.com\/janofilters\",\"https:\/\/www.instagram.com\/janofilters\/\",\"https:\/\/www.tiktok.com\/@janofactory\",\"https:\/\/www.youtube.com\/channel\/UCGj3q5sMCCr2Tk6VwY838Nw\"]}]}<\/script>\n<!-- \/ Yoast SEO plugin. -->","yoast_head_json":{"title":"KRABS: Desfiltrador brida\/llavero - Jano Filters","description":"El desfiltrador Krabs de aluminio flexible en formato brida colgable de acero inoxidable. Para colgar de cualquier cremallera o pantal\u00f3n; chaquetas, ri\u00f1os..","robots":{"index":"index","follow":"follow","max-snippet":"max-snippet:-1","max-image-preview":"max-image-preview:large","max-video-preview":"max-video-preview:-1"},"canonical":"https:\/\/janofilters.com\/es\/product\/desfiltrador-brida-llavero\/","og_locale":"es_ES","og_type":"article","og_title":"KRABS: Desfiltrador brida\/llavero - Jano Filters","og_description":"El desfiltrador Krabs de aluminio flexible en formato brida colgable de acero inoxidable. Para colgar de cualquier cremallera o pantal\u00f3n; chaquetas, ri\u00f1os..","og_url":"https:\/\/janofilters.com\/es\/product\/desfiltrador-brida-llavero\/","og_site_name":"Jano Filters","article_publisher":"https:\/\/es-la.facebook.com\/janofilters\/","article_modified_time":"2025-11-30T08:56:09+00:00","og_image":[{"width":2268,"height":2268,"url":"https:\/\/janofilters.com\/wp-content\/uploads\/2021\/02\/5-LLAVEROS-1-1.jpg","type":"image\/jpeg"}],"twitter_card":"summary_large_image","twitter_site":"@janofilters","twitter_misc":{"Tiempo de lectura":"4 minutos"},"schema":{"@context":"https:\/\/schema.org","@graph":[{"@type":"WebPage","@id":"https:\/\/janofilters.com\/es\/product\/desfiltrador-brida-llavero\/","url":"https:\/\/janofilters.com\/es\/product\/desfiltrador-brida-llavero\/","name":"KRABS: Desfiltrador brida\/llavero - Jano Filters","isPartOf":{"@id":"http:\/\/janofilters.com\/es\/#website"},"primaryImageOfPage":{"@id":"https:\/\/janofilters.com\/es\/product\/desfiltrador-brida-llavero\/#primaryimage"},"image":{"@id":"https:\/\/janofilters.com\/es\/product\/desfiltrador-brida-llavero\/#primaryimage"},"thumbnailUrl":"https:\/\/janofilters.com\/wp-content\/uploads\/2021\/02\/5-LLAVEROS-1-1.jpg","datePublished":"2021-02-26T11:59:24+00:00","dateModified":"2025-11-30T08:56:09+00:00","description":"El desfiltrador Krabs de aluminio flexible en formato brida colgable de acero inoxidable. Para colgar de cualquier cremallera o pantal\u00f3n; chaquetas, ri\u00f1os..","breadcrumb":{"@id":"https:\/\/janofilters.com\/es\/product\/desfiltrador-brida-llavero\/#breadcrumb"},"inLanguage":"es","potentialAction":[{"@type":"ReadAction","target":["https:\/\/janofilters.com\/es\/product\/desfiltrador-brida-llavero\/"]}]},{"@type":"ImageObject","inLanguage":"es","@id":"https:\/\/janofilters.com\/es\/product\/desfiltrador-brida-llavero\/#primaryimage","url":"https:\/\/janofilters.com\/wp-content\/uploads\/2021\/02\/5-LLAVEROS-1-1.jpg","contentUrl":"https:\/\/janofilters.com\/wp-content\/uploads\/2021\/02\/5-LLAVEROS-1-1.jpg","width":2268,"height":2268},{"@type":"BreadcrumbList","@id":"https:\/\/janofilters.com\/es\/product\/desfiltrador-brida-llavero\/#breadcrumb","itemListElement":[{"@type":"ListItem","position":1,"name":"Portada","item":"https:\/\/janofilters.com\/es\/"},{"@type":"ListItem","position":2,"name":"Shop","item":"https:\/\/janofilters.com\/es\/shop\/"},{"@type":"ListItem","position":3,"name":"KRABS: Desfiltrador brida\/llavero"}]},{"@type":"WebSite","@id":"http:\/\/janofilters.com\/es\/#website","url":"http:\/\/janofilters.com\/es\/","name":"Jano Filters","description":"Dise\u00f1os e inventos 420 creados para compartir.","publisher":{"@id":"http:\/\/janofilters.com\/es\/#organization"},"potentialAction":[{"@type":"SearchAction","target":{"@type":"EntryPoint","urlTemplate":"http:\/\/janofilters.com\/es\/?s={search_term_string}"},"query-input":{"@type":"PropertyValueSpecification","valueRequired":true,"valueName":"search_term_string"}}],"inLanguage":"es"},{"@type":"Organization","@id":"http:\/\/janofilters.com\/es\/#organization","name":"Jano Filters","url":"http:\/\/janofilters.com\/es\/","logo":{"@type":"ImageObject","inLanguage":"es","@id":"http:\/\/janofilters.com\/es\/#\/schema\/logo\/image\/","url":"https:\/\/janofilters.com\/wp-content\/uploads\/2021\/01\/cropped-Logo_BN.png","contentUrl":"https:\/\/janofilters.com\/wp-content\/uploads\/2021\/01\/cropped-Logo_BN.png","width":268,"height":146,"caption":"Jano Filters"},"image":{"@id":"http:\/\/janofilters.com\/es\/#\/schema\/logo\/image\/"},"sameAs":["https:\/\/es-la.facebook.com\/janofilters\/","https:\/\/x.com\/janofilters","https:\/\/www.instagram.com\/janofilters\/","https:\/\/www.tiktok.com\/@janofactory","https:\/\/www.youtube.com\/channel\/UCGj3q5sMCCr2Tk6VwY838Nw"]}]}},"jetpack_sharing_enabled":false,"_links":{"self":[{"href":"https:\/\/janofilters.com\/es\/wp-json\/wp\/v2\/product\/2254","targetHints":{"allow":["GET"]}}],"collection":[{"href":"https:\/\/janofilters.com\/es\/wp-json\/wp\/v2\/product"}],"about":[{"href":"https:\/\/janofilters.com\/es\/wp-json\/wp\/v2\/types\/product"}],"wp:featuredmedia":[{"embeddable":true,"href":"https:\/\/janofilters.com\/es\/wp-json\/wp\/v2\/media\/8543"}],"wp:attachment":[{"href":"https:\/\/janofilters.com\/es\/wp-json\/wp\/v2\/media?parent=2254"}],"wp:term":[{"taxonomy":"product_cat","embeddable":true,"href":"https:\/\/janofilters.com\/es\/wp-json\/wp\/v2\/product_cat?post=2254"},{"taxonomy":"product_tag","embeddable":true,"href":"https:\/\/janofilters.com\/es\/wp-json\/wp\/v2\/product_tag?post=2254"}],"curies":[{"name":"wp","href":"https:\/\/api.w.org\/{rel}","templated":true}]}}