{"id":652,"date":"2021-01-22T13:57:11","date_gmt":"2021-01-22T12:57:11","guid":{"rendered":"https:\/\/janofilters.com\/?post_type=product&#038;p=652"},"modified":"2026-04-02T14:59:18","modified_gmt":"2026-04-02T12:59:18","slug":"revolver-janofilters-original-recarga-de-25uds","status":"publish","type":"product","link":"https:\/\/janofilters.com\/es\/product\/revolver-janofilters-original-recarga-de-25uds\/","title":{"rendered":"Rev\u00f3lver + Recarga de 25uds"},"content":{"rendered":"<p>Uno de los cambios m\u00e1s notorios en\u00a0esta nueva versi\u00f3n de rev\u00f3lver,\u00a0m\u00e1s all\u00e1\u00a0de la ampliaci\u00f3n de modelos\u00a0y\u00a0colores, es que hemos aumentado\u00a0el espesor de la felpa en la tapa superior imantada, con lo que <strong>es a\u00fan m\u00e1s reutilizable y rellenable que nunca<\/strong>. Si tras unos cuantos usos frotando\u00a0el exceso de resina la felpa empieza a perder sus propiedades, ser\u00e1 tan f\u00e1cil como arrancar unas cuantas fibras con los dedos, \u00a1dej\u00e1ndola limpia y como nueva durante m\u00e1s tiempo!<\/p>\n<p><strong>Para esta nueva colecci\u00f3n hemos redise\u00f1ado por completo el interior del rev\u00f3lver, a\u00f1adiendo una peque\u00f1a gomita central que evitar\u00e1 que caigan los Janos\u00a0si se abre el estuche del rev\u00e9s y, adem\u00e1s, ofrecer\u00e1 una suave entrada y salida de los filtros \u00a1durante cientos de usos!<\/strong><\/p>\n<p>&#8211;<\/p>\n<p><strong>Ll\u00e9vate tus Janos en un elegante, futur\u00edstico y resistente estuche, pensado para caber en cualquier ri\u00f1onera, bolso y bolsillo. Tan peque\u00f1o que lo puedes abrir y cerrar con una sola mano y, gracias al potente im\u00e1n de neodimio, el gesto de girar la tapa o las ganas con las que se cierra\u00a0solo en un\u00a0<em>\u00abclack\u00bb<\/em>\u00a0se vuelven gustosos y casi adictivo<\/strong> hahahah \u00a1S\u00ed! \u00a1Llevamos meses\u00a0toquete\u00e1ndolos tooodo el rato modo antiestr\u00e9s en la oficina xd! click-clack-click-clack en bucle<\/p>\n<p>Si tienes una bandeja met\u00e1lica o una farola cerca de tu spot favorito, seguro que le encuentras m\u00e1s usos de los que nosotrxs mismxs hemos planteado.<\/p>\n<p>&#8211;<\/p>\n<p>Por fin podemos presentar la nueva colecci\u00f3n de rev\u00f3lveres que llevamos so\u00f1ando desde Janoween 2018! Un upgrade que ten\u00edamos que hacer ANTES de pasar al siguiente nivel, el paso donde le damos a nuestras 12 formas Originals el protagonismo que se merecen. Con esta colecci\u00f3n empezamos a crear el proyecto de\u00a012 marquitas que iremos usando a lo largo de nuestro camino&#8230; \u00bfTe imaginas una caja de 100 Love rojos? \u00bfY una camiseta rosa Diamond?\u00a0de eso estamos hablando&#8230;<\/p>\n<p>Muchas gracias una vez m\u00e1s a todas las personas que nos dan su apoyo y cari\u00f1o cada d\u00eda, esta colecci\u00f3n es lo que faltaba para empezar a trabajar el futuro de la marca.\u00a0<strong>Gracias de coraz\u00f3n de parte de toda la Jano Farmily &lt;3<\/strong><\/p>\n","protected":false},"excerpt":{"rendered":"<p>Este pack incluye 1 rev\u00f3lver rellenable con tu forma de JanoFilters Original favorita + recarga de 25 Janos color mix.<\/p>\n","protected":false},"featured_media":694,"template":"","meta":{"site-sidebar-layout":"no-sidebar","site-content-layout":"plain-container","ast-site-content-layout":"","site-content-style":"default","site-sidebar-style":"default","ast-global-header-display":"","ast-banner-title-visibility":"","ast-main-header-display":"","ast-hfb-above-header-display":"","ast-hfb-below-header-display":"","ast-hfb-mobile-header-display":"","site-post-title":"","ast-breadcrumbs-content":"","ast-featured-img":"","footer-sml-layout":"","theme-transparent-header-meta":"disabled","adv-header-id-meta":"","stick-header-meta":"","header-above-stick-meta":"","header-main-stick-meta":"","header-below-stick-meta":"","astra-migrate-meta-layouts":"default","ast-page-background-enabled":"default","ast-page-background-meta":{"desktop":{"background-color":"","background-image":"","background-repeat":"repeat","background-position":"center center","background-size":"auto","background-attachment":"scroll","background-type":"","background-media":"","overlay-type":"","overlay-color":"","overlay-opacity":"","overlay-gradient":""},"tablet":{"background-color":"","background-image":"","background-repeat":"repeat","background-position":"center center","background-size":"auto","background-attachment":"scroll","background-type":"","background-media":"","overlay-type":"","overlay-color":"","overlay-opacity":"","overlay-gradient":""},"mobile":{"background-color":"","background-image":"","background-repeat":"repeat","background-position":"center center","background-size":"auto","background-attachment":"scroll","background-type":"","background-media":"","overlay-type":"","overlay-color":"","overlay-opacity":"","overlay-gradient":""}},"ast-content-background-meta":{"desktop":{"background-color":"var(--ast-global-color-5)","background-image":"","background-repeat":"repeat","background-position":"center center","background-size":"auto","background-attachment":"scroll","background-type":"","background-media":"","overlay-type":"","overlay-color":"","overlay-opacity":"","overlay-gradient":""},"tablet":{"background-color":"var(--ast-global-color-5)","background-image":"","background-repeat":"repeat","background-position":"center center","background-size":"auto","background-attachment":"scroll","background-type":"","background-media":"","overlay-type":"","overlay-color":"","overlay-opacity":"","overlay-gradient":""},"mobile":{"background-color":"var(--ast-global-color-5)","background-image":"","background-repeat":"repeat","background-position":"center center","background-size":"auto","background-attachment":"scroll","background-type":"","background-media":"","overlay-type":"","overlay-color":"","overlay-opacity":"","overlay-gradient":""}}},"product_cat":[104],"product_tag":[],"class_list":{"0":"post-652","1":"product","2":"type-product","3":"status-publish","4":"has-post-thumbnail","6":"product_cat-filtros-y-revolvers","7":"desktop-align-left","8":"tablet-align-left","9":"mobile-align-left","11":"first","12":"instock","13":"taxable","14":"shipping-taxable","15":"purchasable","16":"product-type-variable"},"yoast_head":"<!-- This site is optimized with the Yoast SEO plugin v25.3 - https:\/\/yoast.com\/wordpress\/plugins\/seo\/ -->\n<title>Rev\u00f3lver + Recarga de 25uds - Jano Filters<\/title>\n<meta name=\"robots\" content=\"index, follow, max-snippet:-1, max-image-preview:large, max-video-preview:-1\" \/>\n<link rel=\"canonical\" href=\"https:\/\/janofilters.com\/es\/product\/revolver-janofilters-original-recarga-de-25uds\/\" \/>\n<meta property=\"og:locale\" content=\"es_ES\" \/>\n<meta property=\"og:type\" content=\"article\" \/>\n<meta property=\"og:title\" content=\"Rev\u00f3lver + Recarga de 25uds - Jano Filters\" \/>\n<meta property=\"og:description\" content=\"Este pack incluye 1 rev\u00f3lver rellenable con tu forma de JanoFilters Original favorita + recarga de 25 Janos color mix.\" \/>\n<meta property=\"og:url\" content=\"https:\/\/janofilters.com\/es\/product\/revolver-janofilters-original-recarga-de-25uds\/\" \/>\n<meta property=\"og:site_name\" content=\"Jano Filters\" \/>\n<meta property=\"article:publisher\" content=\"https:\/\/es-la.facebook.com\/janofilters\/\" \/>\n<meta property=\"article:modified_time\" content=\"2026-04-02T12:59:18+00:00\" \/>\n<meta property=\"og:image\" content=\"https:\/\/janofilters.com\/wp-content\/uploads\/2021\/01\/REVOLVER-MYSTERY.jpg\" \/>\n\t<meta property=\"og:image:width\" content=\"1280\" \/>\n\t<meta property=\"og:image:height\" content=\"1280\" \/>\n\t<meta property=\"og:image:type\" content=\"image\/jpeg\" \/>\n<meta name=\"twitter:card\" content=\"summary_large_image\" \/>\n<meta name=\"twitter:site\" content=\"@janofilters\" \/>\n<meta name=\"twitter:label1\" content=\"Tiempo de lectura\" \/>\n\t<meta name=\"twitter:data1\" content=\"2 minutos\" \/>\n<script type=\"application\/ld+json\" class=\"yoast-schema-graph\">{\"@context\":\"https:\/\/schema.org\",\"@graph\":[{\"@type\":\"WebPage\",\"@id\":\"https:\/\/janofilters.com\/es\/product\/revolver-janofilters-original-recarga-de-25uds\/\",\"url\":\"https:\/\/janofilters.com\/es\/product\/revolver-janofilters-original-recarga-de-25uds\/\",\"name\":\"Rev\u00f3lver + Recarga de 25uds - Jano Filters\",\"isPartOf\":{\"@id\":\"http:\/\/janofilters.com\/es\/#website\"},\"primaryImageOfPage\":{\"@id\":\"https:\/\/janofilters.com\/es\/product\/revolver-janofilters-original-recarga-de-25uds\/#primaryimage\"},\"image\":{\"@id\":\"https:\/\/janofilters.com\/es\/product\/revolver-janofilters-original-recarga-de-25uds\/#primaryimage\"},\"thumbnailUrl\":\"https:\/\/janofilters.com\/wp-content\/uploads\/2021\/01\/REVOLVER-MYSTERY-e1709748372467.jpg\",\"datePublished\":\"2021-01-22T12:57:11+00:00\",\"dateModified\":\"2026-04-02T12:59:18+00:00\",\"breadcrumb\":{\"@id\":\"https:\/\/janofilters.com\/es\/product\/revolver-janofilters-original-recarga-de-25uds\/#breadcrumb\"},\"inLanguage\":\"es\",\"potentialAction\":[{\"@type\":\"ReadAction\",\"target\":[\"https:\/\/janofilters.com\/es\/product\/revolver-janofilters-original-recarga-de-25uds\/\"]}]},{\"@type\":\"ImageObject\",\"inLanguage\":\"es\",\"@id\":\"https:\/\/janofilters.com\/es\/product\/revolver-janofilters-original-recarga-de-25uds\/#primaryimage\",\"url\":\"https:\/\/janofilters.com\/wp-content\/uploads\/2021\/01\/REVOLVER-MYSTERY-e1709748372467.jpg\",\"contentUrl\":\"https:\/\/janofilters.com\/wp-content\/uploads\/2021\/01\/REVOLVER-MYSTERY-e1709748372467.jpg\",\"width\":800,\"height\":800,\"caption\":\"Revolver Mystery Jano Filters\"},{\"@type\":\"BreadcrumbList\",\"@id\":\"https:\/\/janofilters.com\/es\/product\/revolver-janofilters-original-recarga-de-25uds\/#breadcrumb\",\"itemListElement\":[{\"@type\":\"ListItem\",\"position\":1,\"name\":\"Portada\",\"item\":\"https:\/\/janofilters.com\/es\/\"},{\"@type\":\"ListItem\",\"position\":2,\"name\":\"Shop\",\"item\":\"https:\/\/janofilters.com\/es\/shop\/\"},{\"@type\":\"ListItem\",\"position\":3,\"name\":\"Rev\u00f3lver + Recarga de 25uds\"}]},{\"@type\":\"WebSite\",\"@id\":\"http:\/\/janofilters.com\/es\/#website\",\"url\":\"http:\/\/janofilters.com\/es\/\",\"name\":\"Jano Filters\",\"description\":\"Dise\u00f1os e inventos 420 creados para compartir.\",\"publisher\":{\"@id\":\"http:\/\/janofilters.com\/es\/#organization\"},\"potentialAction\":[{\"@type\":\"SearchAction\",\"target\":{\"@type\":\"EntryPoint\",\"urlTemplate\":\"http:\/\/janofilters.com\/es\/?s={search_term_string}\"},\"query-input\":{\"@type\":\"PropertyValueSpecification\",\"valueRequired\":true,\"valueName\":\"search_term_string\"}}],\"inLanguage\":\"es\"},{\"@type\":\"Organization\",\"@id\":\"http:\/\/janofilters.com\/es\/#organization\",\"name\":\"Jano Filters\",\"url\":\"http:\/\/janofilters.com\/es\/\",\"logo\":{\"@type\":\"ImageObject\",\"inLanguage\":\"es\",\"@id\":\"http:\/\/janofilters.com\/es\/#\/schema\/logo\/image\/\",\"url\":\"https:\/\/janofilters.com\/wp-content\/uploads\/2021\/01\/cropped-Logo_BN.png\",\"contentUrl\":\"https:\/\/janofilters.com\/wp-content\/uploads\/2021\/01\/cropped-Logo_BN.png\",\"width\":268,\"height\":146,\"caption\":\"Jano Filters\"},\"image\":{\"@id\":\"http:\/\/janofilters.com\/es\/#\/schema\/logo\/image\/\"},\"sameAs\":[\"https:\/\/es-la.facebook.com\/janofilters\/\",\"https:\/\/x.com\/janofilters\",\"https:\/\/www.instagram.com\/janofilters\/\",\"https:\/\/www.tiktok.com\/@janofactory\",\"https:\/\/www.youtube.com\/channel\/UCGj3q5sMCCr2Tk6VwY838Nw\"]}]}<\/script>\n<!-- \/ Yoast SEO plugin. -->","yoast_head_json":{"title":"Rev\u00f3lver + Recarga de 25uds - Jano Filters","robots":{"index":"index","follow":"follow","max-snippet":"max-snippet:-1","max-image-preview":"max-image-preview:large","max-video-preview":"max-video-preview:-1"},"canonical":"https:\/\/janofilters.com\/es\/product\/revolver-janofilters-original-recarga-de-25uds\/","og_locale":"es_ES","og_type":"article","og_title":"Rev\u00f3lver + Recarga de 25uds - Jano Filters","og_description":"Este pack incluye 1 rev\u00f3lver rellenable con tu forma de JanoFilters Original favorita + recarga de 25 Janos color mix.","og_url":"https:\/\/janofilters.com\/es\/product\/revolver-janofilters-original-recarga-de-25uds\/","og_site_name":"Jano Filters","article_publisher":"https:\/\/es-la.facebook.com\/janofilters\/","article_modified_time":"2026-04-02T12:59:18+00:00","og_image":[{"width":1280,"height":1280,"url":"https:\/\/janofilters.com\/wp-content\/uploads\/2021\/01\/REVOLVER-MYSTERY.jpg","type":"image\/jpeg"}],"twitter_card":"summary_large_image","twitter_site":"@janofilters","twitter_misc":{"Tiempo de lectura":"2 minutos"},"schema":{"@context":"https:\/\/schema.org","@graph":[{"@type":"WebPage","@id":"https:\/\/janofilters.com\/es\/product\/revolver-janofilters-original-recarga-de-25uds\/","url":"https:\/\/janofilters.com\/es\/product\/revolver-janofilters-original-recarga-de-25uds\/","name":"Rev\u00f3lver + Recarga de 25uds - Jano Filters","isPartOf":{"@id":"http:\/\/janofilters.com\/es\/#website"},"primaryImageOfPage":{"@id":"https:\/\/janofilters.com\/es\/product\/revolver-janofilters-original-recarga-de-25uds\/#primaryimage"},"image":{"@id":"https:\/\/janofilters.com\/es\/product\/revolver-janofilters-original-recarga-de-25uds\/#primaryimage"},"thumbnailUrl":"https:\/\/janofilters.com\/wp-content\/uploads\/2021\/01\/REVOLVER-MYSTERY-e1709748372467.jpg","datePublished":"2021-01-22T12:57:11+00:00","dateModified":"2026-04-02T12:59:18+00:00","breadcrumb":{"@id":"https:\/\/janofilters.com\/es\/product\/revolver-janofilters-original-recarga-de-25uds\/#breadcrumb"},"inLanguage":"es","potentialAction":[{"@type":"ReadAction","target":["https:\/\/janofilters.com\/es\/product\/revolver-janofilters-original-recarga-de-25uds\/"]}]},{"@type":"ImageObject","inLanguage":"es","@id":"https:\/\/janofilters.com\/es\/product\/revolver-janofilters-original-recarga-de-25uds\/#primaryimage","url":"https:\/\/janofilters.com\/wp-content\/uploads\/2021\/01\/REVOLVER-MYSTERY-e1709748372467.jpg","contentUrl":"https:\/\/janofilters.com\/wp-content\/uploads\/2021\/01\/REVOLVER-MYSTERY-e1709748372467.jpg","width":800,"height":800,"caption":"Revolver Mystery Jano Filters"},{"@type":"BreadcrumbList","@id":"https:\/\/janofilters.com\/es\/product\/revolver-janofilters-original-recarga-de-25uds\/#breadcrumb","itemListElement":[{"@type":"ListItem","position":1,"name":"Portada","item":"https:\/\/janofilters.com\/es\/"},{"@type":"ListItem","position":2,"name":"Shop","item":"https:\/\/janofilters.com\/es\/shop\/"},{"@type":"ListItem","position":3,"name":"Rev\u00f3lver + Recarga de 25uds"}]},{"@type":"WebSite","@id":"http:\/\/janofilters.com\/es\/#website","url":"http:\/\/janofilters.com\/es\/","name":"Jano Filters","description":"Dise\u00f1os e inventos 420 creados para compartir.","publisher":{"@id":"http:\/\/janofilters.com\/es\/#organization"},"potentialAction":[{"@type":"SearchAction","target":{"@type":"EntryPoint","urlTemplate":"http:\/\/janofilters.com\/es\/?s={search_term_string}"},"query-input":{"@type":"PropertyValueSpecification","valueRequired":true,"valueName":"search_term_string"}}],"inLanguage":"es"},{"@type":"Organization","@id":"http:\/\/janofilters.com\/es\/#organization","name":"Jano Filters","url":"http:\/\/janofilters.com\/es\/","logo":{"@type":"ImageObject","inLanguage":"es","@id":"http:\/\/janofilters.com\/es\/#\/schema\/logo\/image\/","url":"https:\/\/janofilters.com\/wp-content\/uploads\/2021\/01\/cropped-Logo_BN.png","contentUrl":"https:\/\/janofilters.com\/wp-content\/uploads\/2021\/01\/cropped-Logo_BN.png","width":268,"height":146,"caption":"Jano Filters"},"image":{"@id":"http:\/\/janofilters.com\/es\/#\/schema\/logo\/image\/"},"sameAs":["https:\/\/es-la.facebook.com\/janofilters\/","https:\/\/x.com\/janofilters","https:\/\/www.instagram.com\/janofilters\/","https:\/\/www.tiktok.com\/@janofactory","https:\/\/www.youtube.com\/channel\/UCGj3q5sMCCr2Tk6VwY838Nw"]}]}},"jetpack_sharing_enabled":false,"_links":{"self":[{"href":"https:\/\/janofilters.com\/es\/wp-json\/wp\/v2\/product\/652","targetHints":{"allow":["GET"]}}],"collection":[{"href":"https:\/\/janofilters.com\/es\/wp-json\/wp\/v2\/product"}],"about":[{"href":"https:\/\/janofilters.com\/es\/wp-json\/wp\/v2\/types\/product"}],"wp:featuredmedia":[{"embeddable":true,"href":"https:\/\/janofilters.com\/es\/wp-json\/wp\/v2\/media\/694"}],"wp:attachment":[{"href":"https:\/\/janofilters.com\/es\/wp-json\/wp\/v2\/media?parent=652"}],"wp:term":[{"taxonomy":"product_cat","embeddable":true,"href":"https:\/\/janofilters.com\/es\/wp-json\/wp\/v2\/product_cat?post=652"},{"taxonomy":"product_tag","embeddable":true,"href":"https:\/\/janofilters.com\/es\/wp-json\/wp\/v2\/product_tag?post=652"}],"curies":[{"name":"wp","href":"https:\/\/api.w.org\/{rel}","templated":true}]}}