{"id":843,"date":"2021-01-22T17:28:39","date_gmt":"2021-01-22T16:28:39","guid":{"rendered":"https:\/\/janofilters.com\/?post_type=product&amp;p=843"},"modified":"2021-01-22T17:28:39","modified_gmt":"2021-01-22T16:28:39","slug":"75box","status":"publish","type":"product","link":"https:\/\/janofilters.com\/es\/product\/75box\/","title":{"rendered":"75BOX"},"content":{"rendered":"<p class=\"p1\">La nueva caja 75BOX pasar\u00e1 a ser la m\u00e1s grande de la casa <strong>con dispensador frontal y rellenado inferior.<\/strong> Ideal para tener en casa, en una estanter\u00eda de la habitaci\u00f3n, en la mesa del comedor o para llevar por ah\u00ed en el bolso o bolsillo, pues aun caber 75 Janos, el nuevo formato es tan compacto como un paquete de tabaco ^^<\/p>\n<p>No te olvides de visitar la p\u00e1gina de kits de ahorro, donde te puedes llevar varias de estas cajas con descuentos extra \ud83d\ude42 <a href=\"https:\/\/janofilters.com\/es\/product-category\/kits-de-ahorro\/\">https:\/\/janofilters.com\/es\/product-category\/kits-de-ahorro\/<\/a><\/p>\n<p class=\"p1\">&#8212;&#8212;-<\/p>\n<p class=\"p1\">Filtros hechos 100% de PLA, un pol\u00edmero org\u00e1nico que presenta una superf\u00edcie porosa y absorbente. Reutilizables, lavables y completamente biodegradables. Aun al fundirse, no suelta vapores t\u00f3xicos.\u00a0<b>Adem\u00e1s, si se te va la olla y te lo enciendes al rev\u00e9s, o bien te gusta apurar tu haze, ver\u00e1s que es un material org\u00e1nico por el olor a tostado al quemarse.<\/b><\/p>\n<p class=\"p1\">JanoFilters Originals con una gama completa de colores y formas. R\u00edgidos como el vidrio y ligeros como el cart\u00f3n.<\/p>\n<p class=\"p1\">Las\u00a0proporciones de los filtros tama\u00f1o\u00a0<b>Regular<\/b>, permiten introducirlos dentro del filtro de un cigarrillo, d\u00e1ndole ese punto de color extra a tus momentos.<\/p>\n<p class=\"p1\">A trav\u00e9s de cualquiera de nuestros filtros, el humo entra y fluye libre de taponamientos, a la vez que bloquea la entrada de las molestas virutas des de la primera a la \u00faltima calada. Adem\u00e1s, el humo sale por la cara frontal sin haberse amargado por el camino.<\/p>\n","protected":false},"excerpt":{"rendered":"<p><span class=\"s2\"><b>Caja 75uds JanoFilters Regular<\/b><\/span><b>\u00a0<\/b>que rellenaremos con un mix de las 10 Originals de manera random. Si tienes alguna preferencia en tu mix, puedes especific\u00e1rnoslo en el carrito una vez a\u00f1adido el producto.<\/p>\n","protected":false},"featured_media":5937,"template":"","meta":{"site-sidebar-layout":"no-sidebar","site-content-layout":"plain-container","ast-site-content-layout":"","site-content-style":"default","site-sidebar-style":"default","ast-global-header-display":"","ast-banner-title-visibility":"","ast-main-header-display":"","ast-hfb-above-header-display":"","ast-hfb-below-header-display":"","ast-hfb-mobile-header-display":"","site-post-title":"","ast-breadcrumbs-content":"","ast-featured-img":"","footer-sml-layout":"","theme-transparent-header-meta":"disabled","adv-header-id-meta":"","stick-header-meta":"","header-above-stick-meta":"","header-main-stick-meta":"","header-below-stick-meta":"","astra-migrate-meta-layouts":"default","ast-page-background-enabled":"default","ast-page-background-meta":{"desktop":{"background-color":"","background-image":"","background-repeat":"repeat","background-position":"center center","background-size":"auto","background-attachment":"scroll","background-type":"","background-media":"","overlay-type":"","overlay-color":"","overlay-opacity":"","overlay-gradient":""},"tablet":{"background-color":"","background-image":"","background-repeat":"repeat","background-position":"center center","background-size":"auto","background-attachment":"scroll","background-type":"","background-media":"","overlay-type":"","overlay-color":"","overlay-opacity":"","overlay-gradient":""},"mobile":{"background-color":"","background-image":"","background-repeat":"repeat","background-position":"center center","background-size":"auto","background-attachment":"scroll","background-type":"","background-media":"","overlay-type":"","overlay-color":"","overlay-opacity":"","overlay-gradient":""}},"ast-content-background-meta":{"desktop":{"background-color":"var(--ast-global-color-5)","background-image":"","background-repeat":"repeat","background-position":"center center","background-size":"auto","background-attachment":"scroll","background-type":"","background-media":"","overlay-type":"","overlay-color":"","overlay-opacity":"","overlay-gradient":""},"tablet":{"background-color":"var(--ast-global-color-5)","background-image":"","background-repeat":"repeat","background-position":"center center","background-size":"auto","background-attachment":"scroll","background-type":"","background-media":"","overlay-type":"","overlay-color":"","overlay-opacity":"","overlay-gradient":""},"mobile":{"background-color":"var(--ast-global-color-5)","background-image":"","background-repeat":"repeat","background-position":"center center","background-size":"auto","background-attachment":"scroll","background-type":"","background-media":"","overlay-type":"","overlay-color":"","overlay-opacity":"","overlay-gradient":""}}},"product_cat":[104],"product_tag":[],"class_list":{"0":"post-843","1":"product","2":"type-product","3":"status-publish","4":"has-post-thumbnail","6":"product_cat-filtros-y-revolvers","7":"desktop-align-left","8":"tablet-align-left","9":"mobile-align-left","11":"first","12":"instock","13":"taxable","14":"shipping-taxable","15":"purchasable","16":"product-type-simple"},"yoast_head":"<!-- This site is optimized with the Yoast SEO plugin v25.3 - https:\/\/yoast.com\/wordpress\/plugins\/seo\/ -->\n<title>75BOX - Jano Filters<\/title>\n<meta name=\"description\" content=\"La caja m\u00e1s grande de la casa tipo dispensador con apertura frontal y rellenado superior. Ideal para tener en casa.\" \/>\n<meta name=\"robots\" content=\"index, follow, max-snippet:-1, max-image-preview:large, max-video-preview:-1\" \/>\n<link rel=\"canonical\" href=\"https:\/\/janofilters.com\/es\/product\/75box\/\" \/>\n<meta property=\"og:locale\" content=\"es_ES\" \/>\n<meta property=\"og:type\" content=\"article\" \/>\n<meta property=\"og:title\" content=\"75BOX - Jano Filters\" \/>\n<meta property=\"og:description\" content=\"La caja m\u00e1s grande de la casa tipo dispensador con apertura frontal y rellenado superior. Ideal para tener en casa.\" \/>\n<meta property=\"og:url\" content=\"https:\/\/janofilters.com\/es\/product\/75box\/\" \/>\n<meta property=\"og:site_name\" content=\"Jano Filters\" \/>\n<meta property=\"article:publisher\" content=\"https:\/\/es-la.facebook.com\/janofilters\/\" \/>\n<meta property=\"og:image\" content=\"https:\/\/janofilters.com\/wp-content\/uploads\/2022\/03\/75BOX-wasted-scaled-1.jpg\" \/>\n\t<meta property=\"og:image:width\" content=\"1280\" \/>\n\t<meta property=\"og:image:height\" content=\"1280\" \/>\n\t<meta property=\"og:image:type\" content=\"image\/jpeg\" \/>\n<meta name=\"twitter:card\" content=\"summary_large_image\" \/>\n<meta name=\"twitter:site\" content=\"@janofilters\" \/>\n<meta name=\"twitter:label1\" content=\"Tiempo de lectura\" \/>\n\t<meta name=\"twitter:data1\" content=\"1 minuto\" \/>\n<script type=\"application\/ld+json\" class=\"yoast-schema-graph\">{\"@context\":\"https:\/\/schema.org\",\"@graph\":[{\"@type\":\"WebPage\",\"@id\":\"https:\/\/janofilters.com\/es\/product\/75box\/\",\"url\":\"https:\/\/janofilters.com\/es\/product\/75box\/\",\"name\":\"75BOX - Jano Filters\",\"isPartOf\":{\"@id\":\"http:\/\/janofilters.com\/es\/#website\"},\"primaryImageOfPage\":{\"@id\":\"https:\/\/janofilters.com\/es\/product\/75box\/#primaryimage\"},\"image\":{\"@id\":\"https:\/\/janofilters.com\/es\/product\/75box\/#primaryimage\"},\"thumbnailUrl\":\"https:\/\/janofilters.com\/wp-content\/uploads\/2022\/03\/75BOX-wasted-scaled-1.jpg\",\"datePublished\":\"2021-01-22T16:28:39+00:00\",\"description\":\"La caja m\u00e1s grande de la casa tipo dispensador con apertura frontal y rellenado superior. Ideal para tener en casa.\",\"breadcrumb\":{\"@id\":\"https:\/\/janofilters.com\/es\/product\/75box\/#breadcrumb\"},\"inLanguage\":\"es\",\"potentialAction\":[{\"@type\":\"ReadAction\",\"target\":[\"https:\/\/janofilters.com\/es\/product\/75box\/\"]}]},{\"@type\":\"ImageObject\",\"inLanguage\":\"es\",\"@id\":\"https:\/\/janofilters.com\/es\/product\/75box\/#primaryimage\",\"url\":\"https:\/\/janofilters.com\/wp-content\/uploads\/2022\/03\/75BOX-wasted-scaled-1.jpg\",\"contentUrl\":\"https:\/\/janofilters.com\/wp-content\/uploads\/2022\/03\/75BOX-wasted-scaled-1.jpg\",\"width\":1280,\"height\":1280,\"caption\":\"Cajita 75Box Jano Filters\"},{\"@type\":\"BreadcrumbList\",\"@id\":\"https:\/\/janofilters.com\/es\/product\/75box\/#breadcrumb\",\"itemListElement\":[{\"@type\":\"ListItem\",\"position\":1,\"name\":\"Portada\",\"item\":\"https:\/\/janofilters.com\/es\/\"},{\"@type\":\"ListItem\",\"position\":2,\"name\":\"Shop\",\"item\":\"https:\/\/janofilters.com\/es\/shop\/\"},{\"@type\":\"ListItem\",\"position\":3,\"name\":\"75BOX\"}]},{\"@type\":\"WebSite\",\"@id\":\"http:\/\/janofilters.com\/es\/#website\",\"url\":\"http:\/\/janofilters.com\/es\/\",\"name\":\"Jano Filters\",\"description\":\"Dise\u00f1os e inventos 420 creados para compartir.\",\"publisher\":{\"@id\":\"http:\/\/janofilters.com\/es\/#organization\"},\"potentialAction\":[{\"@type\":\"SearchAction\",\"target\":{\"@type\":\"EntryPoint\",\"urlTemplate\":\"http:\/\/janofilters.com\/es\/?s={search_term_string}\"},\"query-input\":{\"@type\":\"PropertyValueSpecification\",\"valueRequired\":true,\"valueName\":\"search_term_string\"}}],\"inLanguage\":\"es\"},{\"@type\":\"Organization\",\"@id\":\"http:\/\/janofilters.com\/es\/#organization\",\"name\":\"Jano Filters\",\"url\":\"http:\/\/janofilters.com\/es\/\",\"logo\":{\"@type\":\"ImageObject\",\"inLanguage\":\"es\",\"@id\":\"http:\/\/janofilters.com\/es\/#\/schema\/logo\/image\/\",\"url\":\"https:\/\/janofilters.com\/wp-content\/uploads\/2021\/01\/cropped-Logo_BN.png\",\"contentUrl\":\"https:\/\/janofilters.com\/wp-content\/uploads\/2021\/01\/cropped-Logo_BN.png\",\"width\":268,\"height\":146,\"caption\":\"Jano Filters\"},\"image\":{\"@id\":\"http:\/\/janofilters.com\/es\/#\/schema\/logo\/image\/\"},\"sameAs\":[\"https:\/\/es-la.facebook.com\/janofilters\/\",\"https:\/\/x.com\/janofilters\",\"https:\/\/www.instagram.com\/janofilters\/\",\"https:\/\/www.tiktok.com\/@janofactory\",\"https:\/\/www.youtube.com\/channel\/UCGj3q5sMCCr2Tk6VwY838Nw\"]}]}<\/script>\n<!-- \/ Yoast SEO plugin. -->","yoast_head_json":{"title":"75BOX - Jano Filters","description":"La caja m\u00e1s grande de la casa tipo dispensador con apertura frontal y rellenado superior. Ideal para tener en casa.","robots":{"index":"index","follow":"follow","max-snippet":"max-snippet:-1","max-image-preview":"max-image-preview:large","max-video-preview":"max-video-preview:-1"},"canonical":"https:\/\/janofilters.com\/es\/product\/75box\/","og_locale":"es_ES","og_type":"article","og_title":"75BOX - Jano Filters","og_description":"La caja m\u00e1s grande de la casa tipo dispensador con apertura frontal y rellenado superior. Ideal para tener en casa.","og_url":"https:\/\/janofilters.com\/es\/product\/75box\/","og_site_name":"Jano Filters","article_publisher":"https:\/\/es-la.facebook.com\/janofilters\/","og_image":[{"width":1280,"height":1280,"url":"https:\/\/janofilters.com\/wp-content\/uploads\/2022\/03\/75BOX-wasted-scaled-1.jpg","type":"image\/jpeg"}],"twitter_card":"summary_large_image","twitter_site":"@janofilters","twitter_misc":{"Tiempo de lectura":"1 minuto"},"schema":{"@context":"https:\/\/schema.org","@graph":[{"@type":"WebPage","@id":"https:\/\/janofilters.com\/es\/product\/75box\/","url":"https:\/\/janofilters.com\/es\/product\/75box\/","name":"75BOX - Jano Filters","isPartOf":{"@id":"http:\/\/janofilters.com\/es\/#website"},"primaryImageOfPage":{"@id":"https:\/\/janofilters.com\/es\/product\/75box\/#primaryimage"},"image":{"@id":"https:\/\/janofilters.com\/es\/product\/75box\/#primaryimage"},"thumbnailUrl":"https:\/\/janofilters.com\/wp-content\/uploads\/2022\/03\/75BOX-wasted-scaled-1.jpg","datePublished":"2021-01-22T16:28:39+00:00","description":"La caja m\u00e1s grande de la casa tipo dispensador con apertura frontal y rellenado superior. Ideal para tener en casa.","breadcrumb":{"@id":"https:\/\/janofilters.com\/es\/product\/75box\/#breadcrumb"},"inLanguage":"es","potentialAction":[{"@type":"ReadAction","target":["https:\/\/janofilters.com\/es\/product\/75box\/"]}]},{"@type":"ImageObject","inLanguage":"es","@id":"https:\/\/janofilters.com\/es\/product\/75box\/#primaryimage","url":"https:\/\/janofilters.com\/wp-content\/uploads\/2022\/03\/75BOX-wasted-scaled-1.jpg","contentUrl":"https:\/\/janofilters.com\/wp-content\/uploads\/2022\/03\/75BOX-wasted-scaled-1.jpg","width":1280,"height":1280,"caption":"Cajita 75Box Jano Filters"},{"@type":"BreadcrumbList","@id":"https:\/\/janofilters.com\/es\/product\/75box\/#breadcrumb","itemListElement":[{"@type":"ListItem","position":1,"name":"Portada","item":"https:\/\/janofilters.com\/es\/"},{"@type":"ListItem","position":2,"name":"Shop","item":"https:\/\/janofilters.com\/es\/shop\/"},{"@type":"ListItem","position":3,"name":"75BOX"}]},{"@type":"WebSite","@id":"http:\/\/janofilters.com\/es\/#website","url":"http:\/\/janofilters.com\/es\/","name":"Jano Filters","description":"Dise\u00f1os e inventos 420 creados para compartir.","publisher":{"@id":"http:\/\/janofilters.com\/es\/#organization"},"potentialAction":[{"@type":"SearchAction","target":{"@type":"EntryPoint","urlTemplate":"http:\/\/janofilters.com\/es\/?s={search_term_string}"},"query-input":{"@type":"PropertyValueSpecification","valueRequired":true,"valueName":"search_term_string"}}],"inLanguage":"es"},{"@type":"Organization","@id":"http:\/\/janofilters.com\/es\/#organization","name":"Jano Filters","url":"http:\/\/janofilters.com\/es\/","logo":{"@type":"ImageObject","inLanguage":"es","@id":"http:\/\/janofilters.com\/es\/#\/schema\/logo\/image\/","url":"https:\/\/janofilters.com\/wp-content\/uploads\/2021\/01\/cropped-Logo_BN.png","contentUrl":"https:\/\/janofilters.com\/wp-content\/uploads\/2021\/01\/cropped-Logo_BN.png","width":268,"height":146,"caption":"Jano Filters"},"image":{"@id":"http:\/\/janofilters.com\/es\/#\/schema\/logo\/image\/"},"sameAs":["https:\/\/es-la.facebook.com\/janofilters\/","https:\/\/x.com\/janofilters","https:\/\/www.instagram.com\/janofilters\/","https:\/\/www.tiktok.com\/@janofactory","https:\/\/www.youtube.com\/channel\/UCGj3q5sMCCr2Tk6VwY838Nw"]}]}},"jetpack_sharing_enabled":false,"_links":{"self":[{"href":"https:\/\/janofilters.com\/es\/wp-json\/wp\/v2\/product\/843","targetHints":{"allow":["GET"]}}],"collection":[{"href":"https:\/\/janofilters.com\/es\/wp-json\/wp\/v2\/product"}],"about":[{"href":"https:\/\/janofilters.com\/es\/wp-json\/wp\/v2\/types\/product"}],"wp:featuredmedia":[{"embeddable":true,"href":"https:\/\/janofilters.com\/es\/wp-json\/wp\/v2\/media\/5937"}],"wp:attachment":[{"href":"https:\/\/janofilters.com\/es\/wp-json\/wp\/v2\/media?parent=843"}],"wp:term":[{"taxonomy":"product_cat","embeddable":true,"href":"https:\/\/janofilters.com\/es\/wp-json\/wp\/v2\/product_cat?post=843"},{"taxonomy":"product_tag","embeddable":true,"href":"https:\/\/janofilters.com\/es\/wp-json\/wp\/v2\/product_tag?post=843"}],"curies":[{"name":"wp","href":"https:\/\/api.w.org\/{rel}","templated":true}]}}