{"id":873,"date":"2021-01-22T17:42:41","date_gmt":"2021-01-22T16:42:41","guid":{"rendered":"https:\/\/janofilters.com\/?post_type=product&#038;p=873"},"modified":"2024-05-15T12:42:52","modified_gmt":"2024-05-15T10:42:52","slug":"mystery-box","status":"publish","type":"product","link":"https:\/\/janofilters.com\/es\/product\/mystery-box\/","title":{"rendered":"MYSTERY BOX 2023"},"content":{"rendered":"<ul>\n<li><strong>Nueva Mystery Box <\/strong><em>f\u00f3rmula mejorada 2023*<\/em><\/li>\n<\/ul>\n<p>Muchas m\u00e1s multicolor, m\u00e1s formas nuevas y m\u00e1s materiales especiales como la madera, m\u00e1s efectos crom\u00e1ticos <em>(fotocr\u00f3mico, termocr\u00f3mico de calor y fr\u00edo, fosforescentes y fluorescentes)<\/em>, de manera que el % de sorpresas y locuras aumente considerablemente. 0 Janos comunes para las Mystery Box de 2022. Y si tienes suerte, alguna que otra sorpresa tipo algunos rolling tips metalizados, 1 rev\u00f3lver, 1 #JANORING de alguno de los 2 personajes, e incluso alg\u00fan desfiltrador ha salido alguna vez!<\/p>\n<p>&nbsp;<\/p>\n<ul>\n<li><strong>A\u00f1adimos la Mystery Box BOLD y la Mystery Box FAT.<\/strong><\/li>\n<\/ul>\n<p><strong>Hemos creado estas nuevas variantes de Mystery Box para amantes de los filtros m\u00e1s gordos. El tama\u00f1o BOLD (9x25mm) es el tama\u00f1o perfecto para UN BUEN PETA y si se te queda peque\u00f1o para esos d\u00edas m\u00e1s especiales&#8230; \u00a1Ya puedes volver a pedir FAT y s\u00f3lo FAT! 15 pedazo de filtros de 11mm de di\u00e1metro mezclando los mejores modelos con varios cambios de color exclusivos en cada una de las piezas. \u00bfHas usado alguna vez el 100% del papel? Las FAT pondr\u00e1n a prueba tu papel y tus habilidades a la hora de liar.\u00a0<\/strong><\/p>\n<p>&nbsp;<\/p>\n<p><em>Si te toca un premio como el anillo o rev\u00f3lver sorpresa o el desfiltrador, encontrar\u00e1s un m\u00ednimo de 25 filtros. Por eso en el estampado de la cajita podr\u00e1s ver que dice \u00ab25 filtros + sorpresas\u00bb, las sorpresas suelen ser filtros exclusivos con combinaciones de colores y formitas que nunca has visto llegando a 35-40uds dependiendo de cuan \u00fanicas\/artesanales sean las mezclas de colores, materiales y formas que te tocaron.<\/em><\/p>\n<p>Las Mystery Box van a estar en constante cambio y evoluci\u00f3n, es la propuesta que hacemos desde Jano despu\u00e9s del feedback recibido estos\u00a0a\u00f1os. Con este formato, hemos creado\u00a0el veh\u00edculo con el que lanzar todas las locuras e inventos que nos vayan surgiendo sin la necesidad de cuadrar timmings con las tiendas y distribuidoras y retrasar la innovaci\u00f3n que realmente podemos aportar a tiempo real gracias a la impresi\u00f3n 3D. Hemos encontrado la f\u00f3rmula para que sea 100% imposible que te lleguen dos cajitas iguales. La clave para no parar de sorprender, aprender y mejorar nuestro cat\u00e1logo. Como pod\u00e9is ver, nada de esto es porque s\u00ed.<\/p>\n<p>&nbsp;<\/p>\n<p>Esperamos que os guste tanto como nos ha gustado al equipo de Jano conceptualizar,\u00a0fabricar y lanzar este nuevo formato!<\/p>\n<p>&nbsp;<\/p>\n<p>PD: Estamos deseando ver vuestras reacciones y\u00a0opiniones como siempre &lt;3<\/p>\n","protected":false},"excerpt":{"rendered":"<p>Para este 2023 nos hemos propuesto elevar la cajita estrella de la casa. Hemos mejorado la f\u00f3rmula de rellenado misterioso para que TODO sean filtros de ediciones limitadas<\/p>\n","protected":false},"featured_media":666,"template":"","meta":{"site-sidebar-layout":"default","site-content-layout":"default","ast-site-content-layout":"default","site-content-style":"default","site-sidebar-style":"default","ast-global-header-display":"","ast-banner-title-visibility":"","ast-main-header-display":"","ast-hfb-above-header-display":"","ast-hfb-below-header-display":"","ast-hfb-mobile-header-display":"","site-post-title":"","ast-breadcrumbs-content":"","ast-featured-img":"","footer-sml-layout":"","theme-transparent-header-meta":"default","adv-header-id-meta":"","stick-header-meta":"default","header-above-stick-meta":"","header-main-stick-meta":"","header-below-stick-meta":"","astra-migrate-meta-layouts":"set","ast-page-background-enabled":"default","ast-page-background-meta":{"desktop":{"background-color":"","background-image":"","background-repeat":"repeat","background-position":"center center","background-size":"auto","background-attachment":"scroll","background-type":"","background-media":"","overlay-type":"","overlay-color":"","overlay-opacity":"","overlay-gradient":""},"tablet":{"background-color":"","background-image":"","background-repeat":"repeat","background-position":"center center","background-size":"auto","background-attachment":"scroll","background-type":"","background-media":"","overlay-type":"","overlay-color":"","overlay-opacity":"","overlay-gradient":""},"mobile":{"background-color":"","background-image":"","background-repeat":"repeat","background-position":"center center","background-size":"auto","background-attachment":"scroll","background-type":"","background-media":"","overlay-type":"","overlay-color":"","overlay-opacity":"","overlay-gradient":""}},"ast-content-background-meta":{"desktop":{"background-color":"var(--ast-global-color-5)","background-image":"","background-repeat":"repeat","background-position":"center center","background-size":"auto","background-attachment":"scroll","background-type":"","background-media":"","overlay-type":"","overlay-color":"","overlay-opacity":"","overlay-gradient":""},"tablet":{"background-color":"var(--ast-global-color-5)","background-image":"","background-repeat":"repeat","background-position":"center center","background-size":"auto","background-attachment":"scroll","background-type":"","background-media":"","overlay-type":"","overlay-color":"","overlay-opacity":"","overlay-gradient":""},"mobile":{"background-color":"var(--ast-global-color-5)","background-image":"","background-repeat":"repeat","background-position":"center center","background-size":"auto","background-attachment":"scroll","background-type":"","background-media":"","overlay-type":"","overlay-color":"","overlay-opacity":"","overlay-gradient":""}}},"product_cat":[104,111],"product_tag":[],"class_list":{"0":"post-873","1":"product","2":"type-product","3":"status-publish","4":"has-post-thumbnail","6":"product_cat-filtros-y-revolvers","7":"product_cat-mystery-boxes","8":"desktop-align-left","9":"tablet-align-left","10":"mobile-align-left","12":"first","13":"instock","14":"sale","15":"taxable","16":"shipping-taxable","17":"purchasable","18":"product-type-variable"},"yoast_head":"<!-- This site is optimized with the Yoast SEO plugin v25.3 - https:\/\/yoast.com\/wordpress\/plugins\/seo\/ -->\n<title>MYSTERY BOX 2023 - Jano Filters<\/title>\n<meta name=\"description\" content=\"Para este 2023 volvemos a elevar la cajita estrella. Mejoramos la f\u00f3rmula de rellenado misterioso para que TODO sean filtros de ediciones limitadas.\" \/>\n<meta name=\"robots\" content=\"index, follow, max-snippet:-1, max-image-preview:large, max-video-preview:-1\" \/>\n<link rel=\"canonical\" href=\"https:\/\/janofilters.com\/es\/product\/mystery-box\/\" \/>\n<meta property=\"og:locale\" content=\"es_ES\" \/>\n<meta property=\"og:type\" content=\"article\" \/>\n<meta property=\"og:title\" content=\"MYSTERY BOX 2023 - Jano Filters\" \/>\n<meta property=\"og:description\" content=\"Para este 2023 volvemos a elevar la cajita estrella. Mejoramos la f\u00f3rmula de rellenado misterioso para que TODO sean filtros de ediciones limitadas.\" \/>\n<meta property=\"og:url\" content=\"https:\/\/janofilters.com\/es\/product\/mystery-box\/\" \/>\n<meta property=\"og:site_name\" content=\"Jano Filters\" \/>\n<meta property=\"article:publisher\" content=\"https:\/\/es-la.facebook.com\/janofilters\/\" \/>\n<meta property=\"article:modified_time\" content=\"2024-05-15T10:42:52+00:00\" \/>\n<meta property=\"og:image\" content=\"https:\/\/janofilters.com\/wp-content\/uploads\/2021\/01\/Mystery-Box-simple.png\" \/>\n\t<meta property=\"og:image:width\" content=\"1280\" \/>\n\t<meta property=\"og:image:height\" content=\"1280\" \/>\n\t<meta property=\"og:image:type\" content=\"image\/png\" \/>\n<meta name=\"twitter:card\" content=\"summary_large_image\" \/>\n<meta name=\"twitter:site\" content=\"@janofilters\" \/>\n<meta name=\"twitter:label1\" content=\"Tiempo de lectura\" \/>\n\t<meta name=\"twitter:data1\" content=\"2 minutos\" \/>\n<script type=\"application\/ld+json\" class=\"yoast-schema-graph\">{\"@context\":\"https:\/\/schema.org\",\"@graph\":[{\"@type\":\"WebPage\",\"@id\":\"https:\/\/janofilters.com\/product\/mystery-box\/\",\"url\":\"https:\/\/janofilters.com\/product\/mystery-box\/\",\"name\":\"MYSTERY BOX 2023 - Jano Filters\",\"isPartOf\":{\"@id\":\"http:\/\/janofilters.com\/es\/#website\"},\"primaryImageOfPage\":{\"@id\":\"https:\/\/janofilters.com\/product\/mystery-box\/#primaryimage\"},\"image\":{\"@id\":\"https:\/\/janofilters.com\/product\/mystery-box\/#primaryimage\"},\"thumbnailUrl\":\"https:\/\/janofilters.com\/wp-content\/uploads\/2021\/01\/Mystery-Box-simple.png\",\"datePublished\":\"2021-01-22T16:42:41+00:00\",\"dateModified\":\"2024-05-15T10:42:52+00:00\",\"description\":\"Para este 2023 volvemos a elevar la cajita estrella. Mejoramos la f\u00f3rmula de rellenado misterioso para que TODO sean filtros de ediciones limitadas.\",\"breadcrumb\":{\"@id\":\"https:\/\/janofilters.com\/product\/mystery-box\/#breadcrumb\"},\"inLanguage\":\"es\",\"potentialAction\":[{\"@type\":\"ReadAction\",\"target\":[\"https:\/\/janofilters.com\/product\/mystery-box\/\"]}]},{\"@type\":\"ImageObject\",\"inLanguage\":\"es\",\"@id\":\"https:\/\/janofilters.com\/product\/mystery-box\/#primaryimage\",\"url\":\"https:\/\/janofilters.com\/wp-content\/uploads\/2021\/01\/Mystery-Box-simple.png\",\"contentUrl\":\"https:\/\/janofilters.com\/wp-content\/uploads\/2021\/01\/Mystery-Box-simple.png\",\"width\":1280,\"height\":1280,\"caption\":\"Cajita Mystery Box Jano Filters\"},{\"@type\":\"BreadcrumbList\",\"@id\":\"https:\/\/janofilters.com\/product\/mystery-box\/#breadcrumb\",\"itemListElement\":[{\"@type\":\"ListItem\",\"position\":1,\"name\":\"Portada\",\"item\":\"https:\/\/janofilters.com\/es\/\"},{\"@type\":\"ListItem\",\"position\":2,\"name\":\"Shop\",\"item\":\"https:\/\/janofilters.com\/es\/shop\/\"},{\"@type\":\"ListItem\",\"position\":3,\"name\":\"MYSTERY BOX 2023\"}]},{\"@type\":\"WebSite\",\"@id\":\"http:\/\/janofilters.com\/es\/#website\",\"url\":\"http:\/\/janofilters.com\/es\/\",\"name\":\"Jano Filters\",\"description\":\"Dise\u00f1os e inventos 420 creados para compartir.\",\"publisher\":{\"@id\":\"http:\/\/janofilters.com\/es\/#organization\"},\"potentialAction\":[{\"@type\":\"SearchAction\",\"target\":{\"@type\":\"EntryPoint\",\"urlTemplate\":\"http:\/\/janofilters.com\/es\/?s={search_term_string}\"},\"query-input\":{\"@type\":\"PropertyValueSpecification\",\"valueRequired\":true,\"valueName\":\"search_term_string\"}}],\"inLanguage\":\"es\"},{\"@type\":\"Organization\",\"@id\":\"http:\/\/janofilters.com\/es\/#organization\",\"name\":\"Jano Filters\",\"url\":\"http:\/\/janofilters.com\/es\/\",\"logo\":{\"@type\":\"ImageObject\",\"inLanguage\":\"es\",\"@id\":\"http:\/\/janofilters.com\/es\/#\/schema\/logo\/image\/\",\"url\":\"https:\/\/janofilters.com\/wp-content\/uploads\/2021\/01\/cropped-Logo_BN.png\",\"contentUrl\":\"https:\/\/janofilters.com\/wp-content\/uploads\/2021\/01\/cropped-Logo_BN.png\",\"width\":268,\"height\":146,\"caption\":\"Jano Filters\"},\"image\":{\"@id\":\"http:\/\/janofilters.com\/es\/#\/schema\/logo\/image\/\"},\"sameAs\":[\"https:\/\/es-la.facebook.com\/janofilters\/\",\"https:\/\/x.com\/janofilters\",\"https:\/\/www.instagram.com\/janofilters\/\",\"https:\/\/www.tiktok.com\/@janofactory\",\"https:\/\/www.youtube.com\/channel\/UCGj3q5sMCCr2Tk6VwY838Nw\"]}]}<\/script>\n<!-- \/ Yoast SEO plugin. -->","yoast_head_json":{"title":"MYSTERY BOX 2023 - Jano Filters","description":"Para este 2023 volvemos a elevar la cajita estrella. Mejoramos la f\u00f3rmula de rellenado misterioso para que TODO sean filtros de ediciones limitadas.","robots":{"index":"index","follow":"follow","max-snippet":"max-snippet:-1","max-image-preview":"max-image-preview:large","max-video-preview":"max-video-preview:-1"},"canonical":"https:\/\/janofilters.com\/es\/product\/mystery-box\/","og_locale":"es_ES","og_type":"article","og_title":"MYSTERY BOX 2023 - Jano Filters","og_description":"Para este 2023 volvemos a elevar la cajita estrella. Mejoramos la f\u00f3rmula de rellenado misterioso para que TODO sean filtros de ediciones limitadas.","og_url":"https:\/\/janofilters.com\/es\/product\/mystery-box\/","og_site_name":"Jano Filters","article_publisher":"https:\/\/es-la.facebook.com\/janofilters\/","article_modified_time":"2024-05-15T10:42:52+00:00","og_image":[{"width":1280,"height":1280,"url":"https:\/\/janofilters.com\/wp-content\/uploads\/2021\/01\/Mystery-Box-simple.png","type":"image\/png"}],"twitter_card":"summary_large_image","twitter_site":"@janofilters","twitter_misc":{"Tiempo de lectura":"2 minutos"},"schema":{"@context":"https:\/\/schema.org","@graph":[{"@type":"WebPage","@id":"https:\/\/janofilters.com\/product\/mystery-box\/","url":"https:\/\/janofilters.com\/product\/mystery-box\/","name":"MYSTERY BOX 2023 - Jano Filters","isPartOf":{"@id":"http:\/\/janofilters.com\/es\/#website"},"primaryImageOfPage":{"@id":"https:\/\/janofilters.com\/product\/mystery-box\/#primaryimage"},"image":{"@id":"https:\/\/janofilters.com\/product\/mystery-box\/#primaryimage"},"thumbnailUrl":"https:\/\/janofilters.com\/wp-content\/uploads\/2021\/01\/Mystery-Box-simple.png","datePublished":"2021-01-22T16:42:41+00:00","dateModified":"2024-05-15T10:42:52+00:00","description":"Para este 2023 volvemos a elevar la cajita estrella. Mejoramos la f\u00f3rmula de rellenado misterioso para que TODO sean filtros de ediciones limitadas.","breadcrumb":{"@id":"https:\/\/janofilters.com\/product\/mystery-box\/#breadcrumb"},"inLanguage":"es","potentialAction":[{"@type":"ReadAction","target":["https:\/\/janofilters.com\/product\/mystery-box\/"]}]},{"@type":"ImageObject","inLanguage":"es","@id":"https:\/\/janofilters.com\/product\/mystery-box\/#primaryimage","url":"https:\/\/janofilters.com\/wp-content\/uploads\/2021\/01\/Mystery-Box-simple.png","contentUrl":"https:\/\/janofilters.com\/wp-content\/uploads\/2021\/01\/Mystery-Box-simple.png","width":1280,"height":1280,"caption":"Cajita Mystery Box Jano Filters"},{"@type":"BreadcrumbList","@id":"https:\/\/janofilters.com\/product\/mystery-box\/#breadcrumb","itemListElement":[{"@type":"ListItem","position":1,"name":"Portada","item":"https:\/\/janofilters.com\/es\/"},{"@type":"ListItem","position":2,"name":"Shop","item":"https:\/\/janofilters.com\/es\/shop\/"},{"@type":"ListItem","position":3,"name":"MYSTERY BOX 2023"}]},{"@type":"WebSite","@id":"http:\/\/janofilters.com\/es\/#website","url":"http:\/\/janofilters.com\/es\/","name":"Jano Filters","description":"Dise\u00f1os e inventos 420 creados para compartir.","publisher":{"@id":"http:\/\/janofilters.com\/es\/#organization"},"potentialAction":[{"@type":"SearchAction","target":{"@type":"EntryPoint","urlTemplate":"http:\/\/janofilters.com\/es\/?s={search_term_string}"},"query-input":{"@type":"PropertyValueSpecification","valueRequired":true,"valueName":"search_term_string"}}],"inLanguage":"es"},{"@type":"Organization","@id":"http:\/\/janofilters.com\/es\/#organization","name":"Jano Filters","url":"http:\/\/janofilters.com\/es\/","logo":{"@type":"ImageObject","inLanguage":"es","@id":"http:\/\/janofilters.com\/es\/#\/schema\/logo\/image\/","url":"https:\/\/janofilters.com\/wp-content\/uploads\/2021\/01\/cropped-Logo_BN.png","contentUrl":"https:\/\/janofilters.com\/wp-content\/uploads\/2021\/01\/cropped-Logo_BN.png","width":268,"height":146,"caption":"Jano Filters"},"image":{"@id":"http:\/\/janofilters.com\/es\/#\/schema\/logo\/image\/"},"sameAs":["https:\/\/es-la.facebook.com\/janofilters\/","https:\/\/x.com\/janofilters","https:\/\/www.instagram.com\/janofilters\/","https:\/\/www.tiktok.com\/@janofactory","https:\/\/www.youtube.com\/channel\/UCGj3q5sMCCr2Tk6VwY838Nw"]}]}},"jetpack_sharing_enabled":true,"_links":{"self":[{"href":"https:\/\/janofilters.com\/es\/wp-json\/wp\/v2\/product\/873","targetHints":{"allow":["GET"]}}],"collection":[{"href":"https:\/\/janofilters.com\/es\/wp-json\/wp\/v2\/product"}],"about":[{"href":"https:\/\/janofilters.com\/es\/wp-json\/wp\/v2\/types\/product"}],"wp:featuredmedia":[{"embeddable":true,"href":"https:\/\/janofilters.com\/es\/wp-json\/wp\/v2\/media\/666"}],"wp:attachment":[{"href":"https:\/\/janofilters.com\/es\/wp-json\/wp\/v2\/media?parent=873"}],"wp:term":[{"taxonomy":"product_cat","embeddable":true,"href":"https:\/\/janofilters.com\/es\/wp-json\/wp\/v2\/product_cat?post=873"},{"taxonomy":"product_tag","embeddable":true,"href":"https:\/\/janofilters.com\/es\/wp-json\/wp\/v2\/product_tag?post=873"}],"curies":[{"name":"wp","href":"https:\/\/api.w.org\/{rel}","templated":true}]}}