{"id":9255,"date":"2023-05-16T11:48:50","date_gmt":"2023-05-16T09:48:50","guid":{"rendered":"https:\/\/janofilters.com\/?post_type=product&#038;p=9255"},"modified":"2026-03-25T14:34:36","modified_gmt":"2026-03-25T13:34:36","slug":"janofilters-x-filter-art-glass","status":"publish","type":"product","link":"https:\/\/janofilters.com\/es\/product\/janofilters-x-filter-art-glass\/","title":{"rendered":"FILTRO DE CRISTAL JANOFILTERS X FILTER ART GLASS"},"content":{"rendered":"<h2 class=\"LC20lb MBeuO DKV0Md\">VENTA ONLINE BOQUILLAS DE CRISTAL REUTILIZABLES JANO FILTERS X FILTER ART GLASS. PARA UN SABOR MAS PURO.<\/h2>\n<p>Y porf\u00edn despu\u00e9s de muchos a\u00f1os podemos decir que tenemos nuestra propia boquilla de cristal, hecha en colaboraci\u00f3n con FilterArtGlass.<\/p>\n<p>Esta vez nos las han hecho con un full printing con nuestras formitas y el logo de Jano<\/p>\n<p>\u267b\ufe0f Producto reutilizable y sostenible con nuestro planeta.<\/p>\n<p>Hechas a mano<\/p>\n<p>&nbsp;<\/p>\n<p>Filtro de BOROSILICATO FARMAC\u00c9UTICO y con una serigraf\u00eda a prueba de alcohol, para poder lavarlas cuantas veces quer\u00e1is y que no se vaya el logo.<\/p>\n<p>&nbsp;<\/p>\n<p>***Solo hay 90 Unidades***<\/p>\n<p>Beneficios al usar filtros de vidrio:<\/p>\n<p>&#8211; El material borosilicato es muy resistente al choque t\u00e9rmico, logra enfriar el humo proporcionando caladas m\u00e1s suaves.<\/p>\n<p>&#8211; Son f\u00e1ciles de limpiar, solo necesitas alcohol, agua y un alambre de micro-fibras o papel.<\/p>\n","protected":false},"excerpt":{"rendered":"<p>VENTA ONLINE BOQUILLAS DE CRISTAL REUTILIZABLES JANO FILTERS X FILTER ART GLASS. PARA UN SABOR MAS PURO. Y porf\u00edn despu\u00e9s de muchos a\u00f1os podemos decir que tenemos nuestra propia boquilla de cristal, hecha en colaboraci\u00f3n con FilterArtGlass. Esta vez nos las han hecho con un full printing con nuestras formitas y el logo de Jano [&hellip;]<\/p>\n","protected":false},"featured_media":10756,"template":"","meta":{"site-sidebar-layout":"no-sidebar","site-content-layout":"default","ast-site-content-layout":"default","site-content-style":"default","site-sidebar-style":"default","ast-global-header-display":"","ast-banner-title-visibility":"","ast-main-header-display":"","ast-hfb-above-header-display":"","ast-hfb-below-header-display":"","ast-hfb-mobile-header-display":"","site-post-title":"","ast-breadcrumbs-content":"","ast-featured-img":"","footer-sml-layout":"","theme-transparent-header-meta":"default","adv-header-id-meta":"","stick-header-meta":"default","header-above-stick-meta":"","header-main-stick-meta":"","header-below-stick-meta":"","astra-migrate-meta-layouts":"set","ast-page-background-enabled":"default","ast-page-background-meta":{"desktop":{"background-color":"","background-image":"","background-repeat":"repeat","background-position":"center center","background-size":"auto","background-attachment":"scroll","background-type":"","background-media":"","overlay-type":"","overlay-color":"","overlay-opacity":"","overlay-gradient":""},"tablet":{"background-color":"","background-image":"","background-repeat":"repeat","background-position":"center center","background-size":"auto","background-attachment":"scroll","background-type":"","background-media":"","overlay-type":"","overlay-color":"","overlay-opacity":"","overlay-gradient":""},"mobile":{"background-color":"","background-image":"","background-repeat":"repeat","background-position":"center center","background-size":"auto","background-attachment":"scroll","background-type":"","background-media":"","overlay-type":"","overlay-color":"","overlay-opacity":"","overlay-gradient":""}},"ast-content-background-meta":{"desktop":{"background-color":"var(--ast-global-color-5)","background-image":"","background-repeat":"repeat","background-position":"center center","background-size":"auto","background-attachment":"scroll","background-type":"","background-media":"","overlay-type":"","overlay-color":"","overlay-opacity":"","overlay-gradient":""},"tablet":{"background-color":"var(--ast-global-color-5)","background-image":"","background-repeat":"repeat","background-position":"center center","background-size":"auto","background-attachment":"scroll","background-type":"","background-media":"","overlay-type":"","overlay-color":"","overlay-opacity":"","overlay-gradient":""},"mobile":{"background-color":"var(--ast-global-color-5)","background-image":"","background-repeat":"repeat","background-position":"center center","background-size":"auto","background-attachment":"scroll","background-type":"","background-media":"","overlay-type":"","overlay-color":"","overlay-opacity":"","overlay-gradient":""}}},"product_cat":[104,109,110],"product_tag":[],"class_list":{"0":"post-9255","1":"product","2":"type-product","3":"status-publish","4":"has-post-thumbnail","6":"product_cat-filtros-y-revolvers","7":"product_cat-limited-edition","8":"product_cat-outlet","9":"desktop-align-left","10":"tablet-align-left","11":"mobile-align-left","13":"first","14":"instock","15":"taxable","16":"shipping-taxable","17":"purchasable","18":"product-type-simple"},"yoast_head":"<!-- This site is optimized with the Yoast SEO plugin v25.3 - https:\/\/yoast.com\/wordpress\/plugins\/seo\/ -->\n<title>Boquillas de Cristal Reutilizables - Sabor m\u00e1s puro | Jano Filters<\/title>\n<meta name=\"description\" content=\"Filtros de cristal reusables para un sabor m\u00e1s puro. C\u00f3modas de usar, no hay que darles forma como al cart\u00f3n, duraderas. En colaboraci\u00f3n con FilterArtGlass.\" \/>\n<meta name=\"robots\" content=\"index, follow, max-snippet:-1, max-image-preview:large, max-video-preview:-1\" \/>\n<link rel=\"canonical\" href=\"https:\/\/janofilters.com\/es\/product\/janofilters-x-filter-art-glass\/\" \/>\n<meta property=\"og:locale\" content=\"es_ES\" \/>\n<meta property=\"og:type\" content=\"article\" \/>\n<meta property=\"og:title\" content=\"Boquillas de Cristal Reutilizables - Sabor m\u00e1s puro | Jano Filters\" \/>\n<meta property=\"og:description\" content=\"Filtros de cristal reusables para un sabor m\u00e1s puro. C\u00f3modas de usar, no hay que darles forma como al cart\u00f3n, duraderas. En colaboraci\u00f3n con FilterArtGlass.\" \/>\n<meta property=\"og:url\" content=\"https:\/\/janofilters.com\/es\/product\/janofilters-x-filter-art-glass\/\" \/>\n<meta property=\"og:site_name\" content=\"Jano Filters\" \/>\n<meta property=\"article:publisher\" content=\"https:\/\/es-la.facebook.com\/janofilters\/\" \/>\n<meta property=\"article:modified_time\" content=\"2026-03-25T13:34:36+00:00\" \/>\n<meta property=\"og:image\" content=\"https:\/\/janofilters.com\/wp-content\/uploads\/2023\/05\/IMG_4779-1.jpg\" \/>\n\t<meta property=\"og:image:width\" content=\"2006\" \/>\n\t<meta property=\"og:image:height\" content=\"2006\" \/>\n\t<meta property=\"og:image:type\" content=\"image\/jpeg\" \/>\n<meta name=\"twitter:card\" content=\"summary_large_image\" \/>\n<meta name=\"twitter:site\" content=\"@janofilters\" \/>\n<meta name=\"twitter:label1\" content=\"Tiempo de lectura\" \/>\n\t<meta name=\"twitter:data1\" content=\"1 minuto\" \/>\n<script type=\"application\/ld+json\" class=\"yoast-schema-graph\">{\"@context\":\"https:\/\/schema.org\",\"@graph\":[{\"@type\":\"WebPage\",\"@id\":\"https:\/\/janofilters.com\/product\/janofilters-x-filter-art-glass\/\",\"url\":\"https:\/\/janofilters.com\/product\/janofilters-x-filter-art-glass\/\",\"name\":\"Boquillas de Cristal Reutilizables - Sabor m\u00e1s puro | Jano Filters\",\"isPartOf\":{\"@id\":\"http:\/\/janofilters.com\/es\/#website\"},\"primaryImageOfPage\":{\"@id\":\"https:\/\/janofilters.com\/product\/janofilters-x-filter-art-glass\/#primaryimage\"},\"image\":{\"@id\":\"https:\/\/janofilters.com\/product\/janofilters-x-filter-art-glass\/#primaryimage\"},\"thumbnailUrl\":\"https:\/\/janofilters.com\/wp-content\/uploads\/2023\/05\/IMG_4779-1.jpg\",\"datePublished\":\"2023-05-16T09:48:50+00:00\",\"dateModified\":\"2026-03-25T13:34:36+00:00\",\"description\":\"Filtros de cristal reusables para un sabor m\u00e1s puro. C\u00f3modas de usar, no hay que darles forma como al cart\u00f3n, duraderas. En colaboraci\u00f3n con FilterArtGlass.\",\"breadcrumb\":{\"@id\":\"https:\/\/janofilters.com\/product\/janofilters-x-filter-art-glass\/#breadcrumb\"},\"inLanguage\":\"es\",\"potentialAction\":[{\"@type\":\"ReadAction\",\"target\":[\"https:\/\/janofilters.com\/product\/janofilters-x-filter-art-glass\/\"]}]},{\"@type\":\"ImageObject\",\"inLanguage\":\"es\",\"@id\":\"https:\/\/janofilters.com\/product\/janofilters-x-filter-art-glass\/#primaryimage\",\"url\":\"https:\/\/janofilters.com\/wp-content\/uploads\/2023\/05\/IMG_4779-1.jpg\",\"contentUrl\":\"https:\/\/janofilters.com\/wp-content\/uploads\/2023\/05\/IMG_4779-1.jpg\",\"width\":2006,\"height\":2006,\"caption\":\"venta online boquillas de cristal | Jano filters\"},{\"@type\":\"BreadcrumbList\",\"@id\":\"https:\/\/janofilters.com\/product\/janofilters-x-filter-art-glass\/#breadcrumb\",\"itemListElement\":[{\"@type\":\"ListItem\",\"position\":1,\"name\":\"Portada\",\"item\":\"https:\/\/janofilters.com\/es\/\"},{\"@type\":\"ListItem\",\"position\":2,\"name\":\"Shop\",\"item\":\"https:\/\/janofilters.com\/es\/shop\/\"},{\"@type\":\"ListItem\",\"position\":3,\"name\":\"FILTRO DE CRISTAL JANOFILTERS X FILTER ART GLASS\"}]},{\"@type\":\"WebSite\",\"@id\":\"http:\/\/janofilters.com\/es\/#website\",\"url\":\"http:\/\/janofilters.com\/es\/\",\"name\":\"Jano Filters\",\"description\":\"Dise\u00f1os e inventos 420 creados para compartir.\",\"publisher\":{\"@id\":\"http:\/\/janofilters.com\/es\/#organization\"},\"potentialAction\":[{\"@type\":\"SearchAction\",\"target\":{\"@type\":\"EntryPoint\",\"urlTemplate\":\"http:\/\/janofilters.com\/es\/?s={search_term_string}\"},\"query-input\":{\"@type\":\"PropertyValueSpecification\",\"valueRequired\":true,\"valueName\":\"search_term_string\"}}],\"inLanguage\":\"es\"},{\"@type\":\"Organization\",\"@id\":\"http:\/\/janofilters.com\/es\/#organization\",\"name\":\"Jano Filters\",\"url\":\"http:\/\/janofilters.com\/es\/\",\"logo\":{\"@type\":\"ImageObject\",\"inLanguage\":\"es\",\"@id\":\"http:\/\/janofilters.com\/es\/#\/schema\/logo\/image\/\",\"url\":\"https:\/\/janofilters.com\/wp-content\/uploads\/2021\/01\/cropped-Logo_BN.png\",\"contentUrl\":\"https:\/\/janofilters.com\/wp-content\/uploads\/2021\/01\/cropped-Logo_BN.png\",\"width\":268,\"height\":146,\"caption\":\"Jano Filters\"},\"image\":{\"@id\":\"http:\/\/janofilters.com\/es\/#\/schema\/logo\/image\/\"},\"sameAs\":[\"https:\/\/es-la.facebook.com\/janofilters\/\",\"https:\/\/x.com\/janofilters\",\"https:\/\/www.instagram.com\/janofilters\/\",\"https:\/\/www.tiktok.com\/@janofactory\",\"https:\/\/www.youtube.com\/channel\/UCGj3q5sMCCr2Tk6VwY838Nw\"]}]}<\/script>\n<!-- \/ Yoast SEO plugin. -->","yoast_head_json":{"title":"Boquillas de Cristal Reutilizables - Sabor m\u00e1s puro | Jano Filters","description":"Filtros de cristal reusables para un sabor m\u00e1s puro. C\u00f3modas de usar, no hay que darles forma como al cart\u00f3n, duraderas. En colaboraci\u00f3n con FilterArtGlass.","robots":{"index":"index","follow":"follow","max-snippet":"max-snippet:-1","max-image-preview":"max-image-preview:large","max-video-preview":"max-video-preview:-1"},"canonical":"https:\/\/janofilters.com\/es\/product\/janofilters-x-filter-art-glass\/","og_locale":"es_ES","og_type":"article","og_title":"Boquillas de Cristal Reutilizables - Sabor m\u00e1s puro | Jano Filters","og_description":"Filtros de cristal reusables para un sabor m\u00e1s puro. C\u00f3modas de usar, no hay que darles forma como al cart\u00f3n, duraderas. En colaboraci\u00f3n con FilterArtGlass.","og_url":"https:\/\/janofilters.com\/es\/product\/janofilters-x-filter-art-glass\/","og_site_name":"Jano Filters","article_publisher":"https:\/\/es-la.facebook.com\/janofilters\/","article_modified_time":"2026-03-25T13:34:36+00:00","og_image":[{"width":2006,"height":2006,"url":"https:\/\/janofilters.com\/wp-content\/uploads\/2023\/05\/IMG_4779-1.jpg","type":"image\/jpeg"}],"twitter_card":"summary_large_image","twitter_site":"@janofilters","twitter_misc":{"Tiempo de lectura":"1 minuto"},"schema":{"@context":"https:\/\/schema.org","@graph":[{"@type":"WebPage","@id":"https:\/\/janofilters.com\/product\/janofilters-x-filter-art-glass\/","url":"https:\/\/janofilters.com\/product\/janofilters-x-filter-art-glass\/","name":"Boquillas de Cristal Reutilizables - Sabor m\u00e1s puro | Jano Filters","isPartOf":{"@id":"http:\/\/janofilters.com\/es\/#website"},"primaryImageOfPage":{"@id":"https:\/\/janofilters.com\/product\/janofilters-x-filter-art-glass\/#primaryimage"},"image":{"@id":"https:\/\/janofilters.com\/product\/janofilters-x-filter-art-glass\/#primaryimage"},"thumbnailUrl":"https:\/\/janofilters.com\/wp-content\/uploads\/2023\/05\/IMG_4779-1.jpg","datePublished":"2023-05-16T09:48:50+00:00","dateModified":"2026-03-25T13:34:36+00:00","description":"Filtros de cristal reusables para un sabor m\u00e1s puro. C\u00f3modas de usar, no hay que darles forma como al cart\u00f3n, duraderas. En colaboraci\u00f3n con FilterArtGlass.","breadcrumb":{"@id":"https:\/\/janofilters.com\/product\/janofilters-x-filter-art-glass\/#breadcrumb"},"inLanguage":"es","potentialAction":[{"@type":"ReadAction","target":["https:\/\/janofilters.com\/product\/janofilters-x-filter-art-glass\/"]}]},{"@type":"ImageObject","inLanguage":"es","@id":"https:\/\/janofilters.com\/product\/janofilters-x-filter-art-glass\/#primaryimage","url":"https:\/\/janofilters.com\/wp-content\/uploads\/2023\/05\/IMG_4779-1.jpg","contentUrl":"https:\/\/janofilters.com\/wp-content\/uploads\/2023\/05\/IMG_4779-1.jpg","width":2006,"height":2006,"caption":"venta online boquillas de cristal | Jano filters"},{"@type":"BreadcrumbList","@id":"https:\/\/janofilters.com\/product\/janofilters-x-filter-art-glass\/#breadcrumb","itemListElement":[{"@type":"ListItem","position":1,"name":"Portada","item":"https:\/\/janofilters.com\/es\/"},{"@type":"ListItem","position":2,"name":"Shop","item":"https:\/\/janofilters.com\/es\/shop\/"},{"@type":"ListItem","position":3,"name":"FILTRO DE CRISTAL JANOFILTERS X FILTER ART GLASS"}]},{"@type":"WebSite","@id":"http:\/\/janofilters.com\/es\/#website","url":"http:\/\/janofilters.com\/es\/","name":"Jano Filters","description":"Dise\u00f1os e inventos 420 creados para compartir.","publisher":{"@id":"http:\/\/janofilters.com\/es\/#organization"},"potentialAction":[{"@type":"SearchAction","target":{"@type":"EntryPoint","urlTemplate":"http:\/\/janofilters.com\/es\/?s={search_term_string}"},"query-input":{"@type":"PropertyValueSpecification","valueRequired":true,"valueName":"search_term_string"}}],"inLanguage":"es"},{"@type":"Organization","@id":"http:\/\/janofilters.com\/es\/#organization","name":"Jano Filters","url":"http:\/\/janofilters.com\/es\/","logo":{"@type":"ImageObject","inLanguage":"es","@id":"http:\/\/janofilters.com\/es\/#\/schema\/logo\/image\/","url":"https:\/\/janofilters.com\/wp-content\/uploads\/2021\/01\/cropped-Logo_BN.png","contentUrl":"https:\/\/janofilters.com\/wp-content\/uploads\/2021\/01\/cropped-Logo_BN.png","width":268,"height":146,"caption":"Jano Filters"},"image":{"@id":"http:\/\/janofilters.com\/es\/#\/schema\/logo\/image\/"},"sameAs":["https:\/\/es-la.facebook.com\/janofilters\/","https:\/\/x.com\/janofilters","https:\/\/www.instagram.com\/janofilters\/","https:\/\/www.tiktok.com\/@janofactory","https:\/\/www.youtube.com\/channel\/UCGj3q5sMCCr2Tk6VwY838Nw"]}]}},"jetpack_sharing_enabled":true,"_links":{"self":[{"href":"https:\/\/janofilters.com\/es\/wp-json\/wp\/v2\/product\/9255","targetHints":{"allow":["GET"]}}],"collection":[{"href":"https:\/\/janofilters.com\/es\/wp-json\/wp\/v2\/product"}],"about":[{"href":"https:\/\/janofilters.com\/es\/wp-json\/wp\/v2\/types\/product"}],"wp:featuredmedia":[{"embeddable":true,"href":"https:\/\/janofilters.com\/es\/wp-json\/wp\/v2\/media\/10756"}],"wp:attachment":[{"href":"https:\/\/janofilters.com\/es\/wp-json\/wp\/v2\/media?parent=9255"}],"wp:term":[{"taxonomy":"product_cat","embeddable":true,"href":"https:\/\/janofilters.com\/es\/wp-json\/wp\/v2\/product_cat?post=9255"},{"taxonomy":"product_tag","embeddable":true,"href":"https:\/\/janofilters.com\/es\/wp-json\/wp\/v2\/product_tag?post=9255"}],"curies":[{"name":"wp","href":"https:\/\/api.w.org\/{rel}","templated":true}]}}