{"id":929,"date":"2021-01-22T18:21:41","date_gmt":"2021-01-22T17:21:41","guid":{"rendered":"https:\/\/janofilters.com\/?post_type=product&#038;p=929"},"modified":"2023-02-28T13:40:11","modified_gmt":"2023-02-28T12:40:11","slug":"mystery-box-of-boxes","status":"publish","type":"product","link":"https:\/\/janofilters.com\/es\/product\/mystery-box-of-boxes\/","title":{"rendered":"MYSTERY BOX OF BOXES"},"content":{"rendered":"<ul>\n<li><strong>8 Mystery Box 2022<\/strong><\/li>\n<\/ul>\n<p>El super kit creado para quien tenga\u00a0muy claro que la\u00a0Mystery Box by JanoFilters le va a sorprender y encantar.\u00a0<strong>\u00a1Premio y minipremio asegurado en estas Mystery Box!<\/strong><\/p>\n<p>Cuando tuvimos cientos de cajitas encima de la mesa, empezamos a jugar haciendo construcciones con ellas y este cubo de cubos nos enamor\u00f3 y ten\u00eda que estar en nuestros kits de ahorro.<\/p>\n<p>M\u00e1s de 300 Janos exclusivos con cruces de color entre modelos Originals, bicolor, multicolor, efecto m\u00e1rmol, madera, BOLD, FAT, formas nuevas&#8230; y si tienes suerte, alguna que otra sorpresa tipo Krabs, descuentos exclusivos, golden tips, rev\u00f3lveres y mucho muuuucho m\u00e1s.<\/p>\n<p>Las Mystery Box van a estar en constante cambio y evoluci\u00f3n, es la propuesta que hacemos desde Jano despu\u00e9s del feedback recibido estos \u00faltimos a\u00f1os. Con este formato, hemos creado el veh\u00edculo con el que lanzar todas las locuras e inventos que nos vayan surgiendo sin la necesidad de cuadrar timmings con las tiendas y distribuidoras y retrasar la innovaci\u00f3n que realmente podemos aportar a tiempo real. Hemos encontrado la f\u00f3rmula para que sea 100% imposible que te lleguen dos cajitas iguales. La clave para no parar de sorprender, aprender y mejorar nuestro cat\u00e1logo. Como pod\u00e9is ver, nada de esto no es porque s\u00ed.<\/p>\n<p>&nbsp;<\/p>\n<p>Esperamos que os guste tanto como nos ha gustado al equipo de Jano conceptualizar,\u00a0fabricar y lanzar este nuevo formato!<\/p>\n<p>&nbsp;<\/p>\n<p>PD: Estamos deseando ver vuestras reacciones y\u00a0opiniones como siempre &lt;3<\/p>\n","protected":false},"excerpt":{"rendered":"<p>8 Mystery Box 2022 El super kit creado para quien tenga\u00a0muy claro que la\u00a0Mystery Box by JanoFilters le va a sorprender y encantar.\u00a0\u00a1Premio y minipremio asegurado en estas Mystery Box! Cuando tuvimos cientos de cajitas encima de la mesa, empezamos a jugar haciendo construcciones con ellas y este cubo de cubos nos enamor\u00f3 y ten\u00eda [&hellip;]<\/p>\n","protected":false},"featured_media":4413,"template":"","meta":{"site-sidebar-layout":"no-sidebar","site-content-layout":"plain-container","ast-site-content-layout":"","site-content-style":"default","site-sidebar-style":"default","ast-global-header-display":"","ast-banner-title-visibility":"","ast-main-header-display":"","ast-hfb-above-header-display":"","ast-hfb-below-header-display":"","ast-hfb-mobile-header-display":"","site-post-title":"","ast-breadcrumbs-content":"","ast-featured-img":"","footer-sml-layout":"","theme-transparent-header-meta":"default","adv-header-id-meta":"","stick-header-meta":"","header-above-stick-meta":"","header-main-stick-meta":"","header-below-stick-meta":"","astra-migrate-meta-layouts":"default","ast-page-background-enabled":"default","ast-page-background-meta":{"desktop":{"background-color":"","background-image":"","background-repeat":"repeat","background-position":"center center","background-size":"auto","background-attachment":"scroll","background-type":"","background-media":"","overlay-type":"","overlay-color":"","overlay-opacity":"","overlay-gradient":""},"tablet":{"background-color":"","background-image":"","background-repeat":"repeat","background-position":"center center","background-size":"auto","background-attachment":"scroll","background-type":"","background-media":"","overlay-type":"","overlay-color":"","overlay-opacity":"","overlay-gradient":""},"mobile":{"background-color":"","background-image":"","background-repeat":"repeat","background-position":"center center","background-size":"auto","background-attachment":"scroll","background-type":"","background-media":"","overlay-type":"","overlay-color":"","overlay-opacity":"","overlay-gradient":""}},"ast-content-background-meta":{"desktop":{"background-color":"var(--ast-global-color-5)","background-image":"","background-repeat":"repeat","background-position":"center center","background-size":"auto","background-attachment":"scroll","background-type":"","background-media":"","overlay-type":"","overlay-color":"","overlay-opacity":"","overlay-gradient":""},"tablet":{"background-color":"var(--ast-global-color-5)","background-image":"","background-repeat":"repeat","background-position":"center center","background-size":"auto","background-attachment":"scroll","background-type":"","background-media":"","overlay-type":"","overlay-color":"","overlay-opacity":"","overlay-gradient":""},"mobile":{"background-color":"var(--ast-global-color-5)","background-image":"","background-repeat":"repeat","background-position":"center center","background-size":"auto","background-attachment":"scroll","background-type":"","background-media":"","overlay-type":"","overlay-color":"","overlay-opacity":"","overlay-gradient":""}}},"product_cat":[108,111],"product_tag":[],"class_list":{"0":"post-929","1":"product","2":"type-product","3":"status-publish","4":"has-post-thumbnail","6":"product_cat-kits-de-ahorro","7":"product_cat-mystery-boxes","8":"desktop-align-left","9":"tablet-align-left","10":"mobile-align-left","12":"first","13":"instock","14":"taxable","15":"shipping-taxable","16":"purchasable","17":"product-type-simple"},"yoast_head":"<!-- This site is optimized with the Yoast SEO plugin v25.3 - https:\/\/yoast.com\/wordpress\/plugins\/seo\/ -->\n<title>MYSTERY BOX OF BOXES - Jano Filters<\/title>\n<meta name=\"robots\" content=\"index, follow, max-snippet:-1, max-image-preview:large, max-video-preview:-1\" \/>\n<link rel=\"canonical\" href=\"https:\/\/janofilters.com\/es\/product\/mystery-box-of-boxes\/\" \/>\n<meta property=\"og:locale\" content=\"es_ES\" \/>\n<meta property=\"og:type\" content=\"article\" \/>\n<meta property=\"og:title\" content=\"MYSTERY BOX OF BOXES - Jano Filters\" \/>\n<meta property=\"og:description\" content=\"8 Mystery Box 2022 El super kit creado para quien tenga\u00a0muy claro que la\u00a0Mystery Box by JanoFilters le va a sorprender y encantar.\u00a0\u00a1Premio y minipremio asegurado en estas Mystery Box! Cuando tuvimos cientos de cajitas encima de la mesa, empezamos a jugar haciendo construcciones con ellas y este cubo de cubos nos enamor\u00f3 y ten\u00eda [&hellip;]\" \/>\n<meta property=\"og:url\" content=\"https:\/\/janofilters.com\/es\/product\/mystery-box-of-boxes\/\" \/>\n<meta property=\"og:site_name\" content=\"Jano Filters\" \/>\n<meta property=\"article:publisher\" content=\"https:\/\/es-la.facebook.com\/janofilters\/\" \/>\n<meta property=\"article:modified_time\" content=\"2023-02-28T12:40:11+00:00\" \/>\n<meta property=\"og:image\" content=\"https:\/\/janofilters.com\/wp-content\/uploads\/2021\/10\/MYSTERY-BOX-OF-BOXES-ld-1.jpg\" \/>\n\t<meta property=\"og:image:width\" content=\"476\" \/>\n\t<meta property=\"og:image:height\" content=\"476\" \/>\n\t<meta property=\"og:image:type\" content=\"image\/jpeg\" \/>\n<meta name=\"twitter:card\" content=\"summary_large_image\" \/>\n<meta name=\"twitter:site\" content=\"@janofilters\" \/>\n<meta name=\"twitter:label1\" content=\"Tiempo de lectura\" \/>\n\t<meta name=\"twitter:data1\" content=\"2 minutos\" \/>\n<script type=\"application\/ld+json\" class=\"yoast-schema-graph\">{\"@context\":\"https:\/\/schema.org\",\"@graph\":[{\"@type\":\"WebPage\",\"@id\":\"https:\/\/janofilters.com\/product\/mystery-box-of-boxes\/\",\"url\":\"https:\/\/janofilters.com\/product\/mystery-box-of-boxes\/\",\"name\":\"MYSTERY BOX OF BOXES - Jano Filters\",\"isPartOf\":{\"@id\":\"http:\/\/janofilters.com\/es\/#website\"},\"primaryImageOfPage\":{\"@id\":\"https:\/\/janofilters.com\/product\/mystery-box-of-boxes\/#primaryimage\"},\"image\":{\"@id\":\"https:\/\/janofilters.com\/product\/mystery-box-of-boxes\/#primaryimage\"},\"thumbnailUrl\":\"https:\/\/janofilters.com\/wp-content\/uploads\/2021\/10\/MYSTERY-BOX-OF-BOXES-ld-1.jpg\",\"datePublished\":\"2021-01-22T17:21:41+00:00\",\"dateModified\":\"2023-02-28T12:40:11+00:00\",\"breadcrumb\":{\"@id\":\"https:\/\/janofilters.com\/product\/mystery-box-of-boxes\/#breadcrumb\"},\"inLanguage\":\"es\",\"potentialAction\":[{\"@type\":\"ReadAction\",\"target\":[\"https:\/\/janofilters.com\/product\/mystery-box-of-boxes\/\"]}]},{\"@type\":\"ImageObject\",\"inLanguage\":\"es\",\"@id\":\"https:\/\/janofilters.com\/product\/mystery-box-of-boxes\/#primaryimage\",\"url\":\"https:\/\/janofilters.com\/wp-content\/uploads\/2021\/10\/MYSTERY-BOX-OF-BOXES-ld-1.jpg\",\"contentUrl\":\"https:\/\/janofilters.com\/wp-content\/uploads\/2021\/10\/MYSTERY-BOX-OF-BOXES-ld-1.jpg\",\"width\":476,\"height\":476,\"caption\":\"Caja de Cajas Mystery Box Jano Filters\"},{\"@type\":\"BreadcrumbList\",\"@id\":\"https:\/\/janofilters.com\/product\/mystery-box-of-boxes\/#breadcrumb\",\"itemListElement\":[{\"@type\":\"ListItem\",\"position\":1,\"name\":\"Portada\",\"item\":\"https:\/\/janofilters.com\/es\/\"},{\"@type\":\"ListItem\",\"position\":2,\"name\":\"Shop\",\"item\":\"https:\/\/janofilters.com\/es\/shop\/\"},{\"@type\":\"ListItem\",\"position\":3,\"name\":\"MYSTERY BOX OF BOXES\"}]},{\"@type\":\"WebSite\",\"@id\":\"http:\/\/janofilters.com\/es\/#website\",\"url\":\"http:\/\/janofilters.com\/es\/\",\"name\":\"Jano Filters\",\"description\":\"Dise\u00f1os e inventos 420 creados para compartir.\",\"publisher\":{\"@id\":\"http:\/\/janofilters.com\/es\/#organization\"},\"potentialAction\":[{\"@type\":\"SearchAction\",\"target\":{\"@type\":\"EntryPoint\",\"urlTemplate\":\"http:\/\/janofilters.com\/es\/?s={search_term_string}\"},\"query-input\":{\"@type\":\"PropertyValueSpecification\",\"valueRequired\":true,\"valueName\":\"search_term_string\"}}],\"inLanguage\":\"es\"},{\"@type\":\"Organization\",\"@id\":\"http:\/\/janofilters.com\/es\/#organization\",\"name\":\"Jano Filters\",\"url\":\"http:\/\/janofilters.com\/es\/\",\"logo\":{\"@type\":\"ImageObject\",\"inLanguage\":\"es\",\"@id\":\"http:\/\/janofilters.com\/es\/#\/schema\/logo\/image\/\",\"url\":\"https:\/\/janofilters.com\/wp-content\/uploads\/2021\/01\/cropped-Logo_BN.png\",\"contentUrl\":\"https:\/\/janofilters.com\/wp-content\/uploads\/2021\/01\/cropped-Logo_BN.png\",\"width\":268,\"height\":146,\"caption\":\"Jano Filters\"},\"image\":{\"@id\":\"http:\/\/janofilters.com\/es\/#\/schema\/logo\/image\/\"},\"sameAs\":[\"https:\/\/es-la.facebook.com\/janofilters\/\",\"https:\/\/x.com\/janofilters\",\"https:\/\/www.instagram.com\/janofilters\/\",\"https:\/\/www.tiktok.com\/@janofactory\",\"https:\/\/www.youtube.com\/channel\/UCGj3q5sMCCr2Tk6VwY838Nw\"]}]}<\/script>\n<!-- \/ Yoast SEO plugin. -->","yoast_head_json":{"title":"MYSTERY BOX OF BOXES - Jano Filters","robots":{"index":"index","follow":"follow","max-snippet":"max-snippet:-1","max-image-preview":"max-image-preview:large","max-video-preview":"max-video-preview:-1"},"canonical":"https:\/\/janofilters.com\/es\/product\/mystery-box-of-boxes\/","og_locale":"es_ES","og_type":"article","og_title":"MYSTERY BOX OF BOXES - Jano Filters","og_description":"8 Mystery Box 2022 El super kit creado para quien tenga\u00a0muy claro que la\u00a0Mystery Box by JanoFilters le va a sorprender y encantar.\u00a0\u00a1Premio y minipremio asegurado en estas Mystery Box! Cuando tuvimos cientos de cajitas encima de la mesa, empezamos a jugar haciendo construcciones con ellas y este cubo de cubos nos enamor\u00f3 y ten\u00eda [&hellip;]","og_url":"https:\/\/janofilters.com\/es\/product\/mystery-box-of-boxes\/","og_site_name":"Jano Filters","article_publisher":"https:\/\/es-la.facebook.com\/janofilters\/","article_modified_time":"2023-02-28T12:40:11+00:00","og_image":[{"width":476,"height":476,"url":"https:\/\/janofilters.com\/wp-content\/uploads\/2021\/10\/MYSTERY-BOX-OF-BOXES-ld-1.jpg","type":"image\/jpeg"}],"twitter_card":"summary_large_image","twitter_site":"@janofilters","twitter_misc":{"Tiempo de lectura":"2 minutos"},"schema":{"@context":"https:\/\/schema.org","@graph":[{"@type":"WebPage","@id":"https:\/\/janofilters.com\/product\/mystery-box-of-boxes\/","url":"https:\/\/janofilters.com\/product\/mystery-box-of-boxes\/","name":"MYSTERY BOX OF BOXES - Jano Filters","isPartOf":{"@id":"http:\/\/janofilters.com\/es\/#website"},"primaryImageOfPage":{"@id":"https:\/\/janofilters.com\/product\/mystery-box-of-boxes\/#primaryimage"},"image":{"@id":"https:\/\/janofilters.com\/product\/mystery-box-of-boxes\/#primaryimage"},"thumbnailUrl":"https:\/\/janofilters.com\/wp-content\/uploads\/2021\/10\/MYSTERY-BOX-OF-BOXES-ld-1.jpg","datePublished":"2021-01-22T17:21:41+00:00","dateModified":"2023-02-28T12:40:11+00:00","breadcrumb":{"@id":"https:\/\/janofilters.com\/product\/mystery-box-of-boxes\/#breadcrumb"},"inLanguage":"es","potentialAction":[{"@type":"ReadAction","target":["https:\/\/janofilters.com\/product\/mystery-box-of-boxes\/"]}]},{"@type":"ImageObject","inLanguage":"es","@id":"https:\/\/janofilters.com\/product\/mystery-box-of-boxes\/#primaryimage","url":"https:\/\/janofilters.com\/wp-content\/uploads\/2021\/10\/MYSTERY-BOX-OF-BOXES-ld-1.jpg","contentUrl":"https:\/\/janofilters.com\/wp-content\/uploads\/2021\/10\/MYSTERY-BOX-OF-BOXES-ld-1.jpg","width":476,"height":476,"caption":"Caja de Cajas Mystery Box Jano Filters"},{"@type":"BreadcrumbList","@id":"https:\/\/janofilters.com\/product\/mystery-box-of-boxes\/#breadcrumb","itemListElement":[{"@type":"ListItem","position":1,"name":"Portada","item":"https:\/\/janofilters.com\/es\/"},{"@type":"ListItem","position":2,"name":"Shop","item":"https:\/\/janofilters.com\/es\/shop\/"},{"@type":"ListItem","position":3,"name":"MYSTERY BOX OF BOXES"}]},{"@type":"WebSite","@id":"http:\/\/janofilters.com\/es\/#website","url":"http:\/\/janofilters.com\/es\/","name":"Jano Filters","description":"Dise\u00f1os e inventos 420 creados para compartir.","publisher":{"@id":"http:\/\/janofilters.com\/es\/#organization"},"potentialAction":[{"@type":"SearchAction","target":{"@type":"EntryPoint","urlTemplate":"http:\/\/janofilters.com\/es\/?s={search_term_string}"},"query-input":{"@type":"PropertyValueSpecification","valueRequired":true,"valueName":"search_term_string"}}],"inLanguage":"es"},{"@type":"Organization","@id":"http:\/\/janofilters.com\/es\/#organization","name":"Jano Filters","url":"http:\/\/janofilters.com\/es\/","logo":{"@type":"ImageObject","inLanguage":"es","@id":"http:\/\/janofilters.com\/es\/#\/schema\/logo\/image\/","url":"https:\/\/janofilters.com\/wp-content\/uploads\/2021\/01\/cropped-Logo_BN.png","contentUrl":"https:\/\/janofilters.com\/wp-content\/uploads\/2021\/01\/cropped-Logo_BN.png","width":268,"height":146,"caption":"Jano Filters"},"image":{"@id":"http:\/\/janofilters.com\/es\/#\/schema\/logo\/image\/"},"sameAs":["https:\/\/es-la.facebook.com\/janofilters\/","https:\/\/x.com\/janofilters","https:\/\/www.instagram.com\/janofilters\/","https:\/\/www.tiktok.com\/@janofactory","https:\/\/www.youtube.com\/channel\/UCGj3q5sMCCr2Tk6VwY838Nw"]}]}},"jetpack_sharing_enabled":true,"_links":{"self":[{"href":"https:\/\/janofilters.com\/es\/wp-json\/wp\/v2\/product\/929","targetHints":{"allow":["GET"]}}],"collection":[{"href":"https:\/\/janofilters.com\/es\/wp-json\/wp\/v2\/product"}],"about":[{"href":"https:\/\/janofilters.com\/es\/wp-json\/wp\/v2\/types\/product"}],"wp:featuredmedia":[{"embeddable":true,"href":"https:\/\/janofilters.com\/es\/wp-json\/wp\/v2\/media\/4413"}],"wp:attachment":[{"href":"https:\/\/janofilters.com\/es\/wp-json\/wp\/v2\/media?parent=929"}],"wp:term":[{"taxonomy":"product_cat","embeddable":true,"href":"https:\/\/janofilters.com\/es\/wp-json\/wp\/v2\/product_cat?post=929"},{"taxonomy":"product_tag","embeddable":true,"href":"https:\/\/janofilters.com\/es\/wp-json\/wp\/v2\/product_tag?post=929"}],"curies":[{"name":"wp","href":"https:\/\/api.w.org\/{rel}","templated":true}]}}