{"id":9717,"date":"2023-08-29T16:50:59","date_gmt":"2023-08-29T14:50:59","guid":{"rendered":"https:\/\/janofilters.com\/?post_type=product&#038;p=9717"},"modified":"2023-09-28T12:00:16","modified_gmt":"2023-09-28T10:00:16","slug":"imp-wax-kit","status":"publish","type":"product","link":"https:\/\/janofilters.com\/es\/product\/imp-wax-kit\/","title":{"rendered":"IMP. WAX KIT"},"content":{"rendered":"<p>En este Kit, incluiremos un Impossible Wax, una 10 BOX de MADERA, (s\u00ed, has o\u00eddo bien, unos filtros que llevan un gran porcentaje de madera) una Mystery Box, donde encontrar\u00e1s lo m\u00e1s especial y un cart\u00f3n de papeles Jano XL + unos cartoncillos Jano.<\/p>\n","protected":false},"excerpt":{"rendered":"<p>Impossible Wax a elegir + MysteryBOX +\u00a0 10BOX WOOD edit. + papel L JanoFilters + Natural Tips.<\/p>\n","protected":false},"featured_media":9722,"template":"","meta":{"site-sidebar-layout":"no-sidebar","site-content-layout":"","ast-site-content-layout":"default","site-content-style":"default","site-sidebar-style":"default","ast-global-header-display":"","ast-banner-title-visibility":"","ast-main-header-display":"","ast-hfb-above-header-display":"","ast-hfb-below-header-display":"","ast-hfb-mobile-header-display":"","site-post-title":"","ast-breadcrumbs-content":"","ast-featured-img":"","footer-sml-layout":"","theme-transparent-header-meta":"default","adv-header-id-meta":"","stick-header-meta":"default","header-above-stick-meta":"","header-main-stick-meta":"","header-below-stick-meta":"","astra-migrate-meta-layouts":"set","ast-page-background-enabled":"default","ast-page-background-meta":{"desktop":{"background-color":"","background-image":"","background-repeat":"repeat","background-position":"center center","background-size":"auto","background-attachment":"scroll","background-type":"","background-media":"","overlay-type":"","overlay-color":"","overlay-opacity":"","overlay-gradient":""},"tablet":{"background-color":"","background-image":"","background-repeat":"repeat","background-position":"center center","background-size":"auto","background-attachment":"scroll","background-type":"","background-media":"","overlay-type":"","overlay-color":"","overlay-opacity":"","overlay-gradient":""},"mobile":{"background-color":"","background-image":"","background-repeat":"repeat","background-position":"center center","background-size":"auto","background-attachment":"scroll","background-type":"","background-media":"","overlay-type":"","overlay-color":"","overlay-opacity":"","overlay-gradient":""}},"ast-content-background-meta":{"desktop":{"background-color":"var(--ast-global-color-5)","background-image":"","background-repeat":"repeat","background-position":"center center","background-size":"auto","background-attachment":"scroll","background-type":"","background-media":"","overlay-type":"","overlay-color":"","overlay-opacity":"","overlay-gradient":""},"tablet":{"background-color":"var(--ast-global-color-5)","background-image":"","background-repeat":"repeat","background-position":"center center","background-size":"auto","background-attachment":"scroll","background-type":"","background-media":"","overlay-type":"","overlay-color":"","overlay-opacity":"","overlay-gradient":""},"mobile":{"background-color":"var(--ast-global-color-5)","background-image":"","background-repeat":"repeat","background-position":"center center","background-size":"auto","background-attachment":"scroll","background-type":"","background-media":"","overlay-type":"","overlay-color":"","overlay-opacity":"","overlay-gradient":""}}},"product_cat":[108],"product_tag":[],"class_list":{"0":"post-9717","1":"product","2":"type-product","3":"status-publish","4":"has-post-thumbnail","6":"product_cat-kits-de-ahorro","7":"desktop-align-left","8":"tablet-align-left","9":"mobile-align-left","11":"first","12":"instock","13":"taxable","14":"shipping-taxable","15":"purchasable","16":"product-type-variable"},"yoast_head":"<!-- This site is optimized with the Yoast SEO plugin v25.3 - https:\/\/yoast.com\/wordpress\/plugins\/seo\/ -->\n<title>IMP. WAX KIT - Jano Filters<\/title>\n<meta name=\"description\" content=\"En este Kit, incluiremos un Impossible Wax, una 10 BOX de MADERA, una Mystery Box, un cart\u00f3n de papeles Jano XL + unos cartoncillos Jano.\u00a0\" \/>\n<meta name=\"robots\" content=\"index, follow, max-snippet:-1, max-image-preview:large, max-video-preview:-1\" \/>\n<link rel=\"canonical\" href=\"https:\/\/janofilters.com\/es\/product\/imp-wax-kit\/\" \/>\n<meta property=\"og:locale\" content=\"es_ES\" \/>\n<meta property=\"og:type\" content=\"article\" \/>\n<meta property=\"og:title\" content=\"IMP. WAX KIT - Jano Filters\" \/>\n<meta property=\"og:description\" content=\"En este Kit, incluiremos un Impossible Wax, una 10 BOX de MADERA, una Mystery Box, un cart\u00f3n de papeles Jano XL + unos cartoncillos Jano.\u00a0\" \/>\n<meta property=\"og:url\" content=\"https:\/\/janofilters.com\/es\/product\/imp-wax-kit\/\" \/>\n<meta property=\"og:site_name\" content=\"Jano Filters\" \/>\n<meta property=\"article:publisher\" content=\"https:\/\/es-la.facebook.com\/janofilters\/\" \/>\n<meta property=\"article:modified_time\" content=\"2023-09-28T10:00:16+00:00\" \/>\n<meta property=\"og:image\" content=\"https:\/\/janofilters.com\/wp-content\/uploads\/2023\/08\/IMG_8667-1.jpg\" \/>\n\t<meta property=\"og:image:width\" content=\"2131\" \/>\n\t<meta property=\"og:image:height\" content=\"2131\" \/>\n\t<meta property=\"og:image:type\" content=\"image\/jpeg\" \/>\n<meta name=\"twitter:card\" content=\"summary_large_image\" \/>\n<meta name=\"twitter:site\" content=\"@janofilters\" \/>\n<meta name=\"twitter:label1\" content=\"Tiempo de lectura\" \/>\n\t<meta name=\"twitter:data1\" content=\"1 minuto\" \/>\n<script type=\"application\/ld+json\" class=\"yoast-schema-graph\">{\"@context\":\"https:\/\/schema.org\",\"@graph\":[{\"@type\":\"WebPage\",\"@id\":\"https:\/\/janofilters.com\/product\/imp-wax-kit\/\",\"url\":\"https:\/\/janofilters.com\/product\/imp-wax-kit\/\",\"name\":\"IMP. WAX KIT - Jano Filters\",\"isPartOf\":{\"@id\":\"http:\/\/janofilters.com\/es\/#website\"},\"primaryImageOfPage\":{\"@id\":\"https:\/\/janofilters.com\/product\/imp-wax-kit\/#primaryimage\"},\"image\":{\"@id\":\"https:\/\/janofilters.com\/product\/imp-wax-kit\/#primaryimage\"},\"thumbnailUrl\":\"https:\/\/janofilters.com\/wp-content\/uploads\/2023\/08\/IMG_8667-1.jpg\",\"datePublished\":\"2023-08-29T14:50:59+00:00\",\"dateModified\":\"2023-09-28T10:00:16+00:00\",\"description\":\"En este Kit, incluiremos un Impossible Wax, una 10 BOX de MADERA, una Mystery Box, un cart\u00f3n de papeles Jano XL + unos cartoncillos Jano.\u00a0\",\"breadcrumb\":{\"@id\":\"https:\/\/janofilters.com\/product\/imp-wax-kit\/#breadcrumb\"},\"inLanguage\":\"es\",\"potentialAction\":[{\"@type\":\"ReadAction\",\"target\":[\"https:\/\/janofilters.com\/product\/imp-wax-kit\/\"]}]},{\"@type\":\"ImageObject\",\"inLanguage\":\"es\",\"@id\":\"https:\/\/janofilters.com\/product\/imp-wax-kit\/#primaryimage\",\"url\":\"https:\/\/janofilters.com\/wp-content\/uploads\/2023\/08\/IMG_8667-1.jpg\",\"contentUrl\":\"https:\/\/janofilters.com\/wp-content\/uploads\/2023\/08\/IMG_8667-1.jpg\",\"width\":2131,\"height\":2131},{\"@type\":\"BreadcrumbList\",\"@id\":\"https:\/\/janofilters.com\/product\/imp-wax-kit\/#breadcrumb\",\"itemListElement\":[{\"@type\":\"ListItem\",\"position\":1,\"name\":\"Portada\",\"item\":\"https:\/\/janofilters.com\/es\/\"},{\"@type\":\"ListItem\",\"position\":2,\"name\":\"Shop\",\"item\":\"https:\/\/janofilters.com\/es\/shop\/\"},{\"@type\":\"ListItem\",\"position\":3,\"name\":\"IMP. WAX KIT\"}]},{\"@type\":\"WebSite\",\"@id\":\"http:\/\/janofilters.com\/es\/#website\",\"url\":\"http:\/\/janofilters.com\/es\/\",\"name\":\"Jano Filters\",\"description\":\"Dise\u00f1os e inventos 420 creados para compartir.\",\"publisher\":{\"@id\":\"http:\/\/janofilters.com\/es\/#organization\"},\"potentialAction\":[{\"@type\":\"SearchAction\",\"target\":{\"@type\":\"EntryPoint\",\"urlTemplate\":\"http:\/\/janofilters.com\/es\/?s={search_term_string}\"},\"query-input\":{\"@type\":\"PropertyValueSpecification\",\"valueRequired\":true,\"valueName\":\"search_term_string\"}}],\"inLanguage\":\"es\"},{\"@type\":\"Organization\",\"@id\":\"http:\/\/janofilters.com\/es\/#organization\",\"name\":\"Jano Filters\",\"url\":\"http:\/\/janofilters.com\/es\/\",\"logo\":{\"@type\":\"ImageObject\",\"inLanguage\":\"es\",\"@id\":\"http:\/\/janofilters.com\/es\/#\/schema\/logo\/image\/\",\"url\":\"https:\/\/janofilters.com\/wp-content\/uploads\/2021\/01\/cropped-Logo_BN.png\",\"contentUrl\":\"https:\/\/janofilters.com\/wp-content\/uploads\/2021\/01\/cropped-Logo_BN.png\",\"width\":268,\"height\":146,\"caption\":\"Jano Filters\"},\"image\":{\"@id\":\"http:\/\/janofilters.com\/es\/#\/schema\/logo\/image\/\"},\"sameAs\":[\"https:\/\/es-la.facebook.com\/janofilters\/\",\"https:\/\/x.com\/janofilters\",\"https:\/\/www.instagram.com\/janofilters\/\",\"https:\/\/www.tiktok.com\/@janofactory\",\"https:\/\/www.youtube.com\/channel\/UCGj3q5sMCCr2Tk6VwY838Nw\"]}]}<\/script>\n<!-- \/ Yoast SEO plugin. -->","yoast_head_json":{"title":"IMP. WAX KIT - Jano Filters","description":"En este Kit, incluiremos un Impossible Wax, una 10 BOX de MADERA, una Mystery Box, un cart\u00f3n de papeles Jano XL + unos cartoncillos Jano.\u00a0","robots":{"index":"index","follow":"follow","max-snippet":"max-snippet:-1","max-image-preview":"max-image-preview:large","max-video-preview":"max-video-preview:-1"},"canonical":"https:\/\/janofilters.com\/es\/product\/imp-wax-kit\/","og_locale":"es_ES","og_type":"article","og_title":"IMP. WAX KIT - Jano Filters","og_description":"En este Kit, incluiremos un Impossible Wax, una 10 BOX de MADERA, una Mystery Box, un cart\u00f3n de papeles Jano XL + unos cartoncillos Jano.\u00a0","og_url":"https:\/\/janofilters.com\/es\/product\/imp-wax-kit\/","og_site_name":"Jano Filters","article_publisher":"https:\/\/es-la.facebook.com\/janofilters\/","article_modified_time":"2023-09-28T10:00:16+00:00","og_image":[{"width":2131,"height":2131,"url":"https:\/\/janofilters.com\/wp-content\/uploads\/2023\/08\/IMG_8667-1.jpg","type":"image\/jpeg"}],"twitter_card":"summary_large_image","twitter_site":"@janofilters","twitter_misc":{"Tiempo de lectura":"1 minuto"},"schema":{"@context":"https:\/\/schema.org","@graph":[{"@type":"WebPage","@id":"https:\/\/janofilters.com\/product\/imp-wax-kit\/","url":"https:\/\/janofilters.com\/product\/imp-wax-kit\/","name":"IMP. WAX KIT - Jano Filters","isPartOf":{"@id":"http:\/\/janofilters.com\/es\/#website"},"primaryImageOfPage":{"@id":"https:\/\/janofilters.com\/product\/imp-wax-kit\/#primaryimage"},"image":{"@id":"https:\/\/janofilters.com\/product\/imp-wax-kit\/#primaryimage"},"thumbnailUrl":"https:\/\/janofilters.com\/wp-content\/uploads\/2023\/08\/IMG_8667-1.jpg","datePublished":"2023-08-29T14:50:59+00:00","dateModified":"2023-09-28T10:00:16+00:00","description":"En este Kit, incluiremos un Impossible Wax, una 10 BOX de MADERA, una Mystery Box, un cart\u00f3n de papeles Jano XL + unos cartoncillos Jano.\u00a0","breadcrumb":{"@id":"https:\/\/janofilters.com\/product\/imp-wax-kit\/#breadcrumb"},"inLanguage":"es","potentialAction":[{"@type":"ReadAction","target":["https:\/\/janofilters.com\/product\/imp-wax-kit\/"]}]},{"@type":"ImageObject","inLanguage":"es","@id":"https:\/\/janofilters.com\/product\/imp-wax-kit\/#primaryimage","url":"https:\/\/janofilters.com\/wp-content\/uploads\/2023\/08\/IMG_8667-1.jpg","contentUrl":"https:\/\/janofilters.com\/wp-content\/uploads\/2023\/08\/IMG_8667-1.jpg","width":2131,"height":2131},{"@type":"BreadcrumbList","@id":"https:\/\/janofilters.com\/product\/imp-wax-kit\/#breadcrumb","itemListElement":[{"@type":"ListItem","position":1,"name":"Portada","item":"https:\/\/janofilters.com\/es\/"},{"@type":"ListItem","position":2,"name":"Shop","item":"https:\/\/janofilters.com\/es\/shop\/"},{"@type":"ListItem","position":3,"name":"IMP. WAX KIT"}]},{"@type":"WebSite","@id":"http:\/\/janofilters.com\/es\/#website","url":"http:\/\/janofilters.com\/es\/","name":"Jano Filters","description":"Dise\u00f1os e inventos 420 creados para compartir.","publisher":{"@id":"http:\/\/janofilters.com\/es\/#organization"},"potentialAction":[{"@type":"SearchAction","target":{"@type":"EntryPoint","urlTemplate":"http:\/\/janofilters.com\/es\/?s={search_term_string}"},"query-input":{"@type":"PropertyValueSpecification","valueRequired":true,"valueName":"search_term_string"}}],"inLanguage":"es"},{"@type":"Organization","@id":"http:\/\/janofilters.com\/es\/#organization","name":"Jano Filters","url":"http:\/\/janofilters.com\/es\/","logo":{"@type":"ImageObject","inLanguage":"es","@id":"http:\/\/janofilters.com\/es\/#\/schema\/logo\/image\/","url":"https:\/\/janofilters.com\/wp-content\/uploads\/2021\/01\/cropped-Logo_BN.png","contentUrl":"https:\/\/janofilters.com\/wp-content\/uploads\/2021\/01\/cropped-Logo_BN.png","width":268,"height":146,"caption":"Jano Filters"},"image":{"@id":"http:\/\/janofilters.com\/es\/#\/schema\/logo\/image\/"},"sameAs":["https:\/\/es-la.facebook.com\/janofilters\/","https:\/\/x.com\/janofilters","https:\/\/www.instagram.com\/janofilters\/","https:\/\/www.tiktok.com\/@janofactory","https:\/\/www.youtube.com\/channel\/UCGj3q5sMCCr2Tk6VwY838Nw"]}]}},"jetpack_sharing_enabled":true,"_links":{"self":[{"href":"https:\/\/janofilters.com\/es\/wp-json\/wp\/v2\/product\/9717","targetHints":{"allow":["GET"]}}],"collection":[{"href":"https:\/\/janofilters.com\/es\/wp-json\/wp\/v2\/product"}],"about":[{"href":"https:\/\/janofilters.com\/es\/wp-json\/wp\/v2\/types\/product"}],"wp:featuredmedia":[{"embeddable":true,"href":"https:\/\/janofilters.com\/es\/wp-json\/wp\/v2\/media\/9722"}],"wp:attachment":[{"href":"https:\/\/janofilters.com\/es\/wp-json\/wp\/v2\/media?parent=9717"}],"wp:term":[{"taxonomy":"product_cat","embeddable":true,"href":"https:\/\/janofilters.com\/es\/wp-json\/wp\/v2\/product_cat?post=9717"},{"taxonomy":"product_tag","embeddable":true,"href":"https:\/\/janofilters.com\/es\/wp-json\/wp\/v2\/product_tag?post=9717"}],"curies":[{"name":"wp","href":"https:\/\/api.w.org\/{rel}","templated":true}]}}